{"id":16720,"date":"2024-11-14T08:20:08","date_gmt":"2024-11-14T07:20:08","guid":{"rendered":"https:\/\/soleum.com\/cenik-venkovnich-parnich-lazni\/"},"modified":"2024-11-14T08:20:09","modified_gmt":"2024-11-14T07:20:09","slug":"cenik-venkovnich-parnich-lazni","status":"publish","type":"page","link":"https:\/\/soleum.com\/cs\/cenik-venkovnich-parnich-lazni\/","title":{"rendered":"Cen\u00edk venkovn\u00edch parn\u00edch l\u00e1zn\u00ed"},"content":{"rendered":"<div class=\"fusion-fullwidth fullwidth-box fusion-builder-row-1 fusion-flex-container nonhundred-percent-fullwidth non-hundred-percent-height-scrolling\" style=\"--awb-border-radius-top-left:0px;--awb-border-radius-top-right:0px;--awb-border-radius-bottom-right:0px;--awb-border-radius-bottom-left:0px;--awb-flex-wrap:wrap;\" ><div class=\"fusion-builder-row fusion-row fusion-flex-align-items-flex-start fusion-flex-content-wrap\" style=\"max-width:1216.8px;margin-left: calc(-4% \/ 2 );margin-right: calc(-4% \/ 2 );\"><div class=\"fusion-layout-column fusion_builder_column fusion-builder-column-0 fusion_builder_column_1_1 1_1 fusion-flex-column\" style=\"--awb-bg-size:cover;--awb-width-large:100%;--awb-margin-top-large:0px;--awb-spacing-right-large:1.92%;--awb-margin-bottom-large:0px;--awb-spacing-left-large:1.92%;--awb-width-medium:100%;--awb-spacing-right-medium:1.92%;--awb-spacing-left-medium:1.92%;--awb-width-small:100%;--awb-spacing-right-small:1.92%;--awb-spacing-left-small:1.92%;\"><div class=\"fusion-column-wrapper fusion-flex-justify-content-flex-start fusion-content-layout-column\"><div class=\"fusion-text fusion-text-1\"><h1>Cen\u00edk venkovn\u00edch parn\u00edch l\u00e1zn\u00ed<\/h1>\n<h2>Luxus na zahrad\u011b nebo u baz\u00e9nu.<\/h2>\n<p>N\u00ed\u017ee naleznete aktu\u00e1ln\u00ed ceny exkluzivn\u00edch venkovn\u00edch parn\u00edch l\u00e1zn\u00ed ve form\u00e1tu PDF ke sta\u017een\u00ed.<\/p>\n<\/div><div class=\"fusion-text fusion-text-2\"><h2>Ru\u010dn\u011b vyroben\u00fd luxus z tov\u00e1rny SOLEUM v Rakousku<\/h2>\n<p>Mnoho hodin jemn\u00e9ho \u0159emesla a vysoce kvalitn\u00ed technologie vytv\u00e1\u0159\u00ed produkt, kter\u00fd zaujme nejen vizu\u00e1ln\u011b, ale i celou svou funkc\u00ed.<\/p>\n<p>Na rozd\u00edl od luxusn\u00edho vozu, kter\u00fd sjede z v\u00fdrobn\u00ed linky ve velmi kr\u00e1tk\u00e9 dob\u011b, pot\u0159ebujeme na v\u00fdrobu na\u0161ich kabin a\u017e do dokon\u010den\u00ed m\u011bs\u00edce.<\/p>\n<p>O dodac\u00ed lh\u016ft\u011b rozhoduje <strong>Mnoho pracovn\u00edch krok\u016f<\/strong>, <strong>r\u016fzn\u00e1 \u0159emesla<\/strong> (skl\u00e1\u0159i, obklada\u010di, elektrik\u00e1\u0159i, program\u00e1to\u0159i, truhl\u00e1\u0159i, instalat\u00e9\u0159i) a tak\u00e9 <strong>doby schnut\u00ed<\/strong>.<\/p>\n<p>U ka\u017ed\u00e9 kabiny je zohledn\u011bn <strong>Exkluzivn\u00ed design dla\u017edic<\/strong> dle po\u017eadavk\u016f z\u00e1kazn\u00edka. To znamen\u00e1, \u017ee ka\u017ed\u00e1 kabina m\u016f\u017ee b\u00fdt pro z\u00e1kazn\u00edka jedine\u010dn\u00e1.<\/p>\n<p>Pou\u017e\u00edv\u00e1me nejkvalitn\u011bj\u0161\u00ed venkovn\u00ed n\u00e1t\u011bry aktu\u00e1ln\u011b dostupn\u00e9 na trhu. Vn\u011bj\u0161\u00ed fas\u00e1da kabiny je vyrobena z vysoce kvalitn\u00edch, odoln\u00fdch fas\u00e1dn\u00edch panel\u016f Fundermax. Panely jsou dokonale se\u0159\u00edzeny pomoc\u00ed nejnov\u011bj\u0161\u00edch CNC fr\u00e9zek.<\/p>\n<p>Kabina je <strong>chytr\u00e1<\/strong>, co\u017e znamen\u00e1, \u017ee ji lze ovl\u00e1dat na d\u00e1lku pomoc\u00ed mobiln\u00edho telefonu nebo tabletu. <\/strong><\/p>\n<p><strong>Luxusn\u00ed obklady<\/strong> se pokl\u00e1daj\u00ed do epoxidov\u00e9ho lepidla a <strong>barevn\u011b slad\u011bn\u00e9 epoxidov\u00e9 sp\u00e1rovac\u00ed hmoty<\/strong>.<\/p>\n<p>V kabin\u011b si u\u017eijete:<\/p>\n<ul>\n<li>Parn\u00ed l\u00e1ze\u0148<\/li>\n<li>Infra\u010derven\u00e9 teplo (cel\u00e1 kabina je tepid\u00e1rium)<\/li>\n<li>Inhalace solanky (thalassoterapie)<\/li>\n<li>Hudba<\/li>\n<li>Barevn\u00e9 sv\u011btlo<\/li>\n<\/ul>\n<p>voliteln\u011b k dispozici: Viz p\u0159\u00edslu\u0161enstv\u00ed v cen\u00edku (MO\u017dNOSTI)<\/p>\n<\/div><div class=\"fusion-separator fusion-full-width-sep\" style=\"align-self: center;margin-left: auto;margin-right: auto;margin-top:50px;margin-bottom:100px;width:100%;\"><div class=\"fusion-separator-border sep-double sep-solid\" style=\"--awb-height:20px;--awb-amount:20px;border-color:#b9afa1;border-top-width:1px;border-bottom-width:1px;\"><\/div><\/div><div class=\"fusion-text fusion-text-3\"><p><a href=\"https:\/\/soleum.com\/wp-content\/uploads\/2024\/11\/PREISLISTE-AUSSENDAMPFBAEDER_2024-DE.pdf\">Preisliste Luxus-Aussendampfb\u00e4der 2024 , DEUTSCH, exklusive MWSt.<\/a><\/p>\n<p><a href=\"https:\/\/soleum.com\/wp-content\/uploads\/2024\/11\/PRICELIST-OUTDOOR-SPA-EN_2024.pdf\">Price List Luxury Outdoor-Steam-SPA 2024, ENGLISH, excl. VAT<\/a><\/p>\n<p><a href=\"https:\/\/soleum.com\/wp-content\/uploads\/2024\/11\/Abmessungen_Dimensions_OMEGA_EGG_ELLIPSE.pdf\">Abmessungen \/ Dimensions DE \/ EN<\/a><\/p>\n<\/div><\/div><\/div><\/div><\/div>\n","protected":false},"excerpt":{"rendered":"","protected":false},"author":1,"featured_media":16369,"parent":0,"menu_order":0,"comment_status":"closed","ping_status":"closed","template":"","meta":{"_exactmetrics_skip_tracking":false,"_exactmetrics_sitenote_active":false,"_exactmetrics_sitenote_note":"","_exactmetrics_sitenote_category":0,"footnotes":""},"class_list":["post-16720","page","type-page","status-publish","has-post-thumbnail","hentry"],"_links":{"self":[{"href":"https:\/\/soleum.com\/cs\/wp-json\/wp\/v2\/pages\/16720","targetHints":{"allow":["GET"]}}],"collection":[{"href":"https:\/\/soleum.com\/cs\/wp-json\/wp\/v2\/pages"}],"about":[{"href":"https:\/\/soleum.com\/cs\/wp-json\/wp\/v2\/types\/page"}],"author":[{"embeddable":true,"href":"https:\/\/soleum.com\/cs\/wp-json\/wp\/v2\/users\/1"}],"replies":[{"embeddable":true,"href":"https:\/\/soleum.com\/cs\/wp-json\/wp\/v2\/comments?post=16720"}],"version-history":[{"count":0,"href":"https:\/\/soleum.com\/cs\/wp-json\/wp\/v2\/pages\/16720\/revisions"}],"wp:featuredmedia":[{"embeddable":true,"href":"https:\/\/soleum.com\/cs\/wp-json\/wp\/v2\/media\/16369"}],"wp:attachment":[{"href":"https:\/\/soleum.com\/cs\/wp-json\/wp\/v2\/media?parent=16720"}],"curies":[{"name":"wp","href":"https:\/\/api.w.org\/{rel}","templated":true}]}}