{"id":3457,"date":"2019-12-10T08:11:12","date_gmt":"2019-12-10T07:11:12","guid":{"rendered":"https:\/\/soleum.com\/zarizeni-komora-s-morskym-klimatem\/"},"modified":"2019-12-10T08:17:05","modified_gmt":"2019-12-10T07:17:05","slug":"zarizeni-komora-s-morskym-klimatem","status":"publish","type":"page","link":"https:\/\/soleum.com\/cs\/zarizeni-komora-s-morskym-klimatem\/","title":{"rendered":"Za\u0159\u00edzen\u00ed  Komora s mo\u0159sk\u00fdm klimatem"},"content":{"rendered":"<div class=\"fusion-fullwidth fullwidth-box fusion-builder-row-1 nonhundred-percent-fullwidth non-hundred-percent-height-scrolling\" style=\"--awb-border-radius-top-left:0px;--awb-border-radius-top-right:0px;--awb-border-radius-bottom-right:0px;--awb-border-radius-bottom-left:0px;--awb-flex-wrap:wrap;\" ><div class=\"fusion-builder-row fusion-row\"><div class=\"fusion-layout-column fusion_builder_column fusion-builder-column-0 fusion_builder_column_1_1 1_1 fusion-one-full fusion-column-first fusion-column-last\" style=\"--awb-bg-size:cover;--awb-margin-top:0px;--awb-margin-bottom:0px;\"><div class=\"fusion-column-wrapper fusion-flex-column-wrapper-legacy\"><style type=\"text\/css\">.fusion-portfolio-wrapper#fusion-portfolio-1 .fusion-portfolio-content{ padding: 30px 30px 30px 30px; text-align: center; }<\/style><div class=\"fusion-recent-works fusion-portfolio-element fusion-portfolio fusion-portfolio-1 fusion-portfolio-grid fusion-portfolio-paging-pagination fusion-portfolio-four fusion-portfolio-boxed fusion-portfolio-text fusion-portfolio-equal-heights fusion-portfolio-rollover\" data-id=\"-rw-1\" data-columns=\"four\"><style type=\"text\/css\">.fusion-portfolio-1 .fusion-portfolio-wrapper .fusion-col-spacing{padding:0px;}<\/style><div class=\"fusion-portfolio-wrapper\" id=\"fusion-portfolio-1\" data-picturesize=\"auto\" data-pages=\"1\" style=\"margin:-0px;\"><article id=\"portfolio-1-post-3318\" class=\"fusion-portfolio-post lazenske-prvky-soleum fusion-col-spacing post-3318\"><div class=\"fusion-portfolio-content-wrapper\" style=\"border:1px solid #ebeaea;border-bottom-width:3px;background-color:rgba(255,255,255,1);\"><span class=\"vcard rich-snippet-hidden\"><span class=\"fn\"><a href=\"https:\/\/soleum.com\/cs\/author\/soleum\/\" title=\"P\u0159\u00edsp\u011bvky od soleum\" rel=\"author\">soleum<\/a><\/span><\/span><span class=\"updated rich-snippet-hidden\">2019-12-09T19:38:50+01:00<\/span><div  class=\"fusion-image-wrapper\" aria-haspopup=\"true\">\n\t\t\t\t<img decoding=\"async\" width=\"1000\" height=\"1100\" src=\"https:\/\/soleum.com\/wp-content\/uploads\/2019\/10\/Smart-Control-sw.webp\" class=\"attachment-full size-full wp-post-image\" alt=\"Smart-Control SOLEUM Health SPA\" srcset=\"https:\/\/soleum.com\/wp-content\/uploads\/2019\/10\/Smart-Control-sw-200x220.jpg 200w, https:\/\/soleum.com\/wp-content\/uploads\/2019\/10\/Smart-Control-sw-400x440.jpg 400w, https:\/\/soleum.com\/wp-content\/uploads\/2019\/10\/Smart-Control-sw-600x660.jpg 600w, https:\/\/soleum.com\/wp-content\/uploads\/2019\/10\/Smart-Control-sw-800x880.jpg 800w, https:\/\/soleum.com\/wp-content\/uploads\/2019\/10\/Smart-Control-sw.webp 1000w\" sizes=\"(min-width: 2200px) 100vw, (min-width: 852px) 293px, (min-width: 782px) 390px, (min-width: 711px) 585px, (min-width: 640px) 711px, \" title=\"\"><div class=\"fusion-rollover\">\n\t<div class=\"fusion-rollover-content\">\n\n\t\t\t\t\n\t\t\n\t\t\t\t\t\t\t\t\t\t\t\t<h4 class=\"fusion-rollover-title\">\n\t\t\t\t\t<a class=\"fusion-rollover-title-link\" href=\"https:\/\/soleum.com\/cs\/produkte\/smart-ovladani-high-tech-ovladani-lazni\/?portfolioCats=646\">\n\t\t\t\t\t\tSMART Ovl\u00e1d\u00e1n\u00ed \u2013 High-Tech Ovl\u00e1d\u00e1n\u00ed l\u00e1zn\u00ed\t\t\t\t\t<\/a>\n\t\t\t\t<\/h4>\n\t\t\t\n\t\t\t\t\t\t\t\t\n\t\t\n\t\t\t\t\t\t<a class=\"fusion-link-wrapper\" href=\"https:\/\/soleum.com\/cs\/produkte\/smart-ovladani-high-tech-ovladani-lazni\/?portfolioCats=646\" aria-label=\"SMART Ovl\u00e1d\u00e1n\u00ed \u2013 High-Tech Ovl\u00e1d\u00e1n\u00ed l\u00e1zn\u00ed\"><\/a>\n\t<\/div>\n<\/div>\n<\/div>\n<div class=\"fusion-portfolio-content\" style=\"background-color:rgba(255,255,255,1);\"><h2 class=\"entry-title fusion-post-title\"><a href=\"https:\/\/soleum.com\/cs\/produkte\/smart-ovladani-high-tech-ovladani-lazni\/?portfolioCats=646\">SMART Ovl\u00e1d\u00e1n\u00ed \u2013 High-Tech Ovl\u00e1d\u00e1n\u00ed l\u00e1zn\u00ed<\/a><\/h2><div class=\"fusion-content-sep sep-single sep-dotted\" style=\"border-color:#b9afa1;\"><\/div><div class=\"fusion-post-content\"><p>SMART Ovl\u00e1d\u00e1n\u00ed \u2013 High-Tech Ovl\u00e1d\u00e1n\u00ed l\u00e1zn\u00ed  \r\nCel\u00e1 komora l\u00e1zn\u00ed je \u201cchytr\u00e1\u201d a d\u00e1 se zcela ovl\u00e1dat p\u0159es chytr\u00fd telefon, tablet nebo webov\u00fd prohl\u00ed\u017ee<\/p><\/div><\/div><\/div><\/article><article id=\"portfolio-1-post-3321\" class=\"fusion-portfolio-post lazenske-prvky-soleum soleum-meeresklimakabine-produktfeatures-cs fusion-col-spacing post-3321\"><div class=\"fusion-portfolio-content-wrapper\" style=\"border:1px solid #ebeaea;border-bottom-width:3px;background-color:rgba(255,255,255,1);\"><span class=\"vcard rich-snippet-hidden\"><span class=\"fn\"><a href=\"https:\/\/soleum.com\/cs\/author\/soleum\/\" title=\"P\u0159\u00edsp\u011bvky od soleum\" rel=\"author\">soleum<\/a><\/span><\/span><span class=\"updated rich-snippet-hidden\">2020-09-27T13:52:27+02:00<\/span><div  class=\"fusion-image-wrapper\" aria-haspopup=\"true\">\n\t\t\t\t<img decoding=\"async\" width=\"1000\" height=\"1100\" src=\"https:\/\/soleum.com\/wp-content\/uploads\/2016\/08\/dampfbad.webp\" class=\"attachment-full size-full wp-post-image\" alt=\"Parn\u00ed l\u00e1ze\u0148 a inhala\u010dn\u00ed kabina pro venkovn\u00ed pou\u017eit\u00ed\" srcset=\"https:\/\/soleum.com\/wp-content\/uploads\/2016\/08\/dampfbad-200x220.jpg 200w, https:\/\/soleum.com\/wp-content\/uploads\/2016\/08\/dampfbad-400x440.jpg 400w, https:\/\/soleum.com\/wp-content\/uploads\/2016\/08\/dampfbad-600x660.jpg 600w, https:\/\/soleum.com\/wp-content\/uploads\/2016\/08\/dampfbad-800x880.jpg 800w, https:\/\/soleum.com\/wp-content\/uploads\/2016\/08\/dampfbad.webp 1000w\" sizes=\"(min-width: 2200px) 100vw, (min-width: 852px) 293px, (min-width: 782px) 390px, (min-width: 711px) 585px, (min-width: 640px) 711px, \" title=\"\"><div class=\"fusion-rollover\">\n\t<div class=\"fusion-rollover-content\">\n\n\t\t\t\t\n\t\t\n\t\t\t\t\t\t\t\t\t\t\t\t<h4 class=\"fusion-rollover-title\">\n\t\t\t\t\t<a class=\"fusion-rollover-title-link\" href=\"https:\/\/soleum.com\/cs\/produkte\/parni-lazen\/?portfolioCats=646\">\n\t\t\t\t\t\tParn\u00ed l\u00e1ze\u0148\t\t\t\t\t<\/a>\n\t\t\t\t<\/h4>\n\t\t\t\n\t\t\t\t\t\t\t\t\n\t\t\n\t\t\t\t\t\t<a class=\"fusion-link-wrapper\" href=\"https:\/\/soleum.com\/cs\/produkte\/parni-lazen\/?portfolioCats=646\" aria-label=\"Parn\u00ed l\u00e1ze\u0148\"><\/a>\n\t<\/div>\n<\/div>\n<\/div>\n<div class=\"fusion-portfolio-content\" style=\"background-color:rgba(255,255,255,1);\"><h2 class=\"entry-title fusion-post-title\"><a href=\"https:\/\/soleum.com\/cs\/produkte\/parni-lazen\/?portfolioCats=646\">Parn\u00ed l\u00e1ze\u0148<\/a><\/h2><div class=\"fusion-content-sep sep-single sep-dotted\" style=\"border-color:#b9afa1;\"><\/div><div class=\"fusion-post-content\"><p>Pokud m\u00e1te mo\u017enost um\u00edstit gener\u00e1tor p\u00e1ry do mrazuvzdorn\u00e9ho prost\u0159ed\u00ed, pak m\u016f\u017eete vylep\u0161it SOLEUM venkovn\u00ed l\u00e1zn\u011b na parn\u00ed komoru.<\/p><\/div><\/div><\/div><\/article><article id=\"portfolio-1-post-3324\" class=\"fusion-portfolio-post lazenske-prvky-soleum fusion-col-spacing post-3324\"><div class=\"fusion-portfolio-content-wrapper\" style=\"border:1px solid #ebeaea;border-bottom-width:3px;background-color:rgba(255,255,255,1);\"><span class=\"vcard rich-snippet-hidden\"><span class=\"fn\"><a href=\"https:\/\/soleum.com\/cs\/author\/soleum\/\" title=\"P\u0159\u00edsp\u011bvky od soleum\" rel=\"author\">soleum<\/a><\/span><\/span><span class=\"updated rich-snippet-hidden\">2019-12-09T19:58:40+01:00<\/span><div  class=\"fusion-image-wrapper\" aria-haspopup=\"true\">\n\t\t\t\t<img decoding=\"async\" width=\"600\" height=\"660\" src=\"https:\/\/soleum.com\/wp-content\/uploads\/2019\/10\/trockensalzinhalation-halotherapie-e1571864173646.webp\" class=\"attachment-full size-full wp-post-image\" alt=\"Haloterapie: inhalace such\u00e9 soli\" title=\"\"><div class=\"fusion-rollover\">\n\t<div class=\"fusion-rollover-content\">\n\n\t\t\t\t\n\t\t\n\t\t\t\t\t\t\t\t\t\t\t\t<h4 class=\"fusion-rollover-title\">\n\t\t\t\t\t<a class=\"fusion-rollover-title-link\" href=\"https:\/\/soleum.com\/cs\/produkte\/haloterapie-inhalace-suche-soli\/?portfolioCats=646\">\n\t\t\t\t\t\tHaloterapie: inhalace such\u00e9 soli\t\t\t\t\t<\/a>\n\t\t\t\t<\/h4>\n\t\t\t\n\t\t\t\t\t\t\t\t\n\t\t\n\t\t\t\t\t\t<a class=\"fusion-link-wrapper\" href=\"https:\/\/soleum.com\/cs\/produkte\/haloterapie-inhalace-suche-soli\/?portfolioCats=646\" aria-label=\"Haloterapie: inhalace such\u00e9 soli\"><\/a>\n\t<\/div>\n<\/div>\n<\/div>\n<div class=\"fusion-portfolio-content\" style=\"background-color:rgba(255,255,255,1);\"><h2 class=\"entry-title fusion-post-title\"><a href=\"https:\/\/soleum.com\/cs\/produkte\/haloterapie-inhalace-suche-soli\/?portfolioCats=646\">Haloterapie: inhalace such\u00e9 soli<\/a><\/h2><div class=\"fusion-content-sep sep-single sep-dotted\" style=\"border-color:#b9afa1;\"><\/div><div class=\"fusion-post-content\"><p>Nejsiln\u011bj\u0161\u00ed l\u00e9\u010debn\u00fd \u00fa\u010dinek m\u00e1 na d\u00fdchac\u00ed cesty a poko\u017eku s\u016fl v\u00a0such\u00e9 form\u011b. Patentovanou technologi\u00ed jsou do SOLEUM\u00ae l\u00e9\u010debn\u00fdch l\u00e1zn\u00ed fouk\u00e1ny jemn\u00e9 \u010d\u00e1ste\u010dky soli. \r\nDry salt is super absorbent and acts like a sponge attracting foreign substances along its path through the respiratory tract. <\/p><\/div><\/div><\/div><\/article><article id=\"portfolio-1-post-3329\" class=\"fusion-portfolio-post lazenske-prvky-soleum fusion-col-spacing post-3329\"><div class=\"fusion-portfolio-content-wrapper\" style=\"border:1px solid #ebeaea;border-bottom-width:3px;background-color:rgba(255,255,255,1);\"><span class=\"vcard rich-snippet-hidden\"><span class=\"fn\"><a href=\"https:\/\/soleum.com\/cs\/author\/soleum\/\" title=\"P\u0159\u00edsp\u011bvky od soleum\" rel=\"author\">soleum<\/a><\/span><\/span><span class=\"updated rich-snippet-hidden\">2019-12-09T20:20:31+01:00<\/span><div  class=\"fusion-image-wrapper\" aria-haspopup=\"true\">\n\t\t\t\t<img decoding=\"async\" width=\"1000\" height=\"1100\" src=\"https:\/\/soleum.com\/wp-content\/uploads\/2019\/10\/Soleinhalation.webp\" class=\"attachment-full size-full wp-post-image\" alt=\"\" srcset=\"https:\/\/soleum.com\/wp-content\/uploads\/2019\/10\/Soleinhalation-200x220.jpg 200w, https:\/\/soleum.com\/wp-content\/uploads\/2019\/10\/Soleinhalation-400x440.jpg 400w, https:\/\/soleum.com\/wp-content\/uploads\/2019\/10\/Soleinhalation-600x660.jpg 600w, https:\/\/soleum.com\/wp-content\/uploads\/2019\/10\/Soleinhalation-800x880.jpg 800w, https:\/\/soleum.com\/wp-content\/uploads\/2019\/10\/Soleinhalation.webp 1000w\" sizes=\"(min-width: 2200px) 100vw, (min-width: 852px) 293px, (min-width: 782px) 390px, (min-width: 711px) 585px, (min-width: 640px) 711px, \" title=\"\"><div class=\"fusion-rollover\">\n\t<div class=\"fusion-rollover-content\">\n\n\t\t\t\t\n\t\t\n\t\t\t\t\t\t\t\t\t\t\t\t<h4 class=\"fusion-rollover-title\">\n\t\t\t\t\t<a class=\"fusion-rollover-title-link\" href=\"https:\/\/soleum.com\/cs\/produkte\/inhalace-slane-mlhy-thalasso\/?portfolioCats=646\">\n\t\t\t\t\t\tInhalace slan\u00e9 mlhy-Thalasso\t\t\t\t\t<\/a>\n\t\t\t\t<\/h4>\n\t\t\t\n\t\t\t\t\t\t\t\t\n\t\t\n\t\t\t\t\t\t<a class=\"fusion-link-wrapper\" href=\"https:\/\/soleum.com\/cs\/produkte\/inhalace-slane-mlhy-thalasso\/?portfolioCats=646\" aria-label=\"Inhalace slan\u00e9 mlhy-Thalasso\"><\/a>\n\t<\/div>\n<\/div>\n<\/div>\n<div class=\"fusion-portfolio-content\" style=\"background-color:rgba(255,255,255,1);\"><h2 class=\"entry-title fusion-post-title\"><a href=\"https:\/\/soleum.com\/cs\/produkte\/inhalace-slane-mlhy-thalasso\/?portfolioCats=646\">Inhalace slan\u00e9 mlhy-Thalasso<\/a><\/h2><div class=\"fusion-content-sep sep-single sep-dotted\" style=\"border-color:#b9afa1;\"><\/div><div class=\"fusion-post-content\"><p>V syst\u00e9mu Soleum\u00ae se rozst\u0159ikuje nejjemn\u011bj\u0161\u00ed soln\u00e1 mlha. \r\nInhalace slan\u00e9 mlhy nen\u00ed prosp\u011b\u0161n\u00e1 jen pro d\u00fdchan\u00ed, ale tak\u00e9 pokryje celou poko\u017eku. S\u016fl na k\u016f\u017ei podporuje pocen\u00ed, detoxikaci, \u010dist\u00ed, vy\u017eivuje a m\u00e1 pozitivn\u00ed \u00fa\u010dinky na problematickou poko\u017eku. <\/p><\/div><\/div><\/div><\/article><article id=\"portfolio-1-post-3332\" class=\"fusion-portfolio-post lazenske-prvky-soleum fusion-col-spacing post-3332\"><div class=\"fusion-portfolio-content-wrapper\" style=\"border:1px solid #ebeaea;border-bottom-width:3px;background-color:rgba(255,255,255,1);\"><span class=\"vcard rich-snippet-hidden\"><span class=\"fn\"><a href=\"https:\/\/soleum.com\/cs\/author\/soleum\/\" title=\"P\u0159\u00edsp\u011bvky od soleum\" rel=\"author\">soleum<\/a><\/span><\/span><span class=\"updated rich-snippet-hidden\">2019-12-10T10:18:57+01:00<\/span><div  class=\"fusion-image-wrapper\" aria-haspopup=\"true\">\n\t\t\t\t<img decoding=\"async\" width=\"498\" height=\"600\" src=\"https:\/\/soleum.com\/wp-content\/uploads\/2019\/10\/Fugenlose-Oberflaeche1.webp\" class=\"attachment-full size-full wp-post-image\" alt=\"Jednolit\u00fd povrch bez zlom\u016f\" srcset=\"https:\/\/soleum.com\/wp-content\/uploads\/2019\/10\/Fugenlose-Oberflaeche1-200x241.jpg 200w, https:\/\/soleum.com\/wp-content\/uploads\/2019\/10\/Fugenlose-Oberflaeche1-400x482.jpg 400w, https:\/\/soleum.com\/wp-content\/uploads\/2019\/10\/Fugenlose-Oberflaeche1.webp 498w\" sizes=\"(min-width: 2200px) 100vw, (min-width: 852px) 293px, (min-width: 782px) 390px, (min-width: 711px) 585px, (min-width: 640px) 711px, \" title=\"\"><div class=\"fusion-rollover\">\n\t<div class=\"fusion-rollover-content\">\n\n\t\t\t\t\n\t\t\n\t\t\t\t\t\t\t\t\t\t\t\t<h4 class=\"fusion-rollover-title\">\n\t\t\t\t\t<a class=\"fusion-rollover-title-link\" href=\"https:\/\/soleum.com\/cs\/produkte\/jednolity-povrch-bez-zlomu\/?portfolioCats=646\">\n\t\t\t\t\t\tJednolit\u00fd povrch bez zlom\u016f\t\t\t\t\t<\/a>\n\t\t\t\t<\/h4>\n\t\t\t\n\t\t\t\t\t\t\t\t\n\t\t\n\t\t\t\t\t\t<a class=\"fusion-link-wrapper\" href=\"https:\/\/soleum.com\/cs\/produkte\/jednolity-povrch-bez-zlomu\/?portfolioCats=646\" aria-label=\"Jednolit\u00fd povrch bez zlom\u016f\"><\/a>\n\t<\/div>\n<\/div>\n<\/div>\n<div class=\"fusion-portfolio-content\" style=\"background-color:rgba(255,255,255,1);\"><h2 class=\"entry-title fusion-post-title\"><a href=\"https:\/\/soleum.com\/cs\/produkte\/jednolity-povrch-bez-zlomu\/?portfolioCats=646\">Jednolit\u00fd povrch bez zlom\u016f<\/a><\/h2><div class=\"fusion-content-sep sep-single sep-dotted\" style=\"border-color:#b9afa1;\"><\/div><div class=\"fusion-post-content\"><p>Jednolit\u00e1 povrchov\u00e1 \u00faprava bez zlom\u016f SOLEUM je mikro-cement, kter\u00fd si m\u016f\u017eete vybrat z\u00a026 r\u016fzn\u00fdch barev (barva interi\u00e9ru i exteri\u00e9ru). Jde o minimalistickou, modern\u00ed a elegantn\u00ed verzi. Materi\u00e1l je mimo\u0159\u00e1dn\u011b odoln\u00fd v\u016f\u010di vliv\u016fm po\u010das\u00ed a opot\u0159eben\u00ed a snadno se \u010dist\u00ed.<\/p><\/div><\/div><\/div><\/article><article id=\"portfolio-1-post-3368\" class=\"fusion-portfolio-post lazenske-prvky-soleum fusion-col-spacing post-3368\"><div class=\"fusion-portfolio-content-wrapper\" style=\"border:1px solid #ebeaea;border-bottom-width:3px;background-color:rgba(255,255,255,1);\"><span class=\"vcard rich-snippet-hidden\"><span class=\"fn\"><a href=\"https:\/\/soleum.com\/cs\/author\/soleum\/\" title=\"P\u0159\u00edsp\u011bvky od soleum\" rel=\"author\">soleum<\/a><\/span><\/span><span class=\"updated rich-snippet-hidden\">2019-12-10T09:56:31+01:00<\/span><div  class=\"fusion-image-wrapper\" aria-haspopup=\"true\">\n\t\t\t\t<img decoding=\"async\" width=\"1000\" height=\"1100\" src=\"https:\/\/soleum.com\/wp-content\/uploads\/2019\/10\/Infrarot-Strahlungsw\u00e4rme.webp\" class=\"attachment-full size-full wp-post-image\" alt=\"Infra\u010derven\u00e9 h\u0159ejiv\u00e9 teplo\" srcset=\"https:\/\/soleum.com\/wp-content\/uploads\/2019\/10\/Infrarot-Strahlungsw\u00e4rme-200x220.jpg 200w, https:\/\/soleum.com\/wp-content\/uploads\/2019\/10\/Infrarot-Strahlungsw\u00e4rme-400x440.jpg 400w, https:\/\/soleum.com\/wp-content\/uploads\/2019\/10\/Infrarot-Strahlungsw\u00e4rme-600x660.jpg 600w, https:\/\/soleum.com\/wp-content\/uploads\/2019\/10\/Infrarot-Strahlungsw\u00e4rme-800x880.jpg 800w, https:\/\/soleum.com\/wp-content\/uploads\/2019\/10\/Infrarot-Strahlungsw\u00e4rme.webp 1000w\" sizes=\"(min-width: 2200px) 100vw, (min-width: 852px) 293px, (min-width: 782px) 390px, (min-width: 711px) 585px, (min-width: 640px) 711px, \" title=\"\"><div class=\"fusion-rollover\">\n\t<div class=\"fusion-rollover-content\">\n\n\t\t\t\t\n\t\t\n\t\t\t\t\t\t\t\t\t\t\t\t<h4 class=\"fusion-rollover-title\">\n\t\t\t\t\t<a class=\"fusion-rollover-title-link\" href=\"https:\/\/soleum.com\/cs\/produkte\/infracervene-hrejive-teplo\/?portfolioCats=646\">\n\t\t\t\t\t\tInfra\u010derven\u00e9 h\u0159ejiv\u00e9 teplo\t\t\t\t\t<\/a>\n\t\t\t\t<\/h4>\n\t\t\t\n\t\t\t\t\t\t\t\t\n\t\t\n\t\t\t\t\t\t<a class=\"fusion-link-wrapper\" href=\"https:\/\/soleum.com\/cs\/produkte\/infracervene-hrejive-teplo\/?portfolioCats=646\" aria-label=\"Infra\u010derven\u00e9 h\u0159ejiv\u00e9 teplo\"><\/a>\n\t<\/div>\n<\/div>\n<\/div>\n<div class=\"fusion-portfolio-content\" style=\"background-color:rgba(255,255,255,1);\"><h2 class=\"entry-title fusion-post-title\"><a href=\"https:\/\/soleum.com\/cs\/produkte\/infracervene-hrejive-teplo\/?portfolioCats=646\">Infra\u010derven\u00e9 h\u0159ejiv\u00e9 teplo<\/a><\/h2><div class=\"fusion-content-sep sep-single sep-dotted\" style=\"border-color:#b9afa1;\"><\/div><div class=\"fusion-post-content\"><p>Pohodln\u00e9 h\u0159ejiv\u00e9 sv\u011btlo je p\u0159en\u00e1\u0161eno p\u0159es cel\u00fd prostor komory. Kdykoli lze nastavit nebo zm\u011bnit teploty povrchu p\u0159es Smart Ovl\u00e1d\u00e1n\u00ed (Touch, Chytr\u00fd telefon\/Tablet\/PC). <\/p><\/div><\/div><\/div><\/article><article id=\"portfolio-1-post-3376\" class=\"fusion-portfolio-post lazenske-prvky-soleum soleum-meeresklimakabine-produktfeatures-cs fusion-col-spacing post-3376\"><div class=\"fusion-portfolio-content-wrapper\" style=\"border:1px solid #ebeaea;border-bottom-width:3px;background-color:rgba(255,255,255,1);\"><span class=\"vcard rich-snippet-hidden\"><span class=\"fn\"><a href=\"https:\/\/soleum.com\/cs\/author\/soleum\/\" title=\"P\u0159\u00edsp\u011bvky od soleum\" rel=\"author\">soleum<\/a><\/span><\/span><span class=\"updated rich-snippet-hidden\">2019-12-10T09:55:13+01:00<\/span><div  class=\"fusion-image-wrapper\" aria-haspopup=\"true\">\n\t\t\t\t<img decoding=\"async\" width=\"1000\" height=\"1100\" src=\"https:\/\/soleum.com\/wp-content\/uploads\/2019\/10\/Farblichtstimmung-1.webp\" class=\"attachment-full size-full wp-post-image\" alt=\"Farblichtstimmung\" srcset=\"https:\/\/soleum.com\/wp-content\/uploads\/2019\/10\/Farblichtstimmung-1-200x220.jpg 200w, https:\/\/soleum.com\/wp-content\/uploads\/2019\/10\/Farblichtstimmung-1-400x440.jpg 400w, https:\/\/soleum.com\/wp-content\/uploads\/2019\/10\/Farblichtstimmung-1-600x660.jpg 600w, https:\/\/soleum.com\/wp-content\/uploads\/2019\/10\/Farblichtstimmung-1-800x880.jpg 800w, https:\/\/soleum.com\/wp-content\/uploads\/2019\/10\/Farblichtstimmung-1.webp 1000w\" sizes=\"(min-width: 2200px) 100vw, (min-width: 852px) 293px, (min-width: 782px) 390px, (min-width: 711px) 585px, (min-width: 640px) 711px, \" title=\"\"><div class=\"fusion-rollover\">\n\t<div class=\"fusion-rollover-content\">\n\n\t\t\t\t\n\t\t\n\t\t\t\t\t\t\t\t\t\t\t\t<h4 class=\"fusion-rollover-title\">\n\t\t\t\t\t<a class=\"fusion-rollover-title-link\" href=\"https:\/\/soleum.com\/cs\/produkte\/prijemny-mod-barevneho-svetla\/?portfolioCats=646\">\n\t\t\t\t\t\tP\u0159\u00edjemn\u00fd m\u00f3d barevn\u00e9ho sv\u011btla\t\t\t\t\t<\/a>\n\t\t\t\t<\/h4>\n\t\t\t\n\t\t\t\t\t\t\t\t\n\t\t\n\t\t\t\t\t\t<a class=\"fusion-link-wrapper\" href=\"https:\/\/soleum.com\/cs\/produkte\/prijemny-mod-barevneho-svetla\/?portfolioCats=646\" aria-label=\"P\u0159\u00edjemn\u00fd m\u00f3d barevn\u00e9ho sv\u011btla\"><\/a>\n\t<\/div>\n<\/div>\n<\/div>\n<div class=\"fusion-portfolio-content\" style=\"background-color:rgba(255,255,255,1);\"><h2 class=\"entry-title fusion-post-title\"><a href=\"https:\/\/soleum.com\/cs\/produkte\/prijemny-mod-barevneho-svetla\/?portfolioCats=646\">P\u0159\u00edjemn\u00fd m\u00f3d barevn\u00e9ho sv\u011btla<\/a><\/h2><div class=\"fusion-content-sep sep-single sep-dotted\" style=\"border-color:#b9afa1;\"><\/div><div class=\"fusion-post-content\"><p>Barevn\u00e9 sv\u011btlo vyza\u0159uje ze stropu kabiny a tak\u00e9 p\u0159es op\u011bradla lavi\u010dek. Pomoc\u00ed SMART ovl\u00e1d\u00e1n\u00ed (p\u0159es chytr\u00fd telefon\/tablet\/webov\u00fd prohl\u00ed\u017ee\u010d) si m\u016f\u017eete individu\u00e1ln\u011b zafixovat barvy nebo nastavit m\u00f3dy zm\u011bny barev.<\/p><\/div><\/div><\/div><\/article><article id=\"portfolio-1-post-3379\" class=\"fusion-portfolio-post lazenske-prvky-soleum fusion-col-spacing post-3379\"><div class=\"fusion-portfolio-content-wrapper\" style=\"border:1px solid #ebeaea;border-bottom-width:3px;background-color:rgba(255,255,255,1);\"><span class=\"vcard rich-snippet-hidden\"><span class=\"fn\"><a href=\"https:\/\/soleum.com\/cs\/author\/soleum\/\" title=\"P\u0159\u00edsp\u011bvky od soleum\" rel=\"author\">soleum<\/a><\/span><\/span><span class=\"updated rich-snippet-hidden\">2019-12-09T21:15:06+01:00<\/span><div  class=\"fusion-image-wrapper\" aria-haspopup=\"true\">\n\t\t\t\t<img decoding=\"async\" width=\"600\" height=\"660\" src=\"https:\/\/soleum.com\/wp-content\/uploads\/2019\/10\/teedarium-600.webp\" class=\"attachment-full size-full wp-post-image\" alt=\"Inhalujte \u010daj v TEEDARIUM\u00ae\" srcset=\"https:\/\/soleum.com\/wp-content\/uploads\/2019\/10\/teedarium-600-200x220.jpg 200w, https:\/\/soleum.com\/wp-content\/uploads\/2019\/10\/teedarium-600-400x440.jpg 400w, https:\/\/soleum.com\/wp-content\/uploads\/2019\/10\/teedarium-600.webp 600w\" sizes=\"(min-width: 2200px) 100vw, (min-width: 852px) 293px, (min-width: 782px) 390px, (min-width: 711px) 585px, (min-width: 640px) 711px, \" title=\"\"><div class=\"fusion-rollover\">\n\t<div class=\"fusion-rollover-content\">\n\n\t\t\t\t\n\t\t\n\t\t\t\t\t\t\t\t\t\t\t\t<h4 class=\"fusion-rollover-title\">\n\t\t\t\t\t<a class=\"fusion-rollover-title-link\" href=\"https:\/\/soleum.com\/cs\/produkte\/inhalujte-caj-v-teedarium\/?portfolioCats=646\">\n\t\t\t\t\t\tInhalujte \u010daj v TEEDARIUM\u00ae\t\t\t\t\t<\/a>\n\t\t\t\t<\/h4>\n\t\t\t\n\t\t\t\t\t\t\t\t\n\t\t\n\t\t\t\t\t\t<a class=\"fusion-link-wrapper\" href=\"https:\/\/soleum.com\/cs\/produkte\/inhalujte-caj-v-teedarium\/?portfolioCats=646\" aria-label=\"Inhalujte \u010daj v TEEDARIUM\u00ae\"><\/a>\n\t<\/div>\n<\/div>\n<\/div>\n<div class=\"fusion-portfolio-content\" style=\"background-color:rgba(255,255,255,1);\"><h2 class=\"entry-title fusion-post-title\"><a href=\"https:\/\/soleum.com\/cs\/produkte\/inhalujte-caj-v-teedarium\/?portfolioCats=646\">Inhalujte \u010daj v TEEDARIUM\u00ae<\/a><\/h2><div class=\"fusion-content-sep sep-single sep-dotted\" style=\"border-color:#b9afa1;\"><\/div><div class=\"fusion-post-content\"><p>Inhalujte \u010daj v TEEDARIUM\u00ae \u2013 Komora inhalace \u010daje. D\u00edky technologii inhalace v\u00a0L\u00e9\u010debn\u00e9 l\u00e1zni SOLEUM je \u010daj velmi jemn\u011b a rychle rozpra\u0161ov\u00e1n. \u010cajov\u00e1 mlha se nach\u00e1z\u00ed v cel\u00e9 kabin\u011b.<\/p><\/div><\/div><\/div><\/article><\/div><\/div><div class=\"fusion-clearfix\"><\/div><\/div><\/div><\/div><\/div>\n","protected":false},"excerpt":{"rendered":"","protected":false},"author":1,"featured_media":3402,"parent":0,"menu_order":0,"comment_status":"closed","ping_status":"closed","template":"","meta":{"_exactmetrics_skip_tracking":false,"_exactmetrics_sitenote_active":false,"_exactmetrics_sitenote_note":"","_exactmetrics_sitenote_category":0,"footnotes":""},"class_list":["post-3457","page","type-page","status-publish","has-post-thumbnail","hentry"],"_links":{"self":[{"href":"https:\/\/soleum.com\/cs\/wp-json\/wp\/v2\/pages\/3457","targetHints":{"allow":["GET"]}}],"collection":[{"href":"https:\/\/soleum.com\/cs\/wp-json\/wp\/v2\/pages"}],"about":[{"href":"https:\/\/soleum.com\/cs\/wp-json\/wp\/v2\/types\/page"}],"author":[{"embeddable":true,"href":"https:\/\/soleum.com\/cs\/wp-json\/wp\/v2\/users\/1"}],"replies":[{"embeddable":true,"href":"https:\/\/soleum.com\/cs\/wp-json\/wp\/v2\/comments?post=3457"}],"version-history":[{"count":0,"href":"https:\/\/soleum.com\/cs\/wp-json\/wp\/v2\/pages\/3457\/revisions"}],"wp:featuredmedia":[{"embeddable":true,"href":"https:\/\/soleum.com\/cs\/wp-json\/wp\/v2\/media\/3402"}],"wp:attachment":[{"href":"https:\/\/soleum.com\/cs\/wp-json\/wp\/v2\/media?parent=3457"}],"curies":[{"name":"wp","href":"https:\/\/api.w.org\/{rel}","templated":true}]}}