{"id":3473,"date":"2019-12-10T08:29:18","date_gmt":"2019-12-10T07:29:18","guid":{"rendered":"https:\/\/soleum.com\/soleum-profil-spolecnosti\/"},"modified":"2023-08-12T08:26:56","modified_gmt":"2023-08-12T06:26:56","slug":"soleum-profil-spolecnosti","status":"publish","type":"page","link":"https:\/\/soleum.com\/cs\/soleum-profil-spolecnosti\/","title":{"rendered":"SOLEUM Profil spole\u010dnosti"},"content":{"rendered":"<p><div class=\"fusion-fullwidth fullwidth-box fusion-builder-row-1 fusion-flex-container has-pattern-background has-mask-background nonhundred-percent-fullwidth non-hundred-percent-height-scrolling\" style=\"--awb-border-radius-top-left:0px;--awb-border-radius-top-right:0px;--awb-border-radius-bottom-right:0px;--awb-border-radius-bottom-left:0px;--awb-flex-wrap:wrap;\" ><div class=\"fusion-builder-row fusion-row fusion-flex-align-items-flex-start fusion-flex-content-wrap\" style=\"max-width:1216.8px;margin-left: calc(-4% \/ 2 );margin-right: calc(-4% \/ 2 );\"><div class=\"fusion-layout-column fusion_builder_column fusion-builder-column-0 fusion_builder_column_1_1 1_1 fusion-flex-column\" style=\"--awb-bg-size:cover;--awb-width-large:100%;--awb-margin-top-large:20px;--awb-spacing-right-large:1.92%;--awb-margin-bottom-large:20px;--awb-spacing-left-large:1.92%;--awb-width-medium:100%;--awb-order-medium:0;--awb-spacing-right-medium:1.92%;--awb-spacing-left-medium:1.92%;--awb-width-small:100%;--awb-order-small:0;--awb-spacing-right-small:1.92%;--awb-spacing-left-small:1.92%;\"><div class=\"fusion-column-wrapper fusion-column-has-shadow fusion-flex-justify-content-flex-start fusion-content-layout-column\"><div class=\"fusion-text fusion-text-1 awb-text-cols fusion-text-columns-2 fusion-text-no-margin\" style=\"--awb-font-size:20px;--awb-line-height:1.72em;--awb-letter-spacing:var(--awb-typography4-letter-spacing);--awb-text-transform:var(--awb-typography4-text-transform);--awb-text-color:#343434;--awb-columns:2;--awb-column-spacing:60px;--awb-column-min-width:100px;--awb-rule-style:1px solid #e1f5e3;--awb-margin-top:20px;--awb-margin-right:20px;--awb-margin-bottom:20px;--awb-margin-left:20px;--awb-text-font-family:&quot;Inter&quot;;--awb-text-font-style:normal;--awb-text-font-weight:300;\"><p><span class=\"fusion-dropcap dropcap\" style=\"--awb-color:#edc657;\">O<\/span><span style=\"color: #333333;\">Soleum\u00ae Spas<\/span><br \/>\n<span style=\"color: #333333;\">Spole\u010dnost SOLEUM, zalo\u017een\u00e1 v Rakousku, je rakousk\u00fdm inov\u00e1torem s v\u00edce ne\u017e 20 lety zku\u0161enost\u00ed s navrhov\u00e1n\u00edm a v\u00fdrobou vysoce kvalitn\u00edch l\u00e1ze\u0148sk\u00fdch \u0159e\u0161en\u00ed. Spole\u010dnost nab\u00edz\u00ed unik\u00e1tn\u00ed spojen\u00ed modern\u00edch technologi\u00ed a tradi\u010dn\u00edch l\u00e9\u010debn\u00fdch koncept\u016f a specializuje se na v\u00fdrobu luxusn\u00edch vyh\u0159\u00edvan\u00fdch leh\u00e1tek a inovativn\u00edch saun pro n\u00e1ro\u010dn\u00e9 klienty, luxusn\u00ed hotely a luxusn\u00ed l\u00e1ze\u0148sk\u00e1 za\u0159\u00edzen\u00ed po cel\u00e9m sv\u011bt\u011b.<\/span><\/p>\n<p><span style=\"color: #333333;\">Spole\u010dnost Soleum, zn\u00e1m\u00e1 pro sv\u00e9 vlastn\u00ed n\u00e1vrhy a p\u0159edem sestaven\u00e9 jednotky p\u0159izp\u016fsoben\u00e9 individu\u00e1ln\u00edm pot\u0159eb\u00e1m, je schopna dod\u00e1vat po cel\u00e9m sv\u011bt\u011b. Odhodl\u00e1n\u00ed spole\u010dnosti o\u017eivit letit\u00e9 wellness praktiky se odr\u00e1\u017e\u00ed v jej\u00ed jedine\u010dn\u00e9 nab\u00eddce: mo\u0159sk\u00e9 klimatick\u00e9 komory a vyh\u0159\u00edvan\u00e1 leh\u00e1tka Soleum Health-SPA, kter\u00e9 nab\u00edzej\u00ed jedine\u010dn\u00fd styl, vynikaj\u00edc\u00ed \u0159emesln\u00e9 zpracov\u00e1n\u00ed a dechberouc\u00ed l\u00e9\u010den\u00ed a pohodl\u00ed. Pro v\u00edce informac\u00ed o Soleum a jeho pr\u016flomov\u00fdch produktech nav\u0161tivte www.soleum.com.<\/span><br \/>\n<span style=\"color: #333333;\"># # #<\/span><br \/>\n<span style=\"color: #333333;\">M\u00e1te-li z\u00e1jem o v\u00edce informac\u00ed na toto t\u00e9ma, kontaktujte pros\u00edm kancel\u00e1\u0159 SOLEUM na \u010d\u00edsle +43 7236 26200 nebo e-mailem na sales@soleum.com.<\/span><\/p>\n<\/div><\/div><\/div><\/div><\/div><div class=\"fusion-fullwidth fullwidth-box fusion-builder-row-2 nonhundred-percent-fullwidth non-hundred-percent-height-scrolling\" style=\"--awb-border-radius-top-left:0px;--awb-border-radius-top-right:0px;--awb-border-radius-bottom-right:0px;--awb-border-radius-bottom-left:0px;--awb-flex-wrap:wrap;\" ><div class=\"fusion-builder-row fusion-row\"><div class=\"fusion-layout-column fusion_builder_column fusion-builder-column-1 fusion_builder_column_2_3 2_3 fusion-two-third fusion-column-first\" style=\"--awb-bg-size:cover;width:66.666666666667%;width:calc(66.666666666667% - ( ( 4% ) * 0.66666666666667 ) );margin-right: 4%;\"><div class=\"fusion-column-wrapper fusion-column-has-shadow fusion-flex-column-wrapper-legacy\"><div class=\"fusion-text fusion-text-2\"><h2>SOLEUM Profil spole\u010dnosti<\/h2>\n<p>V\u00edce ne\u017e 20 let vyr\u00e1b\u00edme parn\u00ed l\u00e1zn\u011b zejm\u00e9na pro soukrom\u00e9 projekty. M\u00e1te mo\u017enost si po\u0159\u00eddit nezbytn\u00e9 sou\u010d\u00e1sti (SPA MODUL) pro parn\u00ed l\u00e1zn\u011b, stejn\u011b jako vysp\u011blou technologii. P\u0159\u00edpadn\u011b m\u016f\u017eete nechat doru\u010dit nebo sestavit p\u0159edp\u0159ipravenou kabinu na dan\u00e9m m\u00edst\u011b (do ur\u010dit\u00e9 vzd\u00e1lenosti).<br \/>\nPro parn\u00ed l\u00e1zn\u011b je dostupn\u00e9 nep\u0159ebern\u00e9 mno\u017estv\u00ed posezen\u00ed a leh\u00e1tek. Moduly je mo\u017en\u00e9 kombinovat, d\u00edky \u010demu\u017e m\u016f\u017eete z\u00edskat r\u016fzn\u00e9 pohodln\u00e9 mo\u017enosti polohov\u00e1n\u00ed a posezen\u00ed. Prostor, kter\u00fd je k dispozici, ur\u010duje tvar sed\u00e1tka nebo mo\u017enosti kombinac\u00ed.<\/p>\n<\/div><div class=\"fusion-text fusion-text-3\"><p>Pro v\u00edce informac\u00ed pros\u00edm nav\u0161tivte na\u0161e dal\u0161\u00ed str\u00e1nky:<\/p>\n<p><a href=\"https:\/\/www.soleum.de\/\" target=\"_blank\" rel=\"noopener\">soleum.de<\/a> (pouze v n\u011bm\u010din\u011b)<\/p>\n<p><a href=\"https:\/\/www.soleum.at\/en\/\" target=\"_blank\" rel=\"noopener\">soleum.at\/en\/<\/a><\/p>\n<p><a href=\"https:\/\/www.dampfbad.at\/en\/\" target=\"_blank\" rel=\"noopener\">dampfbad.at\/en\/<\/a><\/p>\n<\/div><div class=\"fusion-text fusion-text-4\"><h3>SOLEUM L\u00e9\u010debn\u00e9 l\u00e1zn\u011b \u2013 Komora s mo\u0159sk\u00fdm klimatem<\/h3>\n<p>D\u00edky SOLEUM l\u00e9\u010debn\u00fdm l\u00e1zn\u00edm V\u00e1m nyn\u00ed m\u016f\u017eeme nab\u00eddnout kompletn\u00ed \u0159e\u0161en\u00ed. Produkt je mo\u017en\u00e9 nechat doru\u010dit p\u0159ipraven\u00fd k instalaci, a to skoro v\u0161ude po cel\u00e9m sv\u011bt\u011b!<\/p>\n<\/div><div class=\"fusion-image-element fusion-image-align-center in-legacy-container\" style=\"text-align:center;--awb-caption-title-font-family:var(--h2_typography-font-family);--awb-caption-title-font-weight:var(--h2_typography-font-weight);--awb-caption-title-font-style:var(--h2_typography-font-style);--awb-caption-title-size:var(--h2_typography-font-size);--awb-caption-title-transform:var(--h2_typography-text-transform);--awb-caption-title-line-height:var(--h2_typography-line-height);--awb-caption-title-letter-spacing:var(--h2_typography-letter-spacing);\"><div class=\"imageframe-align-center\"><span class=\" fusion-imageframe imageframe-none imageframe-1 hover-type-none\"><img decoding=\"async\" width=\"129\" height=\"110\" alt=\"soleum omega\" title=\"Omega-Trennzeichen-2\" src=\"https:\/\/soleum.com\/wp-content\/uploads\/2019\/10\/Omega-Trennzeichen-2.webp\" class=\"img-responsive wp-image-3325\"\/><\/span><\/div><\/div>\n<div class=\"fusion-image-element fusion-image-align-center in-legacy-container\" style=\"text-align:center;--awb-caption-title-font-family:var(--h2_typography-font-family);--awb-caption-title-font-weight:var(--h2_typography-font-weight);--awb-caption-title-font-style:var(--h2_typography-font-style);--awb-caption-title-size:var(--h2_typography-font-size);--awb-caption-title-transform:var(--h2_typography-text-transform);--awb-caption-title-line-height:var(--h2_typography-line-height);--awb-caption-title-letter-spacing:var(--h2_typography-letter-spacing);\"><div class=\"imageframe-align-center\"><span class=\" fusion-imageframe imageframe-none imageframe-2 hover-type-none\"><img decoding=\"async\" width=\"200\" height=\"217\" alt=\"Soleum Austria\" title=\"Projd\u011bte si na\u0161i bro\u017euru online\" src=\"https:\/\/soleum.com\/wp-content\/uploads\/2019\/10\/Soleum-Katalog.webp\" class=\"img-responsive wp-image-3400\"\/><\/span><\/div><\/div><div class=\"fusion-aligncenter\"><a class=\"fusion-button button-flat fusion-button-default-size button-default fusion-button-default button-1 fusion-button-default-span fusion-button-default-type\" target=\"_self\" href=\"https:\/\/soleum.com\/order-now\/\"><span class=\"fusion-button-text awb-button__text awb-button__text--default\">OBJEDNAT KATALOG<\/span><\/a><\/div><div class=\"fusion-clearfix\"><\/div><\/div><\/div><div class=\"fusion-layout-column fusion_builder_column fusion-builder-column-2 fusion_builder_column_1_3 1_3 fusion-one-third fusion-column-last\" style=\"--awb-bg-size:cover;width:33.333333333333%;width:calc(33.333333333333% - ( ( 4% ) * 0.33333333333333 ) );\"><div class=\"fusion-column-wrapper fusion-column-has-shadow fusion-flex-column-wrapper-legacy\"><div class=\"fusion-image-element in-legacy-container\" style=\"--awb-caption-title-font-family:var(--h2_typography-font-family);--awb-caption-title-font-weight:var(--h2_typography-font-weight);--awb-caption-title-font-style:var(--h2_typography-font-style);--awb-caption-title-size:var(--h2_typography-font-size);--awb-caption-title-transform:var(--h2_typography-text-transform);--awb-caption-title-line-height:var(--h2_typography-line-height);--awb-caption-title-letter-spacing:var(--h2_typography-letter-spacing);\"><span class=\" fusion-imageframe imageframe-none imageframe-3 hover-type-none\"><a href=\"https:\/\/soleum.com\/wp-content\/uploads\/2019\/11\/Soleum-Dampfbabau.jpg\" class=\"fusion-lightbox\" data-rel=\"iLightbox[beab96abaded1fc0225]\" data-title=\"Soleum steam bath manfacturer\" title=\"Soleum steam bath manfacturer\"><img decoding=\"async\" width=\"1043\" height=\"694\" alt=\"V\u00fdrobce parn\u00ed l\u00e1zn\u011b\" src=\"https:\/\/soleum.com\/wp-content\/uploads\/2019\/11\/Soleum-Dampfbabau.webp\" class=\"img-responsive wp-image-3477\" srcset=\"https:\/\/soleum.com\/wp-content\/uploads\/2019\/11\/Soleum-Dampfbabau-200x133.jpg 200w, https:\/\/soleum.com\/wp-content\/uploads\/2019\/11\/Soleum-Dampfbabau-400x266.jpg 400w, https:\/\/soleum.com\/wp-content\/uploads\/2019\/11\/Soleum-Dampfbabau-600x399.jpg 600w, https:\/\/soleum.com\/wp-content\/uploads\/2019\/11\/Soleum-Dampfbabau-800x532.jpg 800w, https:\/\/soleum.com\/wp-content\/uploads\/2019\/11\/Soleum-Dampfbabau.webp 1043w\" sizes=\"(max-width: 1050px) 100vw, 400px\" title=\"\"><\/a><\/span><\/div><div class=\"fusion-image-element fusion-image-align-center in-legacy-container\" style=\"text-align:center;--awb-caption-title-font-family:var(--h2_typography-font-family);--awb-caption-title-font-weight:var(--h2_typography-font-weight);--awb-caption-title-font-style:var(--h2_typography-font-style);--awb-caption-title-size:var(--h2_typography-font-size);--awb-caption-title-transform:var(--h2_typography-text-transform);--awb-caption-title-line-height:var(--h2_typography-line-height);--awb-caption-title-letter-spacing:var(--h2_typography-letter-spacing);\"><div class=\"imageframe-align-center\"><span class=\" fusion-imageframe imageframe-none imageframe-4 hover-type-none\"><img decoding=\"async\" width=\"129\" height=\"110\" alt=\"soleum omega\" title=\"Omega-Trennzeichen-2\" src=\"https:\/\/soleum.com\/wp-content\/uploads\/2019\/10\/Omega-Trennzeichen-2.webp\" class=\"img-responsive wp-image-3325\"\/><\/span><\/div><\/div>\n<div class=\"fusion-image-element in-legacy-container\" style=\"--awb-caption-title-font-family:var(--h2_typography-font-family);--awb-caption-title-font-weight:var(--h2_typography-font-weight);--awb-caption-title-font-style:var(--h2_typography-font-style);--awb-caption-title-size:var(--h2_typography-font-size);--awb-caption-title-transform:var(--h2_typography-text-transform);--awb-caption-title-line-height:var(--h2_typography-line-height);--awb-caption-title-letter-spacing:var(--h2_typography-letter-spacing);\"><span class=\" fusion-imageframe imageframe-none imageframe-5 hover-type-none\"><a href=\"https:\/\/soleum.com\/wp-content\/uploads\/2019\/11\/Hamam-Soleum-Wolfgangsee-3.jpg\" class=\"fusion-lightbox\" data-rel=\"iLightbox[77c5fc34f58995bc502]\" data-title=\"Big russian hamam steam room\" title=\"Big russian hamam steam room\"><img decoding=\"async\" width=\"1000\" height=\"750\" alt=\"V\u00fdroba ropn\u00e9 parn\u00ed l\u00e1zn\u011b\" src=\"https:\/\/soleum.com\/wp-content\/uploads\/2019\/11\/Hamam-Soleum-Wolfgangsee-3.webp\" class=\"img-responsive wp-image-3475\" srcset=\"https:\/\/soleum.com\/wp-content\/uploads\/2019\/11\/Hamam-Soleum-Wolfgangsee-3-200x150.jpg 200w, https:\/\/soleum.com\/wp-content\/uploads\/2019\/11\/Hamam-Soleum-Wolfgangsee-3-400x300.jpg 400w, https:\/\/soleum.com\/wp-content\/uploads\/2019\/11\/Hamam-Soleum-Wolfgangsee-3-600x450.jpg 600w, https:\/\/soleum.com\/wp-content\/uploads\/2019\/11\/Hamam-Soleum-Wolfgangsee-3-800x600.jpg 800w, https:\/\/soleum.com\/wp-content\/uploads\/2019\/11\/Hamam-Soleum-Wolfgangsee-3.webp 1000w\" sizes=\"(max-width: 1050px) 100vw, 400px\" title=\"\"><\/a><\/span><\/div><div class=\"fusion-image-element fusion-image-align-center in-legacy-container\" style=\"text-align:center;--awb-caption-title-font-family:var(--h2_typography-font-family);--awb-caption-title-font-weight:var(--h2_typography-font-weight);--awb-caption-title-font-style:var(--h2_typography-font-style);--awb-caption-title-size:var(--h2_typography-font-size);--awb-caption-title-transform:var(--h2_typography-text-transform);--awb-caption-title-line-height:var(--h2_typography-line-height);--awb-caption-title-letter-spacing:var(--h2_typography-letter-spacing);\"><div class=\"imageframe-align-center\"><span class=\" fusion-imageframe imageframe-none imageframe-6 hover-type-none\"><img decoding=\"async\" width=\"129\" height=\"110\" alt=\"soleum omega\" title=\"Omega-Trennzeichen-2\" src=\"https:\/\/soleum.com\/wp-content\/uploads\/2019\/10\/Omega-Trennzeichen-2.webp\" class=\"img-responsive wp-image-3325\"\/><\/span><\/div><\/div>\n<div class=\"fusion-image-element in-legacy-container\" style=\"--awb-caption-title-font-family:var(--h2_typography-font-family);--awb-caption-title-font-weight:var(--h2_typography-font-weight);--awb-caption-title-font-style:var(--h2_typography-font-style);--awb-caption-title-size:var(--h2_typography-font-size);--awb-caption-title-transform:var(--h2_typography-text-transform);--awb-caption-title-line-height:var(--h2_typography-line-height);--awb-caption-title-letter-spacing:var(--h2_typography-letter-spacing);\"><span class=\" fusion-imageframe imageframe-none imageframe-7 hover-type-none\"><a href=\"https:\/\/soleum.com\/wp-content\/uploads\/2019\/11\/Soledampfbad-Wien-13.jpg\" class=\"fusion-lightbox\" data-rel=\"iLightbox[95ba94c9d2296d67bcc]\" data-title=\"luxury private steam bath\" title=\"luxury private steam bath\"><img decoding=\"async\" width=\"800\" height=\"530\" alt=\"Vina\u0159sk\u00e1 luxusn\u00ed soukrom\u00e1 parn\u00ed m\u00edstnost\" src=\"https:\/\/soleum.com\/wp-content\/uploads\/2019\/11\/Soledampfbad-Wien-13.webp\" class=\"img-responsive wp-image-3476\" srcset=\"https:\/\/soleum.com\/wp-content\/uploads\/2019\/11\/Soledampfbad-Wien-13-200x133.jpg 200w, https:\/\/soleum.com\/wp-content\/uploads\/2019\/11\/Soledampfbad-Wien-13-400x265.jpg 400w, https:\/\/soleum.com\/wp-content\/uploads\/2019\/11\/Soledampfbad-Wien-13-600x398.jpg 600w, https:\/\/soleum.com\/wp-content\/uploads\/2019\/11\/Soledampfbad-Wien-13.webp 800w\" sizes=\"(max-width: 1050px) 100vw, 400px\" title=\"\"><\/a><\/span><\/div><div class=\"fusion-clearfix\"><\/div><\/div><\/div><\/div><\/div><div class=\"fusion-fullwidth fullwidth-box fusion-builder-row-3 nonhundred-percent-fullwidth non-hundred-percent-height-scrolling\" style=\"--awb-background-position:left top;--awb-border-sizes-top:0px;--awb-border-sizes-bottom:0px;--awb-border-sizes-left:0px;--awb-border-sizes-right:0px;--awb-border-radius-top-left:0px;--awb-border-radius-top-right:0px;--awb-border-radius-bottom-right:0px;--awb-border-radius-bottom-left:0px;--awb-padding-top:8%;--awb-padding-bottom:4%;--awb-flex-wrap:wrap;\" ><div class=\"fusion-builder-row fusion-row\"><div class=\"fusion-layout-column fusion_builder_column fusion-builder-column-3 fusion_builder_column_1_6 1_6 fusion-one-sixth fusion-column-first fusion-no-small-visibility\" style=\"--awb-bg-size:cover;width:13.3333%; margin-right: 4%;\"><div class=\"fusion-column-wrapper fusion-flex-column-wrapper-legacy\"><div class=\"fusion-clearfix\"><\/div><\/div><\/div><div class=\"fusion-layout-column fusion_builder_column fusion-builder-column-4 fusion_builder_column_2_3 2_3 fusion-two-third\" style=\"--awb-bg-size:cover;width:65.3333%; margin-right: 4%;\"><div class=\"fusion-column-wrapper fusion-flex-column-wrapper-legacy\"><div class=\"fusion-fa-align-center\"><i class=\"fb-icon-element-1 fb-icon-element fontawesome-icon fa fa-envira circle-no fa-flip-horizontal\" style=\"--awb-iconcolor:#b9afa1;--awb-iconcolor-hover:#b9afa1;--awb-circlecolor:rgba(255,255,255,0);--awb-font-size:34px;--awb-margin-bottom:30px;\"><\/i><\/div><div class=\"fusion-text fusion-text-5\"><h4 style=\"text-align: center;\"><span style=\"color: #b9afa1;\"><span class=\"color_11\">SOLEUM GmbH<br \/>\nGutauerstra\u00dfe 42<br \/>\n4230 Pregarten<br \/>\nRakousko<br \/>\n+43 (0) 7236 26200<br \/>\nmobile \/ whatsapp: +43 699 17232700<br \/>\nEmail:\u00a0 sales@soleum.com<br \/>\n<\/span><\/span><\/h4>\n<\/div><div class=\"fusion-fa-align-center\"><i class=\"fb-icon-element-2 fb-icon-element fontawesome-icon fa fa-envira circle-no fa-flip-horizontal\" style=\"--awb-iconcolor:#b9afa1;--awb-iconcolor-hover:#b9afa1;--awb-circlecolor:rgba(255,255,255,0);--awb-font-size:34px;--awb-margin-bottom:30px;\"><\/i><\/div><div class=\"fusion-image-element fusion-image-align-center in-legacy-container\" style=\"text-align:center;--awb-caption-title-font-family:var(--h2_typography-font-family);--awb-caption-title-font-weight:var(--h2_typography-font-weight);--awb-caption-title-font-style:var(--h2_typography-font-style);--awb-caption-title-size:var(--h2_typography-font-size);--awb-caption-title-transform:var(--h2_typography-text-transform);--awb-caption-title-line-height:var(--h2_typography-line-height);--awb-caption-title-letter-spacing:var(--h2_typography-letter-spacing);\"><div class=\"imageframe-align-center\"><span class=\" fusion-imageframe imageframe-none imageframe-8 hover-type-none\"><img decoding=\"async\" width=\"150\" height=\"58\" alt=\"Made in Upper Austria \" title=\"austria-a-surprisingly-ingenious-grau150\" src=\"https:\/\/soleum.com\/wp-content\/uploads\/2019\/10\/austria-a-surprisingly-ingenious-grau150.webp\" class=\"img-responsive wp-image-3474\"\/><\/span><\/div><\/div><div class=\"fusion-text fusion-text-6\"><h4 style=\"text-align: center;\">made in Upper Austria<\/h4>\n<\/div><div class=\"fusion-sep-clear\"><\/div><div class=\"fusion-separator\" style=\"margin-left: auto;margin-right: auto;margin-top:10px;margin-bottom:40px;width:100%;max-width:80px;\"><div class=\"fusion-separator-border sep-single sep-solid\" style=\"--awb-height:20px;--awb-amount:20px;border-color:#b9afa1;border-top-width:1px;\"><\/div><\/div><div class=\"fusion-sep-clear\"><\/div><div class=\"fusion-text fusion-text-7\"><p style=\"text-align: center;\">VAT-No.: ATU66445199<br \/>\nARA\u2013LN:16346<br \/>\nkrajsk\u00fd soud LINZ, FN 362383t<br \/>\nm\u00edsto pln\u011bn\u00ed a jurisdikce je LINZ<\/p>\n<\/div><div class=\"fusion-clearfix\"><\/div><\/div><\/div><div class=\"fusion-layout-column fusion_builder_column fusion-builder-column-5 fusion_builder_column_1_6 1_6 fusion-one-sixth fusion-column-last fusion-no-small-visibility\" style=\"--awb-bg-size:cover;width:13.3333%;\"><div class=\"fusion-column-wrapper fusion-flex-column-wrapper-legacy\"><div class=\"fusion-clearfix\"><\/div><\/div><\/div><\/div><\/div><div class=\"fusion-fullwidth fullwidth-box fusion-builder-row-4 nonhundred-percent-fullwidth non-hundred-percent-height-scrolling\" style=\"--awb-border-radius-top-left:0px;--awb-border-radius-top-right:0px;--awb-border-radius-bottom-right:0px;--awb-border-radius-bottom-left:0px;--awb-padding-bottom:30px;--awb-background-color:#f9f9f9;--awb-flex-wrap:wrap;\" ><div class=\"fusion-builder-row fusion-row\"><div class=\"fusion-layout-column fusion_builder_column fusion-builder-column-6 fusion_builder_column_1_1 1_1 fusion-one-full fusion-column-first fusion-column-last\" style=\"--awb-bg-size:cover;--awb-margin-top:0px;--awb-margin-bottom:0px;\"><div class=\"fusion-column-wrapper fusion-flex-column-wrapper-legacy\"><div class=\"fusion-section-separator section-separator big-half-circle fusion-section-separator-1\" style=\"--awb-spacer-height:99px;--awb-svg-margin-left:0;--awb-svg-margin-right:0;--awb-divider-height:99px;--awb-spacer-padding-top:inherit;--awb-sep-padding:0;--awb-svg-padding:0;\"><div class=\"fusion-section-separator-svg\"><svg class=\"fusion-big-half-circle-candy\" xmlns=\"http:\/\/www.w3.org\/2000\/svg\" version=\"1.1\" width=\"100%\" height=\"100\" viewBox=\"0 0 100 100\" preserveAspectRatio=\"none\" fill=\"rgba(255,255,255,1)\"><path d=\"M0 0 C55 180 100 0 100 0 Z\"><\/path><\/svg><\/div><div class=\"fusion-section-separator-spacer\"><div class=\"fusion-section-separator-spacer-height\"><\/div><\/div><\/div>\t\t\t\t<div class=\"fusion-clearfix\"><\/div><\/div><\/div><\/div><\/div><\/p>\n","protected":false},"excerpt":{"rendered":"","protected":false},"author":1,"featured_media":3934,"parent":0,"menu_order":0,"comment_status":"closed","ping_status":"closed","template":"100-width.php","meta":{"_exactmetrics_skip_tracking":false,"_exactmetrics_sitenote_active":false,"_exactmetrics_sitenote_note":"","_exactmetrics_sitenote_category":0,"footnotes":""},"class_list":["post-3473","page","type-page","status-publish","has-post-thumbnail","hentry"],"_links":{"self":[{"href":"https:\/\/soleum.com\/cs\/wp-json\/wp\/v2\/pages\/3473","targetHints":{"allow":["GET"]}}],"collection":[{"href":"https:\/\/soleum.com\/cs\/wp-json\/wp\/v2\/pages"}],"about":[{"href":"https:\/\/soleum.com\/cs\/wp-json\/wp\/v2\/types\/page"}],"author":[{"embeddable":true,"href":"https:\/\/soleum.com\/cs\/wp-json\/wp\/v2\/users\/1"}],"replies":[{"embeddable":true,"href":"https:\/\/soleum.com\/cs\/wp-json\/wp\/v2\/comments?post=3473"}],"version-history":[{"count":0,"href":"https:\/\/soleum.com\/cs\/wp-json\/wp\/v2\/pages\/3473\/revisions"}],"wp:featuredmedia":[{"embeddable":true,"href":"https:\/\/soleum.com\/cs\/wp-json\/wp\/v2\/media\/3934"}],"wp:attachment":[{"href":"https:\/\/soleum.com\/cs\/wp-json\/wp\/v2\/media?parent=3473"}],"curies":[{"name":"wp","href":"https:\/\/api.w.org\/{rel}","templated":true}]}}