{"id":16735,"date":"2024-11-14T08:27:21","date_gmt":"2024-11-14T07:27:21","guid":{"rendered":"https:\/\/soleum.com\/lista-de-precios-para-banos-de-vapor-al-aire-libre\/"},"modified":"2026-01-11T22:47:04","modified_gmt":"2026-01-11T21:47:04","slug":"lista-de-precios-para-banos-de-vapor-al-aire-libre","status":"publish","type":"page","link":"https:\/\/soleum.com\/es\/lista-de-precios-para-banos-de-vapor-al-aire-libre\/","title":{"rendered":"Lista de precios para ba\u00f1os de vapor al aire libre."},"content":{"rendered":"<div class=\"fusion-fullwidth fullwidth-box fusion-builder-row-1 fusion-flex-container nonhundred-percent-fullwidth non-hundred-percent-height-scrolling\" style=\"--awb-border-radius-top-left:0px;--awb-border-radius-top-right:0px;--awb-border-radius-bottom-right:0px;--awb-border-radius-bottom-left:0px;--awb-flex-wrap:wrap;\" ><div class=\"fusion-builder-row fusion-row fusion-flex-align-items-flex-start fusion-flex-content-wrap\" style=\"max-width:1216.8px;margin-left: calc(-4% \/ 2 );margin-right: calc(-4% \/ 2 );\"><div class=\"fusion-layout-column fusion_builder_column fusion-builder-column-0 fusion_builder_column_1_1 1_1 fusion-flex-column\" style=\"--awb-bg-size:cover;--awb-width-large:100%;--awb-margin-top-large:0px;--awb-spacing-right-large:1.92%;--awb-margin-bottom-large:0px;--awb-spacing-left-large:1.92%;--awb-width-medium:100%;--awb-spacing-right-medium:1.92%;--awb-spacing-left-medium:1.92%;--awb-width-small:100%;--awb-spacing-right-small:1.92%;--awb-spacing-left-small:1.92%;\"><div class=\"fusion-column-wrapper fusion-flex-justify-content-flex-start fusion-content-layout-column\"><div class=\"fusion-text fusion-text-1\"><h1>Lista de precios de ba\u00f1os de vapor al aire libre<\/h1>\n<h2>Lujo en el jard\u00edn o junto a la piscina.<\/h2>\n<p>A continuaci\u00f3n encontrar\u00e1 los precios actuales de los exclusivos ba\u00f1os de vapor al aire libre en formato PDF para descargar.<\/p>\n<\/div><div class=\"fusion-text fusion-text-2\"><h2>Lujo hecho a mano en la f\u00e1brica SOLEUM en Austria<\/h2>\n<p>Muchas horas de trabajo artesanal y tecnolog\u00eda de alta calidad crean un producto que no s\u00f3lo convence visualmente sino tambi\u00e9n por su funcionalidad completa.<\/p>\n<p>A diferencia de un coche de lujo, que sale de la l\u00ednea de producci\u00f3n en muy poco tiempo, necesitamos meses para producir nuestras cabinas hasta su finalizaci\u00f3n.<\/p>\n<p><strong>Muchos pasos de trabajo<\/strong>, <strong>varios oficios<\/strong> (cristaleros, alicatadores, electricistas, programadores, carpinteros, fontaneros), as\u00ed como los <strong>tiempos de secado<\/strong> determinan el plazo de entrega.<\/p>\n<p>Para cada caba\u00f1a se tiene en cuenta el <strong>dise\u00f1o exclusivo de azulejos<\/strong> seg\u00fan los requisitos del cliente. Esto significa que cada cabina puede ser \u00fanica para el cliente.<\/p>\n<p>Utilizamos revestimiento exterior de la m\u00e1s alta calidad disponible actualmente en el mercado. La fachada exterior de la cabina est\u00e1 fabricada con paneles de fachada Fundermax duraderos y de alta calidad. Los paneles se ajustan perfectamente mediante fresadoras CNC de \u00faltima generaci\u00f3n.<\/p>\n<p>La cabina es <strong>inteligente<\/strong>, lo que significa que se puede manejar a distancia mediante un tel\u00e9fono m\u00f3vil o una tableta.<\/p>\n<p>Las <strong>baldosas de lujo<\/strong> se colocan con adhesivo epoxi y <strong>lechada epoxi del mismo color<\/strong>.<\/p>\n<p>En la caba\u00f1a disfrutar\u00e1s de:<\/p>\n<ul>\n<li>Ba\u00f1o de vapor<\/li>\n<li>Calor infrarrojo (toda la cabina es un tepidarium)<\/li>\n<li>Inhalaci\u00f3n de salmuera (talasoterapia)<\/li>\n<li>M\u00fasica<\/li>\n<li>Luz de colores<\/li>\n<\/ul>\n<p>Disponible opcionalmente: Ver accesorios en la lista de precios (OPCIONES)<\/p>\n<\/div><div class=\"fusion-separator fusion-full-width-sep\" style=\"align-self: center;margin-left: auto;margin-right: auto;margin-top:50px;margin-bottom:100px;width:100%;\"><div class=\"fusion-separator-border sep-double sep-solid\" style=\"--awb-height:20px;--awb-amount:20px;border-color:#b9afa1;border-top-width:1px;border-bottom-width:1px;\"><\/div><\/div><div class=\"fusion-text fusion-text-3\"><p><a href=\"https:\/\/soleum.com\/wp-content\/uploads\/2024\/11\/PREISLISTE-AUSSENDAMPFBAEDER_2024-DE.pdf\">Preisliste Luxus-Aussendampfb\u00e4der 2024 , DEUTSCH, exklusive MWSt.<\/a><\/p>\n<p><a href=\"https:\/\/soleum.com\/wp-content\/uploads\/2024\/11\/PRICELIST-OUTDOOR-SPA-EN_2024.pdf\">Price List Luxury Outdoor-Steam-SPA 2024, ENGLISH, excl. VAT<\/a><\/p>\n<p><a href=\"https:\/\/soleum.com\/wp-content\/uploads\/2024\/11\/Abmessungen_Dimensions_OMEGA_EGG_ELLIPSE.pdf\">Abmessungen \/ Dimensions DE \/ EN<\/a><\/p>\n<\/div><\/div><\/div><\/div><\/div>\n","protected":false},"excerpt":{"rendered":"","protected":false},"author":1,"featured_media":16378,"parent":0,"menu_order":0,"comment_status":"closed","ping_status":"closed","template":"","meta":{"_exactmetrics_skip_tracking":false,"_exactmetrics_sitenote_active":false,"_exactmetrics_sitenote_note":"","_exactmetrics_sitenote_category":0,"footnotes":""},"class_list":["post-16735","page","type-page","status-publish","has-post-thumbnail","hentry"],"_links":{"self":[{"href":"https:\/\/soleum.com\/es\/wp-json\/wp\/v2\/pages\/16735","targetHints":{"allow":["GET"]}}],"collection":[{"href":"https:\/\/soleum.com\/es\/wp-json\/wp\/v2\/pages"}],"about":[{"href":"https:\/\/soleum.com\/es\/wp-json\/wp\/v2\/types\/page"}],"author":[{"embeddable":true,"href":"https:\/\/soleum.com\/es\/wp-json\/wp\/v2\/users\/1"}],"replies":[{"embeddable":true,"href":"https:\/\/soleum.com\/es\/wp-json\/wp\/v2\/comments?post=16735"}],"version-history":[{"count":0,"href":"https:\/\/soleum.com\/es\/wp-json\/wp\/v2\/pages\/16735\/revisions"}],"wp:featuredmedia":[{"embeddable":true,"href":"https:\/\/soleum.com\/es\/wp-json\/wp\/v2\/media\/16378"}],"wp:attachment":[{"href":"https:\/\/soleum.com\/es\/wp-json\/wp\/v2\/media?parent=16735"}],"curies":[{"name":"wp","href":"https:\/\/api.w.org\/{rel}","templated":true}]}}