{"id":3049,"date":"2019-11-24T15:43:50","date_gmt":"2019-11-24T14:43:50","guid":{"rendered":"https:\/\/soleum.com\/camara-de-clima-marino-nuestros-modelos\/"},"modified":"2019-11-24T15:48:51","modified_gmt":"2019-11-24T14:48:51","slug":"camara-de-clima-marino-nuestros-modelos","status":"publish","type":"page","link":"https:\/\/soleum.com\/es\/camara-de-clima-marino-nuestros-modelos\/","title":{"rendered":"C\u00e1mara de Clima Marino-Nuestros modelos"},"content":{"rendered":"<div class=\"fusion-fullwidth fullwidth-box fusion-builder-row-1 nonhundred-percent-fullwidth non-hundred-percent-height-scrolling\" style=\"--awb-border-radius-top-left:0px;--awb-border-radius-top-right:0px;--awb-border-radius-bottom-right:0px;--awb-border-radius-bottom-left:0px;--awb-flex-wrap:wrap;\" ><div class=\"fusion-builder-row fusion-row\"><div class=\"fusion-layout-column fusion_builder_column fusion-builder-column-0 fusion_builder_column_1_1 1_1 fusion-one-full fusion-column-first fusion-column-last\" style=\"--awb-bg-size:cover;\"><div class=\"fusion-column-wrapper fusion-column-has-shadow fusion-flex-column-wrapper-legacy\"><style type=\"text\/css\">.fusion-portfolio-wrapper#fusion-portfolio-1 .fusion-portfolio-content{ padding: 30px 30px 30px 30px; text-align: center; }<\/style><div class=\"fusion-recent-works fusion-portfolio-element fusion-portfolio fusion-portfolio-1 fusion-portfolio-grid fusion-portfolio-paging-pagination fusion-portfolio-four fusion-portfolio-boxed fusion-portfolio-text fusion-portfolio-equal-heights fusion-portfolio-rollover\" data-id=\"-rw-1\" data-columns=\"four\"><style type=\"text\/css\">.fusion-portfolio-1 .fusion-portfolio-wrapper .fusion-col-spacing{padding:6px;}<\/style><div class=\"fusion-portfolio-wrapper\" id=\"fusion-portfolio-1\" data-picturesize=\"auto\" data-pages=\"1\" style=\"margin:-6px;\"><article id=\"portfolio-1-post-2979\" class=\"fusion-portfolio-post modelos-de-productos fusion-col-spacing post-2979\"><div class=\"fusion-portfolio-content-wrapper\" style=\"border:1px solid #ebeaea;border-bottom-width:3px;background-color:rgba(255,255,255,1);\"><span class=\"vcard rich-snippet-hidden\"><span class=\"fn\"><a href=\"https:\/\/soleum.com\/es\/author\/soleum\/\" title=\"Entradas de soleum\" rel=\"author\">soleum<\/a><\/span><\/span><span class=\"updated rich-snippet-hidden\">2023-08-06T18:18:44+02:00<\/span><div  class=\"fusion-image-wrapper\" aria-haspopup=\"true\">\n\t\t\t\t<img decoding=\"async\" width=\"720\" height=\"720\" src=\"https:\/\/soleum.com\/wp-content\/uploads\/2019\/10\/SOLEUM-OMEGA.webp\" class=\"attachment-full size-full wp-post-image\" alt=\"Premium Dampfbad SOLEUM OMEGA\" srcset=\"https:\/\/soleum.com\/wp-content\/uploads\/2019\/10\/SOLEUM-OMEGA-200x200.jpg 200w, https:\/\/soleum.com\/wp-content\/uploads\/2019\/10\/SOLEUM-OMEGA-400x400.jpg 400w, https:\/\/soleum.com\/wp-content\/uploads\/2019\/10\/SOLEUM-OMEGA-600x600.jpg 600w, https:\/\/soleum.com\/wp-content\/uploads\/2019\/10\/SOLEUM-OMEGA.webp 720w\" sizes=\"(min-width: 2200px) 100vw, (min-width: 852px) 284px, (min-width: 782px) 378px, (min-width: 711px) 567px, (min-width: 640px) 711px, \" title=\"\"><div class=\"fusion-rollover\">\n\t<div class=\"fusion-rollover-content\">\n\n\t\t\t\t\n\t\t\n\t\t\t\t\t\t\t\t\t\t\t\t<h4 class=\"fusion-rollover-title\">\n\t\t\t\t\t<a class=\"fusion-rollover-title-link\" href=\"https:\/\/soleum.com\/es\/produkte\/bano-de-vapor-al-aire-libr\/?portfolioCats=531\">\n\t\t\t\t\t\tBa\u00f1o de vapor al aire libre OMEGA\t\t\t\t\t<\/a>\n\t\t\t\t<\/h4>\n\t\t\t\n\t\t\t\t\t\t\t\t\n\t\t\n\t\t\t\t\t\t<a class=\"fusion-link-wrapper\" href=\"https:\/\/soleum.com\/es\/produkte\/bano-de-vapor-al-aire-libr\/?portfolioCats=531\" aria-label=\"Ba\u00f1o de vapor al aire libre OMEGA\"><\/a>\n\t<\/div>\n<\/div>\n<\/div>\n<div class=\"fusion-portfolio-content\" style=\"background-color:rgba(255,255,255,1);\"><h2 class=\"entry-title fusion-post-title\"><a href=\"https:\/\/soleum.com\/es\/produkte\/bano-de-vapor-al-aire-libr\/?portfolioCats=531\">Ba\u00f1o de vapor al aire libre OMEGA<\/a><\/h2><div class=\"fusion-content-sep sep-single sep-dotted\" style=\"border-color:#b9afa1;\"><\/div><div class=\"fusion-post-content\"><p>C\u00e1mara de Clima Marino OMEGA\r\nEl modelo OMEGA es redondo, futurista y elegante. Debido a su forma redonda especial y los tipos de tratamiento, como la inhalaci\u00f3n de neblina de salmuera\/salina en combinaci\u00f3n con el calor infrarrojo, luz de colores y m\u00fasica, este producto se convierte en un tratamiento de SPA impresionante y llamativo all\u00e1 donde se encuentre.<\/p><\/div><\/div><\/div><\/article><article id=\"portfolio-1-post-3020\" class=\"fusion-portfolio-post modelos-de-productos fusion-col-spacing post-3020\"><div class=\"fusion-portfolio-content-wrapper\" style=\"border:1px solid #ebeaea;border-bottom-width:3px;background-color:rgba(255,255,255,1);\"><span class=\"vcard rich-snippet-hidden\"><span class=\"fn\"><a href=\"https:\/\/soleum.com\/es\/author\/soleum\/\" title=\"Entradas de soleum\" rel=\"author\">soleum<\/a><\/span><\/span><span class=\"updated rich-snippet-hidden\">2023-08-06T18:14:35+02:00<\/span><div  class=\"fusion-image-wrapper\" aria-haspopup=\"true\">\n\t\t\t\t<img decoding=\"async\" width=\"720\" height=\"720\" src=\"https:\/\/soleum.com\/wp-content\/uploads\/2019\/10\/SOLEUM-EGG.webp\" class=\"attachment-full size-full wp-post-image\" alt=\"Premium Dampfbad SOLEUM EGG\" srcset=\"https:\/\/soleum.com\/wp-content\/uploads\/2019\/10\/SOLEUM-EGG-200x200.jpg 200w, https:\/\/soleum.com\/wp-content\/uploads\/2019\/10\/SOLEUM-EGG-400x400.jpg 400w, https:\/\/soleum.com\/wp-content\/uploads\/2019\/10\/SOLEUM-EGG-600x600.jpg 600w, https:\/\/soleum.com\/wp-content\/uploads\/2019\/10\/SOLEUM-EGG.webp 720w\" sizes=\"(min-width: 2200px) 100vw, (min-width: 852px) 284px, (min-width: 782px) 378px, (min-width: 711px) 567px, (min-width: 640px) 711px, \" title=\"\"><div class=\"fusion-rollover\">\n\t<div class=\"fusion-rollover-content\">\n\n\t\t\t\t\n\t\t\n\t\t\t\t\t\t\t\t\t\t\t\t<h4 class=\"fusion-rollover-title\">\n\t\t\t\t\t<a class=\"fusion-rollover-title-link\" href=\"https:\/\/soleum.com\/es\/produkte\/sauna-exterior-do-vapor-egg\/?portfolioCats=531\">\n\t\t\t\t\t\tSauna exterior do vapor EGG\t\t\t\t\t<\/a>\n\t\t\t\t<\/h4>\n\t\t\t\n\t\t\t\t\t\t\t\t\n\t\t\n\t\t\t\t\t\t<a class=\"fusion-link-wrapper\" href=\"https:\/\/soleum.com\/es\/produkte\/sauna-exterior-do-vapor-egg\/?portfolioCats=531\" aria-label=\"Sauna exterior do vapor EGG\"><\/a>\n\t<\/div>\n<\/div>\n<\/div>\n<div class=\"fusion-portfolio-content\" style=\"background-color:rgba(255,255,255,1);\"><h2 class=\"entry-title fusion-post-title\"><a href=\"https:\/\/soleum.com\/es\/produkte\/sauna-exterior-do-vapor-egg\/?portfolioCats=531\">Sauna exterior do vapor EGG<\/a><\/h2><div class=\"fusion-content-sep sep-single sep-dotted\" style=\"border-color:#b9afa1;\"><\/div><div class=\"fusion-post-content\"><p>Sauna exterior do vapor EGG: En una elegante \"forma de huevo\", \u00a1el modelo EGG!  Una cabina de spa y tratamiento para el sector comercial y privado. Su especial forma extravagante hace de este producto un elemento llamativo en su espacio.<\/p><\/div><\/div><\/div><\/article><article id=\"portfolio-1-post-3037\" class=\"fusion-portfolio-post modelos-de-productos fusion-col-spacing post-3037\"><div class=\"fusion-portfolio-content-wrapper\" style=\"border:1px solid #ebeaea;border-bottom-width:3px;background-color:rgba(255,255,255,1);\"><span class=\"vcard rich-snippet-hidden\"><span class=\"fn\"><a href=\"https:\/\/soleum.com\/es\/author\/soleum\/\" title=\"Entradas de soleum\" rel=\"author\">soleum<\/a><\/span><\/span><span class=\"updated rich-snippet-hidden\">2023-08-06T18:00:15+02:00<\/span><div  class=\"fusion-image-wrapper\" aria-haspopup=\"true\">\n\t\t\t\t<img decoding=\"async\" width=\"720\" height=\"720\" src=\"https:\/\/soleum.com\/wp-content\/uploads\/2019\/10\/SOLEUM-ELLIPSE-neu.webp\" class=\"attachment-full size-full wp-post-image\" alt=\"Premium Dampfbad SOLEUM ELLIPSE\" srcset=\"https:\/\/soleum.com\/wp-content\/uploads\/2019\/10\/SOLEUM-ELLIPSE-neu-200x200.jpg 200w, https:\/\/soleum.com\/wp-content\/uploads\/2019\/10\/SOLEUM-ELLIPSE-neu-400x400.jpg 400w, https:\/\/soleum.com\/wp-content\/uploads\/2019\/10\/SOLEUM-ELLIPSE-neu-600x600.jpg 600w, https:\/\/soleum.com\/wp-content\/uploads\/2019\/10\/SOLEUM-ELLIPSE-neu.webp 720w\" sizes=\"(min-width: 2200px) 100vw, (min-width: 852px) 284px, (min-width: 782px) 378px, (min-width: 711px) 567px, (min-width: 640px) 711px, \" title=\"\"><div class=\"fusion-rollover\">\n\t<div class=\"fusion-rollover-content\">\n\n\t\t\t\t\n\t\t\n\t\t\t\t\t\t\t\t\t\t\t\t<h4 class=\"fusion-rollover-title\">\n\t\t\t\t\t<a class=\"fusion-rollover-title-link\" href=\"https:\/\/soleum.com\/es\/produkte\/camara-de-clima-marino-ellipse\/?portfolioCats=531\">\n\t\t\t\t\t\tBA\u00d1O DE VAPOR DE LUJO ELLIPSE\t\t\t\t\t<\/a>\n\t\t\t\t<\/h4>\n\t\t\t\n\t\t\t\t\t\t\t\t\n\t\t\n\t\t\t\t\t\t<a class=\"fusion-link-wrapper\" href=\"https:\/\/soleum.com\/es\/produkte\/camara-de-clima-marino-ellipse\/?portfolioCats=531\" aria-label=\"BA\u00d1O DE VAPOR DE LUJO ELLIPSE\"><\/a>\n\t<\/div>\n<\/div>\n<\/div>\n<div class=\"fusion-portfolio-content\" style=\"background-color:rgba(255,255,255,1);\"><h2 class=\"entry-title fusion-post-title\"><a href=\"https:\/\/soleum.com\/es\/produkte\/camara-de-clima-marino-ellipse\/?portfolioCats=531\">BA\u00d1O DE VAPOR DE LUJO ELLIPSE<\/a><\/h2><div class=\"fusion-content-sep sep-single sep-dotted\" style=\"border-color:#b9afa1;\"><\/div><div class=\"fusion-post-content\"><p>BA\u00d1O DE VAPOR DE LUJO , C\u00e1mara de Clima Marino ELLIPSE: Como una gran sala de vapor que es, puede acostarse en tumbonas y sentarse en diferentes asientos (de diferentes formas).<\/p><\/div><\/div><\/div><\/article><article id=\"portfolio-1-post-12118\" class=\"fusion-portfolio-post modelos-de-productos fusion-col-spacing post-12118\"><div class=\"fusion-portfolio-content-wrapper\" style=\"border:1px solid #ebeaea;border-bottom-width:3px;background-color:rgba(255,255,255,1);\"><span class=\"vcard rich-snippet-hidden\"><span class=\"fn\"><a href=\"https:\/\/soleum.com\/es\/author\/soleum\/\" title=\"Entradas de soleum\" rel=\"author\">soleum<\/a><\/span><\/span><span class=\"updated rich-snippet-hidden\">2023-07-18T13:27:54+02:00<\/span><div  class=\"fusion-image-wrapper\" aria-haspopup=\"true\">\n\t\t\t\t<img decoding=\"async\" width=\"720\" height=\"720\" src=\"https:\/\/soleum.com\/wp-content\/uploads\/2019\/10\/SOLEUM-DESIGN-EGG.webp\" class=\"attachment-full size-full wp-post-image\" alt=\"Premium Dampfbad SOLEUM DESIGN-Egg\" srcset=\"https:\/\/soleum.com\/wp-content\/uploads\/2019\/10\/SOLEUM-DESIGN-EGG-200x200.jpg 200w, https:\/\/soleum.com\/wp-content\/uploads\/2019\/10\/SOLEUM-DESIGN-EGG-400x400.jpg 400w, https:\/\/soleum.com\/wp-content\/uploads\/2019\/10\/SOLEUM-DESIGN-EGG-600x600.jpg 600w, https:\/\/soleum.com\/wp-content\/uploads\/2019\/10\/SOLEUM-DESIGN-EGG.webp 720w\" sizes=\"(min-width: 2200px) 100vw, (min-width: 852px) 284px, (min-width: 782px) 378px, (min-width: 711px) 567px, (min-width: 640px) 711px, \" title=\"\"><div class=\"fusion-rollover\">\n\t<div class=\"fusion-rollover-content\">\n\n\t\t\t\t\n\t\t\n\t\t\t\t\t\t\t\t\t\t\t\t<h4 class=\"fusion-rollover-title\">\n\t\t\t\t\t<a class=\"fusion-rollover-title-link\" href=\"https:\/\/soleum.com\/es\/produkte\/sicis-diseno-arte-spa\/?portfolioCats=531\">\n\t\t\t\t\t\tSICIS Dise\u00f1o Arte SPA\t\t\t\t\t<\/a>\n\t\t\t\t<\/h4>\n\t\t\t\n\t\t\t\t\t\t\t\t\n\t\t\n\t\t\t\t\t\t<a class=\"fusion-link-wrapper\" href=\"https:\/\/soleum.com\/es\/produkte\/sicis-diseno-arte-spa\/?portfolioCats=531\" aria-label=\"SICIS Dise\u00f1o Arte SPA\"><\/a>\n\t<\/div>\n<\/div>\n<\/div>\n<div class=\"fusion-portfolio-content\" style=\"background-color:rgba(255,255,255,1);\"><h2 class=\"entry-title fusion-post-title\"><a href=\"https:\/\/soleum.com\/es\/produkte\/sicis-diseno-arte-spa\/?portfolioCats=531\">SICIS Dise\u00f1o Arte SPA<\/a><\/h2><div class=\"fusion-content-sep sep-single sep-dotted\" style=\"border-color:#b9afa1;\"><\/div><div class=\"fusion-post-content\"><p>La cabina de clima marino EGG tiene un estilo impresionante en su \"forma de huevo\". La forma extravagante hace que este producto llame la atenci\u00f3n en su sitio.<\/p><\/div><\/div><\/div><\/article><\/div><\/div><div class=\"fusion-clearfix\"><\/div><\/div><\/div><\/div><\/div>\n","protected":false},"excerpt":{"rendered":"","protected":false},"author":1,"featured_media":3051,"parent":0,"menu_order":0,"comment_status":"closed","ping_status":"closed","template":"100-width.php","meta":{"_exactmetrics_skip_tracking":false,"_exactmetrics_sitenote_active":false,"_exactmetrics_sitenote_note":"","_exactmetrics_sitenote_category":0,"footnotes":""},"class_list":["post-3049","page","type-page","status-publish","has-post-thumbnail","hentry"],"_links":{"self":[{"href":"https:\/\/soleum.com\/es\/wp-json\/wp\/v2\/pages\/3049","targetHints":{"allow":["GET"]}}],"collection":[{"href":"https:\/\/soleum.com\/es\/wp-json\/wp\/v2\/pages"}],"about":[{"href":"https:\/\/soleum.com\/es\/wp-json\/wp\/v2\/types\/page"}],"author":[{"embeddable":true,"href":"https:\/\/soleum.com\/es\/wp-json\/wp\/v2\/users\/1"}],"replies":[{"embeddable":true,"href":"https:\/\/soleum.com\/es\/wp-json\/wp\/v2\/comments?post=3049"}],"version-history":[{"count":0,"href":"https:\/\/soleum.com\/es\/wp-json\/wp\/v2\/pages\/3049\/revisions"}],"wp:featuredmedia":[{"embeddable":true,"href":"https:\/\/soleum.com\/es\/wp-json\/wp\/v2\/media\/3051"}],"wp:attachment":[{"href":"https:\/\/soleum.com\/es\/wp-json\/wp\/v2\/media?parent=3049"}],"curies":[{"name":"wp","href":"https:\/\/api.w.org\/{rel}","templated":true}]}}