{"id":3058,"date":"2019-11-24T15:45:42","date_gmt":"2019-11-24T14:45:42","guid":{"rendered":"https:\/\/soleum.com\/camara-de-clima-marino-equipment\/"},"modified":"2019-11-24T15:50:40","modified_gmt":"2019-11-24T14:50:40","slug":"camara-de-clima-marino-equipment","status":"publish","type":"page","link":"https:\/\/soleum.com\/es\/camara-de-clima-marino-equipment\/","title":{"rendered":"C\u00e1mara de Clima Marino equipment"},"content":{"rendered":"<div class=\"fusion-fullwidth fullwidth-box fusion-builder-row-1 nonhundred-percent-fullwidth non-hundred-percent-height-scrolling\" style=\"--awb-border-radius-top-left:0px;--awb-border-radius-top-right:0px;--awb-border-radius-bottom-right:0px;--awb-border-radius-bottom-left:0px;--awb-flex-wrap:wrap;\" ><div class=\"fusion-builder-row fusion-row\"><div class=\"fusion-layout-column fusion_builder_column fusion-builder-column-0 fusion_builder_column_1_1 1_1 fusion-one-full fusion-column-first fusion-column-last\" style=\"--awb-bg-size:cover;--awb-margin-top:0px;--awb-margin-bottom:0px;\"><div class=\"fusion-column-wrapper fusion-flex-column-wrapper-legacy\"><style type=\"text\/css\">.fusion-portfolio-wrapper#fusion-portfolio-1 .fusion-portfolio-content{ padding: 30px 30px 30px 30px; text-align: center; }<\/style><div class=\"fusion-recent-works fusion-portfolio-element fusion-portfolio fusion-portfolio-1 fusion-portfolio-grid fusion-portfolio-paging-pagination fusion-portfolio-four fusion-portfolio-boxed fusion-portfolio-text fusion-portfolio-equal-heights fusion-portfolio-rollover\" data-id=\"-rw-1\" data-columns=\"four\"><style type=\"text\/css\">.fusion-portfolio-1 .fusion-portfolio-wrapper .fusion-col-spacing{padding:0px;}<\/style><div class=\"fusion-portfolio-wrapper\" id=\"fusion-portfolio-1\" data-picturesize=\"auto\" data-pages=\"1\" style=\"margin:-0px;\"><article id=\"portfolio-1-post-2917\" class=\"fusion-portfolio-post soleum-las-caracteristicas-del-producto fusion-col-spacing post-2917\"><div class=\"fusion-portfolio-content-wrapper\" style=\"border:1px solid #ebeaea;border-bottom-width:3px;background-color:rgba(255,255,255,1);\"><span class=\"vcard rich-snippet-hidden\"><span class=\"fn\"><a href=\"https:\/\/soleum.com\/es\/author\/soleum\/\" title=\"Entradas de soleum\" rel=\"author\">soleum<\/a><\/span><\/span><span class=\"updated rich-snippet-hidden\">2019-11-24T10:05:18+01:00<\/span><div  class=\"fusion-image-wrapper\" aria-haspopup=\"true\">\n\t\t\t\t<img decoding=\"async\" width=\"1000\" height=\"1100\" src=\"https:\/\/soleum.com\/wp-content\/uploads\/2019\/10\/Smart-Control-sw.webp\" class=\"attachment-full size-full wp-post-image\" alt=\"Smart-Control SOLEUM Health SPA\" srcset=\"https:\/\/soleum.com\/wp-content\/uploads\/2019\/10\/Smart-Control-sw-200x220.jpg 200w, https:\/\/soleum.com\/wp-content\/uploads\/2019\/10\/Smart-Control-sw-400x440.jpg 400w, https:\/\/soleum.com\/wp-content\/uploads\/2019\/10\/Smart-Control-sw-600x660.jpg 600w, https:\/\/soleum.com\/wp-content\/uploads\/2019\/10\/Smart-Control-sw-800x880.jpg 800w, https:\/\/soleum.com\/wp-content\/uploads\/2019\/10\/Smart-Control-sw.webp 1000w\" sizes=\"(min-width: 2200px) 100vw, (min-width: 852px) 293px, (min-width: 782px) 390px, (min-width: 711px) 585px, (min-width: 640px) 711px, \" title=\"\"><div class=\"fusion-rollover\">\n\t<div class=\"fusion-rollover-content\">\n\n\t\t\t\t\n\t\t\n\t\t\t\t\t\t\t\t\t\t\t\t<h4 class=\"fusion-rollover-title\">\n\t\t\t\t\t<a class=\"fusion-rollover-title-link\" href=\"https:\/\/soleum.com\/es\/produkte\/smart-control-alta-tecnologia-para-el-control-del-spa\/?portfolioCats=487\">\n\t\t\t\t\t\tSMART Control \u2013 Alta Tecnolog\u00eda para el Control del SPA\t\t\t\t\t<\/a>\n\t\t\t\t<\/h4>\n\t\t\t\n\t\t\t\t\t\t\t\t\n\t\t\n\t\t\t\t\t\t<a class=\"fusion-link-wrapper\" href=\"https:\/\/soleum.com\/es\/produkte\/smart-control-alta-tecnologia-para-el-control-del-spa\/?portfolioCats=487\" aria-label=\"SMART Control \u2013 Alta Tecnolog\u00eda para el Control del SPA\"><\/a>\n\t<\/div>\n<\/div>\n<\/div>\n<div class=\"fusion-portfolio-content\" style=\"background-color:rgba(255,255,255,1);\"><h2 class=\"entry-title fusion-post-title\"><a href=\"https:\/\/soleum.com\/es\/produkte\/smart-control-alta-tecnologia-para-el-control-del-spa\/?portfolioCats=487\">SMART Control \u2013 Alta Tecnolog\u00eda para el Control del SPA<\/a><\/h2><div class=\"fusion-content-sep sep-single sep-dotted\" style=\"border-color:#b9afa1;\"><\/div><div class=\"fusion-post-content\"><p>La cabina del spa al completo es \"inteligente\" y se controla por completo por tel\u00e9fono m\u00f3vil, tableta o navegador web. Las temperaturas de la superficie y el consumo de energ\u00eda de la cabina se pueden comprobar en cualquier momento.<\/p><\/div><\/div><\/div><\/article><article id=\"portfolio-1-post-2920\" class=\"fusion-portfolio-post caracteristicas-del-producto-de-cabina-de-clima-marino-soleum soleum-las-caracteristicas-del-producto fusion-col-spacing post-2920\"><div class=\"fusion-portfolio-content-wrapper\" style=\"border:1px solid #ebeaea;border-bottom-width:3px;background-color:rgba(255,255,255,1);\"><span class=\"vcard rich-snippet-hidden\"><span class=\"fn\"><a href=\"https:\/\/soleum.com\/es\/author\/soleum\/\" title=\"Entradas de soleum\" rel=\"author\">soleum<\/a><\/span><\/span><span class=\"updated rich-snippet-hidden\">2020-09-27T13:50:14+02:00<\/span><div  class=\"fusion-image-wrapper\" aria-haspopup=\"true\">\n\t\t\t\t<img decoding=\"async\" width=\"1000\" height=\"1100\" src=\"https:\/\/soleum.com\/wp-content\/uploads\/2016\/08\/dampfbad.webp\" class=\"attachment-full size-full wp-post-image\" alt=\"Ba\u00f1o de vapor al aire libre con inhalaci\u00f3n de sal\" srcset=\"https:\/\/soleum.com\/wp-content\/uploads\/2016\/08\/dampfbad-200x220.jpg 200w, https:\/\/soleum.com\/wp-content\/uploads\/2016\/08\/dampfbad-400x440.jpg 400w, https:\/\/soleum.com\/wp-content\/uploads\/2016\/08\/dampfbad-600x660.jpg 600w, https:\/\/soleum.com\/wp-content\/uploads\/2016\/08\/dampfbad-800x880.jpg 800w, https:\/\/soleum.com\/wp-content\/uploads\/2016\/08\/dampfbad.webp 1000w\" sizes=\"(min-width: 2200px) 100vw, (min-width: 852px) 293px, (min-width: 782px) 390px, (min-width: 711px) 585px, (min-width: 640px) 711px, \" title=\"\"><div class=\"fusion-rollover\">\n\t<div class=\"fusion-rollover-content\">\n\n\t\t\t\t\n\t\t\n\t\t\t\t\t\t\t\t\t\t\t\t<h4 class=\"fusion-rollover-title\">\n\t\t\t\t\t<a class=\"fusion-rollover-title-link\" href=\"https:\/\/soleum.com\/es\/produkte\/bano-de-vapor\/?portfolioCats=487\">\n\t\t\t\t\t\tBa\u00f1o de vapor\t\t\t\t\t<\/a>\n\t\t\t\t<\/h4>\n\t\t\t\n\t\t\t\t\t\t\t\t\n\t\t\n\t\t\t\t\t\t<a class=\"fusion-link-wrapper\" href=\"https:\/\/soleum.com\/es\/produkte\/bano-de-vapor\/?portfolioCats=487\" aria-label=\"Ba\u00f1o de vapor\"><\/a>\n\t<\/div>\n<\/div>\n<\/div>\n<div class=\"fusion-portfolio-content\" style=\"background-color:rgba(255,255,255,1);\"><h2 class=\"entry-title fusion-post-title\"><a href=\"https:\/\/soleum.com\/es\/produkte\/bano-de-vapor\/?portfolioCats=487\">Ba\u00f1o de vapor<\/a><\/h2><div class=\"fusion-content-sep sep-single sep-dotted\" style=\"border-color:#b9afa1;\"><\/div><div class=\"fusion-post-content\"><p>Si tiene la opci\u00f3n de colocar el generador de vapor en un espacio a prueba de heladas, puede actualizar el SOLEUM Outdoor SPA a una sala de vapor.\r\nLa cabina SPA de exterior se transforma en un completo ba\u00f1o de vapor, con inhalaci\u00f3n de sal. \u00a1Sencillamente incre\u00edble!<\/p><\/div><\/div><\/div><\/article><article id=\"portfolio-1-post-2923\" class=\"fusion-portfolio-post soleum-las-caracteristicas-del-producto fusion-col-spacing post-2923\"><div class=\"fusion-portfolio-content-wrapper\" style=\"border:1px solid #ebeaea;border-bottom-width:3px;background-color:rgba(255,255,255,1);\"><span class=\"vcard rich-snippet-hidden\"><span class=\"fn\"><a href=\"https:\/\/soleum.com\/es\/author\/soleum\/\" title=\"Entradas de soleum\" rel=\"author\">soleum<\/a><\/span><\/span><span class=\"updated rich-snippet-hidden\">2019-11-24T10:16:28+01:00<\/span><div  class=\"fusion-image-wrapper\" aria-haspopup=\"true\">\n\t\t\t\t<img decoding=\"async\" width=\"600\" height=\"660\" src=\"https:\/\/soleum.com\/wp-content\/uploads\/2019\/10\/trockensalzinhalation-halotherapie-e1571864173646.webp\" class=\"attachment-full size-full wp-post-image\" alt=\"Haloterapia de Inhalaci\u00f3n de Sal Seca\" title=\"\"><div class=\"fusion-rollover\">\n\t<div class=\"fusion-rollover-content\">\n\n\t\t\t\t\n\t\t\n\t\t\t\t\t\t\t\t\t\t\t\t<h4 class=\"fusion-rollover-title\">\n\t\t\t\t\t<a class=\"fusion-rollover-title-link\" href=\"https:\/\/soleum.com\/es\/produkte\/haloterapia-de-inhalacion-de-sal-seca\/?portfolioCats=487\">\n\t\t\t\t\t\tHaloterapia de Inhalaci\u00f3n de Sal Seca\t\t\t\t\t<\/a>\n\t\t\t\t<\/h4>\n\t\t\t\n\t\t\t\t\t\t\t\t\n\t\t\n\t\t\t\t\t\t<a class=\"fusion-link-wrapper\" href=\"https:\/\/soleum.com\/es\/produkte\/haloterapia-de-inhalacion-de-sal-seca\/?portfolioCats=487\" aria-label=\"Haloterapia de Inhalaci\u00f3n de Sal Seca\"><\/a>\n\t<\/div>\n<\/div>\n<\/div>\n<div class=\"fusion-portfolio-content\" style=\"background-color:rgba(255,255,255,1);\"><h2 class=\"entry-title fusion-post-title\"><a href=\"https:\/\/soleum.com\/es\/produkte\/haloterapia-de-inhalacion-de-sal-seca\/?portfolioCats=487\">Haloterapia de Inhalaci\u00f3n de Sal Seca<\/a><\/h2><div class=\"fusion-content-sep sep-single sep-dotted\" style=\"border-color:#b9afa1;\"><\/div><div class=\"fusion-post-content\"><p>En su forma seca, la sal posee el mayor efecto curativo sobre el sistema respiratorio y sobre la piel. Las part\u00edculas de sal microsc\u00f3picamente finas son insufladas en SOLEUM\u00ae Health SPA utilizando una t\u00e9cnica patentada.<\/p><\/div><\/div><\/div><\/article><article id=\"portfolio-1-post-2928\" class=\"fusion-portfolio-post soleum-las-caracteristicas-del-producto fusion-col-spacing post-2928\"><div class=\"fusion-portfolio-content-wrapper\" style=\"border:1px solid #ebeaea;border-bottom-width:3px;background-color:rgba(255,255,255,1);\"><span class=\"vcard rich-snippet-hidden\"><span class=\"fn\"><a href=\"https:\/\/soleum.com\/es\/author\/soleum\/\" title=\"Entradas de soleum\" rel=\"author\">soleum<\/a><\/span><\/span><span class=\"updated rich-snippet-hidden\">2019-11-24T16:24:05+01:00<\/span><div  class=\"fusion-image-wrapper\" aria-haspopup=\"true\">\n\t\t\t\t<img decoding=\"async\" width=\"1000\" height=\"1100\" src=\"https:\/\/soleum.com\/wp-content\/uploads\/2019\/10\/Soleinhalation.webp\" class=\"attachment-full size-full wp-post-image\" alt=\"\" srcset=\"https:\/\/soleum.com\/wp-content\/uploads\/2019\/10\/Soleinhalation-200x220.jpg 200w, https:\/\/soleum.com\/wp-content\/uploads\/2019\/10\/Soleinhalation-400x440.jpg 400w, https:\/\/soleum.com\/wp-content\/uploads\/2019\/10\/Soleinhalation-600x660.jpg 600w, https:\/\/soleum.com\/wp-content\/uploads\/2019\/10\/Soleinhalation-800x880.jpg 800w, https:\/\/soleum.com\/wp-content\/uploads\/2019\/10\/Soleinhalation.webp 1000w\" sizes=\"(min-width: 2200px) 100vw, (min-width: 852px) 293px, (min-width: 782px) 390px, (min-width: 711px) 585px, (min-width: 640px) 711px, \" title=\"\"><div class=\"fusion-rollover\">\n\t<div class=\"fusion-rollover-content\">\n\n\t\t\t\t\n\t\t\n\t\t\t\t\t\t\t\t\t\t\t\t<h4 class=\"fusion-rollover-title\">\n\t\t\t\t\t<a class=\"fusion-rollover-title-link\" href=\"https:\/\/soleum.com\/es\/produkte\/inhalacion-de-niebla-salina\/?portfolioCats=487\">\n\t\t\t\t\t\tInhalaci\u00f3n de niebla salina\t\t\t\t\t<\/a>\n\t\t\t\t<\/h4>\n\t\t\t\n\t\t\t\t\t\t\t\t\n\t\t\n\t\t\t\t\t\t<a class=\"fusion-link-wrapper\" href=\"https:\/\/soleum.com\/es\/produkte\/inhalacion-de-niebla-salina\/?portfolioCats=487\" aria-label=\"Inhalaci\u00f3n de niebla salina\"><\/a>\n\t<\/div>\n<\/div>\n<\/div>\n<div class=\"fusion-portfolio-content\" style=\"background-color:rgba(255,255,255,1);\"><h2 class=\"entry-title fusion-post-title\"><a href=\"https:\/\/soleum.com\/es\/produkte\/inhalacion-de-niebla-salina\/?portfolioCats=487\">Inhalaci\u00f3n de niebla salina<\/a><\/h2><div class=\"fusion-content-sep sep-single sep-dotted\" style=\"border-color:#b9afa1;\"><\/div><div class=\"fusion-post-content\"><p>Inhalaci\u00f3n de niebla salina-Thalasso: Fina neblina salina en toda la cabina. La inhalaci\u00f3n de salmuera salina h\u00fameda no solo es buena para la respiraci\u00f3n, sino que tambi\u00e9n se extiende sobre toda la piel.<\/p><\/div><\/div><\/div><\/article><article id=\"portfolio-1-post-2931\" class=\"fusion-portfolio-post soleum-las-caracteristicas-del-producto fusion-col-spacing post-2931\"><div class=\"fusion-portfolio-content-wrapper\" style=\"border:1px solid #ebeaea;border-bottom-width:3px;background-color:rgba(255,255,255,1);\"><span class=\"vcard rich-snippet-hidden\"><span class=\"fn\"><a href=\"https:\/\/soleum.com\/es\/author\/soleum\/\" title=\"Entradas de soleum\" rel=\"author\">soleum<\/a><\/span><\/span><span class=\"updated rich-snippet-hidden\">2019-11-24T10:37:53+01:00<\/span><div  class=\"fusion-image-wrapper\" aria-haspopup=\"true\">\n\t\t\t\t<img decoding=\"async\" width=\"498\" height=\"600\" src=\"https:\/\/soleum.com\/wp-content\/uploads\/2019\/10\/Fugenlose-Oberflaeche1.webp\" class=\"attachment-full size-full wp-post-image\" alt=\"Superficie continua sin juntas\" srcset=\"https:\/\/soleum.com\/wp-content\/uploads\/2019\/10\/Fugenlose-Oberflaeche1-200x241.jpg 200w, https:\/\/soleum.com\/wp-content\/uploads\/2019\/10\/Fugenlose-Oberflaeche1-400x482.jpg 400w, https:\/\/soleum.com\/wp-content\/uploads\/2019\/10\/Fugenlose-Oberflaeche1.webp 498w\" sizes=\"(min-width: 2200px) 100vw, (min-width: 852px) 293px, (min-width: 782px) 390px, (min-width: 711px) 585px, (min-width: 640px) 711px, \" title=\"\"><div class=\"fusion-rollover\">\n\t<div class=\"fusion-rollover-content\">\n\n\t\t\t\t\n\t\t\n\t\t\t\t\t\t\t\t\t\t\t\t<h4 class=\"fusion-rollover-title\">\n\t\t\t\t\t<a class=\"fusion-rollover-title-link\" href=\"https:\/\/soleum.com\/es\/produkte\/superficie-continua-sin-juntas\/?portfolioCats=487\">\n\t\t\t\t\t\tSuperficie continua sin juntas\t\t\t\t\t<\/a>\n\t\t\t\t<\/h4>\n\t\t\t\n\t\t\t\t\t\t\t\t\n\t\t\n\t\t\t\t\t\t<a class=\"fusion-link-wrapper\" href=\"https:\/\/soleum.com\/es\/produkte\/superficie-continua-sin-juntas\/?portfolioCats=487\" aria-label=\"Superficie continua sin juntas\"><\/a>\n\t<\/div>\n<\/div>\n<\/div>\n<div class=\"fusion-portfolio-content\" style=\"background-color:rgba(255,255,255,1);\"><h2 class=\"entry-title fusion-post-title\"><a href=\"https:\/\/soleum.com\/es\/produkte\/superficie-continua-sin-juntas\/?portfolioCats=487\">Superficie continua sin juntas<\/a><\/h2><div class=\"fusion-content-sep sep-single sep-dotted\" style=\"border-color:#b9afa1;\"><\/div><div class=\"fusion-post-content\"><p>El recubrimiento continuo y sin juntas de la superficie del SOLEUM es un microcemento que usted puede elegir en 26 colores diferentes (color interior y color exterior). Su aspecto es minimalista, moderno y elegante. El material es extremadamente resistente a las influencias clim\u00e1ticas y al desgaste, siendo adem\u00e1s de f\u00e1cil limpieza.<\/p><\/div><\/div><\/div><\/article><article id=\"portfolio-1-post-2967\" class=\"fusion-portfolio-post caracteristicas-del-producto-de-cabina-de-clima-marino-soleum soleum-las-caracteristicas-del-producto fusion-col-spacing post-2967\"><div class=\"fusion-portfolio-content-wrapper\" style=\"border:1px solid #ebeaea;border-bottom-width:3px;background-color:rgba(255,255,255,1);\"><span class=\"vcard rich-snippet-hidden\"><span class=\"fn\"><a href=\"https:\/\/soleum.com\/es\/author\/soleum\/\" title=\"Entradas de soleum\" rel=\"author\">soleum<\/a><\/span><\/span><span class=\"updated rich-snippet-hidden\">2019-11-24T15:14:27+01:00<\/span><div  class=\"fusion-image-wrapper\" aria-haspopup=\"true\">\n\t\t\t\t<img decoding=\"async\" width=\"1000\" height=\"1100\" src=\"https:\/\/soleum.com\/wp-content\/uploads\/2019\/10\/Farblichtstimmung-1.webp\" class=\"attachment-full size-full wp-post-image\" alt=\"Farblichtstimmung\" srcset=\"https:\/\/soleum.com\/wp-content\/uploads\/2019\/10\/Farblichtstimmung-1-200x220.jpg 200w, https:\/\/soleum.com\/wp-content\/uploads\/2019\/10\/Farblichtstimmung-1-400x440.jpg 400w, https:\/\/soleum.com\/wp-content\/uploads\/2019\/10\/Farblichtstimmung-1-600x660.jpg 600w, https:\/\/soleum.com\/wp-content\/uploads\/2019\/10\/Farblichtstimmung-1-800x880.jpg 800w, https:\/\/soleum.com\/wp-content\/uploads\/2019\/10\/Farblichtstimmung-1.webp 1000w\" sizes=\"(min-width: 2200px) 100vw, (min-width: 852px) 293px, (min-width: 782px) 390px, (min-width: 711px) 585px, (min-width: 640px) 711px, \" title=\"\"><div class=\"fusion-rollover\">\n\t<div class=\"fusion-rollover-content\">\n\n\t\t\t\t\n\t\t\n\t\t\t\t\t\t\t\t\t\t\t\t<h4 class=\"fusion-rollover-title\">\n\t\t\t\t\t<a class=\"fusion-rollover-title-link\" href=\"https:\/\/soleum.com\/es\/produkte\/agradable-modo-de-iluminacion-en-color\/?portfolioCats=487\">\n\t\t\t\t\t\tAgradable modo de iluminaci\u00f3n en color\t\t\t\t\t<\/a>\n\t\t\t\t<\/h4>\n\t\t\t\n\t\t\t\t\t\t\t\t\n\t\t\n\t\t\t\t\t\t<a class=\"fusion-link-wrapper\" href=\"https:\/\/soleum.com\/es\/produkte\/agradable-modo-de-iluminacion-en-color\/?portfolioCats=487\" aria-label=\"Agradable modo de iluminaci\u00f3n en color\"><\/a>\n\t<\/div>\n<\/div>\n<\/div>\n<div class=\"fusion-portfolio-content\" style=\"background-color:rgba(255,255,255,1);\"><h2 class=\"entry-title fusion-post-title\"><a href=\"https:\/\/soleum.com\/es\/produkte\/agradable-modo-de-iluminacion-en-color\/?portfolioCats=487\">Agradable modo de iluminaci\u00f3n en color<\/a><\/h2><div class=\"fusion-content-sep sep-single sep-dotted\" style=\"border-color:#b9afa1;\"><\/div><div class=\"fusion-post-content\"><p>La iluminaci\u00f3n en color se realiza desde el techo, as\u00ed como sobre los respaldos de los bancos.\r\nModo de color fijo o modo de colores cambiantes: \u00e9stos se pueden ajustar de forma individual desde un sistema SMART Control (tel\u00e9fono m\u00f3vil \/ tableta \/ navegador web).<\/p><\/div><\/div><\/div><\/article><article id=\"portfolio-1-post-2970\" class=\"fusion-portfolio-post soleum-las-caracteristicas-del-producto fusion-col-spacing post-2970\"><div class=\"fusion-portfolio-content-wrapper\" style=\"border:1px solid #ebeaea;border-bottom-width:3px;background-color:rgba(255,255,255,1);\"><span class=\"vcard rich-snippet-hidden\"><span class=\"fn\"><a href=\"https:\/\/soleum.com\/es\/author\/soleum\/\" title=\"Entradas de soleum\" rel=\"author\">soleum<\/a><\/span><\/span><span class=\"updated rich-snippet-hidden\">2019-11-24T15:47:25+01:00<\/span><div  class=\"fusion-image-wrapper\" aria-haspopup=\"true\">\n\t\t\t\t<img decoding=\"async\" width=\"1000\" height=\"1100\" src=\"https:\/\/soleum.com\/wp-content\/uploads\/2019\/10\/Infrarot-Strahlungsw\u00e4rme.webp\" class=\"attachment-full size-full wp-post-image\" alt=\"Calor radiante infrarrojo\" srcset=\"https:\/\/soleum.com\/wp-content\/uploads\/2019\/10\/Infrarot-Strahlungsw\u00e4rme-200x220.jpg 200w, https:\/\/soleum.com\/wp-content\/uploads\/2019\/10\/Infrarot-Strahlungsw\u00e4rme-400x440.jpg 400w, https:\/\/soleum.com\/wp-content\/uploads\/2019\/10\/Infrarot-Strahlungsw\u00e4rme-600x660.jpg 600w, https:\/\/soleum.com\/wp-content\/uploads\/2019\/10\/Infrarot-Strahlungsw\u00e4rme-800x880.jpg 800w, https:\/\/soleum.com\/wp-content\/uploads\/2019\/10\/Infrarot-Strahlungsw\u00e4rme.webp 1000w\" sizes=\"(min-width: 2200px) 100vw, (min-width: 852px) 293px, (min-width: 782px) 390px, (min-width: 711px) 585px, (min-width: 640px) 711px, \" title=\"\"><div class=\"fusion-rollover\">\n\t<div class=\"fusion-rollover-content\">\n\n\t\t\t\t\n\t\t\n\t\t\t\t\t\t\t\t\t\t\t\t<h4 class=\"fusion-rollover-title\">\n\t\t\t\t\t<a class=\"fusion-rollover-title-link\" href=\"https:\/\/soleum.com\/es\/produkte\/calor-radiante-infrarrojo\/?portfolioCats=487\">\n\t\t\t\t\t\tCalor radiante infrarrojo\t\t\t\t\t<\/a>\n\t\t\t\t<\/h4>\n\t\t\t\n\t\t\t\t\t\t\t\t\n\t\t\n\t\t\t\t\t\t<a class=\"fusion-link-wrapper\" href=\"https:\/\/soleum.com\/es\/produkte\/calor-radiante-infrarrojo\/?portfolioCats=487\" aria-label=\"Calor radiante infrarrojo\"><\/a>\n\t<\/div>\n<\/div>\n<\/div>\n<div class=\"fusion-portfolio-content\" style=\"background-color:rgba(255,255,255,1);\"><h2 class=\"entry-title fusion-post-title\"><a href=\"https:\/\/soleum.com\/es\/produkte\/calor-radiante-infrarrojo\/?portfolioCats=487\">Calor radiante infrarrojo<\/a><\/h2><div class=\"fusion-content-sep sep-single sep-dotted\" style=\"border-color:#b9afa1;\"><\/div><div class=\"fusion-post-content\"><p>Se transmite un c\u00f3modo calor radiante por toda el \u00e1rea de la cabina. Las temperaturas de las superficies se pueden ajustar o modificar en cualquier momento a trav\u00e9s del Smart Control (Touch, Tel\u00e9fono M\u00f3vil \/ Tableta \/ PC)<\/p><\/div><\/div><\/div><\/article><article id=\"portfolio-1-post-2976\" class=\"fusion-portfolio-post soleum-las-caracteristicas-del-producto fusion-col-spacing post-2976\"><div class=\"fusion-portfolio-content-wrapper\" style=\"border:1px solid #ebeaea;border-bottom-width:3px;background-color:rgba(255,255,255,1);\"><span class=\"vcard rich-snippet-hidden\"><span class=\"fn\"><a href=\"https:\/\/soleum.com\/es\/author\/soleum\/\" title=\"Entradas de soleum\" rel=\"author\">soleum<\/a><\/span><\/span><span class=\"updated rich-snippet-hidden\">2019-11-24T14:43:50+01:00<\/span><div  class=\"fusion-image-wrapper\" aria-haspopup=\"true\">\n\t\t\t\t<img decoding=\"async\" width=\"600\" height=\"660\" src=\"https:\/\/soleum.com\/wp-content\/uploads\/2019\/10\/teedarium-600.webp\" class=\"attachment-full size-full wp-post-image\" alt=\"Inhalando t\u00e9 en el TEEDARIUM\u00ae\" srcset=\"https:\/\/soleum.com\/wp-content\/uploads\/2019\/10\/teedarium-600-200x220.jpg 200w, https:\/\/soleum.com\/wp-content\/uploads\/2019\/10\/teedarium-600-400x440.jpg 400w, https:\/\/soleum.com\/wp-content\/uploads\/2019\/10\/teedarium-600.webp 600w\" sizes=\"(min-width: 2200px) 100vw, (min-width: 852px) 293px, (min-width: 782px) 390px, (min-width: 711px) 585px, (min-width: 640px) 711px, \" title=\"\"><div class=\"fusion-rollover\">\n\t<div class=\"fusion-rollover-content\">\n\n\t\t\t\t\n\t\t\n\t\t\t\t\t\t\t\t\t\t\t\t<h4 class=\"fusion-rollover-title\">\n\t\t\t\t\t<a class=\"fusion-rollover-title-link\" href=\"https:\/\/soleum.com\/es\/produkte\/inhalando-te-en-el-teedarium\/?portfolioCats=487\">\n\t\t\t\t\t\tInhalando t\u00e9 en el TEEDARIUM\u00ae\t\t\t\t\t<\/a>\n\t\t\t\t<\/h4>\n\t\t\t\n\t\t\t\t\t\t\t\t\n\t\t\n\t\t\t\t\t\t<a class=\"fusion-link-wrapper\" href=\"https:\/\/soleum.com\/es\/produkte\/inhalando-te-en-el-teedarium\/?portfolioCats=487\" aria-label=\"Inhalando t\u00e9 en el TEEDARIUM\u00ae\"><\/a>\n\t<\/div>\n<\/div>\n<\/div>\n<div class=\"fusion-portfolio-content\" style=\"background-color:rgba(255,255,255,1);\"><h2 class=\"entry-title fusion-post-title\"><a href=\"https:\/\/soleum.com\/es\/produkte\/inhalando-te-en-el-teedarium\/?portfolioCats=487\">Inhalando t\u00e9 en el TEEDARIUM\u00ae<\/a><\/h2><div class=\"fusion-content-sep sep-single sep-dotted\" style=\"border-color:#b9afa1;\"><\/div><div class=\"fusion-post-content\"><p>Inhalando t\u00e9 en el TEEDARIUM\u00ae \u2013 Cabina de inhalaci\u00f3n de T\u00e9. Por lo general, la inhalaci\u00f3n se realiza mediante la inhalaci\u00f3n de vapor o neblina (aerosoles).<\/p><\/div><\/div><\/div><\/article><\/div><\/div><div class=\"fusion-clearfix\"><\/div><\/div><\/div><\/div><\/div>\n","protected":false},"excerpt":{"rendered":"","protected":false},"author":1,"featured_media":2959,"parent":0,"menu_order":0,"comment_status":"closed","ping_status":"closed","template":"","meta":{"_exactmetrics_skip_tracking":false,"_exactmetrics_sitenote_active":false,"_exactmetrics_sitenote_note":"","_exactmetrics_sitenote_category":0,"footnotes":""},"class_list":["post-3058","page","type-page","status-publish","has-post-thumbnail","hentry"],"_links":{"self":[{"href":"https:\/\/soleum.com\/es\/wp-json\/wp\/v2\/pages\/3058","targetHints":{"allow":["GET"]}}],"collection":[{"href":"https:\/\/soleum.com\/es\/wp-json\/wp\/v2\/pages"}],"about":[{"href":"https:\/\/soleum.com\/es\/wp-json\/wp\/v2\/types\/page"}],"author":[{"embeddable":true,"href":"https:\/\/soleum.com\/es\/wp-json\/wp\/v2\/users\/1"}],"replies":[{"embeddable":true,"href":"https:\/\/soleum.com\/es\/wp-json\/wp\/v2\/comments?post=3058"}],"version-history":[{"count":0,"href":"https:\/\/soleum.com\/es\/wp-json\/wp\/v2\/pages\/3058\/revisions"}],"wp:featuredmedia":[{"embeddable":true,"href":"https:\/\/soleum.com\/es\/wp-json\/wp\/v2\/media\/2959"}],"wp:attachment":[{"href":"https:\/\/soleum.com\/es\/wp-json\/wp\/v2\/media?parent=3058"}],"curies":[{"name":"wp","href":"https:\/\/api.w.org\/{rel}","templated":true}]}}