{"id":8564,"date":"2023-06-10T10:00:20","date_gmt":"2023-06-10T08:00:20","guid":{"rendered":"https:\/\/soleum.com\/soleum-proyectos-de-bienestar-al-aire-libre\/"},"modified":"2023-06-10T10:00:21","modified_gmt":"2023-06-10T08:00:21","slug":"soleum-proyectos-de-bienestar-al-aire-libre","status":"publish","type":"page","link":"https:\/\/soleum.com\/es\/soleum-proyectos-de-bienestar-al-aire-libre\/","title":{"rendered":"SOLEUM proyectos de bienestar al aire libre"},"content":{"rendered":"<div class=\"fusion-fullwidth fullwidth-box fusion-builder-row-1 nonhundred-percent-fullwidth non-hundred-percent-height-scrolling\" style=\"--awb-border-radius-top-left:0px;--awb-border-radius-top-right:0px;--awb-border-radius-bottom-right:0px;--awb-border-radius-bottom-left:0px;--awb-flex-wrap:wrap;\" ><div class=\"fusion-builder-row fusion-row\"><div class=\"fusion-layout-column fusion_builder_column fusion-builder-column-0 fusion_builder_column_1_1 1_1 fusion-one-full fusion-column-first fusion-column-last\" style=\"--awb-bg-size:cover;\"><div class=\"fusion-column-wrapper fusion-column-has-shadow fusion-flex-column-wrapper-legacy\"><div class=\"fusion-recent-posts fusion-recent-posts-1 avada-container layout-default layout-columns-3\"><section class=\"fusion-columns columns fusion-columns-3 columns-3\"><article class=\"post fusion-column column col col-lg-4 col-md-4 col-sm-4\"><div class=\"fusion-flexslider fusion-flexslider-loading flexslider flexslider-hover-type-zoomin\"><ul class=\"slides\"><li><a href=\"https:\/\/soleum.com\/es\/bano-turco-exterior-premium-con-vastago-tube\/\" aria-label=\"Ba\u00f1o turco exterior premium con v\u00e1stago TUBE\" class=\"hover-type-zoomin\"><img decoding=\"async\" width=\"700\" height=\"441\" src=\"https:\/\/soleum.com\/wp-content\/uploads\/2026\/04\/OMEGA-mit-Vorbau-Beitrag-700x441.webp\" class=\"attachment-recent-posts size-recent-posts\" alt=\"OMEGA con v\u00e1stago\" srcset=\"https:\/\/soleum.com\/wp-content\/uploads\/2026\/04\/OMEGA-mit-Vorbau-Beitrag-320x202.webp 320w, https:\/\/soleum.com\/wp-content\/uploads\/2026\/04\/OMEGA-mit-Vorbau-Beitrag-700x441.webp 700w\" sizes=\"(max-width: 700px) 100vw, 700px\" title=\"\"><\/a><\/li><li><a href=\"https:\/\/soleum.com\/es\/bano-turco-exterior-premium-con-vastago-tube\/\" aria-label=\"Ba\u00f1o turco exterior premium con v\u00e1stago TUBE\" class=\"hover-type-zoomin\"><img decoding=\"async\" width=\"700\" height=\"441\" src=\"https:\/\/soleum.com\/wp-content\/uploads\/2026\/04\/OMEGA-mit-Vorbau-1-700x441.webp\" class=\"attachment-recent-posts size-recent-posts\" alt=\"Ba\u00f1o turco exterior OMEGA con v\u00e1stago TUBO\" srcset=\"https:\/\/soleum.com\/wp-content\/uploads\/2026\/04\/OMEGA-mit-Vorbau-1-320x202.webp 320w, https:\/\/soleum.com\/wp-content\/uploads\/2026\/04\/OMEGA-mit-Vorbau-1-700x441.webp 700w\" sizes=\"(max-width: 700px) 100vw, 700px\" title=\"\"><\/a><\/li><li><a href=\"https:\/\/soleum.com\/es\/bano-turco-exterior-premium-con-vastago-tube\/\" aria-label=\"Ba\u00f1o turco exterior premium con v\u00e1stago TUBE\" class=\"hover-type-zoomin\"><img decoding=\"async\" width=\"700\" height=\"441\" src=\"https:\/\/soleum.com\/wp-content\/uploads\/2026\/04\/OMEGA-mit-Vorbau-8-700x441.webp\" class=\"attachment-recent-posts size-recent-posts\" alt=\"Ba\u00f1o turco exterior OMEGA con v\u00e1stago TUBO\" srcset=\"https:\/\/soleum.com\/wp-content\/uploads\/2026\/04\/OMEGA-mit-Vorbau-8-320x202.webp 320w, https:\/\/soleum.com\/wp-content\/uploads\/2026\/04\/OMEGA-mit-Vorbau-8-700x441.webp 700w\" sizes=\"(max-width: 700px) 100vw, 700px\" title=\"\"><\/a><\/li><li><a href=\"https:\/\/soleum.com\/es\/bano-turco-exterior-premium-con-vastago-tube\/\" aria-label=\"Ba\u00f1o turco exterior premium con v\u00e1stago TUBE\" class=\"hover-type-zoomin\"><img decoding=\"async\" width=\"700\" height=\"441\" src=\"https:\/\/soleum.com\/wp-content\/uploads\/2026\/04\/OMEGA-mit-Vorbau-6-700x441.webp\" class=\"attachment-recent-posts size-recent-posts\" alt=\"Ba\u00f1o turco exterior OMEGA con v\u00e1stago TUBO\" srcset=\"https:\/\/soleum.com\/wp-content\/uploads\/2026\/04\/OMEGA-mit-Vorbau-6-320x202.webp 320w, https:\/\/soleum.com\/wp-content\/uploads\/2026\/04\/OMEGA-mit-Vorbau-6-700x441.webp 700w\" sizes=\"(max-width: 700px) 100vw, 700px\" title=\"\"><\/a><\/li><li><a href=\"https:\/\/soleum.com\/es\/bano-turco-exterior-premium-con-vastago-tube\/\" aria-label=\"Ba\u00f1o turco exterior premium con v\u00e1stago TUBE\" class=\"hover-type-zoomin\"><img decoding=\"async\" width=\"700\" height=\"441\" src=\"https:\/\/soleum.com\/wp-content\/uploads\/2026\/04\/OMEGA-mit-Vorbau-10-700x441.webp\" class=\"attachment-recent-posts size-recent-posts\" alt=\"Ba\u00f1o turco exterior OMEGA con v\u00e1stago TUBO\" srcset=\"https:\/\/soleum.com\/wp-content\/uploads\/2026\/04\/OMEGA-mit-Vorbau-10-320x202.webp 320w, https:\/\/soleum.com\/wp-content\/uploads\/2026\/04\/OMEGA-mit-Vorbau-10-700x441.webp 700w\" sizes=\"(max-width: 700px) 100vw, 700px\" title=\"\"><\/a><\/li><\/ul><\/div><div class=\"recent-posts-content\"><span class=\"vcard\" style=\"display: none;\"><span class=\"fn\"><a href=\"https:\/\/soleum.com\/es\/author\/soleum\/\" title=\"Entradas de soleum\" rel=\"author\">soleum<\/a><\/span><\/span><span class=\"updated\" style=\"display:none;\">2026-04-19T13:37:50+02:00<\/span><h4 class=\"entry-title\"><a href=\"https:\/\/soleum.com\/es\/bano-turco-exterior-premium-con-vastago-tube\/\">Ba\u00f1o turco exterior premium con v\u00e1stago TUBE<\/a><\/h4><p class=\"meta\"><span class=\"vcard\" style=\"display: none;\"><span class=\"fn\"><a href=\"https:\/\/soleum.com\/es\/author\/soleum\/\" title=\"Entradas de soleum\" rel=\"author\">soleum<\/a><\/span><\/span><span class=\"updated\" style=\"display:none;\">2026-04-19T13:37:50+02:00<\/span><span>abril 19th, 2026<\/span><span class=\"fusion-inline-sep\">|<\/span><span class=\"fusion-comments\"><a href=\"https:\/\/soleum.com\/es\/bano-turco-exterior-premium-con-vastago-tube\/#respond\">0 Comments<\/a><\/span><\/p><p> Proyecto: Ba\u00f1o turco exterior Premium con v\u00e1stago TUBE  Ba\u00f1o de vapor exterior premium OMEGA con porche TUBE - bienestar exterior de primera clase para villas de lujo y jardines de dise\u00f1o SOLEUM revoluciona [...]<\/p><\/div><\/article><article class=\"post fusion-column column col col-lg-4 col-md-4 col-sm-4\"><div class=\"fusion-flexslider fusion-flexslider-loading flexslider flexslider-hover-type-zoomin\"><ul class=\"slides\"><li><a href=\"https:\/\/soleum.com\/es\/tumbonas-calefactadas-con-aspecto-de-hormigon\/\" aria-label=\"Tumbonas calefactadas con aspecto de hormig\u00f3n\" class=\"hover-type-zoomin\"><img decoding=\"async\" width=\"700\" height=\"441\" src=\"https:\/\/soleum.com\/wp-content\/uploads\/2025\/05\/Warmeliegen-LOVT-in-Betonoptik-700x441.jpg\" class=\"attachment-recent-posts size-recent-posts\" alt=\"Las tumbonas calefactadas de hormig\u00f3n parecen LOVT\" srcset=\"https:\/\/soleum.com\/wp-content\/uploads\/2025\/05\/Warmeliegen-LOVT-in-Betonoptik-320x202.jpg 320w, https:\/\/soleum.com\/wp-content\/uploads\/2025\/05\/Warmeliegen-LOVT-in-Betonoptik-700x441.jpg 700w\" sizes=\"(max-width: 700px) 100vw, 700px\" title=\"\"><\/a><\/li><\/ul><\/div><div class=\"recent-posts-content\"><span class=\"vcard\" style=\"display: none;\"><span class=\"fn\"><a href=\"https:\/\/soleum.com\/es\/author\/soleum\/\" title=\"Entradas de soleum\" rel=\"author\">soleum<\/a><\/span><\/span><span class=\"updated\" style=\"display:none;\">2026-02-15T11:13:48+01:00<\/span><h4 class=\"entry-title\"><a href=\"https:\/\/soleum.com\/es\/tumbonas-calefactadas-con-aspecto-de-hormigon\/\">Tumbonas calefactadas con aspecto de hormig\u00f3n<\/a><\/h4><p class=\"meta\"><span class=\"vcard\" style=\"display: none;\"><span class=\"fn\"><a href=\"https:\/\/soleum.com\/es\/author\/soleum\/\" title=\"Entradas de soleum\" rel=\"author\">soleum<\/a><\/span><\/span><span class=\"updated\" style=\"display:none;\">2026-02-15T11:13:48+01:00<\/span><span>febrero 15th, 2026<\/span><span class=\"fusion-inline-sep\">|<\/span><span class=\"fusion-comments\"><span>Comentarios desactivados<span class=\"screen-reader-text\"> en Tumbonas calefactadas con aspecto de hormig\u00f3n<\/span><\/span><\/span><\/p><p> Tumbonas calefactadas con aspecto de hormig\u00f3n Tumbonas calefactadas con aspecto de hormig\u00f3n: el nuevo punto culminante del SPA del Boutique Hotel Texel En el pintoresco coraz\u00f3n de Texel, una de las islas holandesas m\u00e1s [...]<\/p><\/div><\/article><article class=\"post fusion-column column col col-lg-4 col-md-4 col-sm-4\"><div class=\"fusion-flexslider fusion-flexslider-loading flexslider flexslider-hover-type-zoomin\"><ul class=\"slides\"><li><a href=\"https:\/\/soleum.com\/es\/tumbonas-calefactadas-para-la-zona-spa\/\" aria-label=\"Tumbonas calefactadas para la zona SPA\" class=\"hover-type-zoomin\"><img decoding=\"async\" width=\"700\" height=\"441\" src=\"https:\/\/soleum.com\/wp-content\/uploads\/2025\/06\/Waermeliegen-fuer-SPA-Bereich-700x441.jpg\" class=\"attachment-recent-posts size-recent-posts\" alt=\"Tumbonas calefactadas para la zona SPA\" srcset=\"https:\/\/soleum.com\/wp-content\/uploads\/2025\/06\/Waermeliegen-fuer-SPA-Bereich-320x202.jpg 320w, https:\/\/soleum.com\/wp-content\/uploads\/2025\/06\/Waermeliegen-fuer-SPA-Bereich-700x441.jpg 700w\" sizes=\"(max-width: 700px) 100vw, 700px\" title=\"\"><\/a><\/li><\/ul><\/div><div class=\"recent-posts-content\"><span class=\"vcard\" style=\"display: none;\"><span class=\"fn\"><a href=\"https:\/\/soleum.com\/es\/author\/soleum\/\" title=\"Entradas de soleum\" rel=\"author\">soleum<\/a><\/span><\/span><span class=\"updated\" style=\"display:none;\">2026-02-15T11:13:08+01:00<\/span><h4 class=\"entry-title\"><a href=\"https:\/\/soleum.com\/es\/tumbonas-calefactadas-para-la-zona-spa\/\">Tumbonas calefactadas para la zona SPA<\/a><\/h4><p class=\"meta\"><span class=\"vcard\" style=\"display: none;\"><span class=\"fn\"><a href=\"https:\/\/soleum.com\/es\/author\/soleum\/\" title=\"Entradas de soleum\" rel=\"author\">soleum<\/a><\/span><\/span><span class=\"updated\" style=\"display:none;\">2026-02-15T11:13:08+01:00<\/span><span>febrero 15th, 2026<\/span><span class=\"fusion-inline-sep\">|<\/span><span class=\"fusion-comments\"><span>Comentarios desactivados<span class=\"screen-reader-text\"> en Tumbonas calefactadas para la zona SPA<\/span><\/span><\/span><\/p><p> Tumbonas calefactadas para la zona SPA: Tumbonas calefactadas alicatadas con calor radiante por infrarrojos En el mundo del bienestar y la relajaci\u00f3n, las tumbonas t\u00e9rmicas para la zona de spa se han vuelto indispensables. [...]<\/p><\/div><\/article><article class=\"post fusion-column column col col-lg-4 col-md-4 col-sm-4\"><div class=\"fusion-flexslider fusion-flexslider-loading flexslider flexslider-hover-type-zoomin\"><ul class=\"slides\"><li><a href=\"https:\/\/soleum.com\/es\/proyecto_bano-de-vapor-exterior-egg\/\" aria-label=\"Proyecto_Ba\u00f1o de vapor exterior-EGG\" class=\"hover-type-zoomin\"><img decoding=\"async\" width=\"700\" height=\"441\" src=\"https:\/\/soleum.com\/wp-content\/uploads\/2025\/12\/Luxus-Aussendampfbad-EGG-beitrag-700x441.jpg\" class=\"attachment-recent-posts size-recent-posts\" alt=\"Ba\u00f1o de vapor exterior SOLEUM EGG\" srcset=\"https:\/\/soleum.com\/wp-content\/uploads\/2025\/12\/Luxus-Aussendampfbad-EGG-beitrag-320x202.jpg 320w, https:\/\/soleum.com\/wp-content\/uploads\/2025\/12\/Luxus-Aussendampfbad-EGG-beitrag-700x441.jpg 700w\" sizes=\"(max-width: 700px) 100vw, 700px\" title=\"\"><\/a><\/li><\/ul><\/div><div class=\"recent-posts-content\"><span class=\"vcard\" style=\"display: none;\"><span class=\"fn\"><a href=\"https:\/\/soleum.com\/es\/author\/soleum\/\" title=\"Entradas de soleum\" rel=\"author\">soleum<\/a><\/span><\/span><span class=\"updated\" style=\"display:none;\">2026-02-15T11:10:58+01:00<\/span><h4 class=\"entry-title\"><a href=\"https:\/\/soleum.com\/es\/proyecto_bano-de-vapor-exterior-egg\/\">Proyecto_Ba\u00f1o de vapor exterior-EGG<\/a><\/h4><p class=\"meta\"><span class=\"vcard\" style=\"display: none;\"><span class=\"fn\"><a href=\"https:\/\/soleum.com\/es\/author\/soleum\/\" title=\"Entradas de soleum\" rel=\"author\">soleum<\/a><\/span><\/span><span class=\"updated\" style=\"display:none;\">2026-02-15T11:10:58+01:00<\/span><span>febrero 15th, 2026<\/span><span class=\"fusion-inline-sep\">|<\/span><span class=\"fusion-comments\"><span>Comentarios desactivados<span class=\"screen-reader-text\"> en Proyecto_Ba\u00f1o de vapor exterior-EGG<\/span><\/span><\/span><\/p><p> Proyecto: Ba\u00f1o de vapor exterior EGG  NUEVO PROYECTO de SOLEUM: El exclusivo ba\u00f1o de vapor exterior EGG - \u00a1Lujo de bienestar para exteriores! Pregarten, Austria - SOLEUM, pionero en la construcci\u00f3n de ba\u00f1os [...]<\/p><\/div><\/article><article class=\"post fusion-column column col col-lg-4 col-md-4 col-sm-4\"><div class=\"fusion-flexslider fusion-flexslider-loading flexslider flexslider-hover-type-zoomin\"><ul class=\"slides\"><li><a href=\"https:\/\/soleum.com\/es\/bano-de-vapor-exterior-premium-ellipse\/\" aria-label=\"Ba\u00f1o de vapor exterior Premium ELLIPSE\" class=\"hover-type-zoomin\"><img decoding=\"async\" width=\"700\" height=\"441\" src=\"https:\/\/soleum.com\/wp-content\/uploads\/2025\/12\/Premium-Dampfbad-Aussenbereich-ELLIPSE_Soleum-700x441.jpg\" class=\"attachment-recent-posts size-recent-posts\" alt=\"Ba\u00f1o de vapor exterior Premium ELLIPSE\" srcset=\"https:\/\/soleum.com\/wp-content\/uploads\/2025\/12\/Premium-Dampfbad-Aussenbereich-ELLIPSE_Soleum-320x202.jpg 320w, https:\/\/soleum.com\/wp-content\/uploads\/2025\/12\/Premium-Dampfbad-Aussenbereich-ELLIPSE_Soleum-700x441.jpg 700w\" sizes=\"(max-width: 700px) 100vw, 700px\" title=\"\"><\/a><\/li><\/ul><\/div><div class=\"recent-posts-content\"><span class=\"vcard\" style=\"display: none;\"><span class=\"fn\"><a href=\"https:\/\/soleum.com\/es\/author\/soleum\/\" title=\"Entradas de soleum\" rel=\"author\">soleum<\/a><\/span><\/span><span class=\"updated\" style=\"display:none;\">2026-02-15T11:08:37+01:00<\/span><h4 class=\"entry-title\"><a href=\"https:\/\/soleum.com\/es\/bano-de-vapor-exterior-premium-ellipse\/\">Ba\u00f1o de vapor exterior Premium ELLIPSE<\/a><\/h4><p class=\"meta\"><span class=\"vcard\" style=\"display: none;\"><span class=\"fn\"><a href=\"https:\/\/soleum.com\/es\/author\/soleum\/\" title=\"Entradas de soleum\" rel=\"author\">soleum<\/a><\/span><\/span><span class=\"updated\" style=\"display:none;\">2026-02-15T11:08:37+01:00<\/span><span>febrero 15th, 2026<\/span><span class=\"fusion-inline-sep\">|<\/span><span class=\"fusion-comments\"><span>Comentarios desactivados<span class=\"screen-reader-text\"> en Ba\u00f1o de vapor exterior Premium ELLIPSE<\/span><\/span><\/span><\/p><p> Proyecto: Ba\u00f1o turco exterior Premium ELLIPSE  SOLEUM\u00ae ELLIPSE - El ba\u00f1o de vapor exterior de primera calidad que no puede faltar en ninguna villa de lujo Una obra maestra de platino, mosaico SICIS [...]<\/p><\/div><\/article><article class=\"post fusion-column column col col-lg-4 col-md-4 col-sm-4\"><div class=\"fusion-flexslider fusion-flexslider-loading flexslider flexslider-hover-type-zoomin\"><ul class=\"slides\"><li><a href=\"https:\/\/soleum.com\/es\/cabina-de-vapor-premium-para-el-jardin-de-lujo\/\" aria-label=\"Cabina de vapor Premium para el jard\u00edn de lujo\" class=\"hover-type-zoomin\"><img decoding=\"async\" width=\"700\" height=\"441\" src=\"https:\/\/soleum.com\/wp-content\/uploads\/2026\/01\/SOLEUM-ELLIPSE-Premiumdampfbad-700x441.jpg\" class=\"attachment-recent-posts size-recent-posts\" alt=\"Cabina de vapor Premium para el jard\u00edn de lujo\" srcset=\"https:\/\/soleum.com\/wp-content\/uploads\/2026\/01\/SOLEUM-ELLIPSE-Premiumdampfbad-320x202.jpg 320w, https:\/\/soleum.com\/wp-content\/uploads\/2026\/01\/SOLEUM-ELLIPSE-Premiumdampfbad-700x441.jpg 700w\" sizes=\"(max-width: 700px) 100vw, 700px\" title=\"\"><\/a><\/li><\/ul><\/div><div class=\"recent-posts-content\"><span class=\"vcard\" style=\"display: none;\"><span class=\"fn\"><a href=\"https:\/\/soleum.com\/es\/author\/soleum\/\" title=\"Entradas de soleum\" rel=\"author\">soleum<\/a><\/span><\/span><span class=\"updated\" style=\"display:none;\">2026-02-15T11:05:41+01:00<\/span><h4 class=\"entry-title\"><a href=\"https:\/\/soleum.com\/es\/cabina-de-vapor-premium-para-el-jardin-de-lujo\/\">Cabina de vapor Premium para el jard\u00edn de lujo<\/a><\/h4><p class=\"meta\"><span class=\"vcard\" style=\"display: none;\"><span class=\"fn\"><a href=\"https:\/\/soleum.com\/es\/author\/soleum\/\" title=\"Entradas de soleum\" rel=\"author\">soleum<\/a><\/span><\/span><span class=\"updated\" style=\"display:none;\">2026-02-15T11:05:41+01:00<\/span><span>febrero 15th, 2026<\/span><span class=\"fusion-inline-sep\">|<\/span><span class=\"fusion-comments\"><span>Comentarios desactivados<span class=\"screen-reader-text\"> en Cabina de vapor Premium para el jard\u00edn de lujo<\/span><\/span><\/span><\/p><p> Proyecto: Cabina de vapor Premium para el jard\u00edn de lujo  SOLEUM\u00ae ELLIPSE - La declaraci\u00f3n definitiva para los propietarios de chal\u00e9s que buscan lo extraordinario Una obra maestra con precioso y deslumbrante mosaico [...]<\/p><\/div><\/article><\/section><\/div><div class=\"fusion-clearfix\"><\/div><\/div><\/div><\/div><\/div>\n","protected":false},"excerpt":{"rendered":"","protected":false},"author":1,"featured_media":20695,"parent":0,"menu_order":0,"comment_status":"closed","ping_status":"closed","template":"100-width.php","meta":{"_exactmetrics_skip_tracking":false,"_exactmetrics_sitenote_active":false,"_exactmetrics_sitenote_note":"","_exactmetrics_sitenote_category":0,"footnotes":""},"class_list":["post-8564","page","type-page","status-publish","has-post-thumbnail","hentry"],"_links":{"self":[{"href":"https:\/\/soleum.com\/es\/wp-json\/wp\/v2\/pages\/8564","targetHints":{"allow":["GET"]}}],"collection":[{"href":"https:\/\/soleum.com\/es\/wp-json\/wp\/v2\/pages"}],"about":[{"href":"https:\/\/soleum.com\/es\/wp-json\/wp\/v2\/types\/page"}],"author":[{"embeddable":true,"href":"https:\/\/soleum.com\/es\/wp-json\/wp\/v2\/users\/1"}],"replies":[{"embeddable":true,"href":"https:\/\/soleum.com\/es\/wp-json\/wp\/v2\/comments?post=8564"}],"version-history":[{"count":0,"href":"https:\/\/soleum.com\/es\/wp-json\/wp\/v2\/pages\/8564\/revisions"}],"wp:featuredmedia":[{"embeddable":true,"href":"https:\/\/soleum.com\/es\/wp-json\/wp\/v2\/media\/20695"}],"wp:attachment":[{"href":"https:\/\/soleum.com\/es\/wp-json\/wp\/v2\/media?parent=8564"}],"curies":[{"name":"wp","href":"https:\/\/api.w.org\/{rel}","templated":true}]}}