{"id":15900,"date":"2024-01-25T11:48:36","date_gmt":"2024-01-25T10:48:36","guid":{"rendered":"https:\/\/soleum.com\/representants-commerciaux-soleum-spa\/"},"modified":"2026-01-11T22:14:52","modified_gmt":"2026-01-11T21:14:52","slug":"representants-commerciaux-soleum-spa","status":"publish","type":"page","link":"https:\/\/soleum.com\/fr\/representants-commerciaux-soleum-spa\/","title":{"rendered":"Repr\u00e9sentants commerciaux SOLEUM SPA"},"content":{"rendered":"<p><div class=\"fusion-fullwidth fullwidth-box fusion-builder-row-1 fusion-flex-container has-pattern-background has-mask-background nonhundred-percent-fullwidth non-hundred-percent-height-scrolling\" style=\"--awb-border-radius-top-left:0px;--awb-border-radius-top-right:0px;--awb-border-radius-bottom-right:0px;--awb-border-radius-bottom-left:0px;--awb-flex-wrap:wrap;\" ><div class=\"fusion-builder-row fusion-row fusion-flex-align-items-flex-start fusion-flex-content-wrap\" style=\"max-width:1216.8px;margin-left: calc(-4% \/ 2 );margin-right: calc(-4% \/ 2 );\"><div class=\"fusion-layout-column fusion_builder_column fusion-builder-column-0 fusion_builder_column_1_1 1_1 fusion-flex-column\" style=\"--awb-bg-size:cover;--awb-width-large:100%;--awb-margin-top-large:20px;--awb-spacing-right-large:1.92%;--awb-margin-bottom-large:20px;--awb-spacing-left-large:1.92%;--awb-width-medium:100%;--awb-order-medium:0;--awb-spacing-right-medium:1.92%;--awb-spacing-left-medium:1.92%;--awb-width-small:100%;--awb-order-small:0;--awb-spacing-right-small:1.92%;--awb-spacing-left-small:1.92%;\"><div class=\"fusion-column-wrapper fusion-column-has-shadow fusion-flex-justify-content-flex-start fusion-content-layout-column\"><div class=\"fusion-title title fusion-title-1 fusion-title-text fusion-title-size-one\" style=\"--awb-margin-top-small:0px;--awb-margin-right-small:0px;--awb-margin-bottom-small:20px;--awb-margin-left-small:0px;\"><div class=\"title-sep-container title-sep-container-left fusion-no-large-visibility fusion-no-medium-visibility fusion-no-small-visibility\"><div class=\"title-sep sep- sep-solid\" style=\"border-color:#e0dede;\"><\/div><\/div><span class=\"awb-title-spacer fusion-no-large-visibility fusion-no-medium-visibility fusion-no-small-visibility\"><\/span><h1 class=\"fusion-title-heading title-heading-left fusion-responsive-typography-calculated\" style=\"margin:0;--fontSize:50;line-height:1;\">Repr\u00e9sentants commerciaux SOLEUM SPA<\/h1><span class=\"awb-title-spacer\"><\/span><div class=\"title-sep-container title-sep-container-right\"><div class=\"title-sep sep- sep-solid\" style=\"border-color:#e0dede;\"><\/div><\/div><\/div><div class=\"fusion-text fusion-text-1\"><p>Repr\u00e9sentants commerciaux des cabines SPA ext\u00e9rieur SOLEUM, cabines de climat marin et bains de vapeur pour usage ext\u00e9rieur. Le bien-\u00eatre au plus haut niveau ! Bain de vapeur avec inhalation de saumure, chaleur infrarouge et en option \u00e9galement comme cabine d&rsquo;haloth\u00e9rapie.<\/p>\n<\/div><\/div><\/div><\/div><\/div><div class=\"fusion-fullwidth fullwidth-box fusion-builder-row-2 fusion-flex-container has-pattern-background has-mask-background nonhundred-percent-fullwidth non-hundred-percent-height-scrolling\" style=\"--awb-border-radius-top-left:0px;--awb-border-radius-top-right:0px;--awb-border-radius-bottom-right:0px;--awb-border-radius-bottom-left:0px;--awb-flex-wrap:wrap;\" ><div class=\"fusion-builder-row fusion-row fusion-flex-align-items-flex-start fusion-flex-content-wrap\" style=\"max-width:1216.8px;margin-left: calc(-4% \/ 2 );margin-right: calc(-4% \/ 2 );\"><div class=\"fusion-layout-column fusion_builder_column fusion-builder-column-1 fusion_builder_column_1_2 1_2 fusion-flex-column\" style=\"--awb-bg-size:cover;--awb-width-large:50%;--awb-margin-top-large:20px;--awb-spacing-right-large:3.84%;--awb-margin-bottom-large:20px;--awb-spacing-left-large:3.84%;--awb-width-medium:100%;--awb-order-medium:0;--awb-spacing-right-medium:1.92%;--awb-spacing-left-medium:1.92%;--awb-width-small:100%;--awb-order-small:0;--awb-spacing-right-small:1.92%;--awb-spacing-left-small:1.92%;\"><div class=\"fusion-column-wrapper fusion-column-has-shadow fusion-flex-justify-content-flex-start fusion-content-layout-column\"><div class=\"fusion-text fusion-text-2\"><h2>SOLEUM\u00a0 Deutschland &#8211; BAYERN (Werksvertretung)<\/h2>\n<\/div><\/div><\/div><div class=\"fusion-layout-column fusion_builder_column fusion-builder-column-2 fusion_builder_column_1_2 1_2 fusion-flex-column\" style=\"--awb-bg-size:cover;--awb-width-large:50%;--awb-margin-top-large:20px;--awb-spacing-right-large:3.84%;--awb-margin-bottom-large:20px;--awb-spacing-left-large:3.84%;--awb-width-medium:100%;--awb-order-medium:0;--awb-spacing-right-medium:1.92%;--awb-spacing-left-medium:1.92%;--awb-width-small:100%;--awb-order-small:0;--awb-spacing-right-small:1.92%;--awb-spacing-left-small:1.92%;\"><div class=\"fusion-column-wrapper fusion-column-has-shadow fusion-flex-justify-content-flex-start fusion-content-layout-column\"><div class=\"fusion-text fusion-text-3\"><div class=\"insertfirmendaten\" data-trennzeichen=\"umbruch\">\n<h2 class=\"insertfirmendaten_item insertfirmendaten_name\"><span class=\"insertfirmendaten_value\">Dipl. Ing. FH Nicola Ga\u00dfl<\/span><\/h2>\n<div class=\"insertfirmendaten_item insertfirmendaten_street\"><span class=\"insertfirmendaten_value\">Innenarchitektin, B\u00e4der und Innenarchitektur<br \/>\n<\/span><\/div>\n<p><strong>SHOWROOM<\/strong>: Nicolaistrasse 6a, 83022 Rosenheim<\/p>\n<\/div>\n<div data-trennzeichen=\"umbruch\"><\/div>\n<div class=\"insertfirmendaten\" data-trennzeichen=\"\"><span class=\"insertfirmendaten_value\">Tel: +4915205970994<\/span><\/div>\n<div data-trennzeichen=\"\">Email: <a href=\"mailto:nicola.gassl@ng-innenarchitektur.de\">nicola.gassl@ng-innenarchitektur.de<\/a><\/div>\n<div data-trennzeichen=\"\"><a href=\"https:\/\/www.ng-innenarchitektur.de\/\" target=\"_blank\" rel=\"noopener\">https:\/\/www.ng-innenarchitektur.de\/<\/a><\/div>\n<\/div><\/div><\/div><\/div><\/div><div class=\"fusion-fullwidth fullwidth-box fusion-builder-row-3 fusion-flex-container has-pattern-background has-mask-background nonhundred-percent-fullwidth non-hundred-percent-height-scrolling\" style=\"--awb-border-radius-top-left:0px;--awb-border-radius-top-right:0px;--awb-border-radius-bottom-right:0px;--awb-border-radius-bottom-left:0px;--awb-flex-wrap:wrap;\" ><div class=\"fusion-builder-row fusion-row fusion-flex-align-items-flex-start fusion-flex-content-wrap\" style=\"max-width:1216.8px;margin-left: calc(-4% \/ 2 );margin-right: calc(-4% \/ 2 );\"><div class=\"fusion-layout-column fusion_builder_column fusion-builder-column-3 fusion_builder_column_1_2 1_2 fusion-flex-column\" style=\"--awb-bg-size:cover;--awb-width-large:50%;--awb-margin-top-large:20px;--awb-spacing-right-large:3.84%;--awb-margin-bottom-large:20px;--awb-spacing-left-large:3.84%;--awb-width-medium:100%;--awb-order-medium:0;--awb-spacing-right-medium:1.92%;--awb-spacing-left-medium:1.92%;--awb-width-small:100%;--awb-order-small:0;--awb-spacing-right-small:1.92%;--awb-spacing-left-small:1.92%;\"><div class=\"fusion-column-wrapper fusion-column-has-shadow fusion-flex-justify-content-flex-start fusion-content-layout-column\"><div class=\"fusion-text fusion-text-4\"><h2>SOLEUM &#8211; UNGARN, RUM\u00c4NIEN<\/h2>\n<\/div><\/div><\/div><div class=\"fusion-layout-column fusion_builder_column fusion-builder-column-4 fusion_builder_column_1_2 1_2 fusion-flex-column\" style=\"--awb-bg-size:cover;--awb-width-large:50%;--awb-margin-top-large:20px;--awb-spacing-right-large:3.84%;--awb-margin-bottom-large:20px;--awb-spacing-left-large:3.84%;--awb-width-medium:100%;--awb-order-medium:0;--awb-spacing-right-medium:1.92%;--awb-spacing-left-medium:1.92%;--awb-width-small:100%;--awb-order-small:0;--awb-spacing-right-small:1.92%;--awb-spacing-left-small:1.92%;\"><div class=\"fusion-column-wrapper fusion-column-has-shadow fusion-flex-justify-content-flex-start fusion-content-layout-column\"><div class=\"fusion-image-element \" style=\"--awb-caption-title-font-family:var(--h2_typography-font-family);--awb-caption-title-font-weight:var(--h2_typography-font-weight);--awb-caption-title-font-style:var(--h2_typography-font-style);--awb-caption-title-size:var(--h2_typography-font-size);--awb-caption-title-transform:var(--h2_typography-text-transform);--awb-caption-title-line-height:var(--h2_typography-line-height);--awb-caption-title-letter-spacing:var(--h2_typography-letter-spacing);\"><span class=\" fusion-imageframe imageframe-none imageframe-1 hover-type-none\"><a href=\"https:\/\/soleum.com\/wp-content\/uploads\/2023\/11\/ivanbordesign_soleum_hungary.webp\" class=\"fusion-lightbox\" data-rel=\"iLightbox[78269fa1c19304a230d]\" data-caption=\"Ivan Bor Design #ivanbordesign SOLEUM General Representative\" data-title=\"ivanbordesign_soleum_hungary\" title=\"ivanbordesign_soleum_hungary\"><img decoding=\"async\" width=\"763\" height=\"507\" alt=\"Ivan Bor General Representative Hungary\" src=\"https:\/\/soleum.com\/wp-content\/uploads\/2023\/11\/ivanbordesign_soleum_hungary.webp\" class=\"img-responsive wp-image-15754\" srcset=\"https:\/\/soleum.com\/wp-content\/uploads\/2023\/11\/ivanbordesign_soleum_hungary-200x133.jpg 200w, https:\/\/soleum.com\/wp-content\/uploads\/2023\/11\/ivanbordesign_soleum_hungary-400x266.jpg 400w, https:\/\/soleum.com\/wp-content\/uploads\/2023\/11\/ivanbordesign_soleum_hungary-600x399.jpg 600w, https:\/\/soleum.com\/wp-content\/uploads\/2023\/11\/ivanbordesign_soleum_hungary.webp 763w\" sizes=\"(max-width: 1500px) 100vw, (max-width: 640px) 100vw, 600px\" title=\"\"><\/a><\/span><\/div><\/div><\/div><\/div><\/div><\/p>\n","protected":false},"excerpt":{"rendered":"","protected":false},"author":1,"featured_media":15886,"parent":0,"menu_order":0,"comment_status":"closed","ping_status":"closed","template":"100-width.php","meta":{"_exactmetrics_skip_tracking":false,"_exactmetrics_sitenote_active":false,"_exactmetrics_sitenote_note":"","_exactmetrics_sitenote_category":0,"footnotes":""},"class_list":["post-15900","page","type-page","status-publish","has-post-thumbnail","hentry"],"_links":{"self":[{"href":"https:\/\/soleum.com\/fr\/wp-json\/wp\/v2\/pages\/15900","targetHints":{"allow":["GET"]}}],"collection":[{"href":"https:\/\/soleum.com\/fr\/wp-json\/wp\/v2\/pages"}],"about":[{"href":"https:\/\/soleum.com\/fr\/wp-json\/wp\/v2\/types\/page"}],"author":[{"embeddable":true,"href":"https:\/\/soleum.com\/fr\/wp-json\/wp\/v2\/users\/1"}],"replies":[{"embeddable":true,"href":"https:\/\/soleum.com\/fr\/wp-json\/wp\/v2\/comments?post=15900"}],"version-history":[{"count":0,"href":"https:\/\/soleum.com\/fr\/wp-json\/wp\/v2\/pages\/15900\/revisions"}],"wp:featuredmedia":[{"embeddable":true,"href":"https:\/\/soleum.com\/fr\/wp-json\/wp\/v2\/media\/15886"}],"wp:attachment":[{"href":"https:\/\/soleum.com\/fr\/wp-json\/wp\/v2\/media?parent=15900"}],"curies":[{"name":"wp","href":"https:\/\/api.w.org\/{rel}","templated":true}]}}