{"id":16708,"date":"2024-11-14T08:14:51","date_gmt":"2024-11-14T07:14:51","guid":{"rendered":"https:\/\/soleum.com\/liste-de-prix-pour-les-bains-de-vapeur-exterieurs\/"},"modified":"2024-11-21T07:16:48","modified_gmt":"2024-11-21T06:16:48","slug":"liste-de-prix-pour-les-bains-de-vapeur-exterieurs","status":"publish","type":"page","link":"https:\/\/soleum.com\/fr\/liste-de-prix-pour-les-bains-de-vapeur-exterieurs\/","title":{"rendered":"Liste de prix pour les bains de vapeur ext\u00e9rieurs"},"content":{"rendered":"<div class=\"fusion-fullwidth fullwidth-box fusion-builder-row-1 fusion-flex-container nonhundred-percent-fullwidth non-hundred-percent-height-scrolling\" style=\"--awb-border-radius-top-left:0px;--awb-border-radius-top-right:0px;--awb-border-radius-bottom-right:0px;--awb-border-radius-bottom-left:0px;--awb-flex-wrap:wrap;\" ><div class=\"fusion-builder-row fusion-row fusion-flex-align-items-flex-start fusion-flex-content-wrap\" style=\"max-width:1216.8px;margin-left: calc(-4% \/ 2 );margin-right: calc(-4% \/ 2 );\"><div class=\"fusion-layout-column fusion_builder_column fusion-builder-column-0 fusion_builder_column_1_1 1_1 fusion-flex-column\" style=\"--awb-bg-size:cover;--awb-width-large:100%;--awb-margin-top-large:0px;--awb-spacing-right-large:1.92%;--awb-margin-bottom-large:0px;--awb-spacing-left-large:1.92%;--awb-width-medium:100%;--awb-spacing-right-medium:1.92%;--awb-spacing-left-medium:1.92%;--awb-width-small:100%;--awb-spacing-right-small:1.92%;--awb-spacing-left-small:1.92%;\"><div class=\"fusion-column-wrapper fusion-flex-justify-content-flex-start fusion-content-layout-column\"><div class=\"fusion-text fusion-text-1\"><h1>Tarifs des bains de vapeur ext\u00e9rieurs<\/h1>\n<h2>Le luxe dans le jardin ou au bord de la piscine.<\/h2>\n<p>Vous trouverez ci-dessous les tarifs actuels des bains de vapeur ext\u00e9rieurs exclusifs au format PDF \u00e0 t\u00e9l\u00e9charger.<\/p>\n<\/div><div class=\"fusion-text fusion-text-2\"><h2>Luxe fait main de l&rsquo;usine SOLEUM en Autriche<\/h2>\n<p>De nombreuses heures de travail artisanal et une technologie de haute qualit\u00e9 cr\u00e9ent un produit qui impressionne non seulement visuellement, mais aussi par l&rsquo;ensemble de sa fonction.<\/p>\n<p>Contrairement \u00e0 une voiture de luxe, qui sort des cha\u00eenes de production dans un d\u00e9lai tr\u00e8s court, il nous faut des mois pour produire nos habitacles jusqu&rsquo;\u00e0 leur ach\u00e8vement.<\/p>\n<p><strong>De nombreuses \u00e9tapes de travail<\/strong>, <strong>divers corps de m\u00e9tier<\/strong> (vitriers, carreleurs, \u00e9lectriciens, programmeurs, menuisiers, plombiers) ainsi que les <strong>temps de s\u00e9chage<\/strong> d\u00e9terminent le d\u00e9lai de livraison.<\/p>\n<p><strong>Un design de carrelage exclusif<\/strong> selon les exigences du client est pris en compte pour chaque cabine. Cela signifie que chaque cabine peut \u00eatre unique pour le client.<\/p>\n<p>Nous utilisons le rev\u00eatement ext\u00e9rieur de la plus haute qualit\u00e9 actuellement disponible sur le march\u00e9. La fa\u00e7ade ext\u00e9rieure de la cabine est constitu\u00e9e de panneaux de fa\u00e7ade Fundermax durables et de haute qualit\u00e9. Les panneaux sont parfaitement ajust\u00e9s \u00e0 l\u2019aide des derni\u00e8res fraiseuses CNC.<\/p>\n<p>La cabine est <strong>intelligente<\/strong>, ce qui signifie qu&rsquo;elle peut \u00eatre command\u00e9e \u00e0 distance \u00e0 l&rsquo;aide d&rsquo;un t\u00e9l\u00e9phone portable ou d&rsquo;une tablette. <\/strong><\/p>\n<p>Les <strong>carreaux luxueux<\/strong> sont pos\u00e9s avec une colle \u00e9poxy et un <strong>coulis \u00e9poxy de couleur coordonn\u00e9e<\/strong>.<\/p>\n<p>En cabine, vous profiterez de :<\/p>\n<ul>\n<li>Bain de vapeur<\/li>\n<li>Chaleur infrarouge (la cabine enti\u00e8re est un tepidarium)<\/li>\n<li>Inhalation de saumure (thalassoth\u00e9rapie)<\/li>\n<li>Musique<\/li>\n<li>Lumi\u00e8re color\u00e9e<\/li>\n<\/ul>\n<p>disponible en option : voir accessoires dans la liste de prix (OPTIONS)<\/p>\n<\/div><div class=\"fusion-separator fusion-full-width-sep\" style=\"align-self: center;margin-left: auto;margin-right: auto;margin-top:50px;margin-bottom:100px;width:100%;\"><div class=\"fusion-separator-border sep-double sep-solid\" style=\"--awb-height:20px;--awb-amount:20px;border-color:#b9afa1;border-top-width:1px;border-bottom-width:1px;\"><\/div><\/div><div class=\"fusion-text fusion-text-3\"><p><a href=\"https:\/\/soleum.com\/wp-content\/uploads\/2024\/11\/PREISLISTE-AUSSENDAMPFBAEDER_2024-DE.pdf\">Preisliste Luxus-Aussendampfb\u00e4der 2024 , DEUTSCH, exklusive MWSt.<\/a><\/p>\n<p><a href=\"https:\/\/soleum.com\/wp-content\/uploads\/2024\/11\/PRICELIST-OUTDOOR-SPA-EN_2024.pdf\">Price List Luxury Outdoor-Steam-SPA 2024, ENGLISH, excl. VAT<\/a><\/p>\n<p><a href=\"https:\/\/soleum.com\/wp-content\/uploads\/2024\/11\/Abmessungen_Dimensions_OMEGA_EGG_ELLIPSE.pdf\">Abmessungen \/ Dimensions DE \/ EN<\/a><\/p>\n<\/div><\/div><\/div><\/div><\/div>\n","protected":false},"excerpt":{"rendered":"","protected":false},"author":1,"featured_media":16373,"parent":0,"menu_order":0,"comment_status":"closed","ping_status":"closed","template":"","meta":{"_exactmetrics_skip_tracking":false,"_exactmetrics_sitenote_active":false,"_exactmetrics_sitenote_note":"","_exactmetrics_sitenote_category":0,"footnotes":""},"class_list":["post-16708","page","type-page","status-publish","has-post-thumbnail","hentry"],"_links":{"self":[{"href":"https:\/\/soleum.com\/fr\/wp-json\/wp\/v2\/pages\/16708","targetHints":{"allow":["GET"]}}],"collection":[{"href":"https:\/\/soleum.com\/fr\/wp-json\/wp\/v2\/pages"}],"about":[{"href":"https:\/\/soleum.com\/fr\/wp-json\/wp\/v2\/types\/page"}],"author":[{"embeddable":true,"href":"https:\/\/soleum.com\/fr\/wp-json\/wp\/v2\/users\/1"}],"replies":[{"embeddable":true,"href":"https:\/\/soleum.com\/fr\/wp-json\/wp\/v2\/comments?post=16708"}],"version-history":[{"count":0,"href":"https:\/\/soleum.com\/fr\/wp-json\/wp\/v2\/pages\/16708\/revisions"}],"wp:featuredmedia":[{"embeddable":true,"href":"https:\/\/soleum.com\/fr\/wp-json\/wp\/v2\/media\/16373"}],"wp:attachment":[{"href":"https:\/\/soleum.com\/fr\/wp-json\/wp\/v2\/media?parent=16708"}],"curies":[{"name":"wp","href":"https:\/\/api.w.org\/{rel}","templated":true}]}}