{"id":2657,"date":"2019-11-22T11:14:41","date_gmt":"2019-11-22T10:14:41","guid":{"rendered":"https:\/\/soleum.com\/soleum-austria-profil-dentreprise\/"},"modified":"2019-11-22T11:14:43","modified_gmt":"2019-11-22T10:14:43","slug":"soleum-austria-profil-dentreprise","status":"publish","type":"page","link":"https:\/\/soleum.com\/fr\/soleum-austria-profil-dentreprise\/","title":{"rendered":"SOLEUM Austria Profil d\u2019entreprise"},"content":{"rendered":"<p><div class=\"fusion-fullwidth fullwidth-box fusion-builder-row-1 nonhundred-percent-fullwidth non-hundred-percent-height-scrolling\" style=\"--awb-border-radius-top-left:0px;--awb-border-radius-top-right:0px;--awb-border-radius-bottom-right:0px;--awb-border-radius-bottom-left:0px;--awb-flex-wrap:wrap;\" ><div class=\"fusion-builder-row fusion-row\"><div class=\"fusion-layout-column fusion_builder_column fusion-builder-column-0 fusion_builder_column_2_3 2_3 fusion-two-third fusion-column-first\" style=\"--awb-bg-size:cover;width:66.666666666667%;width:calc(66.666666666667% - ( ( 4% ) * 0.66666666666667 ) );margin-right: 4%;\"><div class=\"fusion-column-wrapper fusion-column-has-shadow fusion-flex-column-wrapper-legacy\"><div class=\"fusion-text fusion-text-1\"><h2>SOLEUM Austria Profil d\u2019entreprise<\/h2>\n<p>Depuis plus de 18 ans, nous produisons des bains de vapeur principalement pour des projets priv\u00e9s. Vous avez la possibilit\u00e9 d&rsquo;acheter les composants n\u00e9cessaires (SPA MODULE) ainsi que la technologie \u00e9prouv\u00e9e pour un bain de vapeur. Le cas \u00e9ch\u00e9ant, nous pouvons livrer ou assembler une cabine pr\u00e9fabriqu\u00e9e sur votre site (jusqu\u2019\u00e0 une certaine distance).<\/p>\n<p>Pour un bain de vapeur, nous disposons de nombreux modules \u00e0 si\u00e8ges et \u00e0 couchettes. Il est \u00e9galement possible de combiner diff\u00e9rents modules, ce qui offre de nombreuses possibilit\u00e9s d&rsquo;inclinaison et d&rsquo;assise confortables. La forme de l&rsquo;assise ou les possibilit\u00e9s de combinaison d\u00e9pendent essentiellement de l&rsquo;espace dont vous disposez.<\/p>\n<p>&nbsp;<\/p>\n<\/div><div class=\"fusion-text fusion-text-2\"><p>Pour plus d&rsquo;informations, veuillez visiter nos autres sites :<\/p>\n<p><a href=\"https:\/\/www.soleum.de\/\" target=\"_blank\" rel=\"noopener\">soleum.de<\/a> (seulement en allemand)<\/p>\n<p><a href=\"https:\/\/www.soleum.at\/en\/\" target=\"_blank\" rel=\"noopener\">soleum.at\/en\/<\/a><\/p>\n<p><a href=\"https:\/\/www.dampfbad.at\/en\/\" target=\"_blank\" rel=\"noopener\">dampfbad.at\/en\/<\/a><\/p>\n<\/div><div class=\"fusion-text fusion-text-3\"><h3>SOLEUM Health SPA \u2013 Cabine de climat marin<\/h3>\n<p>Avec le SOLEUM Health SPA, nous pouvons maintenant vous offrir une solution compl\u00e8te. Le produit peut \u00eatre livr\u00e9 pr\u00eat \u00e0 \u00eatre raccord\u00e9, presque partout dans le monde !<\/p>\n<\/div><div class=\"fusion-image-element fusion-image-align-center in-legacy-container\" style=\"text-align:center;--awb-caption-title-font-family:var(--h2_typography-font-family);--awb-caption-title-font-weight:var(--h2_typography-font-weight);--awb-caption-title-font-style:var(--h2_typography-font-style);--awb-caption-title-size:var(--h2_typography-font-size);--awb-caption-title-transform:var(--h2_typography-text-transform);--awb-caption-title-line-height:var(--h2_typography-line-height);--awb-caption-title-letter-spacing:var(--h2_typography-letter-spacing);\"><div class=\"imageframe-align-center\"><span class=\" fusion-imageframe imageframe-none imageframe-1 hover-type-none\"><img decoding=\"async\" width=\"129\" height=\"110\" alt=\"soleum omega\" title=\"Omega-Trennzeichen-2\" src=\"https:\/\/soleum.com\/wp-content\/uploads\/2019\/10\/Omega-Trennzeichen-2.webp\" class=\"img-responsive wp-image-2734\"\/><\/span><\/div><\/div>\n<div class=\"fusion-image-element fusion-image-align-center in-legacy-container\" style=\"text-align:center;--awb-caption-title-font-family:var(--h2_typography-font-family);--awb-caption-title-font-weight:var(--h2_typography-font-weight);--awb-caption-title-font-style:var(--h2_typography-font-style);--awb-caption-title-size:var(--h2_typography-font-size);--awb-caption-title-transform:var(--h2_typography-text-transform);--awb-caption-title-line-height:var(--h2_typography-line-height);--awb-caption-title-letter-spacing:var(--h2_typography-letter-spacing);\"><div class=\"imageframe-align-center\"><span class=\" fusion-imageframe imageframe-none imageframe-2 hover-type-none\"><img decoding=\"async\" width=\"200\" height=\"217\" alt=\"Soleum Austria\" title=\"Catalogue Soleum\" src=\"https:\/\/soleum.com\/wp-content\/uploads\/2019\/10\/Soleum-Katalog.webp\" class=\"img-responsive wp-image-2762\"\/><\/span><\/div><\/div><div class=\"fusion-button-wrapper fusion-aligncenter\"><a class=\"fusion-button button-flat fusion-button-default-size button-default fusion-button-default button-1 fusion-button-default-span fusion-button-default-type\" target=\"_self\" href=\"https:\/\/soleum.com\/order-now\/\"><span class=\"fusion-button-text awb-button__text awb-button__text--default\">COMMANDER CATALOGUE<\/span><\/a><\/div><div class=\"fusion-clearfix\"><\/div><\/div><\/div><div class=\"fusion-layout-column fusion_builder_column fusion-builder-column-1 fusion_builder_column_1_3 1_3 fusion-one-third fusion-column-last\" style=\"--awb-bg-size:cover;width:33.333333333333%;width:calc(33.333333333333% - ( ( 4% ) * 0.33333333333333 ) );\"><div class=\"fusion-column-wrapper fusion-column-has-shadow fusion-flex-column-wrapper-legacy\"><div class=\"fusion-image-element in-legacy-container\" style=\"--awb-caption-title-font-family:var(--h2_typography-font-family);--awb-caption-title-font-weight:var(--h2_typography-font-weight);--awb-caption-title-font-style:var(--h2_typography-font-style);--awb-caption-title-size:var(--h2_typography-font-size);--awb-caption-title-transform:var(--h2_typography-text-transform);--awb-caption-title-line-height:var(--h2_typography-line-height);--awb-caption-title-letter-spacing:var(--h2_typography-letter-spacing);\"><span class=\" fusion-imageframe imageframe-none imageframe-3 hover-type-none\"><a href=\"https:\/\/soleum.com\/wp-content\/uploads\/2019\/11\/Soleum-Dampfbabau.jpg\" class=\"fusion-lightbox\" data-rel=\"iLightbox[beab96abaded1fc0225]\" data-title=\"Soleum steam bath manfacturer\" title=\"Soleum steam bath manfacturer\"><img decoding=\"async\" width=\"1043\" height=\"694\" alt=\"Soleum Fabricant de bain de vapeur\" src=\"https:\/\/soleum.com\/wp-content\/uploads\/2019\/11\/Soleum-Dampfbabau.webp\" class=\"img-responsive wp-image-2661\" srcset=\"https:\/\/soleum.com\/wp-content\/uploads\/2019\/11\/Soleum-Dampfbabau-200x133.jpg 200w, https:\/\/soleum.com\/wp-content\/uploads\/2019\/11\/Soleum-Dampfbabau-400x266.jpg 400w, https:\/\/soleum.com\/wp-content\/uploads\/2019\/11\/Soleum-Dampfbabau-600x399.jpg 600w, https:\/\/soleum.com\/wp-content\/uploads\/2019\/11\/Soleum-Dampfbabau-800x532.jpg 800w, https:\/\/soleum.com\/wp-content\/uploads\/2019\/11\/Soleum-Dampfbabau.webp 1043w\" sizes=\"(max-width: 1050px) 100vw, 400px\" title=\"\"><\/a><\/span><\/div><div class=\"fusion-image-element fusion-image-align-center in-legacy-container\" style=\"text-align:center;--awb-caption-title-font-family:var(--h2_typography-font-family);--awb-caption-title-font-weight:var(--h2_typography-font-weight);--awb-caption-title-font-style:var(--h2_typography-font-style);--awb-caption-title-size:var(--h2_typography-font-size);--awb-caption-title-transform:var(--h2_typography-text-transform);--awb-caption-title-line-height:var(--h2_typography-line-height);--awb-caption-title-letter-spacing:var(--h2_typography-letter-spacing);\"><div class=\"imageframe-align-center\"><span class=\" fusion-imageframe imageframe-none imageframe-4 hover-type-none\"><img decoding=\"async\" width=\"129\" height=\"110\" alt=\"soleum omega\" title=\"Omega-Trennzeichen-2\" src=\"https:\/\/soleum.com\/wp-content\/uploads\/2019\/10\/Omega-Trennzeichen-2.webp\" class=\"img-responsive wp-image-2734\"\/><\/span><\/div><\/div>\n<div class=\"fusion-image-element in-legacy-container\" style=\"--awb-caption-title-font-family:var(--h2_typography-font-family);--awb-caption-title-font-weight:var(--h2_typography-font-weight);--awb-caption-title-font-style:var(--h2_typography-font-style);--awb-caption-title-size:var(--h2_typography-font-size);--awb-caption-title-transform:var(--h2_typography-text-transform);--awb-caption-title-line-height:var(--h2_typography-line-height);--awb-caption-title-letter-spacing:var(--h2_typography-letter-spacing);\"><span class=\" fusion-imageframe imageframe-none imageframe-5 hover-type-none\"><a href=\"https:\/\/soleum.com\/wp-content\/uploads\/2019\/11\/Hamam-Soleum-Wolfgangsee-3.jpg\" class=\"fusion-lightbox\" data-rel=\"iLightbox[77c5fc34f58995bc502]\" data-title=\"Big russian hamam steam room\" title=\"Big russian hamam steam room\"><img decoding=\"async\" width=\"1000\" height=\"750\" alt=\"Fabricant de bain de vapeur\" src=\"https:\/\/soleum.com\/wp-content\/uploads\/2019\/11\/Hamam-Soleum-Wolfgangsee-3.webp\" class=\"img-responsive wp-image-2659\" srcset=\"https:\/\/soleum.com\/wp-content\/uploads\/2019\/11\/Hamam-Soleum-Wolfgangsee-3-200x150.jpg 200w, https:\/\/soleum.com\/wp-content\/uploads\/2019\/11\/Hamam-Soleum-Wolfgangsee-3-400x300.jpg 400w, https:\/\/soleum.com\/wp-content\/uploads\/2019\/11\/Hamam-Soleum-Wolfgangsee-3-600x450.jpg 600w, https:\/\/soleum.com\/wp-content\/uploads\/2019\/11\/Hamam-Soleum-Wolfgangsee-3-800x600.jpg 800w, https:\/\/soleum.com\/wp-content\/uploads\/2019\/11\/Hamam-Soleum-Wolfgangsee-3.webp 1000w\" sizes=\"(max-width: 1050px) 100vw, 400px\" title=\"\"><\/a><\/span><\/div><div class=\"fusion-image-element fusion-image-align-center in-legacy-container\" style=\"text-align:center;--awb-caption-title-font-family:var(--h2_typography-font-family);--awb-caption-title-font-weight:var(--h2_typography-font-weight);--awb-caption-title-font-style:var(--h2_typography-font-style);--awb-caption-title-size:var(--h2_typography-font-size);--awb-caption-title-transform:var(--h2_typography-text-transform);--awb-caption-title-line-height:var(--h2_typography-line-height);--awb-caption-title-letter-spacing:var(--h2_typography-letter-spacing);\"><div class=\"imageframe-align-center\"><span class=\" fusion-imageframe imageframe-none imageframe-6 hover-type-none\"><img decoding=\"async\" width=\"129\" height=\"110\" alt=\"soleum omega\" title=\"Omega-Trennzeichen-2\" src=\"https:\/\/soleum.com\/wp-content\/uploads\/2019\/10\/Omega-Trennzeichen-2.webp\" class=\"img-responsive wp-image-2734\"\/><\/span><\/div><\/div>\n<div class=\"fusion-image-element in-legacy-container\" style=\"--awb-caption-title-font-family:var(--h2_typography-font-family);--awb-caption-title-font-weight:var(--h2_typography-font-weight);--awb-caption-title-font-style:var(--h2_typography-font-style);--awb-caption-title-size:var(--h2_typography-font-size);--awb-caption-title-transform:var(--h2_typography-text-transform);--awb-caption-title-line-height:var(--h2_typography-line-height);--awb-caption-title-letter-spacing:var(--h2_typography-letter-spacing);\"><span class=\" fusion-imageframe imageframe-none imageframe-7 hover-type-none\"><a href=\"https:\/\/soleum.com\/wp-content\/uploads\/2019\/11\/Soledampfbad-Wien-13.jpg\" class=\"fusion-lightbox\" data-rel=\"iLightbox[95ba94c9d2296d67bcc]\" data-title=\"luxury private steam bath\" title=\"luxury private steam bath\"><img decoding=\"async\" width=\"800\" height=\"530\" alt=\"fabricant, commerce, commer\u00e7ant, hammam\" src=\"https:\/\/soleum.com\/wp-content\/uploads\/2019\/11\/Soledampfbad-Wien-13.webp\" class=\"img-responsive wp-image-2660\" srcset=\"https:\/\/soleum.com\/wp-content\/uploads\/2019\/11\/Soledampfbad-Wien-13-200x133.jpg 200w, https:\/\/soleum.com\/wp-content\/uploads\/2019\/11\/Soledampfbad-Wien-13-400x265.jpg 400w, https:\/\/soleum.com\/wp-content\/uploads\/2019\/11\/Soledampfbad-Wien-13-600x398.jpg 600w, https:\/\/soleum.com\/wp-content\/uploads\/2019\/11\/Soledampfbad-Wien-13.webp 800w\" sizes=\"(max-width: 1050px) 100vw, 400px\" title=\"\"><\/a><\/span><\/div><div class=\"fusion-clearfix\"><\/div><\/div><\/div><\/div><\/div><div class=\"fusion-fullwidth fullwidth-box fusion-builder-row-2 nonhundred-percent-fullwidth non-hundred-percent-height-scrolling\" style=\"--awb-background-position:left top;--awb-border-radius-top-left:0px;--awb-border-radius-top-right:0px;--awb-border-radius-bottom-right:0px;--awb-border-radius-bottom-left:0px;--awb-padding-top:8%;--awb-padding-bottom:4%;--awb-border-sizes-top:0px;--awb-border-sizes-bottom:0px;--awb-flex-wrap:wrap;\" ><div class=\"fusion-builder-row fusion-row\"><div class=\"fusion-layout-column fusion_builder_column fusion-builder-column-2 fusion_builder_column_1_6 1_6 fusion-one-sixth fusion-column-first fusion-no-small-visibility\" style=\"--awb-bg-size:cover;width:13.3333%; margin-right: 4%;\"><div class=\"fusion-column-wrapper fusion-flex-column-wrapper-legacy\"><div class=\"fusion-clearfix\"><\/div><\/div><\/div><div class=\"fusion-layout-column fusion_builder_column fusion-builder-column-3 fusion_builder_column_2_3 2_3 fusion-two-third\" style=\"--awb-bg-size:cover;width:65.3333%; margin-right: 4%;\"><div class=\"fusion-column-wrapper fusion-flex-column-wrapper-legacy\"><div class=\"fusion-fa-align-center\"><i class=\"fb-icon-element-1 fb-icon-element fontawesome-icon fa fa-envira circle-no fa-flip-horizontal\" style=\"--awb-iconcolor:#b9afa1;--awb-iconcolor-hover:#b9afa1;--awb-circlecolor:rgba(255,255,255,0);--awb-font-size:34px;--awb-margin-bottom:30px;\"><\/i><\/div><div class=\"fusion-text fusion-text-4\"><h4 style=\"text-align: center;\"><span style=\"color: #b9afa1;\"><span class=\"color_11\">SOLEUM GmbH<br \/>\nGutauerstra\u00dfe 42<br \/>\n4230 Pregarten<br \/>\nAustria<br \/>\n+43 (0) 7236 26200<br \/>\nmobile \/ whatsapp: +43 699 17232700<br \/>\nEmail:\u00a0 sales@soleum.com<br \/>\n<\/span><\/span><\/h4>\n<\/div><div class=\"fusion-fa-align-center\"><i class=\"fb-icon-element-2 fb-icon-element fontawesome-icon fa fa-envira circle-no fa-flip-horizontal\" style=\"--awb-iconcolor:#b9afa1;--awb-iconcolor-hover:#b9afa1;--awb-circlecolor:rgba(255,255,255,0);--awb-font-size:34px;--awb-margin-bottom:30px;\"><\/i><\/div><div class=\"fusion-image-element fusion-image-align-center in-legacy-container\" style=\"text-align:center;--awb-caption-title-font-family:var(--h2_typography-font-family);--awb-caption-title-font-weight:var(--h2_typography-font-weight);--awb-caption-title-font-style:var(--h2_typography-font-style);--awb-caption-title-size:var(--h2_typography-font-size);--awb-caption-title-transform:var(--h2_typography-text-transform);--awb-caption-title-line-height:var(--h2_typography-line-height);--awb-caption-title-letter-spacing:var(--h2_typography-letter-spacing);\"><div class=\"imageframe-align-center\"><span class=\" fusion-imageframe imageframe-none imageframe-8 hover-type-none\"><img decoding=\"async\" width=\"150\" height=\"58\" alt=\"Made in Upper Austria \" title=\"austria-a-surprisingly-ingenious-grau150\" src=\"https:\/\/soleum.com\/wp-content\/uploads\/2019\/10\/austria-a-surprisingly-ingenious-grau150.webp\" class=\"img-responsive wp-image-2658\"\/><\/span><\/div><\/div><div class=\"fusion-text fusion-text-5\"><h4 style=\"text-align: center;\">made in Upper Austria<\/h4>\n<\/div><div class=\"fusion-sep-clear\"><\/div><div class=\"fusion-separator\" style=\"margin-left: auto;margin-right: auto;margin-top:10px;margin-bottom:40px;width:100%;max-width:80px;\"><div class=\"fusion-separator-border sep-single sep-solid\" style=\"--awb-height:20px;--awb-amount:20px;border-color:#b9afa1;border-top-width:1px;\"><\/div><\/div><div class=\"fusion-sep-clear\"><\/div><div class=\"fusion-text fusion-text-6\"><p style=\"text-align: center;\">Num\u00e9ro de TVA: ATU66445199<br \/>\nARA\u2013LN:16346<br \/>\nTribunal r\u00e9gional de Perg, FN 362383t<br \/>\nLe lieu d&rsquo;ex\u00e9cution et de juridiction est Perg<\/p>\n<\/div><div class=\"fusion-clearfix\"><\/div><\/div><\/div><div class=\"fusion-layout-column fusion_builder_column fusion-builder-column-4 fusion_builder_column_1_6 1_6 fusion-one-sixth fusion-column-last fusion-no-small-visibility\" style=\"--awb-bg-size:cover;width:13.3333%;\"><div class=\"fusion-column-wrapper fusion-flex-column-wrapper-legacy\"><div class=\"fusion-clearfix\"><\/div><\/div><\/div><\/div><\/div><div class=\"fusion-fullwidth fullwidth-box fusion-builder-row-3 nonhundred-percent-fullwidth non-hundred-percent-height-scrolling\" style=\"--awb-border-radius-top-left:0px;--awb-border-radius-top-right:0px;--awb-border-radius-bottom-right:0px;--awb-border-radius-bottom-left:0px;--awb-padding-bottom:30px;--awb-background-color:#f9f9f9;--awb-flex-wrap:wrap;\" ><div class=\"fusion-builder-row fusion-row\"><div class=\"fusion-layout-column fusion_builder_column fusion-builder-column-5 fusion_builder_column_1_1 1_1 fusion-one-full fusion-column-first fusion-column-last\" style=\"--awb-bg-size:cover;--awb-margin-top:0px;--awb-margin-bottom:0px;\"><div class=\"fusion-column-wrapper fusion-flex-column-wrapper-legacy\"><div class=\"fusion-section-separator section-separator big-half-circle fusion-section-separator-1\" style=\"--awb-spacer-height:99px;--awb-svg-margin-left:0;--awb-svg-margin-right:0;--awb-divider-height:99px;--awb-spacer-padding-top:inherit;--awb-sep-padding:0;--awb-svg-padding:0;\"><div class=\"fusion-section-separator-svg\"><svg class=\"fusion-big-half-circle-candy\" xmlns=\"http:\/\/www.w3.org\/2000\/svg\" version=\"1.1\" width=\"100%\" height=\"100\" viewBox=\"0 0 100 100\" preserveAspectRatio=\"none\" fill=\"rgba(255,255,255,1)\"><path d=\"M0 0 C55 180 100 0 100 0 Z\"><\/path><\/svg><\/div><div class=\"fusion-section-separator-spacer\"><div class=\"fusion-section-separator-spacer-height\"><\/div><\/div><\/div>\t\t\t\t<div class=\"fusion-clearfix\"><\/div><\/div><\/div><\/div><\/div><\/p>\n","protected":false},"excerpt":{"rendered":"","protected":false},"author":1,"featured_media":7652,"parent":0,"menu_order":0,"comment_status":"closed","ping_status":"closed","template":"100-width.php","meta":{"_exactmetrics_skip_tracking":false,"_exactmetrics_sitenote_active":false,"_exactmetrics_sitenote_note":"","_exactmetrics_sitenote_category":0,"footnotes":""},"class_list":["post-2657","page","type-page","status-publish","has-post-thumbnail","hentry"],"_links":{"self":[{"href":"https:\/\/soleum.com\/fr\/wp-json\/wp\/v2\/pages\/2657","targetHints":{"allow":["GET"]}}],"collection":[{"href":"https:\/\/soleum.com\/fr\/wp-json\/wp\/v2\/pages"}],"about":[{"href":"https:\/\/soleum.com\/fr\/wp-json\/wp\/v2\/types\/page"}],"author":[{"embeddable":true,"href":"https:\/\/soleum.com\/fr\/wp-json\/wp\/v2\/users\/1"}],"replies":[{"embeddable":true,"href":"https:\/\/soleum.com\/fr\/wp-json\/wp\/v2\/comments?post=2657"}],"version-history":[{"count":0,"href":"https:\/\/soleum.com\/fr\/wp-json\/wp\/v2\/pages\/2657\/revisions"}],"wp:featuredmedia":[{"embeddable":true,"href":"https:\/\/soleum.com\/fr\/wp-json\/wp\/v2\/media\/7652"}],"wp:attachment":[{"href":"https:\/\/soleum.com\/fr\/wp-json\/wp\/v2\/media?parent=2657"}],"curies":[{"name":"wp","href":"https:\/\/api.w.org\/{rel}","templated":true}]}}