{"id":2669,"date":"2019-11-22T11:51:25","date_gmt":"2019-11-22T10:51:25","guid":{"rendered":"https:\/\/soleum.com\/nos-modeles-soleum\/"},"modified":"2019-11-23T15:22:51","modified_gmt":"2019-11-23T14:22:51","slug":"nos-modeles-soleum","status":"publish","type":"page","link":"https:\/\/soleum.com\/fr\/nos-modeles-soleum\/","title":{"rendered":"Nos mod\u00e8les soleum"},"content":{"rendered":"<div class=\"fusion-fullwidth fullwidth-box fusion-builder-row-1 nonhundred-percent-fullwidth non-hundred-percent-height-scrolling\" style=\"--awb-border-radius-top-left:0px;--awb-border-radius-top-right:0px;--awb-border-radius-bottom-right:0px;--awb-border-radius-bottom-left:0px;--awb-flex-wrap:wrap;\" ><div class=\"fusion-builder-row fusion-row\"><div class=\"fusion-layout-column fusion_builder_column fusion-builder-column-0 fusion_builder_column_1_1 1_1 fusion-one-full fusion-column-first fusion-column-last\" style=\"--awb-bg-size:cover;\"><div class=\"fusion-column-wrapper fusion-column-has-shadow fusion-flex-column-wrapper-legacy\"><style type=\"text\/css\">.fusion-portfolio-wrapper#fusion-portfolio-1 .fusion-portfolio-content{ padding: 30px 30px 30px 30px; text-align: center; }<\/style><div class=\"fusion-recent-works fusion-portfolio-element fusion-portfolio fusion-portfolio-1 fusion-portfolio-grid fusion-portfolio-paging-pagination fusion-portfolio-four fusion-portfolio-boxed fusion-portfolio-text fusion-portfolio-equal-heights fusion-portfolio-rollover\" data-id=\"-rw-1\" data-columns=\"four\"><style type=\"text\/css\">.fusion-portfolio-1 .fusion-portfolio-wrapper .fusion-col-spacing{padding:6px;}<\/style><div class=\"fusion-portfolio-wrapper\" id=\"fusion-portfolio-1\" data-picturesize=\"auto\" data-pages=\"1\" style=\"margin:-6px;\"><article id=\"portfolio-1-post-2744\" class=\"fusion-portfolio-post nos-modeles fusion-col-spacing post-2744\"><div class=\"fusion-portfolio-content-wrapper\" style=\"border:1px solid #ebeaea;border-bottom-width:3px;background-color:rgba(255,255,255,1);\"><span class=\"vcard rich-snippet-hidden\"><span class=\"fn\"><a href=\"https:\/\/soleum.com\/fr\/author\/soleum\/\" title=\"Articles par soleum\" rel=\"author\">soleum<\/a><\/span><\/span><span class=\"updated rich-snippet-hidden\">2023-08-04T09:39:55+02:00<\/span><div  class=\"fusion-image-wrapper\" aria-haspopup=\"true\">\n\t\t\t\t<img decoding=\"async\" width=\"720\" height=\"720\" src=\"https:\/\/soleum.com\/wp-content\/uploads\/2019\/10\/SOLEUM-OMEGA.webp\" class=\"attachment-full size-full wp-post-image\" alt=\"Premium Dampfbad SOLEUM OMEGA\" srcset=\"https:\/\/soleum.com\/wp-content\/uploads\/2019\/10\/SOLEUM-OMEGA-200x200.jpg 200w, https:\/\/soleum.com\/wp-content\/uploads\/2019\/10\/SOLEUM-OMEGA-400x400.jpg 400w, https:\/\/soleum.com\/wp-content\/uploads\/2019\/10\/SOLEUM-OMEGA-600x600.jpg 600w, https:\/\/soleum.com\/wp-content\/uploads\/2019\/10\/SOLEUM-OMEGA.webp 720w\" sizes=\"(min-width: 2200px) 100vw, (min-width: 852px) 284px, (min-width: 782px) 378px, (min-width: 711px) 567px, (min-width: 640px) 711px, \" title=\"\"><div class=\"fusion-rollover\">\n\t<div class=\"fusion-rollover-content\">\n\n\t\t\t\t\n\t\t\n\t\t\t\t\t\t\t\t\t\t\t\t<h4 class=\"fusion-rollover-title\">\n\t\t\t\t\t<a class=\"fusion-rollover-title-link\" href=\"https:\/\/soleum.com\/fr\/produkte\/cabine-de-climat-marin-omega\/?portfolioCats=450\">\n\t\t\t\t\t\tBain de vapeur ext\u00e9rieur OMEGA\t\t\t\t\t<\/a>\n\t\t\t\t<\/h4>\n\t\t\t\n\t\t\t\t\t\t\t\t\n\t\t\n\t\t\t\t\t\t<a class=\"fusion-link-wrapper\" href=\"https:\/\/soleum.com\/fr\/produkte\/cabine-de-climat-marin-omega\/?portfolioCats=450\" aria-label=\"Bain de vapeur ext\u00e9rieur OMEGA\"><\/a>\n\t<\/div>\n<\/div>\n<\/div>\n<div class=\"fusion-portfolio-content\" style=\"background-color:rgba(255,255,255,1);\"><h2 class=\"entry-title fusion-post-title\"><a href=\"https:\/\/soleum.com\/fr\/produkte\/cabine-de-climat-marin-omega\/?portfolioCats=450\">Bain de vapeur ext\u00e9rieur OMEGA<\/a><\/h2><div class=\"fusion-content-sep sep-single sep-dotted\" style=\"border-color:#b9afa1;\"><\/div><div class=\"fusion-post-content\"><p>Bain de vapeur ext\u00e9rieur OMEGA : Un bain de vapeur ext\u00e9rieur au climat marin. La cabine climatique marine OMEGA. Ce sauna ext\u00e9rieur est un point culminant du SPA dans le jardin priv\u00e9 ou dans la zone commerciale de l'h\u00f4tel.<\/p><\/div><\/div><\/div><\/article><article id=\"portfolio-1-post-2783\" class=\"fusion-portfolio-post nos-modeles fusion-col-spacing post-2783\"><div class=\"fusion-portfolio-content-wrapper\" style=\"border:1px solid #ebeaea;border-bottom-width:3px;background-color:rgba(255,255,255,1);\"><span class=\"vcard rich-snippet-hidden\"><span class=\"fn\"><a href=\"https:\/\/soleum.com\/fr\/author\/soleum\/\" title=\"Articles par soleum\" rel=\"author\">soleum<\/a><\/span><\/span><span class=\"updated rich-snippet-hidden\">2023-08-04T09:54:09+02:00<\/span><div  class=\"fusion-image-wrapper\" aria-haspopup=\"true\">\n\t\t\t\t<img decoding=\"async\" width=\"720\" height=\"720\" src=\"https:\/\/soleum.com\/wp-content\/uploads\/2019\/10\/SOLEUM-ELLIPSE-neu.webp\" class=\"attachment-full size-full wp-post-image\" alt=\"Premium Dampfbad SOLEUM ELLIPSE\" srcset=\"https:\/\/soleum.com\/wp-content\/uploads\/2019\/10\/SOLEUM-ELLIPSE-neu-200x200.jpg 200w, https:\/\/soleum.com\/wp-content\/uploads\/2019\/10\/SOLEUM-ELLIPSE-neu-400x400.jpg 400w, https:\/\/soleum.com\/wp-content\/uploads\/2019\/10\/SOLEUM-ELLIPSE-neu-600x600.jpg 600w, https:\/\/soleum.com\/wp-content\/uploads\/2019\/10\/SOLEUM-ELLIPSE-neu.webp 720w\" sizes=\"(min-width: 2200px) 100vw, (min-width: 852px) 284px, (min-width: 782px) 378px, (min-width: 711px) 567px, (min-width: 640px) 711px, \" title=\"\"><div class=\"fusion-rollover\">\n\t<div class=\"fusion-rollover-content\">\n\n\t\t\t\t\n\t\t\n\t\t\t\t\t\t\t\t\t\t\t\t<h4 class=\"fusion-rollover-title\">\n\t\t\t\t\t<a class=\"fusion-rollover-title-link\" href=\"https:\/\/soleum.com\/fr\/produkte\/cabine-de-climat-marin-ellipse\/?portfolioCats=450\">\n\t\t\t\t\t\tBain de vapeur de luxe ELLIPSE\t\t\t\t\t<\/a>\n\t\t\t\t<\/h4>\n\t\t\t\n\t\t\t\t\t\t\t\t\n\t\t\n\t\t\t\t\t\t<a class=\"fusion-link-wrapper\" href=\"https:\/\/soleum.com\/fr\/produkte\/cabine-de-climat-marin-ellipse\/?portfolioCats=450\" aria-label=\"Bain de vapeur de luxe ELLIPSE\"><\/a>\n\t<\/div>\n<\/div>\n<\/div>\n<div class=\"fusion-portfolio-content\" style=\"background-color:rgba(255,255,255,1);\"><h2 class=\"entry-title fusion-post-title\"><a href=\"https:\/\/soleum.com\/fr\/produkte\/cabine-de-climat-marin-ellipse\/?portfolioCats=450\">Bain de vapeur de luxe ELLIPSE<\/a><\/h2><div class=\"fusion-content-sep sep-single sep-dotted\" style=\"border-color:#b9afa1;\"><\/div><div class=\"fusion-post-content\"><p>Le bain de vapeur de luxe ELLIPSE Un bain de vapeur exclusif pour l'ext\u00e9rieur. Un hammam ext\u00e9rieur avec thalassoth\u00e9rapie et chaleur infrarouge !<\/p><\/div><\/div><\/div><\/article><article id=\"portfolio-1-post-2791\" class=\"fusion-portfolio-post nos-modeles fusion-col-spacing post-2791\"><div class=\"fusion-portfolio-content-wrapper\" style=\"border:1px solid #ebeaea;border-bottom-width:3px;background-color:rgba(255,255,255,1);\"><span class=\"vcard rich-snippet-hidden\"><span class=\"fn\"><a href=\"https:\/\/soleum.com\/fr\/author\/soleum\/\" title=\"Articles par soleum\" rel=\"author\">soleum<\/a><\/span><\/span><span class=\"updated rich-snippet-hidden\">2025-12-30T19:02:26+01:00<\/span><div  class=\"fusion-image-wrapper\" aria-haspopup=\"true\">\n\t\t\t\t<img decoding=\"async\" width=\"720\" height=\"720\" src=\"https:\/\/soleum.com\/wp-content\/uploads\/2019\/10\/SOLEUM-EGG.webp\" class=\"attachment-full size-full wp-post-image\" alt=\"Premium Dampfbad SOLEUM EGG\" srcset=\"https:\/\/soleum.com\/wp-content\/uploads\/2019\/10\/SOLEUM-EGG-200x200.jpg 200w, https:\/\/soleum.com\/wp-content\/uploads\/2019\/10\/SOLEUM-EGG-400x400.jpg 400w, https:\/\/soleum.com\/wp-content\/uploads\/2019\/10\/SOLEUM-EGG-600x600.jpg 600w, https:\/\/soleum.com\/wp-content\/uploads\/2019\/10\/SOLEUM-EGG.webp 720w\" sizes=\"(min-width: 2200px) 100vw, (min-width: 852px) 284px, (min-width: 782px) 378px, (min-width: 711px) 567px, (min-width: 640px) 711px, \" title=\"\"><div class=\"fusion-rollover\">\n\t<div class=\"fusion-rollover-content\">\n\n\t\t\t\t\n\t\t\n\t\t\t\t\t\t\t\t\t\t\t\t<h4 class=\"fusion-rollover-title\">\n\t\t\t\t\t<a class=\"fusion-rollover-title-link\" href=\"https:\/\/soleum.com\/fr\/produkte\/cabine-de-climat-marin-egg\/?portfolioCats=450\">\n\t\t\t\t\t\tCabine de climat marin EGG\t\t\t\t\t<\/a>\n\t\t\t\t<\/h4>\n\t\t\t\n\t\t\t\t\t\t\t\t\n\t\t\n\t\t\t\t\t\t<a class=\"fusion-link-wrapper\" href=\"https:\/\/soleum.com\/fr\/produkte\/cabine-de-climat-marin-egg\/?portfolioCats=450\" aria-label=\"Cabine de climat marin EGG\"><\/a>\n\t<\/div>\n<\/div>\n<\/div>\n<div class=\"fusion-portfolio-content\" style=\"background-color:rgba(255,255,255,1);\"><h2 class=\"entry-title fusion-post-title\"><a href=\"https:\/\/soleum.com\/fr\/produkte\/cabine-de-climat-marin-egg\/?portfolioCats=450\">Cabine de climat marin EGG<\/a><\/h2><div class=\"fusion-content-sep sep-single sep-dotted\" style=\"border-color:#b9afa1;\"><\/div><div class=\"fusion-post-content\"><p>Cabine de climat marin EGG : le mod\u00e8le en forme \u00ab\u00a0d'\u0153uf\u00a0\u00bb \u00e9l\u00e9gant ! Une cabine de spa et de soins pour le secteur commercial et priv\u00e9. La forme sp\u00e9ciale extravagante de ce produit en fait un accroche-regard impressionnant sur votre site.<\/p><\/div><\/div><\/div><\/article><article id=\"portfolio-1-post-12514\" class=\"fusion-portfolio-post nos-modeles fusion-col-spacing post-12514\"><div class=\"fusion-portfolio-content-wrapper\" style=\"border:1px solid #ebeaea;border-bottom-width:3px;background-color:rgba(255,255,255,1);\"><span class=\"vcard rich-snippet-hidden\"><span class=\"fn\"><a href=\"https:\/\/soleum.com\/fr\/author\/soleum\/\" title=\"Articles par soleum\" rel=\"author\">soleum<\/a><\/span><\/span><span class=\"updated rich-snippet-hidden\">2023-07-25T08:54:13+02:00<\/span><div  class=\"fusion-image-wrapper\" aria-haspopup=\"true\">\n\t\t\t\t<img decoding=\"async\" width=\"720\" height=\"720\" src=\"https:\/\/soleum.com\/wp-content\/uploads\/2019\/10\/SOLEUM-DESIGN-EGG.webp\" class=\"attachment-full size-full wp-post-image\" alt=\"Premium Dampfbad SOLEUM DESIGN-Egg\" srcset=\"https:\/\/soleum.com\/wp-content\/uploads\/2019\/10\/SOLEUM-DESIGN-EGG-200x200.jpg 200w, https:\/\/soleum.com\/wp-content\/uploads\/2019\/10\/SOLEUM-DESIGN-EGG-400x400.jpg 400w, https:\/\/soleum.com\/wp-content\/uploads\/2019\/10\/SOLEUM-DESIGN-EGG-600x600.jpg 600w, https:\/\/soleum.com\/wp-content\/uploads\/2019\/10\/SOLEUM-DESIGN-EGG.webp 720w\" sizes=\"(min-width: 2200px) 100vw, (min-width: 852px) 284px, (min-width: 782px) 378px, (min-width: 711px) 567px, (min-width: 640px) 711px, \" title=\"\"><div class=\"fusion-rollover\">\n\t<div class=\"fusion-rollover-content\">\n\n\t\t\t\t\n\t\t\n\t\t\t\t\t\t\t\t\t\t\t\t<h4 class=\"fusion-rollover-title\">\n\t\t\t\t\t<a class=\"fusion-rollover-title-link\" href=\"https:\/\/soleum.com\/fr\/produkte\/sicis-design-art-spa\/?portfolioCats=450\">\n\t\t\t\t\t\tSICIS Design Art SPA\t\t\t\t\t<\/a>\n\t\t\t\t<\/h4>\n\t\t\t\n\t\t\t\t\t\t\t\t\n\t\t\n\t\t\t\t\t\t<a class=\"fusion-link-wrapper\" href=\"https:\/\/soleum.com\/fr\/produkte\/sicis-design-art-spa\/?portfolioCats=450\" aria-label=\"SICIS Design Art SPA\"><\/a>\n\t<\/div>\n<\/div>\n<\/div>\n<div class=\"fusion-portfolio-content\" style=\"background-color:rgba(255,255,255,1);\"><h2 class=\"entry-title fusion-post-title\"><a href=\"https:\/\/soleum.com\/fr\/produkte\/sicis-design-art-spa\/?portfolioCats=450\">SICIS Design Art SPA<\/a><\/h2><div class=\"fusion-content-sep sep-single sep-dotted\" style=\"border-color:#b9afa1;\"><\/div><div class=\"fusion-post-content\"><p>La cabine climatique de la mer EGG est d'une \u00e9l\u00e9gance impressionnante dans sa \"forme d'\u0153uf\". La forme extravagante fait de ce produit un accroche-regard impressionnant sur votre site.<\/p><\/div><\/div><\/div><\/article><\/div><\/div><div class=\"fusion-clearfix\"><\/div><\/div><\/div><\/div><\/div>\n","protected":false},"excerpt":{"rendered":"","protected":false},"author":1,"featured_media":2671,"parent":0,"menu_order":0,"comment_status":"closed","ping_status":"closed","template":"100-width.php","meta":{"_exactmetrics_skip_tracking":false,"_exactmetrics_sitenote_active":false,"_exactmetrics_sitenote_note":"","_exactmetrics_sitenote_category":0,"footnotes":""},"class_list":["post-2669","page","type-page","status-publish","has-post-thumbnail","hentry"],"_links":{"self":[{"href":"https:\/\/soleum.com\/fr\/wp-json\/wp\/v2\/pages\/2669","targetHints":{"allow":["GET"]}}],"collection":[{"href":"https:\/\/soleum.com\/fr\/wp-json\/wp\/v2\/pages"}],"about":[{"href":"https:\/\/soleum.com\/fr\/wp-json\/wp\/v2\/types\/page"}],"author":[{"embeddable":true,"href":"https:\/\/soleum.com\/fr\/wp-json\/wp\/v2\/users\/1"}],"replies":[{"embeddable":true,"href":"https:\/\/soleum.com\/fr\/wp-json\/wp\/v2\/comments?post=2669"}],"version-history":[{"count":0,"href":"https:\/\/soleum.com\/fr\/wp-json\/wp\/v2\/pages\/2669\/revisions"}],"wp:featuredmedia":[{"embeddable":true,"href":"https:\/\/soleum.com\/fr\/wp-json\/wp\/v2\/media\/2671"}],"wp:attachment":[{"href":"https:\/\/soleum.com\/fr\/wp-json\/wp\/v2\/media?parent=2669"}],"curies":[{"name":"wp","href":"https:\/\/api.w.org\/{rel}","templated":true}]}}