{"id":2677,"date":"2019-11-22T11:52:39","date_gmt":"2019-11-22T10:52:39","guid":{"rendered":"https:\/\/soleum.com\/caracteristiques-du-spa-sante-climat-mer\/"},"modified":"2019-11-23T15:25:32","modified_gmt":"2019-11-23T14:25:32","slug":"caracteristiques-du-spa-sante-climat-mer","status":"publish","type":"page","link":"https:\/\/soleum.com\/fr\/caracteristiques-du-spa-sante-climat-mer\/","title":{"rendered":"Caract\u00e9ristiques du SPA sant\u00e9 climat mer"},"content":{"rendered":"<div class=\"fusion-fullwidth fullwidth-box fusion-builder-row-1 nonhundred-percent-fullwidth non-hundred-percent-height-scrolling\" style=\"--awb-border-radius-top-left:0px;--awb-border-radius-top-right:0px;--awb-border-radius-bottom-right:0px;--awb-border-radius-bottom-left:0px;--awb-flex-wrap:wrap;\" ><div class=\"fusion-builder-row fusion-row\"><div class=\"fusion-layout-column fusion_builder_column fusion-builder-column-0 fusion_builder_column_1_1 1_1 fusion-one-full fusion-column-first fusion-column-last\" style=\"--awb-bg-size:cover;--awb-margin-top:0px;--awb-margin-bottom:0px;\"><div class=\"fusion-column-wrapper fusion-flex-column-wrapper-legacy\"><style type=\"text\/css\">.fusion-portfolio-wrapper#fusion-portfolio-1 .fusion-portfolio-content{ padding: 30px 30px 30px 30px; text-align: center; }<\/style><div class=\"fusion-recent-works fusion-portfolio-element fusion-portfolio fusion-portfolio-1 fusion-portfolio-grid fusion-portfolio-paging-pagination fusion-portfolio-four fusion-portfolio-boxed fusion-portfolio-text fusion-portfolio-equal-heights fusion-portfolio-rollover\" data-id=\"-rw-1\" data-columns=\"four\"><style type=\"text\/css\">.fusion-portfolio-1 .fusion-portfolio-wrapper .fusion-col-spacing{padding:0px;}<\/style><div class=\"fusion-portfolio-wrapper\" id=\"fusion-portfolio-1\" data-picturesize=\"auto\" data-pages=\"1\" style=\"margin:-0px;\"><article id=\"portfolio-1-post-2682\" class=\"fusion-portfolio-post soleum-health-spa-equipement soleum-meeresklimakabine-produktfeatures-fr fusion-col-spacing post-2682\"><div class=\"fusion-portfolio-content-wrapper\" style=\"border:1px solid #ebeaea;border-bottom-width:3px;background-color:rgba(255,255,255,1);\"><span class=\"vcard rich-snippet-hidden\"><span class=\"fn\"><a href=\"https:\/\/soleum.com\/fr\/author\/soleum\/\" title=\"Articles par soleum\" rel=\"author\">soleum<\/a><\/span><\/span><span class=\"updated rich-snippet-hidden\">2019-11-23T14:27:23+01:00<\/span><div  class=\"fusion-image-wrapper\" aria-haspopup=\"true\">\n\t\t\t\t<img decoding=\"async\" width=\"1000\" height=\"1100\" src=\"https:\/\/soleum.com\/wp-content\/uploads\/2019\/10\/Farblichtstimmung-1.webp\" class=\"attachment-full size-full wp-post-image\" alt=\"Farblichtstimmung\" srcset=\"https:\/\/soleum.com\/wp-content\/uploads\/2019\/10\/Farblichtstimmung-1-200x220.jpg 200w, https:\/\/soleum.com\/wp-content\/uploads\/2019\/10\/Farblichtstimmung-1-400x440.jpg 400w, https:\/\/soleum.com\/wp-content\/uploads\/2019\/10\/Farblichtstimmung-1-600x660.jpg 600w, https:\/\/soleum.com\/wp-content\/uploads\/2019\/10\/Farblichtstimmung-1-800x880.jpg 800w, https:\/\/soleum.com\/wp-content\/uploads\/2019\/10\/Farblichtstimmung-1.webp 1000w\" sizes=\"(min-width: 2200px) 100vw, (min-width: 852px) 293px, (min-width: 782px) 390px, (min-width: 711px) 585px, (min-width: 640px) 711px, \" title=\"\"><div class=\"fusion-rollover\">\n\t<div class=\"fusion-rollover-content\">\n\n\t\t\t\t\n\t\t\n\t\t\t\t\t\t\t\t\t\t\t\t<h4 class=\"fusion-rollover-title\">\n\t\t\t\t\t<a class=\"fusion-rollover-title-link\" href=\"https:\/\/soleum.com\/fr\/produkte\/eclairage-couleur-agreable\/?portfolioCats=407\">\n\t\t\t\t\t\t\u00c9clairage couleur agr\u00e9able\t\t\t\t\t<\/a>\n\t\t\t\t<\/h4>\n\t\t\t\n\t\t\t\t\t\t\t\t\n\t\t\n\t\t\t\t\t\t<a class=\"fusion-link-wrapper\" href=\"https:\/\/soleum.com\/fr\/produkte\/eclairage-couleur-agreable\/?portfolioCats=407\" aria-label=\"\u00c9clairage couleur agr\u00e9able\"><\/a>\n\t<\/div>\n<\/div>\n<\/div>\n<div class=\"fusion-portfolio-content\" style=\"background-color:rgba(255,255,255,1);\"><h2 class=\"entry-title fusion-post-title\"><a href=\"https:\/\/soleum.com\/fr\/produkte\/eclairage-couleur-agreable\/?portfolioCats=407\">\u00c9clairage couleur agr\u00e9able<\/a><\/h2><div class=\"fusion-content-sep sep-single sep-dotted\" style=\"border-color:#b9afa1;\"><\/div><div class=\"fusion-post-content\"><p>La lumi\u00e8re color\u00e9e est \u00e9mise par le plafond de la cabine ainsi que par les dossiers des bancs.\r\nCouleurs fixes ou changement de couleur, ceux-ci peuvent \u00eatre r\u00e9gl\u00e9s individuellement via SMART Control (smartphone \/ tablette \/ navigateur Web).<\/p><\/div><\/div><\/div><\/article><article id=\"portfolio-1-post-2685\" class=\"fusion-portfolio-post soleum-health-spa-equipement fusion-col-spacing post-2685\"><div class=\"fusion-portfolio-content-wrapper\" style=\"border:1px solid #ebeaea;border-bottom-width:3px;background-color:rgba(255,255,255,1);\"><span class=\"vcard rich-snippet-hidden\"><span class=\"fn\"><a href=\"https:\/\/soleum.com\/fr\/author\/soleum\/\" title=\"Articles par soleum\" rel=\"author\">soleum<\/a><\/span><\/span><span class=\"updated rich-snippet-hidden\">2019-11-23T14:27:04+01:00<\/span><div  class=\"fusion-image-wrapper\" aria-haspopup=\"true\">\n\t\t\t\t<img decoding=\"async\" width=\"1000\" height=\"1100\" src=\"https:\/\/soleum.com\/wp-content\/uploads\/2019\/10\/Infrarot-Strahlungsw\u00e4rme.webp\" class=\"attachment-full size-full wp-post-image\" alt=\"Chaleur rayonnante infrarouge\" srcset=\"https:\/\/soleum.com\/wp-content\/uploads\/2019\/10\/Infrarot-Strahlungsw\u00e4rme-200x220.jpg 200w, https:\/\/soleum.com\/wp-content\/uploads\/2019\/10\/Infrarot-Strahlungsw\u00e4rme-400x440.jpg 400w, https:\/\/soleum.com\/wp-content\/uploads\/2019\/10\/Infrarot-Strahlungsw\u00e4rme-600x660.jpg 600w, https:\/\/soleum.com\/wp-content\/uploads\/2019\/10\/Infrarot-Strahlungsw\u00e4rme-800x880.jpg 800w, https:\/\/soleum.com\/wp-content\/uploads\/2019\/10\/Infrarot-Strahlungsw\u00e4rme.webp 1000w\" sizes=\"(min-width: 2200px) 100vw, (min-width: 852px) 293px, (min-width: 782px) 390px, (min-width: 711px) 585px, (min-width: 640px) 711px, \" title=\"\"><div class=\"fusion-rollover\">\n\t<div class=\"fusion-rollover-content\">\n\n\t\t\t\t\n\t\t\n\t\t\t\t\t\t\t\t\t\t\t\t<h4 class=\"fusion-rollover-title\">\n\t\t\t\t\t<a class=\"fusion-rollover-title-link\" href=\"https:\/\/soleum.com\/fr\/produkte\/chaleur-rayonnante-infrarouge\/?portfolioCats=407\">\n\t\t\t\t\t\tChaleur rayonnante infrarouge\t\t\t\t\t<\/a>\n\t\t\t\t<\/h4>\n\t\t\t\n\t\t\t\t\t\t\t\t\n\t\t\n\t\t\t\t\t\t<a class=\"fusion-link-wrapper\" href=\"https:\/\/soleum.com\/fr\/produkte\/chaleur-rayonnante-infrarouge\/?portfolioCats=407\" aria-label=\"Chaleur rayonnante infrarouge\"><\/a>\n\t<\/div>\n<\/div>\n<\/div>\n<div class=\"fusion-portfolio-content\" style=\"background-color:rgba(255,255,255,1);\"><h2 class=\"entry-title fusion-post-title\"><a href=\"https:\/\/soleum.com\/fr\/produkte\/chaleur-rayonnante-infrarouge\/?portfolioCats=407\">Chaleur rayonnante infrarouge<\/a><\/h2><div class=\"fusion-content-sep sep-single sep-dotted\" style=\"border-color:#b9afa1;\"><\/div><div class=\"fusion-post-content\"><p>Une agr\u00e9able chaleur rayonnante est \u00e9mise sur toute la surface de la cabine. Les temp\u00e9ratures de la surface peuvent \u00eatre r\u00e9gl\u00e9es ou modifi\u00e9es \u00e0 tout moment via le Smart Control (touch, smartphone\/tablette\/PC).<\/p><\/div><\/div><\/div><\/article><article id=\"portfolio-1-post-2691\" class=\"fusion-portfolio-post soleum-health-spa-equipement fusion-col-spacing post-2691\"><div class=\"fusion-portfolio-content-wrapper\" style=\"border:1px solid #ebeaea;border-bottom-width:3px;background-color:rgba(255,255,255,1);\"><span class=\"vcard rich-snippet-hidden\"><span class=\"fn\"><a href=\"https:\/\/soleum.com\/fr\/author\/soleum\/\" title=\"Articles par soleum\" rel=\"author\">soleum<\/a><\/span><\/span><span class=\"updated rich-snippet-hidden\">2019-11-23T09:21:07+01:00<\/span><div  class=\"fusion-image-wrapper\" aria-haspopup=\"true\">\n\t\t\t\t<img decoding=\"async\" width=\"1000\" height=\"1100\" src=\"https:\/\/soleum.com\/wp-content\/uploads\/2019\/10\/Smart-Control-sw.webp\" class=\"attachment-full size-full wp-post-image\" alt=\"Smart-Control SOLEUM Health SPA\" srcset=\"https:\/\/soleum.com\/wp-content\/uploads\/2019\/10\/Smart-Control-sw-200x220.jpg 200w, https:\/\/soleum.com\/wp-content\/uploads\/2019\/10\/Smart-Control-sw-400x440.jpg 400w, https:\/\/soleum.com\/wp-content\/uploads\/2019\/10\/Smart-Control-sw-600x660.jpg 600w, https:\/\/soleum.com\/wp-content\/uploads\/2019\/10\/Smart-Control-sw-800x880.jpg 800w, https:\/\/soleum.com\/wp-content\/uploads\/2019\/10\/Smart-Control-sw.webp 1000w\" sizes=\"(min-width: 2200px) 100vw, (min-width: 852px) 293px, (min-width: 782px) 390px, (min-width: 711px) 585px, (min-width: 640px) 711px, \" title=\"\"><div class=\"fusion-rollover\">\n\t<div class=\"fusion-rollover-content\">\n\n\t\t\t\t\n\t\t\n\t\t\t\t\t\t\t\t\t\t\t\t<h4 class=\"fusion-rollover-title\">\n\t\t\t\t\t<a class=\"fusion-rollover-title-link\" href=\"https:\/\/soleum.com\/fr\/produkte\/controle-high-tech-du-spa\/?portfolioCats=407\">\n\t\t\t\t\t\tContr\u00f4le High Tech du SPA\t\t\t\t\t<\/a>\n\t\t\t\t<\/h4>\n\t\t\t\n\t\t\t\t\t\t\t\t\n\t\t\n\t\t\t\t\t\t<a class=\"fusion-link-wrapper\" href=\"https:\/\/soleum.com\/fr\/produkte\/controle-high-tech-du-spa\/?portfolioCats=407\" aria-label=\"Contr\u00f4le High Tech du SPA\"><\/a>\n\t<\/div>\n<\/div>\n<\/div>\n<div class=\"fusion-portfolio-content\" style=\"background-color:rgba(255,255,255,1);\"><h2 class=\"entry-title fusion-post-title\"><a href=\"https:\/\/soleum.com\/fr\/produkte\/controle-high-tech-du-spa\/?portfolioCats=407\">Contr\u00f4le High Tech du SPA<\/a><\/h2><div class=\"fusion-content-sep sep-single sep-dotted\" style=\"border-color:#b9afa1;\"><\/div><div class=\"fusion-post-content\"><p>L'ensemble de la cabine du spa est \u00ab\u00a0smart\u00a0\u00bb et est enti\u00e8rement contr\u00f4l\u00e9e par smartphone, tablette ou navigateur Web. Les temp\u00e9ratures de surface et la consommation d'\u00e9nergie de la cabine peuvent \u00eatre consult\u00e9es \u00e0 tout moment.<\/p><\/div><\/div><\/div><\/article><article id=\"portfolio-1-post-2694\" class=\"fusion-portfolio-post soleum-health-spa-equipement fusion-col-spacing post-2694\"><div class=\"fusion-portfolio-content-wrapper\" style=\"border:1px solid #ebeaea;border-bottom-width:3px;background-color:rgba(255,255,255,1);\"><span class=\"vcard rich-snippet-hidden\"><span class=\"fn\"><a href=\"https:\/\/soleum.com\/fr\/author\/soleum\/\" title=\"Articles par soleum\" rel=\"author\">soleum<\/a><\/span><\/span><span class=\"updated rich-snippet-hidden\">2019-11-23T09:32:31+01:00<\/span><div  class=\"fusion-image-wrapper\" aria-haspopup=\"true\">\n\t\t\t\t<img decoding=\"async\" width=\"498\" height=\"600\" src=\"https:\/\/soleum.com\/wp-content\/uploads\/2019\/10\/Fugenlose-Oberflaeche1.webp\" class=\"attachment-full size-full wp-post-image\" alt=\"Surface sans joints\" srcset=\"https:\/\/soleum.com\/wp-content\/uploads\/2019\/10\/Fugenlose-Oberflaeche1-200x241.jpg 200w, https:\/\/soleum.com\/wp-content\/uploads\/2019\/10\/Fugenlose-Oberflaeche1-400x482.jpg 400w, https:\/\/soleum.com\/wp-content\/uploads\/2019\/10\/Fugenlose-Oberflaeche1.webp 498w\" sizes=\"(min-width: 2200px) 100vw, (min-width: 852px) 293px, (min-width: 782px) 390px, (min-width: 711px) 585px, (min-width: 640px) 711px, \" title=\"\"><div class=\"fusion-rollover\">\n\t<div class=\"fusion-rollover-content\">\n\n\t\t\t\t\n\t\t\n\t\t\t\t\t\t\t\t\t\t\t\t<h4 class=\"fusion-rollover-title\">\n\t\t\t\t\t<a class=\"fusion-rollover-title-link\" href=\"https:\/\/soleum.com\/fr\/produkte\/surface-sans-joints\/?portfolioCats=407\">\n\t\t\t\t\t\tSurface sans joints\t\t\t\t\t<\/a>\n\t\t\t\t<\/h4>\n\t\t\t\n\t\t\t\t\t\t\t\t\n\t\t\n\t\t\t\t\t\t<a class=\"fusion-link-wrapper\" href=\"https:\/\/soleum.com\/fr\/produkte\/surface-sans-joints\/?portfolioCats=407\" aria-label=\"Surface sans joints\"><\/a>\n\t<\/div>\n<\/div>\n<\/div>\n<div class=\"fusion-portfolio-content\" style=\"background-color:rgba(255,255,255,1);\"><h2 class=\"entry-title fusion-post-title\"><a href=\"https:\/\/soleum.com\/fr\/produkte\/surface-sans-joints\/?portfolioCats=407\">Surface sans joints<\/a><\/h2><div class=\"fusion-content-sep sep-single sep-dotted\" style=\"border-color:#b9afa1;\"><\/div><div class=\"fusion-post-content\"><p>Le rev\u00eatement de la surface sans joints du SOLEUM est un micro-ciment que vous pouvez choisir en 26 couleurs diff\u00e9rentes (couleur int\u00e9rieure et couleur ext\u00e9rieure). Le look est minimaliste, moderne et \u00e9l\u00e9gant. Le mat\u00e9riau est extr\u00eamement r\u00e9sistant aux influences climatiques et \u00e0 l'usure et facile \u00e0 nettoyer.<\/p><\/div><\/div><\/div><\/article><article id=\"portfolio-1-post-2730\" class=\"fusion-portfolio-post soleum-health-spa-equipement soleum-meeresklimakabine-produktfeatures-fr fusion-col-spacing post-2730\"><div class=\"fusion-portfolio-content-wrapper\" style=\"border:1px solid #ebeaea;border-bottom-width:3px;background-color:rgba(255,255,255,1);\"><span class=\"vcard rich-snippet-hidden\"><span class=\"fn\"><a href=\"https:\/\/soleum.com\/fr\/author\/soleum\/\" title=\"Articles par soleum\" rel=\"author\">soleum<\/a><\/span><\/span><span class=\"updated rich-snippet-hidden\">2020-09-27T13:47:11+02:00<\/span><div  class=\"fusion-image-wrapper\" aria-haspopup=\"true\">\n\t\t\t\t<img decoding=\"async\" width=\"1000\" height=\"1100\" src=\"https:\/\/soleum.com\/wp-content\/uploads\/2016\/08\/dampfbad.webp\" class=\"attachment-full size-full wp-post-image\" alt=\"Bain de vapeur ext\u00e9rieur et cabine d&#039;inhalation\" srcset=\"https:\/\/soleum.com\/wp-content\/uploads\/2016\/08\/dampfbad-200x220.jpg 200w, https:\/\/soleum.com\/wp-content\/uploads\/2016\/08\/dampfbad-400x440.jpg 400w, https:\/\/soleum.com\/wp-content\/uploads\/2016\/08\/dampfbad-600x660.jpg 600w, https:\/\/soleum.com\/wp-content\/uploads\/2016\/08\/dampfbad-800x880.jpg 800w, https:\/\/soleum.com\/wp-content\/uploads\/2016\/08\/dampfbad.webp 1000w\" sizes=\"(min-width: 2200px) 100vw, (min-width: 852px) 293px, (min-width: 782px) 390px, (min-width: 711px) 585px, (min-width: 640px) 711px, \" title=\"\"><div class=\"fusion-rollover\">\n\t<div class=\"fusion-rollover-content\">\n\n\t\t\t\t\n\t\t\n\t\t\t\t\t\t\t\t\t\t\t\t<h4 class=\"fusion-rollover-title\">\n\t\t\t\t\t<a class=\"fusion-rollover-title-link\" href=\"https:\/\/soleum.com\/fr\/produkte\/bain-de-vapeur\/?portfolioCats=407\">\n\t\t\t\t\t\tBain de vapeur\t\t\t\t\t<\/a>\n\t\t\t\t<\/h4>\n\t\t\t\n\t\t\t\t\t\t\t\t\n\t\t\n\t\t\t\t\t\t<a class=\"fusion-link-wrapper\" href=\"https:\/\/soleum.com\/fr\/produkte\/bain-de-vapeur\/?portfolioCats=407\" aria-label=\"Bain de vapeur\"><\/a>\n\t<\/div>\n<\/div>\n<\/div>\n<div class=\"fusion-portfolio-content\" style=\"background-color:rgba(255,255,255,1);\"><h2 class=\"entry-title fusion-post-title\"><a href=\"https:\/\/soleum.com\/fr\/produkte\/bain-de-vapeur\/?portfolioCats=407\">Bain de vapeur<\/a><\/h2><div class=\"fusion-content-sep sep-single sep-dotted\" style=\"border-color:#b9afa1;\"><\/div><div class=\"fusion-post-content\"><p>Si vous avez la possibilit\u00e9 de placer le g\u00e9n\u00e9rateur de vapeur \u00e0 l'abri du gel, vous pouvez \u00e9galement introduire de la vapeur surchauff\u00e9e dans votre SOLEUM Outdoor SPA.<\/p><\/div><\/div><\/div><\/article><article id=\"portfolio-1-post-2733\" class=\"fusion-portfolio-post soleum-health-spa-equipement fusion-col-spacing post-2733\"><div class=\"fusion-portfolio-content-wrapper\" style=\"border:1px solid #ebeaea;border-bottom-width:3px;background-color:rgba(255,255,255,1);\"><span class=\"vcard rich-snippet-hidden\"><span class=\"fn\"><a href=\"https:\/\/soleum.com\/fr\/author\/soleum\/\" title=\"Articles par soleum\" rel=\"author\">soleum<\/a><\/span><\/span><span class=\"updated rich-snippet-hidden\">2019-11-23T09:52:28+01:00<\/span><div  class=\"fusion-image-wrapper\" aria-haspopup=\"true\">\n\t\t\t\t<img decoding=\"async\" width=\"600\" height=\"660\" src=\"https:\/\/soleum.com\/wp-content\/uploads\/2019\/10\/trockensalzinhalation-halotherapie-e1571864173646.webp\" class=\"attachment-full size-full wp-post-image\" alt=\"Inhalation de sel sec (haloth\u00e9rapie)\" title=\"\"><div class=\"fusion-rollover\">\n\t<div class=\"fusion-rollover-content\">\n\n\t\t\t\t\n\t\t\n\t\t\t\t\t\t\t\t\t\t\t\t<h4 class=\"fusion-rollover-title\">\n\t\t\t\t\t<a class=\"fusion-rollover-title-link\" href=\"https:\/\/soleum.com\/fr\/produkte\/inhalation-de-sel-sec-halotherapie\/?portfolioCats=407\">\n\t\t\t\t\t\tInhalation de sel sec (haloth\u00e9rapie)\t\t\t\t\t<\/a>\n\t\t\t\t<\/h4>\n\t\t\t\n\t\t\t\t\t\t\t\t\n\t\t\n\t\t\t\t\t\t<a class=\"fusion-link-wrapper\" href=\"https:\/\/soleum.com\/fr\/produkte\/inhalation-de-sel-sec-halotherapie\/?portfolioCats=407\" aria-label=\"Inhalation de sel sec (haloth\u00e9rapie)\"><\/a>\n\t<\/div>\n<\/div>\n<\/div>\n<div class=\"fusion-portfolio-content\" style=\"background-color:rgba(255,255,255,1);\"><h2 class=\"entry-title fusion-post-title\"><a href=\"https:\/\/soleum.com\/fr\/produkte\/inhalation-de-sel-sec-halotherapie\/?portfolioCats=407\">Inhalation de sel sec (haloth\u00e9rapie)<\/a><\/h2><div class=\"fusion-content-sep sep-single sep-dotted\" style=\"border-color:#b9afa1;\"><\/div><div class=\"fusion-post-content\"><p>Sous forme s\u00e8che, le sel a le plus fort effet curatif sur le syst\u00e8me respiratoire et la peau. Des particules de sel microscopiquement fines sont souffl\u00e9es dans le SOLEUM\u00ae Health SPA \u00e0 l'aide d'une technique brevet\u00e9e.\r\n\r\n<\/p><\/div><\/div><\/div><\/article><article id=\"portfolio-1-post-2738\" class=\"fusion-portfolio-post soleum-health-spa-equipement fusion-col-spacing post-2738\"><div class=\"fusion-portfolio-content-wrapper\" style=\"border:1px solid #ebeaea;border-bottom-width:3px;background-color:rgba(255,255,255,1);\"><span class=\"vcard rich-snippet-hidden\"><span class=\"fn\"><a href=\"https:\/\/soleum.com\/fr\/author\/soleum\/\" title=\"Articles par soleum\" rel=\"author\">soleum<\/a><\/span><\/span><span class=\"updated rich-snippet-hidden\">2019-11-23T15:00:13+01:00<\/span><div  class=\"fusion-image-wrapper\" aria-haspopup=\"true\">\n\t\t\t\t<img decoding=\"async\" width=\"1000\" height=\"1100\" src=\"https:\/\/soleum.com\/wp-content\/uploads\/2019\/10\/Soleinhalation.webp\" class=\"attachment-full size-full wp-post-image\" alt=\"\" srcset=\"https:\/\/soleum.com\/wp-content\/uploads\/2019\/10\/Soleinhalation-200x220.jpg 200w, https:\/\/soleum.com\/wp-content\/uploads\/2019\/10\/Soleinhalation-400x440.jpg 400w, https:\/\/soleum.com\/wp-content\/uploads\/2019\/10\/Soleinhalation-600x660.jpg 600w, https:\/\/soleum.com\/wp-content\/uploads\/2019\/10\/Soleinhalation-800x880.jpg 800w, https:\/\/soleum.com\/wp-content\/uploads\/2019\/10\/Soleinhalation.webp 1000w\" sizes=\"(min-width: 2200px) 100vw, (min-width: 852px) 293px, (min-width: 782px) 390px, (min-width: 711px) 585px, (min-width: 640px) 711px, \" title=\"\"><div class=\"fusion-rollover\">\n\t<div class=\"fusion-rollover-content\">\n\n\t\t\t\t\n\t\t\n\t\t\t\t\t\t\t\t\t\t\t\t<h4 class=\"fusion-rollover-title\">\n\t\t\t\t\t<a class=\"fusion-rollover-title-link\" href=\"https:\/\/soleum.com\/fr\/produkte\/inhalation-de-vapeur-saline-humide\/?portfolioCats=407\">\n\t\t\t\t\t\tInhalation de vapeur saline humide\t\t\t\t\t<\/a>\n\t\t\t\t<\/h4>\n\t\t\t\n\t\t\t\t\t\t\t\t\n\t\t\n\t\t\t\t\t\t<a class=\"fusion-link-wrapper\" href=\"https:\/\/soleum.com\/fr\/produkte\/inhalation-de-vapeur-saline-humide\/?portfolioCats=407\" aria-label=\"Inhalation de vapeur saline humide\"><\/a>\n\t<\/div>\n<\/div>\n<\/div>\n<div class=\"fusion-portfolio-content\" style=\"background-color:rgba(255,255,255,1);\"><h2 class=\"entry-title fusion-post-title\"><a href=\"https:\/\/soleum.com\/fr\/produkte\/inhalation-de-vapeur-saline-humide\/?portfolioCats=407\">Inhalation de vapeur saline humide<\/a><\/h2><div class=\"fusion-content-sep sep-single sep-dotted\" style=\"border-color:#b9afa1;\"><\/div><div class=\"fusion-post-content\"><p>Inhalation de vapeur saline humide \u2013 Thalasso \u2013 Brouillard salin fin dans toute la cabine. La saumure la plus fine, dilu\u00e9e et non-iod\u00e9e est pulv\u00e9ris\u00e9e dans Soleum\u00ae.<\/p><\/div><\/div><\/div><\/article><article id=\"portfolio-1-post-2741\" class=\"fusion-portfolio-post soleum-health-spa-equipement fusion-col-spacing post-2741\"><div class=\"fusion-portfolio-content-wrapper\" style=\"border:1px solid #ebeaea;border-bottom-width:3px;background-color:rgba(255,255,255,1);\"><span class=\"vcard rich-snippet-hidden\"><span class=\"fn\"><a href=\"https:\/\/soleum.com\/fr\/author\/soleum\/\" title=\"Articles par soleum\" rel=\"author\">soleum<\/a><\/span><\/span><span class=\"updated rich-snippet-hidden\">2019-11-23T10:13:35+01:00<\/span><div  class=\"fusion-image-wrapper\" aria-haspopup=\"true\">\n\t\t\t\t<img decoding=\"async\" width=\"600\" height=\"660\" src=\"https:\/\/soleum.com\/wp-content\/uploads\/2019\/10\/teedarium-600.webp\" class=\"attachment-full size-full wp-post-image\" alt=\"Inhalation de th\u00e9 dans le TEEDARIUM\u00ae\" srcset=\"https:\/\/soleum.com\/wp-content\/uploads\/2019\/10\/teedarium-600-200x220.jpg 200w, https:\/\/soleum.com\/wp-content\/uploads\/2019\/10\/teedarium-600-400x440.jpg 400w, https:\/\/soleum.com\/wp-content\/uploads\/2019\/10\/teedarium-600.webp 600w\" sizes=\"(min-width: 2200px) 100vw, (min-width: 852px) 293px, (min-width: 782px) 390px, (min-width: 711px) 585px, (min-width: 640px) 711px, \" title=\"\"><div class=\"fusion-rollover\">\n\t<div class=\"fusion-rollover-content\">\n\n\t\t\t\t\n\t\t\n\t\t\t\t\t\t\t\t\t\t\t\t<h4 class=\"fusion-rollover-title\">\n\t\t\t\t\t<a class=\"fusion-rollover-title-link\" href=\"https:\/\/soleum.com\/fr\/produkte\/inhalation-de-the-dans-le-teedarium\/?portfolioCats=407\">\n\t\t\t\t\t\tInhalation de th\u00e9 dans le TEEDARIUM\u00ae\t\t\t\t\t<\/a>\n\t\t\t\t<\/h4>\n\t\t\t\n\t\t\t\t\t\t\t\t\n\t\t\n\t\t\t\t\t\t<a class=\"fusion-link-wrapper\" href=\"https:\/\/soleum.com\/fr\/produkte\/inhalation-de-the-dans-le-teedarium\/?portfolioCats=407\" aria-label=\"Inhalation de th\u00e9 dans le TEEDARIUM\u00ae\"><\/a>\n\t<\/div>\n<\/div>\n<\/div>\n<div class=\"fusion-portfolio-content\" style=\"background-color:rgba(255,255,255,1);\"><h2 class=\"entry-title fusion-post-title\"><a href=\"https:\/\/soleum.com\/fr\/produkte\/inhalation-de-the-dans-le-teedarium\/?portfolioCats=407\">Inhalation de th\u00e9 dans le TEEDARIUM\u00ae<\/a><\/h2><div class=\"fusion-content-sep sep-single sep-dotted\" style=\"border-color:#b9afa1;\"><\/div><div class=\"fusion-post-content\"><p>Inhalation de th\u00e9 dans le TEEDARIUM\u00ae -Cabine d\u2019inhalation de th\u00e9. \r\nTout le monde conna\u00eet le rituel \u00ab\u00a0visage au-dessus du bol et serviette sur la t\u00eate\u00a0\u00bb. Gr\u00e2ce \u00e0 la technologie d'inhalation du SOLEUM Health SPA, le th\u00e9 est atomis\u00e9 tr\u00e8s finement et tr\u00e8s rapidement. La brume de th\u00e9 couvre l\u2019enti\u00e8ret\u00e9 de la cabine.<\/p><\/div><\/div><\/div><\/article><\/div><\/div><div class=\"fusion-clearfix\"><\/div><\/div><\/div><\/div><\/div>\n","protected":false},"excerpt":{"rendered":"","protected":false},"author":1,"featured_media":2678,"parent":0,"menu_order":0,"comment_status":"closed","ping_status":"closed","template":"","meta":{"_exactmetrics_skip_tracking":false,"_exactmetrics_sitenote_active":false,"_exactmetrics_sitenote_note":"","_exactmetrics_sitenote_category":0,"footnotes":""},"class_list":["post-2677","page","type-page","status-publish","has-post-thumbnail","hentry"],"_links":{"self":[{"href":"https:\/\/soleum.com\/fr\/wp-json\/wp\/v2\/pages\/2677","targetHints":{"allow":["GET"]}}],"collection":[{"href":"https:\/\/soleum.com\/fr\/wp-json\/wp\/v2\/pages"}],"about":[{"href":"https:\/\/soleum.com\/fr\/wp-json\/wp\/v2\/types\/page"}],"author":[{"embeddable":true,"href":"https:\/\/soleum.com\/fr\/wp-json\/wp\/v2\/users\/1"}],"replies":[{"embeddable":true,"href":"https:\/\/soleum.com\/fr\/wp-json\/wp\/v2\/comments?post=2677"}],"version-history":[{"count":0,"href":"https:\/\/soleum.com\/fr\/wp-json\/wp\/v2\/pages\/2677\/revisions"}],"wp:featuredmedia":[{"embeddable":true,"href":"https:\/\/soleum.com\/fr\/wp-json\/wp\/v2\/media\/2678"}],"wp:attachment":[{"href":"https:\/\/soleum.com\/fr\/wp-json\/wp\/v2\/media?parent=2677"}],"curies":[{"name":"wp","href":"https:\/\/api.w.org\/{rel}","templated":true}]}}