{"id":16714,"date":"2024-11-14T08:17:45","date_gmt":"2024-11-14T07:17:45","guid":{"rendered":"https:\/\/soleum.com\/cjenik-vanjskih-parnih-kupelji\/"},"modified":"2024-11-14T08:17:46","modified_gmt":"2024-11-14T07:17:46","slug":"cjenik-vanjskih-parnih-kupelji","status":"publish","type":"page","link":"https:\/\/soleum.com\/hr\/cjenik-vanjskih-parnih-kupelji\/","title":{"rendered":"Cjenik vanjskih parnih kupelji"},"content":{"rendered":"<div class=\"fusion-fullwidth fullwidth-box fusion-builder-row-1 fusion-flex-container nonhundred-percent-fullwidth non-hundred-percent-height-scrolling\" style=\"--awb-border-radius-top-left:0px;--awb-border-radius-top-right:0px;--awb-border-radius-bottom-right:0px;--awb-border-radius-bottom-left:0px;--awb-flex-wrap:wrap;\" ><div class=\"fusion-builder-row fusion-row fusion-flex-align-items-flex-start fusion-flex-content-wrap\" style=\"max-width:1216.8px;margin-left: calc(-4% \/ 2 );margin-right: calc(-4% \/ 2 );\"><div class=\"fusion-layout-column fusion_builder_column fusion-builder-column-0 fusion_builder_column_1_1 1_1 fusion-flex-column\" style=\"--awb-bg-size:cover;--awb-width-large:100%;--awb-margin-top-large:0px;--awb-spacing-right-large:1.92%;--awb-margin-bottom-large:0px;--awb-spacing-left-large:1.92%;--awb-width-medium:100%;--awb-spacing-right-medium:1.92%;--awb-spacing-left-medium:1.92%;--awb-width-small:100%;--awb-spacing-right-small:1.92%;--awb-spacing-left-small:1.92%;\"><div class=\"fusion-column-wrapper fusion-flex-justify-content-flex-start fusion-content-layout-column\"><div class=\"fusion-text fusion-text-1\"><h1>Cjenik vanjskih parnih kupelji<\/h1>\n<h2>Luksuz u vrtu ili uz bazen.<\/h2>\n<p>U nastavku \u0107ete prona\u0107i aktualne cijene za ekskluzivne vanjske parne kupelji u PDF-u za preuzimanje.<\/p>\n<\/div><div class=\"fusion-text fusion-text-2\"><h2>Ru\u010dno ra\u0111eni luksuz iz tvornice SOLEUM u Austriji<\/h2>\n<p>Mnogi sati fine izrade i visokokvalitetna tehnologija stvaraju proizvod koji impresionira ne samo vizualno, ve\u0107 i cjelokupnom funkcijom.<\/p>\n<p>Za razliku od luksuznog automobila koji silazi s proizvodne trake u vrlo kratkom vremenu, nama su potrebni mjeseci da proizvedemo na\u0161e kabine do zavr\u0161etka.<\/p>\n<p><strong>Mnogi radni koraci<\/strong>, <strong>razni zanati<\/strong> (staklari, kerami\u010dari, elektri\u010dari, programeri, stolari, vodoinstalateri) kao i <strong>vremena su\u0161enja<\/strong> odre\u0111uju vrijeme isporuke.<\/p>\n<p><strong>Ekskluzivni dizajn plo\u010dica<\/strong> prema zahtjevima kupaca uzima se u obzir za svaku kabinu. To zna\u010di da svaka kabina mo\u017ee biti jedinstvena za kupca.<\/p>\n<p>Koristimo najkvalitetniji vanjski premaz trenutno dostupan na tr\u017ei\u0161tu. Vanjska fasada kabine izra\u0111ena je od visokokvalitetnih, izdr\u017eljivih Fundermax fasadnih plo\u010da. Paneli su savr\u0161eno pode\u0161eni pomo\u0107u najnovijih CNC glodalica.<\/p>\n<p>Kabina je <strong>pametna<\/strong>, \u0161to zna\u010di da se njome mo\u017ee upravljati s udaljenosti pomo\u0107u mobilnog telefona ili tableta. <\/strong><\/p>\n<p><strong>Luksuzne plo\u010dice<\/strong>postavljene su epoksidnim ljepilom i <strong>epoksidnom fugom u skladu s bojama<\/strong>.<\/p>\n<p>U kabini \u0107ete u\u017eivati:<\/p>\n<ul>\n<li>Parna kupelj<\/li>\n<li>Infracrveno grijanje (cijela kabina je tepidarij)<\/li>\n<li>Inhalacija salamurom (talasoterapija)<\/li>\n<li>Glazba<\/li>\n<li>Svjetlo u boji<\/li>\n<\/ul>\n<p>dostupno po izboru: vidi pribor u cjeniku (OPCIJE)<\/p>\n<\/div><div class=\"fusion-separator fusion-full-width-sep\" style=\"align-self: center;margin-left: auto;margin-right: auto;margin-top:50px;margin-bottom:100px;width:100%;\"><div class=\"fusion-separator-border sep-double sep-solid\" style=\"--awb-height:20px;--awb-amount:20px;border-color:#b9afa1;border-top-width:1px;border-bottom-width:1px;\"><\/div><\/div><div class=\"fusion-text fusion-text-3\"><p><a href=\"https:\/\/soleum.com\/wp-content\/uploads\/2024\/11\/PREISLISTE-AUSSENDAMPFBAEDER_2024-DE.pdf\">Preisliste Luxus-Aussendampfb\u00e4der 2024 , DEUTSCH, exklusive MWSt.<\/a><\/p>\n<p><a href=\"https:\/\/soleum.com\/wp-content\/uploads\/2024\/11\/PRICELIST-OUTDOOR-SPA-EN_2024.pdf\">Price List Luxury Outdoor-Steam-SPA 2024, ENGLISH, excl. VAT<\/a><\/p>\n<p><a href=\"https:\/\/soleum.com\/wp-content\/uploads\/2024\/11\/Abmessungen_Dimensions_OMEGA_EGG_ELLIPSE.pdf\">Abmessungen \/ Dimensions DE \/ EN<\/a><\/p>\n<\/div><\/div><\/div><\/div><\/div>\n","protected":false},"excerpt":{"rendered":"","protected":false},"author":1,"featured_media":16368,"parent":0,"menu_order":0,"comment_status":"closed","ping_status":"closed","template":"","meta":{"_exactmetrics_skip_tracking":false,"_exactmetrics_sitenote_active":false,"_exactmetrics_sitenote_note":"","_exactmetrics_sitenote_category":0,"footnotes":""},"class_list":["post-16714","page","type-page","status-publish","has-post-thumbnail","hentry"],"_links":{"self":[{"href":"https:\/\/soleum.com\/hr\/wp-json\/wp\/v2\/pages\/16714","targetHints":{"allow":["GET"]}}],"collection":[{"href":"https:\/\/soleum.com\/hr\/wp-json\/wp\/v2\/pages"}],"about":[{"href":"https:\/\/soleum.com\/hr\/wp-json\/wp\/v2\/types\/page"}],"author":[{"embeddable":true,"href":"https:\/\/soleum.com\/hr\/wp-json\/wp\/v2\/users\/1"}],"replies":[{"embeddable":true,"href":"https:\/\/soleum.com\/hr\/wp-json\/wp\/v2\/comments?post=16714"}],"version-history":[{"count":0,"href":"https:\/\/soleum.com\/hr\/wp-json\/wp\/v2\/pages\/16714\/revisions"}],"wp:featuredmedia":[{"embeddable":true,"href":"https:\/\/soleum.com\/hr\/wp-json\/wp\/v2\/media\/16368"}],"wp:attachment":[{"href":"https:\/\/soleum.com\/hr\/wp-json\/wp\/v2\/media?parent=16714"}],"curies":[{"name":"wp","href":"https:\/\/api.w.org\/{rel}","templated":true}]}}