{"id":3799,"date":"2019-12-16T12:08:06","date_gmt":"2019-12-16T11:08:06","guid":{"rendered":"https:\/\/soleum.com\/znacajke-proizvoda-soleum-morska-komora\/"},"modified":"2019-12-16T12:19:29","modified_gmt":"2019-12-16T11:19:29","slug":"znacajke-proizvoda-soleum-morska-komora","status":"publish","type":"page","link":"https:\/\/soleum.com\/hr\/znacajke-proizvoda-soleum-morska-komora\/","title":{"rendered":"Zna\u010dajke proizvoda SOLEUM Morska Komora"},"content":{"rendered":"<div class=\"fusion-fullwidth fullwidth-box fusion-builder-row-1 nonhundred-percent-fullwidth non-hundred-percent-height-scrolling\" style=\"--awb-border-radius-top-left:0px;--awb-border-radius-top-right:0px;--awb-border-radius-bottom-right:0px;--awb-border-radius-bottom-left:0px;--awb-flex-wrap:wrap;\" ><div class=\"fusion-builder-row fusion-row\"><div class=\"fusion-layout-column fusion_builder_column fusion-builder-column-0 fusion_builder_column_1_1 1_1 fusion-one-full fusion-column-first fusion-column-last\" style=\"--awb-bg-size:cover;--awb-margin-top:0px;--awb-margin-bottom:0px;\"><div class=\"fusion-column-wrapper fusion-flex-column-wrapper-legacy\"><style type=\"text\/css\">.fusion-portfolio-wrapper#fusion-portfolio-1 .fusion-portfolio-content{ padding: 30px 30px 30px 30px; text-align: center; }<\/style><div class=\"fusion-recent-works fusion-portfolio-element fusion-portfolio fusion-portfolio-1 fusion-portfolio-grid fusion-portfolio-paging-pagination fusion-portfolio-four fusion-portfolio-boxed fusion-portfolio-text fusion-portfolio-equal-heights fusion-portfolio-rollover\" data-id=\"-rw-1\" data-columns=\"four\"><style type=\"text\/css\">.fusion-portfolio-1 .fusion-portfolio-wrapper .fusion-col-spacing{padding:0px;}<\/style><div class=\"fusion-portfolio-wrapper\" id=\"fusion-portfolio-1\" data-picturesize=\"auto\" data-pages=\"1\" style=\"margin:-0px;\"><article id=\"portfolio-1-post-3636\" class=\"fusion-portfolio-post znacajke-proizvoda fusion-col-spacing post-3636\"><div class=\"fusion-portfolio-content-wrapper\" style=\"border:1px solid #ebeaea;border-bottom-width:3px;background-color:rgba(255,255,255,1);\"><span class=\"vcard rich-snippet-hidden\"><span class=\"fn\"><a href=\"https:\/\/soleum.com\/hr\/author\/soleum\/\" title=\"Objave od: soleum\" rel=\"author\">soleum<\/a><\/span><\/span><span class=\"updated rich-snippet-hidden\">2019-12-15T18:55:32+01:00<\/span><div  class=\"fusion-image-wrapper\" aria-haspopup=\"true\">\n\t\t\t\t<img decoding=\"async\" width=\"1000\" height=\"1100\" src=\"https:\/\/soleum.com\/wp-content\/uploads\/2019\/10\/Smart-Control-sw.webp\" class=\"attachment-full size-full wp-post-image\" alt=\"Smart-Control SOLEUM Health SPA\" srcset=\"https:\/\/soleum.com\/wp-content\/uploads\/2019\/10\/Smart-Control-sw-200x220.jpg 200w, https:\/\/soleum.com\/wp-content\/uploads\/2019\/10\/Smart-Control-sw-400x440.jpg 400w, https:\/\/soleum.com\/wp-content\/uploads\/2019\/10\/Smart-Control-sw-600x660.jpg 600w, https:\/\/soleum.com\/wp-content\/uploads\/2019\/10\/Smart-Control-sw-800x880.jpg 800w, https:\/\/soleum.com\/wp-content\/uploads\/2019\/10\/Smart-Control-sw.webp 1000w\" sizes=\"(min-width: 2200px) 100vw, (min-width: 852px) 293px, (min-width: 782px) 390px, (min-width: 711px) 585px, (min-width: 640px) 711px, \" title=\"\"><div class=\"fusion-rollover\">\n\t<div class=\"fusion-rollover-content\">\n\n\t\t\t\t\n\t\t\n\t\t\t\t\t\t\t\t\t\t\t\t<h4 class=\"fusion-rollover-title\">\n\t\t\t\t\t<a class=\"fusion-rollover-title-link\" href=\"https:\/\/soleum.com\/hr\/produkte\/smart-kontrola-visoka-tehnologija-spa-upravljanja\/?portfolioCats=731\">\n\t\t\t\t\t\tSMART kontrola &#8211; visoka tehnologija SPA upravljanja\t\t\t\t\t<\/a>\n\t\t\t\t<\/h4>\n\t\t\t\n\t\t\t\t\t\t\t\t\n\t\t\n\t\t\t\t\t\t<a class=\"fusion-link-wrapper\" href=\"https:\/\/soleum.com\/hr\/produkte\/smart-kontrola-visoka-tehnologija-spa-upravljanja\/?portfolioCats=731\" aria-label=\"SMART kontrola &#8211; visoka tehnologija SPA upravljanja\"><\/a>\n\t<\/div>\n<\/div>\n<\/div>\n<div class=\"fusion-portfolio-content\" style=\"background-color:rgba(255,255,255,1);\"><h2 class=\"entry-title fusion-post-title\"><a href=\"https:\/\/soleum.com\/hr\/produkte\/smart-kontrola-visoka-tehnologija-spa-upravljanja\/?portfolioCats=731\">SMART kontrola &#8211; visoka tehnologija SPA upravljanja<\/a><\/h2><div class=\"fusion-content-sep sep-single sep-dotted\" style=\"border-color:#b9afa1;\"><\/div><div class=\"fusion-post-content\"><p>\u010citava spa kabina je \u201epametna\u201c i u potpunosti se kontrolira putem pametnog telefona, tableta ili web preglednika. Povr\u0161inske temperature i potro\u0161nja energije u kabini mogu se provjeriti u bilo kojem trenutku.<\/p><\/div><\/div><\/div><\/article><article id=\"portfolio-1-post-3639\" class=\"fusion-portfolio-post morska-komora-znacajke-proizvoda znacajke-proizvoda fusion-col-spacing post-3639\"><div class=\"fusion-portfolio-content-wrapper\" style=\"border:1px solid #ebeaea;border-bottom-width:3px;background-color:rgba(255,255,255,1);\"><span class=\"vcard rich-snippet-hidden\"><span class=\"fn\"><a href=\"https:\/\/soleum.com\/hr\/author\/soleum\/\" title=\"Objave od: soleum\" rel=\"author\">soleum<\/a><\/span><\/span><span class=\"updated rich-snippet-hidden\">2020-09-27T13:54:08+02:00<\/span><div  class=\"fusion-image-wrapper\" aria-haspopup=\"true\">\n\t\t\t\t<img decoding=\"async\" width=\"1000\" height=\"1100\" src=\"https:\/\/soleum.com\/wp-content\/uploads\/2016\/08\/dampfbad.webp\" class=\"attachment-full size-full wp-post-image\" alt=\"Parna kupelj i kabina za inhalaciju na otvorenom\" srcset=\"https:\/\/soleum.com\/wp-content\/uploads\/2016\/08\/dampfbad-200x220.jpg 200w, https:\/\/soleum.com\/wp-content\/uploads\/2016\/08\/dampfbad-400x440.jpg 400w, https:\/\/soleum.com\/wp-content\/uploads\/2016\/08\/dampfbad-600x660.jpg 600w, https:\/\/soleum.com\/wp-content\/uploads\/2016\/08\/dampfbad-800x880.jpg 800w, https:\/\/soleum.com\/wp-content\/uploads\/2016\/08\/dampfbad.webp 1000w\" sizes=\"(min-width: 2200px) 100vw, (min-width: 852px) 293px, (min-width: 782px) 390px, (min-width: 711px) 585px, (min-width: 640px) 711px, \" title=\"\"><div class=\"fusion-rollover\">\n\t<div class=\"fusion-rollover-content\">\n\n\t\t\t\t\n\t\t\n\t\t\t\t\t\t\t\t\t\t\t\t<h4 class=\"fusion-rollover-title\">\n\t\t\t\t\t<a class=\"fusion-rollover-title-link\" href=\"https:\/\/soleum.com\/hr\/produkte\/parna-kupelj\/?portfolioCats=731\">\n\t\t\t\t\t\tParna kupelj\t\t\t\t\t<\/a>\n\t\t\t\t<\/h4>\n\t\t\t\n\t\t\t\t\t\t\t\t\n\t\t\n\t\t\t\t\t\t<a class=\"fusion-link-wrapper\" href=\"https:\/\/soleum.com\/hr\/produkte\/parna-kupelj\/?portfolioCats=731\" aria-label=\"Parna kupelj\"><\/a>\n\t<\/div>\n<\/div>\n<\/div>\n<div class=\"fusion-portfolio-content\" style=\"background-color:rgba(255,255,255,1);\"><h2 class=\"entry-title fusion-post-title\"><a href=\"https:\/\/soleum.com\/hr\/produkte\/parna-kupelj\/?portfolioCats=731\">Parna kupelj<\/a><\/h2><div class=\"fusion-content-sep sep-single sep-dotted\" style=\"border-color:#b9afa1;\"><\/div><div class=\"fusion-post-content\"><p>nadogradite ju u parnu komoru sa inhalacijom soli\r\nAko imate mogu\u0107nost postavljanja generatora pare u okru\u017eenje otporno na smrzavanje, SOLEUM Vanjski SPA mo\u017eete nadograditi u parnu sobu.<\/p><\/div><\/div><\/div><\/article><article id=\"portfolio-1-post-3642\" class=\"fusion-portfolio-post znacajke-proizvoda fusion-col-spacing post-3642\"><div class=\"fusion-portfolio-content-wrapper\" style=\"border:1px solid #ebeaea;border-bottom-width:3px;background-color:rgba(255,255,255,1);\"><span class=\"vcard rich-snippet-hidden\"><span class=\"fn\"><a href=\"https:\/\/soleum.com\/hr\/author\/soleum\/\" title=\"Objave od: soleum\" rel=\"author\">soleum<\/a><\/span><\/span><span class=\"updated rich-snippet-hidden\">2019-12-15T19:10:08+01:00<\/span><div  class=\"fusion-image-wrapper\" aria-haspopup=\"true\">\n\t\t\t\t<img decoding=\"async\" width=\"600\" height=\"660\" src=\"https:\/\/soleum.com\/wp-content\/uploads\/2019\/10\/trockensalzinhalation-halotherapie-e1571864173646.webp\" class=\"attachment-full size-full wp-post-image\" alt=\"Haloterapija \u2013 inhalacija suhe soli\" title=\"\"><div class=\"fusion-rollover\">\n\t<div class=\"fusion-rollover-content\">\n\n\t\t\t\t\n\t\t\n\t\t\t\t\t\t\t\t\t\t\t\t<h4 class=\"fusion-rollover-title\">\n\t\t\t\t\t<a class=\"fusion-rollover-title-link\" href=\"https:\/\/soleum.com\/hr\/produkte\/haloterapija-inhalacija-suhe-soli\/?portfolioCats=731\">\n\t\t\t\t\t\tHaloterapija \u2013 inhalacija suhe soli\t\t\t\t\t<\/a>\n\t\t\t\t<\/h4>\n\t\t\t\n\t\t\t\t\t\t\t\t\n\t\t\n\t\t\t\t\t\t<a class=\"fusion-link-wrapper\" href=\"https:\/\/soleum.com\/hr\/produkte\/haloterapija-inhalacija-suhe-soli\/?portfolioCats=731\" aria-label=\"Haloterapija \u2013 inhalacija suhe soli\"><\/a>\n\t<\/div>\n<\/div>\n<\/div>\n<div class=\"fusion-portfolio-content\" style=\"background-color:rgba(255,255,255,1);\"><h2 class=\"entry-title fusion-post-title\"><a href=\"https:\/\/soleum.com\/hr\/produkte\/haloterapija-inhalacija-suhe-soli\/?portfolioCats=731\">Haloterapija \u2013 inhalacija suhe soli<\/a><\/h2><div class=\"fusion-content-sep sep-single sep-dotted\" style=\"border-color:#b9afa1;\"><\/div><div class=\"fusion-post-content\"><p>U suhom obliku sol ima najja\u010di ljekoviti u\u010dinak na di\u0161ni sustav i ko\u017eu. Mikroskopske sitne \u010destice soli ulijevaju se u SOLEUM\u00ae Health SPA pomo\u0107u patentirane tehnike.\r\n\r\nSuha sol se odli\u010dno apsorbira i djeluje poput spu\u017eve koja privla\u010di strane tvari na svom putu kroz di\u0161ne \u200b\u200bputove. Mo\u017ee re\u0107i da se suha sol pona\u0161a poput \u010detkice za zube koja \u010disti kroz di\u0161ni sustav uklanjaju\u0107i nakupine stranih elemenata koji uzrokuju razne respiratorne tegobe i stanja. \u010cista plu\u0107a su zdrava plu\u0107a.<\/p><\/div><\/div><\/div><\/article><article id=\"portfolio-1-post-3647\" class=\"fusion-portfolio-post znacajke-proizvoda fusion-col-spacing post-3647\"><div class=\"fusion-portfolio-content-wrapper\" style=\"border:1px solid #ebeaea;border-bottom-width:3px;background-color:rgba(255,255,255,1);\"><span class=\"vcard rich-snippet-hidden\"><span class=\"fn\"><a href=\"https:\/\/soleum.com\/hr\/author\/soleum\/\" title=\"Objave od: soleum\" rel=\"author\">soleum<\/a><\/span><\/span><span class=\"updated rich-snippet-hidden\">2019-12-15T19:18:12+01:00<\/span><div  class=\"fusion-image-wrapper\" aria-haspopup=\"true\">\n\t\t\t\t<img decoding=\"async\" width=\"1000\" height=\"1100\" src=\"https:\/\/soleum.com\/wp-content\/uploads\/2019\/10\/Soleinhalation.webp\" class=\"attachment-full size-full wp-post-image\" alt=\"\" srcset=\"https:\/\/soleum.com\/wp-content\/uploads\/2019\/10\/Soleinhalation-200x220.jpg 200w, https:\/\/soleum.com\/wp-content\/uploads\/2019\/10\/Soleinhalation-400x440.jpg 400w, https:\/\/soleum.com\/wp-content\/uploads\/2019\/10\/Soleinhalation-600x660.jpg 600w, https:\/\/soleum.com\/wp-content\/uploads\/2019\/10\/Soleinhalation-800x880.jpg 800w, https:\/\/soleum.com\/wp-content\/uploads\/2019\/10\/Soleinhalation.webp 1000w\" sizes=\"(min-width: 2200px) 100vw, (min-width: 852px) 293px, (min-width: 782px) 390px, (min-width: 711px) 585px, (min-width: 640px) 711px, \" title=\"\"><div class=\"fusion-rollover\">\n\t<div class=\"fusion-rollover-content\">\n\n\t\t\t\t\n\t\t\n\t\t\t\t\t\t\t\t\t\t\t\t<h4 class=\"fusion-rollover-title\">\n\t\t\t\t\t<a class=\"fusion-rollover-title-link\" href=\"https:\/\/soleum.com\/hr\/produkte\/inhalacija-vlaznom-morskom-maglicom-talasoterapija\/?portfolioCats=731\">\n\t\t\t\t\t\tInhalacija vla\u017enom morskom maglicom-Talasoterapija\t\t\t\t\t<\/a>\n\t\t\t\t<\/h4>\n\t\t\t\n\t\t\t\t\t\t\t\t\n\t\t\n\t\t\t\t\t\t<a class=\"fusion-link-wrapper\" href=\"https:\/\/soleum.com\/hr\/produkte\/inhalacija-vlaznom-morskom-maglicom-talasoterapija\/?portfolioCats=731\" aria-label=\"Inhalacija vla\u017enom morskom maglicom-Talasoterapija\"><\/a>\n\t<\/div>\n<\/div>\n<\/div>\n<div class=\"fusion-portfolio-content\" style=\"background-color:rgba(255,255,255,1);\"><h2 class=\"entry-title fusion-post-title\"><a href=\"https:\/\/soleum.com\/hr\/produkte\/inhalacija-vlaznom-morskom-maglicom-talasoterapija\/?portfolioCats=731\">Inhalacija vla\u017enom morskom maglicom-Talasoterapija<\/a><\/h2><div class=\"fusion-content-sep sep-single sep-dotted\" style=\"border-color:#b9afa1;\"><\/div><div class=\"fusion-post-content\"><p>Inhalacija vla\u017enom morskom maglicom-Talasoterapija. U Soleum\u00ae se raspr\u0161uje najfinija razrije\u0111ena, nejodirana morska otopina. \r\nnhalacija vla\u017ene morske maglice nije dobra samo za disanje, ve\u0107 i za cijelu ko\u017eu. Sol na ko\u017ei poja\u010dava znojenje, detoksikaciju, \u010disti, njeguje i ima vrlo pozitivan u\u010dinak na problemati\u010dnu ko\u017eu.<\/p><\/div><\/div><\/div><\/article><article id=\"portfolio-1-post-3650\" class=\"fusion-portfolio-post znacajke-proizvoda fusion-col-spacing post-3650\"><div class=\"fusion-portfolio-content-wrapper\" style=\"border:1px solid #ebeaea;border-bottom-width:3px;background-color:rgba(255,255,255,1);\"><span class=\"vcard rich-snippet-hidden\"><span class=\"fn\"><a href=\"https:\/\/soleum.com\/hr\/author\/soleum\/\" title=\"Objave od: soleum\" rel=\"author\">soleum<\/a><\/span><\/span><span class=\"updated rich-snippet-hidden\">2019-12-15T19:42:25+01:00<\/span><div  class=\"fusion-image-wrapper\" aria-haspopup=\"true\">\n\t\t\t\t<img decoding=\"async\" width=\"600\" height=\"660\" src=\"https:\/\/soleum.com\/wp-content\/uploads\/2019\/10\/teedarium-600.webp\" class=\"attachment-full size-full wp-post-image\" alt=\"Inhaliranje \u010daja u TEEDARIUM\u00ae \u2013  Inhalacijska komora\" srcset=\"https:\/\/soleum.com\/wp-content\/uploads\/2019\/10\/teedarium-600-200x220.jpg 200w, https:\/\/soleum.com\/wp-content\/uploads\/2019\/10\/teedarium-600-400x440.jpg 400w, https:\/\/soleum.com\/wp-content\/uploads\/2019\/10\/teedarium-600.webp 600w\" sizes=\"(min-width: 2200px) 100vw, (min-width: 852px) 293px, (min-width: 782px) 390px, (min-width: 711px) 585px, (min-width: 640px) 711px, \" title=\"\"><div class=\"fusion-rollover\">\n\t<div class=\"fusion-rollover-content\">\n\n\t\t\t\t\n\t\t\n\t\t\t\t\t\t\t\t\t\t\t\t<h4 class=\"fusion-rollover-title\">\n\t\t\t\t\t<a class=\"fusion-rollover-title-link\" href=\"https:\/\/soleum.com\/hr\/produkte\/inhaliranje-caja-u-teedarium-inhalacijska-komora\/?portfolioCats=731\">\n\t\t\t\t\t\tInhaliranje \u010daja u TEEDARIUM\u00ae \u2013  Inhalacijska komora\t\t\t\t\t<\/a>\n\t\t\t\t<\/h4>\n\t\t\t\n\t\t\t\t\t\t\t\t\n\t\t\n\t\t\t\t\t\t<a class=\"fusion-link-wrapper\" href=\"https:\/\/soleum.com\/hr\/produkte\/inhaliranje-caja-u-teedarium-inhalacijska-komora\/?portfolioCats=731\" aria-label=\"Inhaliranje \u010daja u TEEDARIUM\u00ae \u2013  Inhalacijska komora\"><\/a>\n\t<\/div>\n<\/div>\n<\/div>\n<div class=\"fusion-portfolio-content\" style=\"background-color:rgba(255,255,255,1);\"><h2 class=\"entry-title fusion-post-title\"><a href=\"https:\/\/soleum.com\/hr\/produkte\/inhaliranje-caja-u-teedarium-inhalacijska-komora\/?portfolioCats=731\">Inhaliranje \u010daja u TEEDARIUM\u00ae \u2013  Inhalacijska komora<\/a><\/h2><div class=\"fusion-content-sep sep-single sep-dotted\" style=\"border-color:#b9afa1;\"><\/div><div class=\"fusion-post-content\"><p>Inhaliranje \u010daja u TEEDARIUM\u00ae \u2013  Inhalacijska komora: U pravilu se inhalacija provodi udisanjem pare ili magle (aerosoli).\r\nSvima je poznat postupak \"lice iznad zdjele i ru\u010dnik preko glave\". Zahvaljuju\u0107i tehnologiji inhalacije u SOLEUM Medicinskom SPA, \u010daj se raspr\u0161uje vrlo fino i vrlo brzo. Maglica od \u010daja nalazi se u cijeloj komori.<\/p><\/div><\/div><\/div><\/article><article id=\"portfolio-1-post-3653\" class=\"fusion-portfolio-post znacajke-proizvoda fusion-col-spacing post-3653\"><div class=\"fusion-portfolio-content-wrapper\" style=\"border:1px solid #ebeaea;border-bottom-width:3px;background-color:rgba(255,255,255,1);\"><span class=\"vcard rich-snippet-hidden\"><span class=\"fn\"><a href=\"https:\/\/soleum.com\/hr\/author\/soleum\/\" title=\"Objave od: soleum\" rel=\"author\">soleum<\/a><\/span><\/span><span class=\"updated rich-snippet-hidden\">2019-12-15T19:48:30+01:00<\/span><div  class=\"fusion-image-wrapper\" aria-haspopup=\"true\">\n\t\t\t\t<img decoding=\"async\" width=\"498\" height=\"600\" src=\"https:\/\/soleum.com\/wp-content\/uploads\/2019\/10\/Fugenlose-Oberflaeche1.webp\" class=\"attachment-full size-full wp-post-image\" alt=\"Kontinuirana povr\u0161ina bez spojeva\" srcset=\"https:\/\/soleum.com\/wp-content\/uploads\/2019\/10\/Fugenlose-Oberflaeche1-200x241.jpg 200w, https:\/\/soleum.com\/wp-content\/uploads\/2019\/10\/Fugenlose-Oberflaeche1-400x482.jpg 400w, https:\/\/soleum.com\/wp-content\/uploads\/2019\/10\/Fugenlose-Oberflaeche1.webp 498w\" sizes=\"(min-width: 2200px) 100vw, (min-width: 852px) 293px, (min-width: 782px) 390px, (min-width: 711px) 585px, (min-width: 640px) 711px, \" title=\"\"><div class=\"fusion-rollover\">\n\t<div class=\"fusion-rollover-content\">\n\n\t\t\t\t\n\t\t\n\t\t\t\t\t\t\t\t\t\t\t\t<h4 class=\"fusion-rollover-title\">\n\t\t\t\t\t<a class=\"fusion-rollover-title-link\" href=\"https:\/\/soleum.com\/hr\/produkte\/kontinuirana-povrsina-bez-spojeva\/?portfolioCats=731\">\n\t\t\t\t\t\tKontinuirana povr\u0161ina bez spojeva\t\t\t\t\t<\/a>\n\t\t\t\t<\/h4>\n\t\t\t\n\t\t\t\t\t\t\t\t\n\t\t\n\t\t\t\t\t\t<a class=\"fusion-link-wrapper\" href=\"https:\/\/soleum.com\/hr\/produkte\/kontinuirana-povrsina-bez-spojeva\/?portfolioCats=731\" aria-label=\"Kontinuirana povr\u0161ina bez spojeva\"><\/a>\n\t<\/div>\n<\/div>\n<\/div>\n<div class=\"fusion-portfolio-content\" style=\"background-color:rgba(255,255,255,1);\"><h2 class=\"entry-title fusion-post-title\"><a href=\"https:\/\/soleum.com\/hr\/produkte\/kontinuirana-povrsina-bez-spojeva\/?portfolioCats=731\">Kontinuirana povr\u0161ina bez spojeva<\/a><\/h2><div class=\"fusion-content-sep sep-single sep-dotted\" style=\"border-color:#b9afa1;\"><\/div><div class=\"fusion-post-content\"><p>Kontinuirani povr\u0161inski sloj SOLEUM-a je mikro-cement koji mo\u017eete odabrati u 26 razli\u010ditih boja. Materijal je izuzetno otporan na klimatske utjecaje i tro\u0161enje te se lako \u010disti.<\/p><\/div><\/div><\/div><\/article><article id=\"portfolio-1-post-3689\" class=\"fusion-portfolio-post znacajke-proizvoda fusion-col-spacing post-3689\"><div class=\"fusion-portfolio-content-wrapper\" style=\"border:1px solid #ebeaea;border-bottom-width:3px;background-color:rgba(255,255,255,1);\"><span class=\"vcard rich-snippet-hidden\"><span class=\"fn\"><a href=\"https:\/\/soleum.com\/hr\/author\/soleum\/\" title=\"Objave od: soleum\" rel=\"author\">soleum<\/a><\/span><\/span><span class=\"updated rich-snippet-hidden\">2019-12-15T20:02:15+01:00<\/span><div  class=\"fusion-image-wrapper\" aria-haspopup=\"true\">\n\t\t\t\t<img decoding=\"async\" width=\"1000\" height=\"1100\" src=\"https:\/\/soleum.com\/wp-content\/uploads\/2019\/10\/Infrarot-Strahlungsw\u00e4rme.webp\" class=\"attachment-full size-full wp-post-image\" alt=\"Infracrveno grijanje\" srcset=\"https:\/\/soleum.com\/wp-content\/uploads\/2019\/10\/Infrarot-Strahlungsw\u00e4rme-200x220.jpg 200w, https:\/\/soleum.com\/wp-content\/uploads\/2019\/10\/Infrarot-Strahlungsw\u00e4rme-400x440.jpg 400w, https:\/\/soleum.com\/wp-content\/uploads\/2019\/10\/Infrarot-Strahlungsw\u00e4rme-600x660.jpg 600w, https:\/\/soleum.com\/wp-content\/uploads\/2019\/10\/Infrarot-Strahlungsw\u00e4rme-800x880.jpg 800w, https:\/\/soleum.com\/wp-content\/uploads\/2019\/10\/Infrarot-Strahlungsw\u00e4rme.webp 1000w\" sizes=\"(min-width: 2200px) 100vw, (min-width: 852px) 293px, (min-width: 782px) 390px, (min-width: 711px) 585px, (min-width: 640px) 711px, \" title=\"\"><div class=\"fusion-rollover\">\n\t<div class=\"fusion-rollover-content\">\n\n\t\t\t\t\n\t\t\n\t\t\t\t\t\t\t\t\t\t\t\t<h4 class=\"fusion-rollover-title\">\n\t\t\t\t\t<a class=\"fusion-rollover-title-link\" href=\"https:\/\/soleum.com\/hr\/produkte\/infracrveno-grijanje\/?portfolioCats=731\">\n\t\t\t\t\t\tInfracrveno grijanje\t\t\t\t\t<\/a>\n\t\t\t\t<\/h4>\n\t\t\t\n\t\t\t\t\t\t\t\t\n\t\t\n\t\t\t\t\t\t<a class=\"fusion-link-wrapper\" href=\"https:\/\/soleum.com\/hr\/produkte\/infracrveno-grijanje\/?portfolioCats=731\" aria-label=\"Infracrveno grijanje\"><\/a>\n\t<\/div>\n<\/div>\n<\/div>\n<div class=\"fusion-portfolio-content\" style=\"background-color:rgba(255,255,255,1);\"><h2 class=\"entry-title fusion-post-title\"><a href=\"https:\/\/soleum.com\/hr\/produkte\/infracrveno-grijanje\/?portfolioCats=731\">Infracrveno grijanje<\/a><\/h2><div class=\"fusion-content-sep sep-single sep-dotted\" style=\"border-color:#b9afa1;\"><\/div><div class=\"fusion-post-content\"><p>Ugodno infracrveno grijanje se prenosi  na cijelo podru\u010dje komore. Temperature na povr\u0161ini mogu se podesiti ili promijeniti u bilo kojem trenutku putem Smart kontrole (Touch kontrola, Smartphone \/ Tablet \/ PC).<\/p><\/div><\/div><\/div><\/article><article id=\"portfolio-1-post-3695\" class=\"fusion-portfolio-post morska-komora-znacajke-proizvoda znacajke-proizvoda fusion-col-spacing post-3695\"><div class=\"fusion-portfolio-content-wrapper\" style=\"border:1px solid #ebeaea;border-bottom-width:3px;background-color:rgba(255,255,255,1);\"><span class=\"vcard rich-snippet-hidden\"><span class=\"fn\"><a href=\"https:\/\/soleum.com\/hr\/author\/soleum\/\" title=\"Objave od: soleum\" rel=\"author\">soleum<\/a><\/span><\/span><span class=\"updated rich-snippet-hidden\">2019-12-16T11:14:24+01:00<\/span><div  class=\"fusion-image-wrapper\" aria-haspopup=\"true\">\n\t\t\t\t<img decoding=\"async\" width=\"1000\" height=\"1100\" src=\"https:\/\/soleum.com\/wp-content\/uploads\/2019\/10\/Farblichtstimmung-1.webp\" class=\"attachment-full size-full wp-post-image\" alt=\"Farblichtstimmung\" srcset=\"https:\/\/soleum.com\/wp-content\/uploads\/2019\/10\/Farblichtstimmung-1-200x220.jpg 200w, https:\/\/soleum.com\/wp-content\/uploads\/2019\/10\/Farblichtstimmung-1-400x440.jpg 400w, https:\/\/soleum.com\/wp-content\/uploads\/2019\/10\/Farblichtstimmung-1-600x660.jpg 600w, https:\/\/soleum.com\/wp-content\/uploads\/2019\/10\/Farblichtstimmung-1-800x880.jpg 800w, https:\/\/soleum.com\/wp-content\/uploads\/2019\/10\/Farblichtstimmung-1.webp 1000w\" sizes=\"(min-width: 2200px) 100vw, (min-width: 852px) 293px, (min-width: 782px) 390px, (min-width: 711px) 585px, (min-width: 640px) 711px, \" title=\"\"><div class=\"fusion-rollover\">\n\t<div class=\"fusion-rollover-content\">\n\n\t\t\t\t\n\t\t\n\t\t\t\t\t\t\t\t\t\t\t\t<h4 class=\"fusion-rollover-title\">\n\t\t\t\t\t<a class=\"fusion-rollover-title-link\" href=\"https:\/\/soleum.com\/hr\/produkte\/boja-svjetla-prijava\/?portfolioCats=731\">\n\t\t\t\t\t\tBoja svjetla Prijava\t\t\t\t\t<\/a>\n\t\t\t\t<\/h4>\n\t\t\t\n\t\t\t\t\t\t\t\t\n\t\t\n\t\t\t\t\t\t<a class=\"fusion-link-wrapper\" href=\"https:\/\/soleum.com\/hr\/produkte\/boja-svjetla-prijava\/?portfolioCats=731\" aria-label=\"Boja svjetla Prijava\"><\/a>\n\t<\/div>\n<\/div>\n<\/div>\n<div class=\"fusion-portfolio-content\" style=\"background-color:rgba(255,255,255,1);\"><h2 class=\"entry-title fusion-post-title\"><a href=\"https:\/\/soleum.com\/hr\/produkte\/boja-svjetla-prijava\/?portfolioCats=731\">Boja svjetla Prijava<\/a><\/h2><div class=\"fusion-content-sep sep-single sep-dotted\" style=\"border-color:#b9afa1;\"><\/div><div class=\"fusion-post-content\"><p>Svjetlost u boji emitira se kroz strop komore i preko naslona klupa.\r\nFiksne boje ili na\u010dini mijenjanja boja  se mogu postaviti individualno putem SMART kontrole (pametni telefon \/ tablet \/ web preglednik).\r\nUgodna mogu\u0107nost mijenjanja boje svjetla<\/p><\/div><\/div><\/div><\/article><\/div><\/div><div class=\"fusion-clearfix\"><\/div><\/div><\/div><\/div><\/div>\n","protected":false},"excerpt":{"rendered":"","protected":false},"author":1,"featured_media":3729,"parent":0,"menu_order":0,"comment_status":"closed","ping_status":"closed","template":"","meta":{"_exactmetrics_skip_tracking":false,"_exactmetrics_sitenote_active":false,"_exactmetrics_sitenote_note":"","_exactmetrics_sitenote_category":0,"footnotes":""},"class_list":["post-3799","page","type-page","status-publish","has-post-thumbnail","hentry"],"_links":{"self":[{"href":"https:\/\/soleum.com\/hr\/wp-json\/wp\/v2\/pages\/3799","targetHints":{"allow":["GET"]}}],"collection":[{"href":"https:\/\/soleum.com\/hr\/wp-json\/wp\/v2\/pages"}],"about":[{"href":"https:\/\/soleum.com\/hr\/wp-json\/wp\/v2\/types\/page"}],"author":[{"embeddable":true,"href":"https:\/\/soleum.com\/hr\/wp-json\/wp\/v2\/users\/1"}],"replies":[{"embeddable":true,"href":"https:\/\/soleum.com\/hr\/wp-json\/wp\/v2\/comments?post=3799"}],"version-history":[{"count":0,"href":"https:\/\/soleum.com\/hr\/wp-json\/wp\/v2\/pages\/3799\/revisions"}],"wp:featuredmedia":[{"embeddable":true,"href":"https:\/\/soleum.com\/hr\/wp-json\/wp\/v2\/media\/3729"}],"wp:attachment":[{"href":"https:\/\/soleum.com\/hr\/wp-json\/wp\/v2\/media?parent=3799"}],"curies":[{"name":"wp","href":"https:\/\/api.w.org\/{rel}","templated":true}]}}