{"id":3801,"date":"2019-12-16T12:09:14","date_gmt":"2019-12-16T11:09:14","guid":{"rendered":"https:\/\/soleum.com\/soleum-medicinski-spa-modeli\/"},"modified":"2019-12-16T12:18:34","modified_gmt":"2019-12-16T11:18:34","slug":"soleum-medicinski-spa-modeli","status":"publish","type":"page","link":"https:\/\/soleum.com\/hr\/soleum-medicinski-spa-modeli\/","title":{"rendered":"SOLEUM Medicinski SPA modeli"},"content":{"rendered":"<div class=\"fusion-fullwidth fullwidth-box fusion-builder-row-1 nonhundred-percent-fullwidth non-hundred-percent-height-scrolling\" style=\"--awb-border-radius-top-left:0px;--awb-border-radius-top-right:0px;--awb-border-radius-bottom-right:0px;--awb-border-radius-bottom-left:0px;--awb-flex-wrap:wrap;\" ><div class=\"fusion-builder-row fusion-row\"><div class=\"fusion-layout-column fusion_builder_column fusion-builder-column-0 fusion_builder_column_1_1 1_1 fusion-one-full fusion-column-first fusion-column-last\" style=\"--awb-bg-size:cover;\"><div class=\"fusion-column-wrapper fusion-column-has-shadow fusion-flex-column-wrapper-legacy\"><style type=\"text\/css\">.fusion-portfolio-wrapper#fusion-portfolio-1 .fusion-portfolio-content{ padding: 30px 30px 30px 30px; text-align: center; }<\/style><div class=\"fusion-recent-works fusion-portfolio-element fusion-portfolio fusion-portfolio-1 fusion-portfolio-grid fusion-portfolio-paging-pagination fusion-portfolio-four fusion-portfolio-boxed fusion-portfolio-text fusion-portfolio-equal-heights fusion-portfolio-rollover\" data-id=\"-rw-1\" data-columns=\"four\"><style type=\"text\/css\">.fusion-portfolio-1 .fusion-portfolio-wrapper .fusion-col-spacing{padding:6px;}<\/style><div class=\"fusion-portfolio-wrapper\" id=\"fusion-portfolio-1\" data-picturesize=\"auto\" data-pages=\"1\" style=\"margin:-6px;\"><article id=\"portfolio-1-post-3709\" class=\"fusion-portfolio-post modeli-kroatisch fusion-col-spacing post-3709\"><div class=\"fusion-portfolio-content-wrapper\" style=\"border:1px solid #ebeaea;border-bottom-width:3px;background-color:rgba(255,255,255,1);\"><span class=\"vcard rich-snippet-hidden\"><span class=\"fn\"><a href=\"https:\/\/soleum.com\/hr\/author\/soleum\/\" title=\"Objave od: soleum\" rel=\"author\">soleum<\/a><\/span><\/span><span class=\"updated rich-snippet-hidden\">2023-08-12T11:40:27+02:00<\/span><div  class=\"fusion-image-wrapper\" aria-haspopup=\"true\">\n\t\t\t\t<img decoding=\"async\" width=\"720\" height=\"720\" src=\"https:\/\/soleum.com\/wp-content\/uploads\/2019\/10\/SOLEUM-OMEGA.webp\" class=\"attachment-full size-full wp-post-image\" alt=\"Premium Dampfbad SOLEUM OMEGA\" srcset=\"https:\/\/soleum.com\/wp-content\/uploads\/2019\/10\/SOLEUM-OMEGA-200x200.jpg 200w, https:\/\/soleum.com\/wp-content\/uploads\/2019\/10\/SOLEUM-OMEGA-400x400.jpg 400w, https:\/\/soleum.com\/wp-content\/uploads\/2019\/10\/SOLEUM-OMEGA-600x600.jpg 600w, https:\/\/soleum.com\/wp-content\/uploads\/2019\/10\/SOLEUM-OMEGA.webp 720w\" sizes=\"(min-width: 2200px) 100vw, (min-width: 852px) 284px, (min-width: 782px) 378px, (min-width: 711px) 567px, (min-width: 640px) 711px, \" title=\"\"><div class=\"fusion-rollover\">\n\t<div class=\"fusion-rollover-content\">\n\n\t\t\t\t\n\t\t\n\t\t\t\t\t\t\t\t\t\t\t\t<h4 class=\"fusion-rollover-title\">\n\t\t\t\t\t<a class=\"fusion-rollover-title-link\" href=\"https:\/\/soleum.com\/hr\/produkte\/morska-komora-omega\/?portfolioCats=776\">\n\t\t\t\t\t\tVanjska parna kupelj OMEGA\t\t\t\t\t<\/a>\n\t\t\t\t<\/h4>\n\t\t\t\n\t\t\t\t\t\t\t\t\n\t\t\n\t\t\t\t\t\t<a class=\"fusion-link-wrapper\" href=\"https:\/\/soleum.com\/hr\/produkte\/morska-komora-omega\/?portfolioCats=776\" aria-label=\"Vanjska parna kupelj OMEGA\"><\/a>\n\t<\/div>\n<\/div>\n<\/div>\n<div class=\"fusion-portfolio-content\" style=\"background-color:rgba(255,255,255,1);\"><h2 class=\"entry-title fusion-post-title\"><a href=\"https:\/\/soleum.com\/hr\/produkte\/morska-komora-omega\/?portfolioCats=776\">Vanjska parna kupelj OMEGA<\/a><\/h2><div class=\"fusion-content-sep sep-single sep-dotted\" style=\"border-color:#b9afa1;\"><\/div><div class=\"fusion-post-content\"><p>OMEGA vanjska parna kupelj: Vanjska parna kupelj s morskom klimom. Morska klima kabina OMEGA. Ova vanjska sauna vrhunac je SPA-a u privatnom vrtu ili u komercijalnom dijelu hotela.<\/p><\/div><\/div><\/div><\/article><article id=\"portfolio-1-post-3758\" class=\"fusion-portfolio-post modeli-kroatisch fusion-col-spacing post-3758\"><div class=\"fusion-portfolio-content-wrapper\" style=\"border:1px solid #ebeaea;border-bottom-width:3px;background-color:rgba(255,255,255,1);\"><span class=\"vcard rich-snippet-hidden\"><span class=\"fn\"><a href=\"https:\/\/soleum.com\/hr\/author\/soleum\/\" title=\"Objave od: soleum\" rel=\"author\">soleum<\/a><\/span><\/span><span class=\"updated rich-snippet-hidden\">2023-08-12T12:05:17+02:00<\/span><div  class=\"fusion-image-wrapper\" aria-haspopup=\"true\">\n\t\t\t\t<img decoding=\"async\" width=\"720\" height=\"720\" src=\"https:\/\/soleum.com\/wp-content\/uploads\/2019\/10\/SOLEUM-EGG.webp\" class=\"attachment-full size-full wp-post-image\" alt=\"Premium Dampfbad SOLEUM EGG\" srcset=\"https:\/\/soleum.com\/wp-content\/uploads\/2019\/10\/SOLEUM-EGG-200x200.jpg 200w, https:\/\/soleum.com\/wp-content\/uploads\/2019\/10\/SOLEUM-EGG-400x400.jpg 400w, https:\/\/soleum.com\/wp-content\/uploads\/2019\/10\/SOLEUM-EGG-600x600.jpg 600w, https:\/\/soleum.com\/wp-content\/uploads\/2019\/10\/SOLEUM-EGG.webp 720w\" sizes=\"(min-width: 2200px) 100vw, (min-width: 852px) 284px, (min-width: 782px) 378px, (min-width: 711px) 567px, (min-width: 640px) 711px, \" title=\"\"><div class=\"fusion-rollover\">\n\t<div class=\"fusion-rollover-content\">\n\n\t\t\t\t\n\t\t\n\t\t\t\t\t\t\t\t\t\t\t\t<h4 class=\"fusion-rollover-title\">\n\t\t\t\t\t<a class=\"fusion-rollover-title-link\" href=\"https:\/\/soleum.com\/hr\/produkte\/morska-klimatska-kabina\/?portfolioCats=776\">\n\t\t\t\t\t\tmorska klimatska kabina EGG\t\t\t\t\t<\/a>\n\t\t\t\t<\/h4>\n\t\t\t\n\t\t\t\t\t\t\t\t\n\t\t\n\t\t\t\t\t\t<a class=\"fusion-link-wrapper\" href=\"https:\/\/soleum.com\/hr\/produkte\/morska-klimatska-kabina\/?portfolioCats=776\" aria-label=\"morska klimatska kabina EGG\"><\/a>\n\t<\/div>\n<\/div>\n<\/div>\n<div class=\"fusion-portfolio-content\" style=\"background-color:rgba(255,255,255,1);\"><h2 class=\"entry-title fusion-post-title\"><a href=\"https:\/\/soleum.com\/hr\/produkte\/morska-klimatska-kabina\/?portfolioCats=776\">morska klimatska kabina EGG<\/a><\/h2><div class=\"fusion-content-sep sep-single sep-dotted\" style=\"border-color:#b9afa1;\"><\/div><div class=\"fusion-post-content\"><p>Morska komora EGG: U elegantnom \u201eobliku jajeta\u201c - model EGG!\r\n Spa centar i kabina za lije\u010denje za komercijalni i privatni sektor. Poseban ekstravagantan oblik \u010dini ovaj proizvod impresivnim te uljep\u0161ava va\u0161 prostor.\r\n<\/p><\/div><\/div><\/div><\/article><article id=\"portfolio-1-post-3778\" class=\"fusion-portfolio-post modeli-kroatisch fusion-col-spacing post-3778\"><div class=\"fusion-portfolio-content-wrapper\" style=\"border:1px solid #ebeaea;border-bottom-width:3px;background-color:rgba(255,255,255,1);\"><span class=\"vcard rich-snippet-hidden\"><span class=\"fn\"><a href=\"https:\/\/soleum.com\/hr\/author\/soleum\/\" title=\"Objave od: soleum\" rel=\"author\">soleum<\/a><\/span><\/span><span class=\"updated rich-snippet-hidden\">2023-08-12T12:33:16+02:00<\/span><div  class=\"fusion-image-wrapper\" aria-haspopup=\"true\">\n\t\t\t\t<img decoding=\"async\" width=\"720\" height=\"720\" src=\"https:\/\/soleum.com\/wp-content\/uploads\/2019\/10\/SOLEUM-ELLIPSE-neu.webp\" class=\"attachment-full size-full wp-post-image\" alt=\"Premium Dampfbad SOLEUM ELLIPSE\" srcset=\"https:\/\/soleum.com\/wp-content\/uploads\/2019\/10\/SOLEUM-ELLIPSE-neu-200x200.jpg 200w, https:\/\/soleum.com\/wp-content\/uploads\/2019\/10\/SOLEUM-ELLIPSE-neu-400x400.jpg 400w, https:\/\/soleum.com\/wp-content\/uploads\/2019\/10\/SOLEUM-ELLIPSE-neu-600x600.jpg 600w, https:\/\/soleum.com\/wp-content\/uploads\/2019\/10\/SOLEUM-ELLIPSE-neu.webp 720w\" sizes=\"(min-width: 2200px) 100vw, (min-width: 852px) 284px, (min-width: 782px) 378px, (min-width: 711px) 567px, (min-width: 640px) 711px, \" title=\"\"><div class=\"fusion-rollover\">\n\t<div class=\"fusion-rollover-content\">\n\n\t\t\t\t\n\t\t\n\t\t\t\t\t\t\t\t\t\t\t\t<h4 class=\"fusion-rollover-title\">\n\t\t\t\t\t<a class=\"fusion-rollover-title-link\" href=\"https:\/\/soleum.com\/hr\/produkte\/luksuzni-hamam-ellipse\/?portfolioCats=776\">\n\t\t\t\t\t\tLuksuzni hamam ELLIPSE\t\t\t\t\t<\/a>\n\t\t\t\t<\/h4>\n\t\t\t\n\t\t\t\t\t\t\t\t\n\t\t\n\t\t\t\t\t\t<a class=\"fusion-link-wrapper\" href=\"https:\/\/soleum.com\/hr\/produkte\/luksuzni-hamam-ellipse\/?portfolioCats=776\" aria-label=\"Luksuzni hamam ELLIPSE\"><\/a>\n\t<\/div>\n<\/div>\n<\/div>\n<div class=\"fusion-portfolio-content\" style=\"background-color:rgba(255,255,255,1);\"><h2 class=\"entry-title fusion-post-title\"><a href=\"https:\/\/soleum.com\/hr\/produkte\/luksuzni-hamam-ellipse\/?portfolioCats=776\">Luksuzni hamam ELLIPSE<\/a><\/h2><div class=\"fusion-content-sep sep-single sep-dotted\" style=\"border-color:#b9afa1;\"><\/div><div class=\"fusion-post-content\"><p>Luksuzna parna kupelj ELLIPSE je luksuzna haloterapijska kabina i vanjska parna kupelj. Gotov LUKSUZNI HAMAM za privatnu upotrebu ili hotel.<\/p><\/div><\/div><\/div><\/article><article id=\"portfolio-1-post-15369\" class=\"fusion-portfolio-post modeli-kroatisch fusion-col-spacing post-15369\"><div class=\"fusion-portfolio-content-wrapper\" style=\"border:1px solid #ebeaea;border-bottom-width:3px;background-color:rgba(255,255,255,1);\"><span class=\"vcard rich-snippet-hidden\"><span class=\"fn\"><a href=\"https:\/\/soleum.com\/hr\/author\/soleum\/\" title=\"Objave od: soleum\" rel=\"author\">soleum<\/a><\/span><\/span><span class=\"updated rich-snippet-hidden\">2023-08-12T12:40:11+02:00<\/span><div  class=\"fusion-image-wrapper\" aria-haspopup=\"true\">\n\t\t\t\t<img decoding=\"async\" width=\"720\" height=\"720\" src=\"https:\/\/soleum.com\/wp-content\/uploads\/2019\/10\/SOLEUM-DESIGN-EGG.webp\" class=\"attachment-full size-full wp-post-image\" alt=\"Premium Dampfbad SOLEUM DESIGN-Egg\" srcset=\"https:\/\/soleum.com\/wp-content\/uploads\/2019\/10\/SOLEUM-DESIGN-EGG-200x200.jpg 200w, https:\/\/soleum.com\/wp-content\/uploads\/2019\/10\/SOLEUM-DESIGN-EGG-400x400.jpg 400w, https:\/\/soleum.com\/wp-content\/uploads\/2019\/10\/SOLEUM-DESIGN-EGG-600x600.jpg 600w, https:\/\/soleum.com\/wp-content\/uploads\/2019\/10\/SOLEUM-DESIGN-EGG.webp 720w\" sizes=\"(min-width: 2200px) 100vw, (min-width: 852px) 284px, (min-width: 782px) 378px, (min-width: 711px) 567px, (min-width: 640px) 711px, \" title=\"\"><div class=\"fusion-rollover\">\n\t<div class=\"fusion-rollover-content\">\n\n\t\t\t\t\n\t\t\n\t\t\t\t\t\t\t\t\t\t\t\t<h4 class=\"fusion-rollover-title\">\n\t\t\t\t\t<a class=\"fusion-rollover-title-link\" href=\"https:\/\/soleum.com\/hr\/produkte\/sicis-design-art-spa\/?portfolioCats=776\">\n\t\t\t\t\t\tSICIS Design Art &#038; SPA\t\t\t\t\t<\/a>\n\t\t\t\t<\/h4>\n\t\t\t\n\t\t\t\t\t\t\t\t\n\t\t\n\t\t\t\t\t\t<a class=\"fusion-link-wrapper\" href=\"https:\/\/soleum.com\/hr\/produkte\/sicis-design-art-spa\/?portfolioCats=776\" aria-label=\"SICIS Design Art &#038; SPA\"><\/a>\n\t<\/div>\n<\/div>\n<\/div>\n<div class=\"fusion-portfolio-content\" style=\"background-color:rgba(255,255,255,1);\"><h2 class=\"entry-title fusion-post-title\"><a href=\"https:\/\/soleum.com\/hr\/produkte\/sicis-design-art-spa\/?portfolioCats=776\">SICIS Design Art &#038; SPA<\/a><\/h2><div class=\"fusion-content-sep sep-single sep-dotted\" style=\"border-color:#b9afa1;\"><\/div><div class=\"fusion-post-content\"><p>ART &amp; SPA: Luksuzne varijante s dizajnom plo\u010dica talijanskog proizvo\u0111a\u010da mozaika SICIS\u00ae. Odaberite bilo koji dizajn i pretvorite svoju kabinu u umjetni\u010dki objekt!<\/p><\/div><\/div><\/div><\/article><\/div><\/div><div class=\"fusion-clearfix\"><\/div><\/div><\/div><\/div><\/div>\n","protected":false},"excerpt":{"rendered":"","protected":false},"author":1,"featured_media":0,"parent":0,"menu_order":0,"comment_status":"closed","ping_status":"closed","template":"100-width.php","meta":{"_exactmetrics_skip_tracking":false,"_exactmetrics_sitenote_active":false,"_exactmetrics_sitenote_note":"","_exactmetrics_sitenote_category":0,"footnotes":""},"class_list":["post-3801","page","type-page","status-publish","hentry"],"_links":{"self":[{"href":"https:\/\/soleum.com\/hr\/wp-json\/wp\/v2\/pages\/3801","targetHints":{"allow":["GET"]}}],"collection":[{"href":"https:\/\/soleum.com\/hr\/wp-json\/wp\/v2\/pages"}],"about":[{"href":"https:\/\/soleum.com\/hr\/wp-json\/wp\/v2\/types\/page"}],"author":[{"embeddable":true,"href":"https:\/\/soleum.com\/hr\/wp-json\/wp\/v2\/users\/1"}],"replies":[{"embeddable":true,"href":"https:\/\/soleum.com\/hr\/wp-json\/wp\/v2\/comments?post=3801"}],"version-history":[{"count":0,"href":"https:\/\/soleum.com\/hr\/wp-json\/wp\/v2\/pages\/3801\/revisions"}],"wp:attachment":[{"href":"https:\/\/soleum.com\/hr\/wp-json\/wp\/v2\/media?parent=3801"}],"curies":[{"name":"wp","href":"https:\/\/api.w.org\/{rel}","templated":true}]}}