{"id":23492,"date":"2026-03-29T12:56:06","date_gmt":"2026-03-29T10:56:06","guid":{"rendered":"https:\/\/soleum.com\/kosar\/"},"modified":"2026-03-29T12:56:10","modified_gmt":"2026-03-29T10:56:10","slug":"kosar","status":"publish","type":"page","link":"https:\/\/soleum.com\/hu\/kosar\/","title":{"rendered":"Kos\u00e1r"},"content":{"rendered":"\n<div data-block-name=\"woocommerce\/cart\" class=\"wp-block-woocommerce-cart alignwide is-loading\">\n<div data-block-name=\"woocommerce\/filled-cart-block\" class=\"wp-block-woocommerce-filled-cart-block\">\n<div data-block-name=\"woocommerce\/cart-items-block\" class=\"wp-block-woocommerce-cart-items-block\">\n<div data-block-name=\"woocommerce\/cart-line-items-block\" class=\"wp-block-woocommerce-cart-line-items-block\"><\/div>\n\n\n<\/div>\n\n\n\n\n<div data-block-name=\"woocommerce\/cart-totals-block\" class=\"wp-block-woocommerce-cart-totals-block\">\n<div data-block-name=\"woocommerce\/cart-order-summary-block\" class=\"wp-block-woocommerce-cart-order-summary-block\">\n<div data-block-name=\"woocommerce\/cart-order-summary-heading-block\" class=\"wp-block-woocommerce-cart-order-summary-heading-block\"><\/div><div data-block-name=\"woocommerce\/cart-order-summary-coupon-form-block\" class=\"wp-block-woocommerce-cart-order-summary-coupon-form-block\"><\/div><div data-block-name=\"woocommerce\/cart-order-summary-totals-block\" class=\"wp-block-woocommerce-cart-order-summary-totals-block\">\n<div data-block-name=\"woocommerce\/cart-order-summary-subtotal-block\" class=\"wp-block-woocommerce-cart-order-summary-subtotal-block\"><\/div>\n<div data-block-name=\"woocommerce\/cart-order-summary-discount-block\" class=\"wp-block-woocommerce-cart-order-summary-discount-block\"><\/div>\n<div data-block-name=\"woocommerce\/cart-order-summary-fee-block\" class=\"wp-block-woocommerce-cart-order-summary-fee-block\"><\/div>\n<div data-block-name=\"woocommerce\/cart-order-summary-shipping-block\" class=\"wp-block-woocommerce-cart-order-summary-shipping-block\"><\/div>\n<div data-block-name=\"woocommerce\/cart-order-summary-taxes-block\" class=\"wp-block-woocommerce-cart-order-summary-taxes-block\"><\/div><\/div>\n<\/div>\n\n\n\n<div data-block-name=\"woocommerce\/cart-express-payment-block\" class=\"wp-block-woocommerce-cart-express-payment-block\"><\/div>\n\n\n\n<div data-block-name=\"woocommerce\/proceed-to-checkout-block\" class=\"wp-block-woocommerce-proceed-to-checkout-block\"><\/div>\n\n\n\n<div data-block-name=\"woocommerce\/cart-accepted-payment-methods-block\" class=\"wp-block-woocommerce-cart-accepted-payment-methods-block\"><\/div>\n<\/div>\n<\/div>\n\n\n\n<div data-block-name=\"woocommerce\/empty-cart-block\" class=\"wp-block-woocommerce-empty-cart-block\">\n<h2 class=\"wp-block-heading has-text-align-center with-empty-cart-icon wc-block-cart__empty-cart__title\">Jelenleg \u00fcres a kosarad.<\/h2>\n\n\n\n<hr class=\"wp-block-separator has-alpha-channel-opacity is-style-dots\"\/>\n\n\n\n<h2 class=\"wp-block-heading has-text-align-center\">\u00dajdons\u00e1gok<\/h2>\n\n\n<div data-block-name=\"woocommerce\/product-new\" data-columns=\"4\" data-rows=\"1\" class=\"wc-block-grid wp-block-product-new wp-block-woocommerce-product-new wc-block-product-new has-4-columns\"><ul class=\"wc-block-grid__products\"><li class=\"wc-block-grid__product\">\n\t\t\t\t<a href=\"https:\/\/soleum.com\/produkt\/soleum-aussendampfbad-egg\/\" class=\"wc-block-grid__product-link\">\n\t\t\t\t\t<div class=\"wc-block-grid__product-onsale\">\n\t\t\t<span aria-hidden=\"true\">Akci\u00f3<\/span>\n\t\t\t<span class=\"screen-reader-text\">Akci\u00f3s term\u00e9k<\/span>\n\t\t<\/div>\n\t\t\t\t\t<div class=\"wc-block-grid__product-image\"><img decoding=\"async\" width=\"500\" height=\"500\" src=\"https:\/\/soleum.com\/wp-content\/uploads\/2026\/03\/EGG_SOLEUM_3-500x500.webp\" class=\"attachment-woocommerce_thumbnail size-woocommerce_thumbnail\" alt=\"SOLEUM Aussendampfbad EGG\" srcset=\"https:\/\/soleum.com\/wp-content\/uploads\/2026\/03\/EGG_SOLEUM_3-66x66.webp 66w, https:\/\/soleum.com\/wp-content\/uploads\/2026\/03\/EGG_SOLEUM_3-150x150.webp 150w, https:\/\/soleum.com\/wp-content\/uploads\/2026\/03\/EGG_SOLEUM_3-200x200.webp 200w, https:\/\/soleum.com\/wp-content\/uploads\/2026\/03\/EGG_SOLEUM_3-300x300.webp 300w, https:\/\/soleum.com\/wp-content\/uploads\/2026\/03\/EGG_SOLEUM_3-400x400.webp 400w, https:\/\/soleum.com\/wp-content\/uploads\/2026\/03\/EGG_SOLEUM_3-500x500.webp 500w, https:\/\/soleum.com\/wp-content\/uploads\/2026\/03\/EGG_SOLEUM_3-600x600.webp 600w, https:\/\/soleum.com\/wp-content\/uploads\/2026\/03\/EGG_SOLEUM_3-700x700.webp 700w, https:\/\/soleum.com\/wp-content\/uploads\/2026\/03\/EGG_SOLEUM_3-768x768.webp 768w, https:\/\/soleum.com\/wp-content\/uploads\/2026\/03\/EGG_SOLEUM_3-800x800.webp 800w, https:\/\/soleum.com\/wp-content\/uploads\/2026\/03\/EGG_SOLEUM_3.webp 1000w\" sizes=\"(max-width: 500px) 100vw, 500px\" title=\"\"><\/div>\n\t\t\t\t\t<div class=\"wc-block-grid__product-title\">SOLEUM Aussendampfbad EGG<\/div>\n\t\t\t\t<\/a>\n\t\t\t\t<div class=\"wc-block-grid__product-price price\"><del aria-hidden=\"true\"><span class=\"woocommerce-Price-amount amount\"><span class=\"woocommerce-Price-currencySymbol\">&euro;<\/span>&nbsp;98 604,00<\/span><\/del> <span class=\"screen-reader-text\">Original price was: &euro;&nbsp;98 604,00.<\/span><ins aria-hidden=\"true\"><span class=\"woocommerce-Price-amount amount\"><span class=\"woocommerce-Price-currencySymbol\">&euro;<\/span>&nbsp;78 883,00<\/span><\/ins><span class=\"screen-reader-text\">Current price is: &euro;&nbsp;78 883,00.<\/span><\/div>\n\t\t\t\t\n\t\t\t\t<div class=\"wp-block-button wc-block-grid__product-add-to-cart\"><a href=\"\/hu\/wp-json\/wp\/v2\/pages\/23492?add-to-cart=23641\" aria-label=\"Kos\u00e1rba: &ldquo;SOLEUM Aussendampfbad EGG&rdquo;\" data-quantity=\"1\" data-product_id=\"23641\" data-product_sku=\"\" data-price=\"78883\" rel=\"nofollow\" class=\"wp-block-button__link  add_to_cart_button ajax_add_to_cart\">Kos\u00e1rba teszem<\/a><\/div>\n\t\t\t<\/li><li class=\"wc-block-grid__product\">\n\t\t\t\t<a href=\"https:\/\/soleum.com\/produkt\/beheizte-design-waermeliege-one-plus\/\" class=\"wc-block-grid__product-link\">\n\t\t\t\t\t\n\t\t\t\t\t<div class=\"wc-block-grid__product-image\"><img decoding=\"async\" width=\"500\" height=\"500\" src=\"https:\/\/soleum.com\/wp-content\/uploads\/2026\/02\/SHOP-Heated-Lounger-ONE-PLUS-500x500.webp\" class=\"attachment-woocommerce_thumbnail size-woocommerce_thumbnail\" alt=\"SOLEUM-Ceramic-Heated-Lounger-ONE-PLUS\" srcset=\"https:\/\/soleum.com\/wp-content\/uploads\/2026\/02\/SHOP-Heated-Lounger-ONE-PLUS-66x66.webp 66w, https:\/\/soleum.com\/wp-content\/uploads\/2026\/02\/SHOP-Heated-Lounger-ONE-PLUS-150x150.webp 150w, https:\/\/soleum.com\/wp-content\/uploads\/2026\/02\/SHOP-Heated-Lounger-ONE-PLUS-200x200.webp 200w, https:\/\/soleum.com\/wp-content\/uploads\/2026\/02\/SHOP-Heated-Lounger-ONE-PLUS-300x300.webp 300w, https:\/\/soleum.com\/wp-content\/uploads\/2026\/02\/SHOP-Heated-Lounger-ONE-PLUS-400x400.webp 400w, https:\/\/soleum.com\/wp-content\/uploads\/2026\/02\/SHOP-Heated-Lounger-ONE-PLUS-500x500.webp 500w, https:\/\/soleum.com\/wp-content\/uploads\/2026\/02\/SHOP-Heated-Lounger-ONE-PLUS-600x600.webp 600w, https:\/\/soleum.com\/wp-content\/uploads\/2026\/02\/SHOP-Heated-Lounger-ONE-PLUS-700x700.webp 700w, https:\/\/soleum.com\/wp-content\/uploads\/2026\/02\/SHOP-Heated-Lounger-ONE-PLUS-768x768.webp 768w, https:\/\/soleum.com\/wp-content\/uploads\/2026\/02\/SHOP-Heated-Lounger-ONE-PLUS-800x800.webp 800w, https:\/\/soleum.com\/wp-content\/uploads\/2026\/02\/SHOP-Heated-Lounger-ONE-PLUS.webp 1000w\" sizes=\"(max-width: 500px) 100vw, 500px\" title=\"\"><\/div>\n\t\t\t\t\t<div class=\"wc-block-grid__product-title\">Beheizte Design W\u00e4rmeliege ONE PLUS<\/div>\n\t\t\t\t<\/a>\n\t\t\t\t<div class=\"wc-block-grid__product-price price\"><\/div>\n\t\t\t\t\n\t\t\t\t<div class=\"wp-block-button wc-block-grid__product-add-to-cart\"><a href=\"https:\/\/soleum.com\/produkt\/beheizte-design-waermeliege-one-plus\/\" aria-label=\"&ldquo;Beheizte Design W\u00e4rmeliege ONE PLUS&rdquo; term\u00e9kr\u0151l t\u00f6bb inform\u00e1ci\u00f3\" data-quantity=\"1\" data-product_id=\"23325\" data-product_sku=\"\" data-price=\"0\" rel=\"nofollow\" class=\"wp-block-button__link  add_to_cart_button\">Tov\u00e1bb olvasom<\/a><\/div>\n\t\t\t<\/li><li class=\"wc-block-grid__product\">\n\t\t\t\t<a href=\"https:\/\/soleum.com\/produkt\/keramik-waermeliege-three-plus\/\" class=\"wc-block-grid__product-link\">\n\t\t\t\t\t\n\t\t\t\t\t<div class=\"wc-block-grid__product-image\"><img decoding=\"async\" width=\"500\" height=\"500\" src=\"https:\/\/soleum.com\/wp-content\/uploads\/2026\/02\/SHOP-Heated-Lounger-THREE-PLUS-10-500x500.webp\" class=\"attachment-woocommerce_thumbnail size-woocommerce_thumbnail\" alt=\"CERAMIC Heated-Lounger-THREE-PLUS REFERENCE\" srcset=\"https:\/\/soleum.com\/wp-content\/uploads\/2026\/02\/SHOP-Heated-Lounger-THREE-PLUS-10-66x66.webp 66w, https:\/\/soleum.com\/wp-content\/uploads\/2026\/02\/SHOP-Heated-Lounger-THREE-PLUS-10-150x150.webp 150w, https:\/\/soleum.com\/wp-content\/uploads\/2026\/02\/SHOP-Heated-Lounger-THREE-PLUS-10-200x200.webp 200w, https:\/\/soleum.com\/wp-content\/uploads\/2026\/02\/SHOP-Heated-Lounger-THREE-PLUS-10-300x300.webp 300w, https:\/\/soleum.com\/wp-content\/uploads\/2026\/02\/SHOP-Heated-Lounger-THREE-PLUS-10-400x400.webp 400w, https:\/\/soleum.com\/wp-content\/uploads\/2026\/02\/SHOP-Heated-Lounger-THREE-PLUS-10-500x500.webp 500w, https:\/\/soleum.com\/wp-content\/uploads\/2026\/02\/SHOP-Heated-Lounger-THREE-PLUS-10-600x600.webp 600w, https:\/\/soleum.com\/wp-content\/uploads\/2026\/02\/SHOP-Heated-Lounger-THREE-PLUS-10-700x700.webp 700w, https:\/\/soleum.com\/wp-content\/uploads\/2026\/02\/SHOP-Heated-Lounger-THREE-PLUS-10-768x768.webp 768w, https:\/\/soleum.com\/wp-content\/uploads\/2026\/02\/SHOP-Heated-Lounger-THREE-PLUS-10-800x800.webp 800w, https:\/\/soleum.com\/wp-content\/uploads\/2026\/02\/SHOP-Heated-Lounger-THREE-PLUS-10.webp 1000w\" sizes=\"(max-width: 500px) 100vw, 500px\" title=\"\"><\/div>\n\t\t\t\t\t<div class=\"wc-block-grid__product-title\">Keramik-W\u00e4rmeliege THREE PLUS<\/div>\n\t\t\t\t<\/a>\n\t\t\t\t<div class=\"wc-block-grid__product-price price\"><\/div>\n\t\t\t\t\n\t\t\t\t<div class=\"wp-block-button wc-block-grid__product-add-to-cart\"><a href=\"https:\/\/soleum.com\/produkt\/keramik-waermeliege-three-plus\/\" aria-label=\"&ldquo;Keramik-W\u00e4rmeliege THREE PLUS&rdquo; term\u00e9kr\u0151l t\u00f6bb inform\u00e1ci\u00f3\" data-quantity=\"1\" data-product_id=\"23293\" data-product_sku=\"\" data-price=\"0\" rel=\"nofollow\" class=\"wp-block-button__link  add_to_cart_button\">Tov\u00e1bb olvasom<\/a><\/div>\n\t\t\t<\/li><li class=\"wc-block-grid__product\">\n\t\t\t\t<a href=\"https:\/\/soleum.com\/produkt\/keramik-waermeliege-two-plus\/\" class=\"wc-block-grid__product-link\">\n\t\t\t\t\t\n\t\t\t\t\t<div class=\"wc-block-grid__product-image\"><img decoding=\"async\" width=\"500\" height=\"500\" src=\"https:\/\/soleum.com\/wp-content\/uploads\/2026\/02\/SHOP-Heated-Lounger-TWO-PLUS-6-500x500.webp\" class=\"attachment-woocommerce_thumbnail size-woocommerce_thumbnail\" alt=\"Lounger TWO PLUS, SOLEUM Signature Edition\" srcset=\"https:\/\/soleum.com\/wp-content\/uploads\/2026\/02\/SHOP-Heated-Lounger-TWO-PLUS-6-66x66.jpg 66w, https:\/\/soleum.com\/wp-content\/uploads\/2026\/02\/SHOP-Heated-Lounger-TWO-PLUS-6-150x150.jpg 150w, https:\/\/soleum.com\/wp-content\/uploads\/2026\/02\/SHOP-Heated-Lounger-TWO-PLUS-6-200x200.jpg 200w, https:\/\/soleum.com\/wp-content\/uploads\/2026\/02\/SHOP-Heated-Lounger-TWO-PLUS-6-300x300.jpg 300w, https:\/\/soleum.com\/wp-content\/uploads\/2026\/02\/SHOP-Heated-Lounger-TWO-PLUS-6-400x400.jpg 400w, https:\/\/soleum.com\/wp-content\/uploads\/2026\/02\/SHOP-Heated-Lounger-TWO-PLUS-6-500x500.webp 500w, https:\/\/soleum.com\/wp-content\/uploads\/2026\/02\/SHOP-Heated-Lounger-TWO-PLUS-6-600x600.jpg 600w, https:\/\/soleum.com\/wp-content\/uploads\/2026\/02\/SHOP-Heated-Lounger-TWO-PLUS-6-700x700.webp 700w, https:\/\/soleum.com\/wp-content\/uploads\/2026\/02\/SHOP-Heated-Lounger-TWO-PLUS-6-768x768.jpg 768w, https:\/\/soleum.com\/wp-content\/uploads\/2026\/02\/SHOP-Heated-Lounger-TWO-PLUS-6-800x800.jpg 800w, https:\/\/soleum.com\/wp-content\/uploads\/2026\/02\/SHOP-Heated-Lounger-TWO-PLUS-6.webp 1000w\" sizes=\"(max-width: 500px) 100vw, 500px\" title=\"\"><\/div>\n\t\t\t\t\t<div class=\"wc-block-grid__product-title\">Keramik-W\u00e4rmeliege TWO PLUS<\/div>\n\t\t\t\t<\/a>\n\t\t\t\t<div class=\"wc-block-grid__product-price price\"><\/div>\n\t\t\t\t\n\t\t\t\t<div class=\"wp-block-button wc-block-grid__product-add-to-cart\"><a href=\"https:\/\/soleum.com\/produkt\/keramik-waermeliege-two-plus\/\" aria-label=\"&ldquo;Keramik-W\u00e4rmeliege TWO PLUS&rdquo; term\u00e9kr\u0151l t\u00f6bb inform\u00e1ci\u00f3\" data-quantity=\"1\" data-product_id=\"23270\" data-product_sku=\"\" data-price=\"0\" rel=\"nofollow\" class=\"wp-block-button__link  add_to_cart_button\">Tov\u00e1bb olvasom<\/a><\/div>\n\t\t\t<\/li><\/ul><\/div><\/div>\n<\/div>\n","protected":false},"excerpt":{"rendered":"","protected":false},"author":1,"featured_media":23491,"parent":0,"menu_order":0,"comment_status":"closed","ping_status":"closed","template":"","meta":{"_exactmetrics_skip_tracking":false,"_exactmetrics_sitenote_active":false,"_exactmetrics_sitenote_note":"","_exactmetrics_sitenote_category":0,"footnotes":""},"class_list":["post-23492","page","type-page","status-publish","has-post-thumbnail","hentry"],"_links":{"self":[{"href":"https:\/\/soleum.com\/hu\/wp-json\/wp\/v2\/pages\/23492","targetHints":{"allow":["GET"]}}],"collection":[{"href":"https:\/\/soleum.com\/hu\/wp-json\/wp\/v2\/pages"}],"about":[{"href":"https:\/\/soleum.com\/hu\/wp-json\/wp\/v2\/types\/page"}],"author":[{"embeddable":true,"href":"https:\/\/soleum.com\/hu\/wp-json\/wp\/v2\/users\/1"}],"replies":[{"embeddable":true,"href":"https:\/\/soleum.com\/hu\/wp-json\/wp\/v2\/comments?post=23492"}],"version-history":[{"count":1,"href":"https:\/\/soleum.com\/hu\/wp-json\/wp\/v2\/pages\/23492\/revisions"}],"predecessor-version":[{"id":23519,"href":"https:\/\/soleum.com\/hu\/wp-json\/wp\/v2\/pages\/23492\/revisions\/23519"}],"wp:featuredmedia":[{"embeddable":true,"href":"https:\/\/soleum.com\/hu\/wp-json\/wp\/v2\/media\/23491"}],"wp:attachment":[{"href":"https:\/\/soleum.com\/hu\/wp-json\/wp\/v2\/media?parent=23492"}],"curies":[{"name":"wp","href":"https:\/\/api.w.org\/{rel}","templated":true}]}}