{"id":4004,"date":"2019-12-22T12:19:48","date_gmt":"2019-12-22T11:19:48","guid":{"rendered":"https:\/\/soleum.com\/soleum-ausztria-a-ceg-profilja\/"},"modified":"2019-12-22T16:03:09","modified_gmt":"2019-12-22T15:03:09","slug":"soleum-ausztria-a-ceg-profilja","status":"publish","type":"page","link":"https:\/\/soleum.com\/hu\/soleum-ausztria-a-ceg-profilja\/","title":{"rendered":"SOLEUM Ausztria A c\u00e9g profilja"},"content":{"rendered":"<p><div class=\"fusion-fullwidth fullwidth-box fusion-builder-row-1 nonhundred-percent-fullwidth non-hundred-percent-height-scrolling\" style=\"--awb-border-radius-top-left:0px;--awb-border-radius-top-right:0px;--awb-border-radius-bottom-right:0px;--awb-border-radius-bottom-left:0px;--awb-flex-wrap:wrap;\" ><div class=\"fusion-builder-row fusion-row\"><div class=\"fusion-layout-column fusion_builder_column fusion-builder-column-0 fusion_builder_column_2_3 2_3 fusion-two-third fusion-column-first\" style=\"--awb-bg-size:cover;width:66.666666666667%;width:calc(66.666666666667% - ( ( 4% ) * 0.66666666666667 ) );margin-right: 4%;\"><div class=\"fusion-column-wrapper fusion-column-has-shadow fusion-flex-column-wrapper-legacy\"><div class=\"fusion-text fusion-text-1\"><h2>A c\u00e9g profilja<\/h2>\n<p>T\u00f6bb mint 18 \u00e9ve gy\u00e1rtunk g\u0151zf\u00fcrd\u0151ket, els\u0151sorban mag\u00e1nprojektekhez. V\u00e1s\u00e1rolhat t\u0151l\u00fcnk g\u0151zf\u00fcrd\u0151h\u00f6z sz\u00fcks\u00e9ges alkatr\u00e9szeket (SPA MODUL), valamint leg\u00fajabb technol\u00f3gi\u00e1j\u00fa, el\u0151re gy\u00e1rtott kabinokat is sz\u00e1ll\u00edtunk, illetve \u00f6sszeszerel\u00fcnk (egy meghat\u00e1rozott t\u00e1vols\u00e1gon bel\u00fcl).<\/p>\n<p>G\u0151zf\u00fcrd\u0151h\u00f6z sz\u00e1mos \u00fcl\u0151modul \u00e9s nyug\u00e1gy \u00e1ll rendelkez\u00e9sre. A modulok kombin\u00e1lhat\u00f3ak, \u00edgy sz\u00e1mos k\u00e9nyelmes fekv\u0151 \u00e9s \u00fcl\u0151 lehet\u0151s\u00e9get k\u00edn\u00e1lunk. Az \u00d6n \u00e1ltal meghat\u00e1rozott hely\/ter\u00fclet alapvet\u0151en meghat\u00e1rozza az \u00fcl\u00e9s alakj\u00e1t vagy a kombin\u00e1ci\u00f3s lehet\u0151s\u00e9geket.<\/p>\n<\/div><div class=\"fusion-text fusion-text-2\"><p>Tov\u00e1bbi inform\u00e1ci\u00f3k\u00e9rt k\u00e9rj\u00fck, l\u00e1togasson el al\u00e1bbi webhelyeinkre:<\/p>\n<p><a href=\"https:\/\/www.soleum.de\/\" target=\"_blank\" rel=\"noopener\">soleum.de<\/a> (csak German)<\/p>\n<p><a href=\"https:\/\/www.soleum.at\/en\/\" target=\"_blank\" rel=\"noopener\">soleum.at\/en\/<\/a><\/p>\n<p><a href=\"https:\/\/www.dampfbad.at\/en\/\" target=\"_blank\" rel=\"noopener\">dampfbad.at\/en\/<\/a><\/p>\n<\/div><div class=\"fusion-text fusion-text-3\"><h3>SOLEUM Eg\u00e9szs\u00e9g SPA \u2013 Tengeri Kl\u00edmakamra<\/h3>\n<p>A SOLEUM Eg\u00e9szs\u00e9g SPA\u00a0a t\u00f6k\u00e9letes megold\u00e1st ny\u00fajtja. A term\u00e9ket \u00fczemel\u00e9sre k\u00e9szen, szinte a vil\u00e1g b\u00e1rmely pontj\u00e1ra el tudjuk sz\u00e1ll\u00edtani!<\/p>\n<\/div><div class=\"fusion-image-element fusion-image-align-center in-legacy-container\" style=\"text-align:center;--awb-caption-title-font-family:var(--h2_typography-font-family);--awb-caption-title-font-weight:var(--h2_typography-font-weight);--awb-caption-title-font-style:var(--h2_typography-font-style);--awb-caption-title-size:var(--h2_typography-font-size);--awb-caption-title-transform:var(--h2_typography-text-transform);--awb-caption-title-line-height:var(--h2_typography-line-height);--awb-caption-title-letter-spacing:var(--h2_typography-letter-spacing);\"><div class=\"imageframe-align-center\"><span class=\" fusion-imageframe imageframe-none imageframe-1 hover-type-none\"><img decoding=\"async\" width=\"129\" height=\"110\" alt=\"soleum omega\" title=\"Omega-Trennzeichen-2\" src=\"https:\/\/soleum.com\/wp-content\/uploads\/2019\/10\/Omega-Trennzeichen-2.webp\" class=\"img-responsive wp-image-4036\"\/><\/span><\/div><\/div>\n<div class=\"fusion-image-element fusion-image-align-center in-legacy-container\" style=\"text-align:center;--awb-caption-title-font-family:var(--h2_typography-font-family);--awb-caption-title-font-weight:var(--h2_typography-font-weight);--awb-caption-title-font-style:var(--h2_typography-font-style);--awb-caption-title-size:var(--h2_typography-font-size);--awb-caption-title-transform:var(--h2_typography-text-transform);--awb-caption-title-line-height:var(--h2_typography-line-height);--awb-caption-title-letter-spacing:var(--h2_typography-letter-spacing);\"><div class=\"imageframe-align-center\"><span class=\" fusion-imageframe imageframe-none imageframe-2 hover-type-none\"><img decoding=\"async\" width=\"200\" height=\"217\" alt=\"SOLEUM Ausztria A c\u00e9g profilja\" title=\"Soleum-katal\u00f3gus\" src=\"https:\/\/soleum.com\/wp-content\/uploads\/2019\/10\/Soleum-Katalog.webp\" class=\"img-responsive wp-image-4123\"\/><\/span><\/div><\/div><div class=\"fusion-button-wrapper fusion-aligncenter\"><a class=\"fusion-button button-flat fusion-button-default-size button-default fusion-button-default button-1 fusion-button-default-span fusion-button-default-type\" target=\"_self\" href=\"https:\/\/soleum.com\/hu\/termekkereses\/\"><span class=\"fusion-button-text awb-button__text awb-button__text--default\">KATAL\u00d3GUS<\/span><\/a><\/div><div class=\"fusion-clearfix\"><\/div><\/div><\/div><div class=\"fusion-layout-column fusion_builder_column fusion-builder-column-1 fusion_builder_column_1_3 1_3 fusion-one-third fusion-column-last\" style=\"--awb-bg-size:cover;width:33.333333333333%;width:calc(33.333333333333% - ( ( 4% ) * 0.33333333333333 ) );\"><div class=\"fusion-column-wrapper fusion-column-has-shadow fusion-flex-column-wrapper-legacy\"><div class=\"fusion-image-element in-legacy-container\" style=\"--awb-caption-title-font-family:var(--h2_typography-font-family);--awb-caption-title-font-weight:var(--h2_typography-font-weight);--awb-caption-title-font-style:var(--h2_typography-font-style);--awb-caption-title-size:var(--h2_typography-font-size);--awb-caption-title-transform:var(--h2_typography-text-transform);--awb-caption-title-line-height:var(--h2_typography-line-height);--awb-caption-title-letter-spacing:var(--h2_typography-letter-spacing);\"><span class=\" fusion-imageframe imageframe-none imageframe-3 hover-type-none\"><a href=\"https:\/\/soleum.com\/wp-content\/uploads\/2019\/11\/Soleum-Dampfbabau.jpg\" class=\"fusion-lightbox\" data-rel=\"iLightbox[beab96abaded1fc0225]\" data-title=\"Soleum steam bath manfacturer\" title=\"Soleum steam bath manfacturer\"><img decoding=\"async\" width=\"1043\" height=\"694\" alt=\"Soleum G\u0151zf\u00fcrd\u0151 gy\u00e1rt\u00f3\" src=\"https:\/\/soleum.com\/wp-content\/uploads\/2019\/11\/Soleum-Dampfbabau.webp\" class=\"img-responsive wp-image-4008\" srcset=\"https:\/\/soleum.com\/wp-content\/uploads\/2019\/11\/Soleum-Dampfbabau-200x133.jpg 200w, https:\/\/soleum.com\/wp-content\/uploads\/2019\/11\/Soleum-Dampfbabau-400x266.jpg 400w, https:\/\/soleum.com\/wp-content\/uploads\/2019\/11\/Soleum-Dampfbabau-600x399.jpg 600w, https:\/\/soleum.com\/wp-content\/uploads\/2019\/11\/Soleum-Dampfbabau-800x532.jpg 800w, https:\/\/soleum.com\/wp-content\/uploads\/2019\/11\/Soleum-Dampfbabau.webp 1043w\" sizes=\"(max-width: 1050px) 100vw, 400px\" title=\"\"><\/a><\/span><\/div><div class=\"fusion-image-element fusion-image-align-center in-legacy-container\" style=\"text-align:center;--awb-caption-title-font-family:var(--h2_typography-font-family);--awb-caption-title-font-weight:var(--h2_typography-font-weight);--awb-caption-title-font-style:var(--h2_typography-font-style);--awb-caption-title-size:var(--h2_typography-font-size);--awb-caption-title-transform:var(--h2_typography-text-transform);--awb-caption-title-line-height:var(--h2_typography-line-height);--awb-caption-title-letter-spacing:var(--h2_typography-letter-spacing);\"><div class=\"imageframe-align-center\"><span class=\" fusion-imageframe imageframe-none imageframe-4 hover-type-none\"><img decoding=\"async\" width=\"129\" height=\"110\" alt=\"soleum omega\" title=\"Omega-Trennzeichen-2\" src=\"https:\/\/soleum.com\/wp-content\/uploads\/2019\/10\/Omega-Trennzeichen-2.webp\" class=\"img-responsive wp-image-4036\"\/><\/span><\/div><\/div>\n<div class=\"fusion-image-element in-legacy-container\" style=\"--awb-caption-title-font-family:var(--h2_typography-font-family);--awb-caption-title-font-weight:var(--h2_typography-font-weight);--awb-caption-title-font-style:var(--h2_typography-font-style);--awb-caption-title-size:var(--h2_typography-font-size);--awb-caption-title-transform:var(--h2_typography-text-transform);--awb-caption-title-line-height:var(--h2_typography-line-height);--awb-caption-title-letter-spacing:var(--h2_typography-letter-spacing);\"><span class=\" fusion-imageframe imageframe-none imageframe-5 hover-type-none\"><a href=\"https:\/\/soleum.com\/wp-content\/uploads\/2019\/11\/Hamam-Soleum-Wolfgangsee-3.jpg\" class=\"fusion-lightbox\" data-rel=\"iLightbox[77c5fc34f58995bc502]\" data-title=\"Big russian hamam steam room\" title=\"Big russian hamam steam room\"><img decoding=\"async\" width=\"1000\" height=\"750\" alt=\"Szoleum g\u0151zf\u00fcrd\u0151 el\u0151\u00e1ll\u00edt\u00e1sa\" src=\"https:\/\/soleum.com\/wp-content\/uploads\/2019\/11\/Hamam-Soleum-Wolfgangsee-3.webp\" class=\"img-responsive wp-image-4006\" srcset=\"https:\/\/soleum.com\/wp-content\/uploads\/2019\/11\/Hamam-Soleum-Wolfgangsee-3-200x150.jpg 200w, https:\/\/soleum.com\/wp-content\/uploads\/2019\/11\/Hamam-Soleum-Wolfgangsee-3-400x300.jpg 400w, https:\/\/soleum.com\/wp-content\/uploads\/2019\/11\/Hamam-Soleum-Wolfgangsee-3-600x450.jpg 600w, https:\/\/soleum.com\/wp-content\/uploads\/2019\/11\/Hamam-Soleum-Wolfgangsee-3-800x600.jpg 800w, https:\/\/soleum.com\/wp-content\/uploads\/2019\/11\/Hamam-Soleum-Wolfgangsee-3.webp 1000w\" sizes=\"(max-width: 1050px) 100vw, 400px\" title=\"\"><\/a><\/span><\/div><div class=\"fusion-image-element fusion-image-align-center in-legacy-container\" style=\"text-align:center;--awb-caption-title-font-family:var(--h2_typography-font-family);--awb-caption-title-font-weight:var(--h2_typography-font-weight);--awb-caption-title-font-style:var(--h2_typography-font-style);--awb-caption-title-size:var(--h2_typography-font-size);--awb-caption-title-transform:var(--h2_typography-text-transform);--awb-caption-title-line-height:var(--h2_typography-line-height);--awb-caption-title-letter-spacing:var(--h2_typography-letter-spacing);\"><div class=\"imageframe-align-center\"><span class=\" fusion-imageframe imageframe-none imageframe-6 hover-type-none\"><img decoding=\"async\" width=\"129\" height=\"110\" alt=\"soleum omega\" title=\"Omega-Trennzeichen-2\" src=\"https:\/\/soleum.com\/wp-content\/uploads\/2019\/10\/Omega-Trennzeichen-2.webp\" class=\"img-responsive wp-image-4036\"\/><\/span><\/div><\/div>\n<div class=\"fusion-image-element in-legacy-container\" style=\"--awb-caption-title-font-family:var(--h2_typography-font-family);--awb-caption-title-font-weight:var(--h2_typography-font-weight);--awb-caption-title-font-style:var(--h2_typography-font-style);--awb-caption-title-size:var(--h2_typography-font-size);--awb-caption-title-transform:var(--h2_typography-text-transform);--awb-caption-title-line-height:var(--h2_typography-line-height);--awb-caption-title-letter-spacing:var(--h2_typography-letter-spacing);\"><span class=\" fusion-imageframe imageframe-none imageframe-7 hover-type-none\"><a href=\"https:\/\/soleum.com\/wp-content\/uploads\/2019\/11\/Soledampfbad-Wien-13.jpg\" class=\"fusion-lightbox\" data-rel=\"iLightbox[95ba94c9d2296d67bcc]\" data-title=\"luxury private steam bath\" title=\"luxury private steam bath\"><img decoding=\"async\" width=\"800\" height=\"530\" alt=\"Soleum luxus g\u0151zf\u00fcrd\u0151 priv\u00e1t b\u00e9csi\" src=\"https:\/\/soleum.com\/wp-content\/uploads\/2019\/11\/Soledampfbad-Wien-13.webp\" class=\"img-responsive wp-image-4007\" srcset=\"https:\/\/soleum.com\/wp-content\/uploads\/2019\/11\/Soledampfbad-Wien-13-200x133.jpg 200w, https:\/\/soleum.com\/wp-content\/uploads\/2019\/11\/Soledampfbad-Wien-13-400x265.jpg 400w, https:\/\/soleum.com\/wp-content\/uploads\/2019\/11\/Soledampfbad-Wien-13-600x398.jpg 600w, https:\/\/soleum.com\/wp-content\/uploads\/2019\/11\/Soledampfbad-Wien-13.webp 800w\" sizes=\"(max-width: 1050px) 100vw, 400px\" title=\"\"><\/a><\/span><\/div><div class=\"fusion-clearfix\"><\/div><\/div><\/div><\/div><\/div><div class=\"fusion-fullwidth fullwidth-box fusion-builder-row-2 nonhundred-percent-fullwidth non-hundred-percent-height-scrolling\" style=\"--awb-background-position:left top;--awb-border-radius-top-left:0px;--awb-border-radius-top-right:0px;--awb-border-radius-bottom-right:0px;--awb-border-radius-bottom-left:0px;--awb-padding-top:8%;--awb-padding-bottom:4%;--awb-border-sizes-top:0px;--awb-border-sizes-bottom:0px;--awb-flex-wrap:wrap;\" ><div class=\"fusion-builder-row fusion-row\"><div class=\"fusion-layout-column fusion_builder_column fusion-builder-column-2 fusion_builder_column_1_6 1_6 fusion-one-sixth fusion-column-first fusion-no-small-visibility\" style=\"--awb-bg-size:cover;width:13.3333%; margin-right: 4%;\"><div class=\"fusion-column-wrapper fusion-flex-column-wrapper-legacy\"><div class=\"fusion-clearfix\"><\/div><\/div><\/div><div class=\"fusion-layout-column fusion_builder_column fusion-builder-column-3 fusion_builder_column_2_3 2_3 fusion-two-third\" style=\"--awb-bg-size:cover;width:65.3333%; margin-right: 4%;\"><div class=\"fusion-column-wrapper fusion-flex-column-wrapper-legacy\"><div class=\"fusion-fa-align-center\"><i class=\"fb-icon-element-1 fb-icon-element fontawesome-icon fa fa-envira circle-no fa-flip-horizontal\" style=\"--awb-iconcolor:#b9afa1;--awb-iconcolor-hover:#b9afa1;--awb-circlecolor:rgba(255,255,255,0);--awb-font-size:34px;--awb-margin-bottom:30px;\"><\/i><\/div><div class=\"fusion-text fusion-text-4\"><h4 style=\"text-align: center;\"><span style=\"color: #b9afa1;\"><span class=\"color_11\">SOLEUM GmbH<br \/>\nGutauerstra\u00dfe 42<br \/>\n4230 Pregarten<br \/>\nAusztria<br \/>\n+43 (0) 7236 26200<br \/>\nmobile \/ whatsapp: +43 699 17232700<br \/>\nEmail:\u00a0 sales@soleum.com<br \/>\n<\/span><\/span><\/h4>\n<\/div><div class=\"fusion-fa-align-center\"><i class=\"fb-icon-element-2 fb-icon-element fontawesome-icon fa fa-envira circle-no fa-flip-horizontal\" style=\"--awb-iconcolor:#b9afa1;--awb-iconcolor-hover:#b9afa1;--awb-circlecolor:rgba(255,255,255,0);--awb-font-size:34px;--awb-margin-bottom:30px;\"><\/i><\/div><div class=\"fusion-image-element fusion-image-align-center in-legacy-container\" style=\"text-align:center;--awb-caption-title-font-family:var(--h2_typography-font-family);--awb-caption-title-font-weight:var(--h2_typography-font-weight);--awb-caption-title-font-style:var(--h2_typography-font-style);--awb-caption-title-size:var(--h2_typography-font-size);--awb-caption-title-transform:var(--h2_typography-text-transform);--awb-caption-title-line-height:var(--h2_typography-line-height);--awb-caption-title-letter-spacing:var(--h2_typography-letter-spacing);\"><div class=\"imageframe-align-center\"><span class=\" fusion-imageframe imageframe-none imageframe-8 hover-type-none\"><img decoding=\"async\" width=\"150\" height=\"58\" alt=\"Made in Upper Austria \" title=\"austria-a-surprisingly-ingenious-grau150\" src=\"https:\/\/soleum.com\/wp-content\/uploads\/2019\/10\/austria-a-surprisingly-ingenious-grau150.webp\" class=\"img-responsive wp-image-4005\"\/><\/span><\/div><\/div><div class=\"fusion-text fusion-text-5\"><h4 style=\"text-align: center;\">made in Ausztria<\/h4>\n<\/div><div class=\"fusion-sep-clear\"><\/div><div class=\"fusion-separator\" style=\"margin-left: auto;margin-right: auto;margin-top:10px;margin-bottom:40px;width:100%;max-width:80px;\"><div class=\"fusion-separator-border sep-single sep-solid\" style=\"--awb-height:20px;--awb-amount:20px;border-color:#b9afa1;border-top-width:1px;\"><\/div><\/div><div class=\"fusion-sep-clear\"><\/div><div class=\"fusion-text fusion-text-6\"><p style=\"text-align: center;\">VAT-Sz\u00e1m.: ATU66445199<br \/>\nARA\u2013LN:16346<br \/>\nregion\u00e1lis b\u00edr\u00f3s\u00e1g Perg, FN 362383t<br \/>\nA teljes\u00edt\u00e9s helye \u00e9s joghat\u00f3s\u00e1g Perg<\/p>\n<\/div><div class=\"fusion-clearfix\"><\/div><\/div><\/div><div class=\"fusion-layout-column fusion_builder_column fusion-builder-column-4 fusion_builder_column_1_6 1_6 fusion-one-sixth fusion-column-last fusion-no-small-visibility\" style=\"--awb-bg-size:cover;width:13.3333%;\"><div class=\"fusion-column-wrapper fusion-flex-column-wrapper-legacy\"><div class=\"fusion-clearfix\"><\/div><\/div><\/div><\/div><\/div><div class=\"fusion-fullwidth fullwidth-box fusion-builder-row-3 nonhundred-percent-fullwidth non-hundred-percent-height-scrolling\" style=\"--awb-border-radius-top-left:0px;--awb-border-radius-top-right:0px;--awb-border-radius-bottom-right:0px;--awb-border-radius-bottom-left:0px;--awb-padding-bottom:30px;--awb-background-color:#f9f9f9;--awb-flex-wrap:wrap;\" ><div class=\"fusion-builder-row fusion-row\"><div class=\"fusion-layout-column fusion_builder_column fusion-builder-column-5 fusion_builder_column_1_1 1_1 fusion-one-full fusion-column-first fusion-column-last\" style=\"--awb-bg-size:cover;--awb-margin-top:0px;--awb-margin-bottom:0px;\"><div class=\"fusion-column-wrapper fusion-flex-column-wrapper-legacy\"><div class=\"fusion-section-separator section-separator big-half-circle fusion-section-separator-1\" style=\"--awb-spacer-height:99px;--awb-svg-margin-left:0;--awb-svg-margin-right:0;--awb-divider-height:99px;--awb-spacer-padding-top:inherit;--awb-sep-padding:0;--awb-svg-padding:0;\"><div class=\"fusion-section-separator-svg\"><svg class=\"fusion-big-half-circle-candy\" xmlns=\"http:\/\/www.w3.org\/2000\/svg\" version=\"1.1\" width=\"100%\" height=\"100\" viewBox=\"0 0 100 100\" preserveAspectRatio=\"none\" fill=\"rgba(255,255,255,1)\"><path d=\"M0 0 C55 180 100 0 100 0 Z\"><\/path><\/svg><\/div><div class=\"fusion-section-separator-spacer\"><div class=\"fusion-section-separator-spacer-height\"><\/div><\/div><\/div><div class=\"fusion-alert alert error alert-danger fusion-alert-center fusion-alert-capitalize awb-alert-native-link-color alert-dismissable awb-alert-close-boxed alert-shadow\" role=\"alert\"><div class=\"fusion-alert-content-wrapper\"><span class=\"alert-icon\"><i class=\"awb-icon-exclamation-triangle\" aria-hidden=\"true\"><\/i><\/span><span class=\"fusion-alert-content\">Incorrect slider name. Please make sure to use a valid slider slug.<\/span><\/div><button type=\"button\" class=\"close toggle-alert\" data-dismiss=\"alert\" aria-label=\"Close\">&times;<\/button><\/div><div class=\"fusion-clearfix\"><\/div><\/div><\/div><\/div><\/div><\/p>\n","protected":false},"excerpt":{"rendered":"","protected":false},"author":1,"featured_media":7653,"parent":0,"menu_order":0,"comment_status":"closed","ping_status":"closed","template":"100-width.php","meta":{"_exactmetrics_skip_tracking":false,"_exactmetrics_sitenote_active":false,"_exactmetrics_sitenote_note":"","_exactmetrics_sitenote_category":0,"footnotes":""},"class_list":["post-4004","page","type-page","status-publish","has-post-thumbnail","hentry"],"_links":{"self":[{"href":"https:\/\/soleum.com\/hu\/wp-json\/wp\/v2\/pages\/4004","targetHints":{"allow":["GET"]}}],"collection":[{"href":"https:\/\/soleum.com\/hu\/wp-json\/wp\/v2\/pages"}],"about":[{"href":"https:\/\/soleum.com\/hu\/wp-json\/wp\/v2\/types\/page"}],"author":[{"embeddable":true,"href":"https:\/\/soleum.com\/hu\/wp-json\/wp\/v2\/users\/1"}],"replies":[{"embeddable":true,"href":"https:\/\/soleum.com\/hu\/wp-json\/wp\/v2\/comments?post=4004"}],"version-history":[{"count":0,"href":"https:\/\/soleum.com\/hu\/wp-json\/wp\/v2\/pages\/4004\/revisions"}],"wp:featuredmedia":[{"embeddable":true,"href":"https:\/\/soleum.com\/hu\/wp-json\/wp\/v2\/media\/7653"}],"wp:attachment":[{"href":"https:\/\/soleum.com\/hu\/wp-json\/wp\/v2\/media?parent=4004"}],"curies":[{"name":"wp","href":"https:\/\/api.w.org\/{rel}","templated":true}]}}