{"id":4026,"date":"2019-12-22T12:26:44","date_gmt":"2019-12-22T11:26:44","guid":{"rendered":"https:\/\/soleum.com\/tulajdonsagok-es-elonyoek-tengeri-klima-kabin\/"},"modified":"2019-12-22T15:37:06","modified_gmt":"2019-12-22T14:37:06","slug":"tulajdonsagok-es-elonyoek-tengeri-klima-kabin","status":"publish","type":"page","link":"https:\/\/soleum.com\/hu\/tulajdonsagok-es-elonyoek-tengeri-klima-kabin\/","title":{"rendered":"Tulajdons\u00e1gok \u00e9s el\u0151ny\u00f6k-Tengeri kl\u00edma kabin"},"content":{"rendered":"<div class=\"fusion-fullwidth fullwidth-box fusion-builder-row-1 nonhundred-percent-fullwidth non-hundred-percent-height-scrolling\" style=\"--awb-border-radius-top-left:0px;--awb-border-radius-top-right:0px;--awb-border-radius-bottom-right:0px;--awb-border-radius-bottom-left:0px;--awb-flex-wrap:wrap;\" ><div class=\"fusion-builder-row fusion-row\"><div class=\"fusion-layout-column fusion_builder_column fusion-builder-column-0 fusion_builder_column_1_1 1_1 fusion-one-full fusion-column-first fusion-column-last\" style=\"--awb-bg-size:cover;--awb-margin-top:0px;--awb-margin-bottom:0px;\"><div class=\"fusion-column-wrapper fusion-flex-column-wrapper-legacy\"><style type=\"text\/css\">.fusion-portfolio-wrapper#fusion-portfolio-1 .fusion-portfolio-content{ padding: 30px 30px 30px 30px; text-align: center; }<\/style><div class=\"fusion-recent-works fusion-portfolio-element fusion-portfolio fusion-portfolio-1 fusion-portfolio-grid fusion-portfolio-paging-pagination fusion-portfolio-four fusion-portfolio-boxed fusion-portfolio-text fusion-portfolio-equal-heights fusion-portfolio-rollover\" data-id=\"-rw-1\" data-columns=\"four\"><style type=\"text\/css\">.fusion-portfolio-1 .fusion-portfolio-wrapper .fusion-col-spacing{padding:0px;}<\/style><div class=\"fusion-portfolio-wrapper\" id=\"fusion-portfolio-1\" data-picturesize=\"auto\" data-pages=\"1\" style=\"margin:-0px;\"><article id=\"portfolio-1-post-4029\" class=\"fusion-portfolio-post tulajdonsagok-es-elonyoek-tengeri-klima-kabin fusion-col-spacing post-4029\"><div class=\"fusion-portfolio-content-wrapper\" style=\"border:1px solid #ebeaea;border-bottom-width:3px;background-color:rgba(255,255,255,1);\"><span class=\"vcard rich-snippet-hidden\"><span class=\"fn\"><a href=\"https:\/\/soleum.com\/hu\/author\/soleum\/\" title=\"soleum bejegyz\u00e9se\" rel=\"author\">soleum<\/a><\/span><\/span><span class=\"updated rich-snippet-hidden\">2019-12-22T12:51:28+01:00<\/span><div  class=\"fusion-image-wrapper\" aria-haspopup=\"true\">\n\t\t\t\t<img decoding=\"async\" width=\"1000\" height=\"1100\" src=\"https:\/\/soleum.com\/wp-content\/uploads\/2019\/10\/Smart-Control-sw.webp\" class=\"attachment-full size-full wp-post-image\" alt=\"Smart-Control SOLEUM Health SPA\" srcset=\"https:\/\/soleum.com\/wp-content\/uploads\/2019\/10\/Smart-Control-sw-200x220.jpg 200w, https:\/\/soleum.com\/wp-content\/uploads\/2019\/10\/Smart-Control-sw-400x440.jpg 400w, https:\/\/soleum.com\/wp-content\/uploads\/2019\/10\/Smart-Control-sw-600x660.jpg 600w, https:\/\/soleum.com\/wp-content\/uploads\/2019\/10\/Smart-Control-sw-800x880.jpg 800w, https:\/\/soleum.com\/wp-content\/uploads\/2019\/10\/Smart-Control-sw.webp 1000w\" sizes=\"(min-width: 2200px) 100vw, (min-width: 852px) 293px, (min-width: 782px) 390px, (min-width: 711px) 585px, (min-width: 640px) 711px, \" title=\"\"><div class=\"fusion-rollover\">\n\t<div class=\"fusion-rollover-content\">\n\n\t\t\t\t\n\t\t\n\t\t\t\t\t\t\t\t\t\t\t\t<h4 class=\"fusion-rollover-title\">\n\t\t\t\t\t<a class=\"fusion-rollover-title-link\" href=\"https:\/\/soleum.com\/hu\/produkte\/smart-control-high-tech-spa-iranyitas\/?portfolioCats=813\">\n\t\t\t\t\t\tSMART Control \u2013 High Tech SPA Ir\u00e1ny\u00edt\u00e1s\t\t\t\t\t<\/a>\n\t\t\t\t<\/h4>\n\t\t\t\n\t\t\t\t\t\t\t\t\n\t\t\n\t\t\t\t\t\t<a class=\"fusion-link-wrapper\" href=\"https:\/\/soleum.com\/hu\/produkte\/smart-control-high-tech-spa-iranyitas\/?portfolioCats=813\" aria-label=\"SMART Control \u2013 High Tech SPA Ir\u00e1ny\u00edt\u00e1s\"><\/a>\n\t<\/div>\n<\/div>\n<\/div>\n<div class=\"fusion-portfolio-content\" style=\"background-color:rgba(255,255,255,1);\"><h2 class=\"entry-title fusion-post-title\"><a href=\"https:\/\/soleum.com\/hu\/produkte\/smart-control-high-tech-spa-iranyitas\/?portfolioCats=813\">SMART Control \u2013 High Tech SPA Ir\u00e1ny\u00edt\u00e1s<\/a><\/h2><div class=\"fusion-content-sep sep-single sep-dotted\" style=\"border-color:#b9afa1;\"><\/div><div class=\"fusion-post-content\"><p>A teljes SPA kabin \u201eokos\u201d, \u00e9s okostelefonon, t\u00e1blag\u00e9pen vagy webb\u00f6ng\u00e9sz\u0151n kereszt\u00fcl teljesk\u00f6r\u0171en vez\u00e9relhet\u0151. A kabin fel\u00fcleti h\u0151m\u00e9rs\u00e9klete \u00e9s energiafogyaszt\u00e1sa b\u00e1rmikor ellen\u0151rizhet\u0151.<\/p><\/div><\/div><\/div><\/article><article id=\"portfolio-1-post-4032\" class=\"fusion-portfolio-post soleum-meeresklimakabine-produktfeatures-hu tulajdonsagok-es-elonyoek-tengeri-klima-kabin fusion-col-spacing post-4032\"><div class=\"fusion-portfolio-content-wrapper\" style=\"border:1px solid #ebeaea;border-bottom-width:3px;background-color:rgba(255,255,255,1);\"><span class=\"vcard rich-snippet-hidden\"><span class=\"fn\"><a href=\"https:\/\/soleum.com\/hu\/author\/soleum\/\" title=\"soleum bejegyz\u00e9se\" rel=\"author\">soleum<\/a><\/span><\/span><span class=\"updated rich-snippet-hidden\">2020-09-27T13:53:42+02:00<\/span><div  class=\"fusion-image-wrapper\" aria-haspopup=\"true\">\n\t\t\t\t<img decoding=\"async\" width=\"1000\" height=\"1100\" src=\"https:\/\/soleum.com\/wp-content\/uploads\/2016\/08\/dampfbad.webp\" class=\"attachment-full size-full wp-post-image\" alt=\"K\u00fclt\u00e9ri g\u0151zkabin s\u00f3 bel\u00e9gz\u00e9ssel\" srcset=\"https:\/\/soleum.com\/wp-content\/uploads\/2016\/08\/dampfbad-200x220.jpg 200w, https:\/\/soleum.com\/wp-content\/uploads\/2016\/08\/dampfbad-400x440.jpg 400w, https:\/\/soleum.com\/wp-content\/uploads\/2016\/08\/dampfbad-600x660.jpg 600w, https:\/\/soleum.com\/wp-content\/uploads\/2016\/08\/dampfbad-800x880.jpg 800w, https:\/\/soleum.com\/wp-content\/uploads\/2016\/08\/dampfbad.webp 1000w\" sizes=\"(min-width: 2200px) 100vw, (min-width: 852px) 293px, (min-width: 782px) 390px, (min-width: 711px) 585px, (min-width: 640px) 711px, \" title=\"\"><div class=\"fusion-rollover\">\n\t<div class=\"fusion-rollover-content\">\n\n\t\t\t\t\n\t\t\n\t\t\t\t\t\t\t\t\t\t\t\t<h4 class=\"fusion-rollover-title\">\n\t\t\t\t\t<a class=\"fusion-rollover-title-link\" href=\"https:\/\/soleum.com\/hu\/produkte\/gozfuerdo\/?portfolioCats=813\">\n\t\t\t\t\t\tG\u0151zf\u00fcrd\u0151\t\t\t\t\t<\/a>\n\t\t\t\t<\/h4>\n\t\t\t\n\t\t\t\t\t\t\t\t\n\t\t\n\t\t\t\t\t\t<a class=\"fusion-link-wrapper\" href=\"https:\/\/soleum.com\/hu\/produkte\/gozfuerdo\/?portfolioCats=813\" aria-label=\"G\u0151zf\u00fcrd\u0151\"><\/a>\n\t<\/div>\n<\/div>\n<\/div>\n<div class=\"fusion-portfolio-content\" style=\"background-color:rgba(255,255,255,1);\"><h2 class=\"entry-title fusion-post-title\"><a href=\"https:\/\/soleum.com\/hu\/produkte\/gozfuerdo\/?portfolioCats=813\">G\u0151zf\u00fcrd\u0151<\/a><\/h2><div class=\"fusion-content-sep sep-single sep-dotted\" style=\"border-color:#b9afa1;\"><\/div><div class=\"fusion-post-content\"><p>Ha van lehet\u0151s\u00e9ge a g\u0151zgener\u00e1tort fagy\u00e1ll\u00f3 k\u00f6rnyezetbe helyezni, akkor \u00e1talak\u00edthatja a SOLEUM K\u00fclt\u00e9ri SPA-t g\u0151zf\u00fcrd\u0151v\u00e9.\r\nA k\u00fclt\u00e9ri SPA kamra teljes \u00e9rt\u00e9k\u0171 g\u0151zf\u00fcrd\u0151r\u00e9 v\u00e1lik - s\u00f3oldatos bel\u00e9gz\u00e9ssel egy\u00fctt. Szuper!<\/p><\/div><\/div><\/div><\/article><article id=\"portfolio-1-post-4035\" class=\"fusion-portfolio-post tulajdonsagok-es-elonyoek-tengeri-klima-kabin fusion-col-spacing post-4035\"><div class=\"fusion-portfolio-content-wrapper\" style=\"border:1px solid #ebeaea;border-bottom-width:3px;background-color:rgba(255,255,255,1);\"><span class=\"vcard rich-snippet-hidden\"><span class=\"fn\"><a href=\"https:\/\/soleum.com\/hu\/author\/soleum\/\" title=\"soleum bejegyz\u00e9se\" rel=\"author\">soleum<\/a><\/span><\/span><span class=\"updated rich-snippet-hidden\">2019-12-22T13:07:13+01:00<\/span><div  class=\"fusion-image-wrapper\" aria-haspopup=\"true\">\n\t\t\t\t<img decoding=\"async\" width=\"600\" height=\"660\" src=\"https:\/\/soleum.com\/wp-content\/uploads\/2019\/10\/trockensalzinhalation-halotherapie-e1571864173646.webp\" class=\"attachment-full size-full wp-post-image\" alt=\"Sz\u00e1raz S\u00f3 Inhal\u00e1l\u00e1s Haloter\u00e1pia\" title=\"\"><div class=\"fusion-rollover\">\n\t<div class=\"fusion-rollover-content\">\n\n\t\t\t\t\n\t\t\n\t\t\t\t\t\t\t\t\t\t\t\t<h4 class=\"fusion-rollover-title\">\n\t\t\t\t\t<a class=\"fusion-rollover-title-link\" href=\"https:\/\/soleum.com\/hu\/produkte\/szaraz-so-inhalalas-haloterapia\/?portfolioCats=813\">\n\t\t\t\t\t\tSz\u00e1raz S\u00f3 Inhal\u00e1l\u00e1s Haloter\u00e1pia\t\t\t\t\t<\/a>\n\t\t\t\t<\/h4>\n\t\t\t\n\t\t\t\t\t\t\t\t\n\t\t\n\t\t\t\t\t\t<a class=\"fusion-link-wrapper\" href=\"https:\/\/soleum.com\/hu\/produkte\/szaraz-so-inhalalas-haloterapia\/?portfolioCats=813\" aria-label=\"Sz\u00e1raz S\u00f3 Inhal\u00e1l\u00e1s Haloter\u00e1pia\"><\/a>\n\t<\/div>\n<\/div>\n<\/div>\n<div class=\"fusion-portfolio-content\" style=\"background-color:rgba(255,255,255,1);\"><h2 class=\"entry-title fusion-post-title\"><a href=\"https:\/\/soleum.com\/hu\/produkte\/szaraz-so-inhalalas-haloterapia\/?portfolioCats=813\">Sz\u00e1raz S\u00f3 Inhal\u00e1l\u00e1s Haloter\u00e1pia<\/a><\/h2><div class=\"fusion-content-sep sep-single sep-dotted\" style=\"border-color:#b9afa1;\"><\/div><div class=\"fusion-post-content\"><p>Sz\u00e1razon rendelkezik a s\u00f3 a leger\u0151sebb gy\u00f3gy\u00edt\u00f3 hat\u00e1ssal a l\u00e9gz\u0151rendszerre \u00e9s a b\u0151rre. Mikroszk\u00f3posan finom s\u00f3r\u00e9szecsk\u00e9ket szabadalmaztatott m\u00f3dszerrel f\u00fajnak a SOLEUM\u00ae Eg\u00e9szs\u00e9g SPA-ba.\r\nA tudom\u00e1nyos kutat\u00e1sok azt bizony\u00edtott\u00e1k, hogy az inhal\u00e1lt sz\u00e1raz s\u00f3 r\u00e9szecsk\u00e9k bakt\u00e9rium\u00f6l\u0151, mucokinetikai, hidrofil \u00e9s gyullad\u00e1scs\u00f6kkent\u0151 hat\u00e1ssal vannak, amik el\u0151seg\u00edtik a l\u00e9gutak gyullad\u00e1s\u00e1nak cs\u00f6kkent\u00e9s\u00e9t \u00e9s a l\u00e9gutak kisz\u00e9les\u00edt\u00e9s\u00e9t. <\/p><\/div><\/div><\/div><\/article><article id=\"portfolio-1-post-4040\" class=\"fusion-portfolio-post tulajdonsagok-es-elonyoek-tengeri-klima-kabin fusion-col-spacing post-4040\"><div class=\"fusion-portfolio-content-wrapper\" style=\"border:1px solid #ebeaea;border-bottom-width:3px;background-color:rgba(255,255,255,1);\"><span class=\"vcard rich-snippet-hidden\"><span class=\"fn\"><a href=\"https:\/\/soleum.com\/hu\/author\/soleum\/\" title=\"soleum bejegyz\u00e9se\" rel=\"author\">soleum<\/a><\/span><\/span><span class=\"updated rich-snippet-hidden\">2019-12-22T16:09:27+01:00<\/span><div  class=\"fusion-image-wrapper\" aria-haspopup=\"true\">\n\t\t\t\t<img decoding=\"async\" width=\"1000\" height=\"1100\" src=\"https:\/\/soleum.com\/wp-content\/uploads\/2019\/10\/Soleinhalation.webp\" class=\"attachment-full size-full wp-post-image\" alt=\"\" srcset=\"https:\/\/soleum.com\/wp-content\/uploads\/2019\/10\/Soleinhalation-200x220.jpg 200w, https:\/\/soleum.com\/wp-content\/uploads\/2019\/10\/Soleinhalation-400x440.jpg 400w, https:\/\/soleum.com\/wp-content\/uploads\/2019\/10\/Soleinhalation-600x660.jpg 600w, https:\/\/soleum.com\/wp-content\/uploads\/2019\/10\/Soleinhalation-800x880.jpg 800w, https:\/\/soleum.com\/wp-content\/uploads\/2019\/10\/Soleinhalation.webp 1000w\" sizes=\"(min-width: 2200px) 100vw, (min-width: 852px) 293px, (min-width: 782px) 390px, (min-width: 711px) 585px, (min-width: 640px) 711px, \" title=\"\"><div class=\"fusion-rollover\">\n\t<div class=\"fusion-rollover-content\">\n\n\t\t\t\t\n\t\t\n\t\t\t\t\t\t\t\t\t\t\t\t<h4 class=\"fusion-rollover-title\">\n\t\t\t\t\t<a class=\"fusion-rollover-title-link\" href=\"https:\/\/soleum.com\/hu\/produkte\/nedves-sos-para-inhalalas-thalasszoterapia\/?portfolioCats=813\">\n\t\t\t\t\t\tNedves s\u00f3s p\u00e1ra inhal\u00e1l\u00e1s-thalasszoter\u00e1pia\t\t\t\t\t<\/a>\n\t\t\t\t<\/h4>\n\t\t\t\n\t\t\t\t\t\t\t\t\n\t\t\n\t\t\t\t\t\t<a class=\"fusion-link-wrapper\" href=\"https:\/\/soleum.com\/hu\/produkte\/nedves-sos-para-inhalalas-thalasszoterapia\/?portfolioCats=813\" aria-label=\"Nedves s\u00f3s p\u00e1ra inhal\u00e1l\u00e1s-thalasszoter\u00e1pia\"><\/a>\n\t<\/div>\n<\/div>\n<\/div>\n<div class=\"fusion-portfolio-content\" style=\"background-color:rgba(255,255,255,1);\"><h2 class=\"entry-title fusion-post-title\"><a href=\"https:\/\/soleum.com\/hu\/produkte\/nedves-sos-para-inhalalas-thalasszoterapia\/?portfolioCats=813\">Nedves s\u00f3s p\u00e1ra inhal\u00e1l\u00e1s-thalasszoter\u00e1pia<\/a><\/h2><div class=\"fusion-content-sep sep-single sep-dotted\" style=\"border-color:#b9afa1;\"><\/div><div class=\"fusion-post-content\"><p>Thalasszoter\u00e1pia: A legfinomabb s\u00f3s s\u00f3s k\u00f6d az eg\u00e9sz kabinban. A nedves s\u00f3oldattal t\u00f6rt\u00e9n\u0151 inhal\u00e1l\u00e1s nemcsak a l\u00e9gz\u00e9sre j\u00f3, hanem az eg\u00e9sz b\u0151rre is kiterjed. A b\u0151r\u00f6n l\u00e9v\u0151 s\u00f3 fokozza az izzad\u00e1st, m\u00e9regtelen\u00edt\u00e9st, tiszt\u00edtja, t\u00e1pl\u00e1lja \u00e9s nagyon pozit\u00edv hat\u00e1ssal van a b\u0151rre.<\/p><\/div><\/div><\/div><\/article><article id=\"portfolio-1-post-4043\" class=\"fusion-portfolio-post tulajdonsagok-es-elonyoek-tengeri-klima-kabin fusion-col-spacing post-4043\"><div class=\"fusion-portfolio-content-wrapper\" style=\"border:1px solid #ebeaea;border-bottom-width:3px;background-color:rgba(255,255,255,1);\"><span class=\"vcard rich-snippet-hidden\"><span class=\"fn\"><a href=\"https:\/\/soleum.com\/hu\/author\/soleum\/\" title=\"soleum bejegyz\u00e9se\" rel=\"author\">soleum<\/a><\/span><\/span><span class=\"updated rich-snippet-hidden\">2019-12-22T13:27:14+01:00<\/span><div  class=\"fusion-image-wrapper\" aria-haspopup=\"true\">\n\t\t\t\t<img decoding=\"async\" width=\"600\" height=\"660\" src=\"https:\/\/soleum.com\/wp-content\/uploads\/2019\/10\/teedarium-600.webp\" class=\"attachment-full size-full wp-post-image\" alt=\"Tea-inhal\u00e1l\u00e1s a TEEDARIUM\u00ae-ban \u2013 Tea inhal\u00e1l\u00f3 kabinban\" srcset=\"https:\/\/soleum.com\/wp-content\/uploads\/2019\/10\/teedarium-600-200x220.jpg 200w, https:\/\/soleum.com\/wp-content\/uploads\/2019\/10\/teedarium-600-400x440.jpg 400w, https:\/\/soleum.com\/wp-content\/uploads\/2019\/10\/teedarium-600.webp 600w\" sizes=\"(min-width: 2200px) 100vw, (min-width: 852px) 293px, (min-width: 782px) 390px, (min-width: 711px) 585px, (min-width: 640px) 711px, \" title=\"\"><div class=\"fusion-rollover\">\n\t<div class=\"fusion-rollover-content\">\n\n\t\t\t\t\n\t\t\n\t\t\t\t\t\t\t\t\t\t\t\t<h4 class=\"fusion-rollover-title\">\n\t\t\t\t\t<a class=\"fusion-rollover-title-link\" href=\"https:\/\/soleum.com\/hu\/produkte\/tea-inhalalas-a-teedarium-ban-tea-inhalalo-kabinban\/?portfolioCats=813\">\n\t\t\t\t\t\tTea-inhal\u00e1l\u00e1s a TEEDARIUM\u00ae-ban \u2013 Tea inhal\u00e1l\u00f3 kabinban\t\t\t\t\t<\/a>\n\t\t\t\t<\/h4>\n\t\t\t\n\t\t\t\t\t\t\t\t\n\t\t\n\t\t\t\t\t\t<a class=\"fusion-link-wrapper\" href=\"https:\/\/soleum.com\/hu\/produkte\/tea-inhalalas-a-teedarium-ban-tea-inhalalo-kabinban\/?portfolioCats=813\" aria-label=\"Tea-inhal\u00e1l\u00e1s a TEEDARIUM\u00ae-ban \u2013 Tea inhal\u00e1l\u00f3 kabinban\"><\/a>\n\t<\/div>\n<\/div>\n<\/div>\n<div class=\"fusion-portfolio-content\" style=\"background-color:rgba(255,255,255,1);\"><h2 class=\"entry-title fusion-post-title\"><a href=\"https:\/\/soleum.com\/hu\/produkte\/tea-inhalalas-a-teedarium-ban-tea-inhalalo-kabinban\/?portfolioCats=813\">Tea-inhal\u00e1l\u00e1s a TEEDARIUM\u00ae-ban \u2013 Tea inhal\u00e1l\u00f3 kabinban<\/a><\/h2><div class=\"fusion-content-sep sep-single sep-dotted\" style=\"border-color:#b9afa1;\"><\/div><div class=\"fusion-post-content\"><p>Tea-inhal\u00e1l\u00e1s a TEEDARIUM\u00ae-ban \u2013 Tea inhal\u00e1l\u00f3 kabinban. A SOLEUM Eg\u00e9szs\u00e9g SPA inhal\u00e1ci\u00f3s technol\u00f3gi\u00e1j\u00e1nak k\u00f6sz\u00f6nhet\u0151en a tea nagyon finoman \u00e9s nagyon gyorsan eloszlik. A tea-g\u0151z az eg\u00e9sz kabint belengi.<\/p><\/div><\/div><\/div><\/article><article id=\"portfolio-1-post-4046\" class=\"fusion-portfolio-post tulajdonsagok-es-elonyoek-tengeri-klima-kabin fusion-col-spacing post-4046\"><div class=\"fusion-portfolio-content-wrapper\" style=\"border:1px solid #ebeaea;border-bottom-width:3px;background-color:rgba(255,255,255,1);\"><span class=\"vcard rich-snippet-hidden\"><span class=\"fn\"><a href=\"https:\/\/soleum.com\/hu\/author\/soleum\/\" title=\"soleum bejegyz\u00e9se\" rel=\"author\">soleum<\/a><\/span><\/span><span class=\"updated rich-snippet-hidden\">2019-12-22T13:32:12+01:00<\/span><div  class=\"fusion-image-wrapper\" aria-haspopup=\"true\">\n\t\t\t\t<img decoding=\"async\" width=\"498\" height=\"600\" src=\"https:\/\/soleum.com\/wp-content\/uploads\/2019\/10\/Fugenlose-Oberflaeche1.webp\" class=\"attachment-full size-full wp-post-image\" alt=\"Teljesen sima, illeszt\u00e9s n\u00e9lk\u00fcli fel\u00fclet\" srcset=\"https:\/\/soleum.com\/wp-content\/uploads\/2019\/10\/Fugenlose-Oberflaeche1-200x241.jpg 200w, https:\/\/soleum.com\/wp-content\/uploads\/2019\/10\/Fugenlose-Oberflaeche1-400x482.jpg 400w, https:\/\/soleum.com\/wp-content\/uploads\/2019\/10\/Fugenlose-Oberflaeche1.webp 498w\" sizes=\"(min-width: 2200px) 100vw, (min-width: 852px) 293px, (min-width: 782px) 390px, (min-width: 711px) 585px, (min-width: 640px) 711px, \" title=\"\"><div class=\"fusion-rollover\">\n\t<div class=\"fusion-rollover-content\">\n\n\t\t\t\t\n\t\t\n\t\t\t\t\t\t\t\t\t\t\t\t<h4 class=\"fusion-rollover-title\">\n\t\t\t\t\t<a class=\"fusion-rollover-title-link\" href=\"https:\/\/soleum.com\/hu\/produkte\/teljesen-sima-illesztes-nelkueli-feluelet\/?portfolioCats=813\">\n\t\t\t\t\t\tTeljesen sima, illeszt\u00e9s n\u00e9lk\u00fcli fel\u00fclet\t\t\t\t\t<\/a>\n\t\t\t\t<\/h4>\n\t\t\t\n\t\t\t\t\t\t\t\t\n\t\t\n\t\t\t\t\t\t<a class=\"fusion-link-wrapper\" href=\"https:\/\/soleum.com\/hu\/produkte\/teljesen-sima-illesztes-nelkueli-feluelet\/?portfolioCats=813\" aria-label=\"Teljesen sima, illeszt\u00e9s n\u00e9lk\u00fcli fel\u00fclet\"><\/a>\n\t<\/div>\n<\/div>\n<\/div>\n<div class=\"fusion-portfolio-content\" style=\"background-color:rgba(255,255,255,1);\"><h2 class=\"entry-title fusion-post-title\"><a href=\"https:\/\/soleum.com\/hu\/produkte\/teljesen-sima-illesztes-nelkueli-feluelet\/?portfolioCats=813\">Teljesen sima, illeszt\u00e9s n\u00e9lk\u00fcli fel\u00fclet<\/a><\/h2><div class=\"fusion-content-sep sep-single sep-dotted\" style=\"border-color:#b9afa1;\"><\/div><div class=\"fusion-post-content\"><p>A SOLEUM illeszt\u00e9s n\u00e9lk\u00fcli folyamatos fel\u00fclet\u00e9nek bevonata mikrocement, amelyet 26 k\u00fcl\u00f6nb\u00f6z\u0151 sz\u00ednben v\u00e1laszthat (bels\u0151 sz\u00ednek \u00e9s k\u00fcls\u0151 sz\u00ednek). A megjelen\u00e9s minimalista, modern \u00e9s eleg\u00e1ns. Az anyag rendk\u00edv\u00fcl ellen\u00e1ll\u00f3 az \u00e9ghajlati hat\u00e1sokkal \u00e9s kop\u00e1ssal szemben, valamint k\u00f6nnyen tiszt\u00edthat\u00f3.<\/p><\/div><\/div><\/div><\/article><article id=\"portfolio-1-post-4082\" class=\"fusion-portfolio-post tulajdonsagok-es-elonyoek-tengeri-klima-kabin fusion-col-spacing post-4082\"><div class=\"fusion-portfolio-content-wrapper\" style=\"border:1px solid #ebeaea;border-bottom-width:3px;background-color:rgba(255,255,255,1);\"><span class=\"vcard rich-snippet-hidden\"><span class=\"fn\"><a href=\"https:\/\/soleum.com\/hu\/author\/soleum\/\" title=\"soleum bejegyz\u00e9se\" rel=\"author\">soleum<\/a><\/span><\/span><span class=\"updated rich-snippet-hidden\">2019-12-22T16:06:55+01:00<\/span><div  class=\"fusion-image-wrapper\" aria-haspopup=\"true\">\n\t\t\t\t<img decoding=\"async\" width=\"1000\" height=\"1100\" src=\"https:\/\/soleum.com\/wp-content\/uploads\/2019\/10\/Infrarot-Strahlungsw\u00e4rme.webp\" class=\"attachment-full size-full wp-post-image\" alt=\"Infrav\u00f6r\u00f6s h\u0151sug\u00e1rz\u00f3\" srcset=\"https:\/\/soleum.com\/wp-content\/uploads\/2019\/10\/Infrarot-Strahlungsw\u00e4rme-200x220.jpg 200w, https:\/\/soleum.com\/wp-content\/uploads\/2019\/10\/Infrarot-Strahlungsw\u00e4rme-400x440.jpg 400w, https:\/\/soleum.com\/wp-content\/uploads\/2019\/10\/Infrarot-Strahlungsw\u00e4rme-600x660.jpg 600w, https:\/\/soleum.com\/wp-content\/uploads\/2019\/10\/Infrarot-Strahlungsw\u00e4rme-800x880.jpg 800w, https:\/\/soleum.com\/wp-content\/uploads\/2019\/10\/Infrarot-Strahlungsw\u00e4rme.webp 1000w\" sizes=\"(min-width: 2200px) 100vw, (min-width: 852px) 293px, (min-width: 782px) 390px, (min-width: 711px) 585px, (min-width: 640px) 711px, \" title=\"\"><div class=\"fusion-rollover\">\n\t<div class=\"fusion-rollover-content\">\n\n\t\t\t\t\n\t\t\n\t\t\t\t\t\t\t\t\t\t\t\t<h4 class=\"fusion-rollover-title\">\n\t\t\t\t\t<a class=\"fusion-rollover-title-link\" href=\"https:\/\/soleum.com\/hu\/produkte\/infravoeroes-hosugarzo\/?portfolioCats=813\">\n\t\t\t\t\t\tInfrav\u00f6r\u00f6s h\u0151sug\u00e1rz\u00f3\t\t\t\t\t<\/a>\n\t\t\t\t<\/h4>\n\t\t\t\n\t\t\t\t\t\t\t\t\n\t\t\n\t\t\t\t\t\t<a class=\"fusion-link-wrapper\" href=\"https:\/\/soleum.com\/hu\/produkte\/infravoeroes-hosugarzo\/?portfolioCats=813\" aria-label=\"Infrav\u00f6r\u00f6s h\u0151sug\u00e1rz\u00f3\"><\/a>\n\t<\/div>\n<\/div>\n<\/div>\n<div class=\"fusion-portfolio-content\" style=\"background-color:rgba(255,255,255,1);\"><h2 class=\"entry-title fusion-post-title\"><a href=\"https:\/\/soleum.com\/hu\/produkte\/infravoeroes-hosugarzo\/?portfolioCats=813\">Infrav\u00f6r\u00f6s h\u0151sug\u00e1rz\u00f3<\/a><\/h2><div class=\"fusion-content-sep sep-single sep-dotted\" style=\"border-color:#b9afa1;\"><\/div><div class=\"fusion-post-content\"><p>Kellemes sug\u00e1rz\u00f3 h\u0151 a kabin teljes ter\u00fclet\u00e9n. A h\u0151m\u00e9rs\u00e9klet b\u00e1rmikor k\u00f6nnyen be\u00e1ll\u00edthat\u00f3, megv\u00e1ltoztathat\u00f3 az Smart Control seg\u00edts\u00e9g\u00e9vel (\u00c9rint\u0151k\u00e9perny\u0151, okostelefon\/T\u00e1blag\u00e9p\/Sz\u00e1m\u00edt\u00f3g\u00e9p).<\/p><\/div><\/div><\/div><\/article><article id=\"portfolio-1-post-4103\" class=\"fusion-portfolio-post tulajdonsagok-es-elonyoek-tengeri-klima-kabin soleum-meeresklimakabine-produktfeatures-hu fusion-col-spacing post-4103\"><div class=\"fusion-portfolio-content-wrapper\" style=\"border:1px solid #ebeaea;border-bottom-width:3px;background-color:rgba(255,255,255,1);\"><span class=\"vcard rich-snippet-hidden\"><span class=\"fn\"><a href=\"https:\/\/soleum.com\/hu\/author\/soleum\/\" title=\"soleum bejegyz\u00e9se\" rel=\"author\">soleum<\/a><\/span><\/span><span class=\"updated rich-snippet-hidden\">2019-12-22T16:07:37+01:00<\/span><div  class=\"fusion-image-wrapper\" aria-haspopup=\"true\">\n\t\t\t\t<img decoding=\"async\" width=\"1000\" height=\"1100\" src=\"https:\/\/soleum.com\/wp-content\/uploads\/2019\/10\/Farblichtstimmung-1.webp\" class=\"attachment-full size-full wp-post-image\" alt=\"Farblichtstimmung\" srcset=\"https:\/\/soleum.com\/wp-content\/uploads\/2019\/10\/Farblichtstimmung-1-200x220.jpg 200w, https:\/\/soleum.com\/wp-content\/uploads\/2019\/10\/Farblichtstimmung-1-400x440.jpg 400w, https:\/\/soleum.com\/wp-content\/uploads\/2019\/10\/Farblichtstimmung-1-600x660.jpg 600w, https:\/\/soleum.com\/wp-content\/uploads\/2019\/10\/Farblichtstimmung-1-800x880.jpg 800w, https:\/\/soleum.com\/wp-content\/uploads\/2019\/10\/Farblichtstimmung-1.webp 1000w\" sizes=\"(min-width: 2200px) 100vw, (min-width: 852px) 293px, (min-width: 782px) 390px, (min-width: 711px) 585px, (min-width: 640px) 711px, \" title=\"\"><div class=\"fusion-rollover\">\n\t<div class=\"fusion-rollover-content\">\n\n\t\t\t\t\n\t\t\n\t\t\t\t\t\t\t\t\t\t\t\t<h4 class=\"fusion-rollover-title\">\n\t\t\t\t\t<a class=\"fusion-rollover-title-link\" href=\"https:\/\/soleum.com\/hu\/produkte\/szines-feny-tengeri-klima-kabin\/?portfolioCats=813\">\n\t\t\t\t\t\tSz\u00ednes f\u00e9ny Tengeri kl\u00edma kabin\t\t\t\t\t<\/a>\n\t\t\t\t<\/h4>\n\t\t\t\n\t\t\t\t\t\t\t\t\n\t\t\n\t\t\t\t\t\t<a class=\"fusion-link-wrapper\" href=\"https:\/\/soleum.com\/hu\/produkte\/szines-feny-tengeri-klima-kabin\/?portfolioCats=813\" aria-label=\"Sz\u00ednes f\u00e9ny Tengeri kl\u00edma kabin\"><\/a>\n\t<\/div>\n<\/div>\n<\/div>\n<div class=\"fusion-portfolio-content\" style=\"background-color:rgba(255,255,255,1);\"><h2 class=\"entry-title fusion-post-title\"><a href=\"https:\/\/soleum.com\/hu\/produkte\/szines-feny-tengeri-klima-kabin\/?portfolioCats=813\">Sz\u00ednes f\u00e9ny Tengeri kl\u00edma kabin<\/a><\/h2><div class=\"fusion-content-sep sep-single sep-dotted\" style=\"border-color:#b9afa1;\"><\/div><div class=\"fusion-post-content\"><p>A sz\u00ednes l\u00e1mp\u00e1k a kabin mennyezet\u00e9re, valamint a padok h\u00e1tt\u00e1ml\u00e1i m\u00f6g\u00e9 vannak szerelve. \r\nR\u00f6gz\u00edtett sz\u00edn vagy sz\u00ednv\u00e1lt\u00f3 m\u00f3d \u2013 ezek k\u00f6nnyen be\u00e1ll\u00edthat\u00f3k a SMART Control seg\u00edts\u00e9g\u00e9vel (okostelefon \/ t\u00e1blag\u00e9p \/ webb\u00f6ng\u00e9sz\u0151).<\/p><\/div><\/div><\/div><\/article><\/div><\/div><div class=\"fusion-clearfix\"><\/div><\/div><\/div><\/div><\/div>\n","protected":false},"excerpt":{"rendered":"","protected":false},"author":1,"featured_media":4027,"parent":0,"menu_order":0,"comment_status":"closed","ping_status":"closed","template":"","meta":{"_exactmetrics_skip_tracking":false,"_exactmetrics_sitenote_active":false,"_exactmetrics_sitenote_note":"","_exactmetrics_sitenote_category":0,"footnotes":""},"class_list":["post-4026","page","type-page","status-publish","has-post-thumbnail","hentry"],"_links":{"self":[{"href":"https:\/\/soleum.com\/hu\/wp-json\/wp\/v2\/pages\/4026","targetHints":{"allow":["GET"]}}],"collection":[{"href":"https:\/\/soleum.com\/hu\/wp-json\/wp\/v2\/pages"}],"about":[{"href":"https:\/\/soleum.com\/hu\/wp-json\/wp\/v2\/types\/page"}],"author":[{"embeddable":true,"href":"https:\/\/soleum.com\/hu\/wp-json\/wp\/v2\/users\/1"}],"replies":[{"embeddable":true,"href":"https:\/\/soleum.com\/hu\/wp-json\/wp\/v2\/comments?post=4026"}],"version-history":[{"count":0,"href":"https:\/\/soleum.com\/hu\/wp-json\/wp\/v2\/pages\/4026\/revisions"}],"wp:featuredmedia":[{"embeddable":true,"href":"https:\/\/soleum.com\/hu\/wp-json\/wp\/v2\/media\/4027"}],"wp:attachment":[{"href":"https:\/\/soleum.com\/hu\/wp-json\/wp\/v2\/media?parent=4026"}],"curies":[{"name":"wp","href":"https:\/\/api.w.org\/{rel}","templated":true}]}}