{"id":16726,"date":"2024-11-14T08:22:43","date_gmt":"2024-11-14T07:22:43","guid":{"rendered":"https:\/\/soleum.com\/listino-prezzi-bagni-turchi-da-esterno\/"},"modified":"2026-01-11T22:44:53","modified_gmt":"2026-01-11T21:44:53","slug":"listino-prezzi-bagni-turchi-da-esterno","status":"publish","type":"page","link":"https:\/\/soleum.com\/it\/listino-prezzi-bagni-turchi-da-esterno\/","title":{"rendered":"Listino prezzi bagni turchi da esterno"},"content":{"rendered":"<div class=\"fusion-fullwidth fullwidth-box fusion-builder-row-1 fusion-flex-container nonhundred-percent-fullwidth non-hundred-percent-height-scrolling\" style=\"--awb-border-radius-top-left:0px;--awb-border-radius-top-right:0px;--awb-border-radius-bottom-right:0px;--awb-border-radius-bottom-left:0px;--awb-flex-wrap:wrap;\" ><div class=\"fusion-builder-row fusion-row fusion-flex-align-items-flex-start fusion-flex-content-wrap\" style=\"max-width:1216.8px;margin-left: calc(-4% \/ 2 );margin-right: calc(-4% \/ 2 );\"><div class=\"fusion-layout-column fusion_builder_column fusion-builder-column-0 fusion_builder_column_1_1 1_1 fusion-flex-column\" style=\"--awb-bg-size:cover;--awb-width-large:100%;--awb-margin-top-large:0px;--awb-spacing-right-large:1.92%;--awb-margin-bottom-large:0px;--awb-spacing-left-large:1.92%;--awb-width-medium:100%;--awb-spacing-right-medium:1.92%;--awb-spacing-left-medium:1.92%;--awb-width-small:100%;--awb-spacing-right-small:1.92%;--awb-spacing-left-small:1.92%;\"><div class=\"fusion-column-wrapper fusion-flex-justify-content-flex-start fusion-content-layout-column\"><div class=\"fusion-text fusion-text-1\"><h1>Listino prezzi bagni turchi da esterno<\/h1>\n<h2>Lusso in giardino o in piscina.<\/h2>\n<p>Di seguito troverete i prezzi attuali degli esclusivi bagni turchi all&#8217;aperto in formato PDF da scaricare.<\/p>\n<\/div><div class=\"fusion-text fusion-text-2\"><h2>Lusso fatto a mano dalla fabbrica SOLEUM in Austria<\/h2>\n<p>Molte ore di lavoro artigianale e tecnologia di alta qualit\u00e0 creano un prodotto che convince non solo visivamente ma anche in termini di tutta la sua funzione.<\/p>\n<p>A differenza di un\u2019auto di lusso, che esce dalla linea di produzione in tempi molto brevi, abbiamo bisogno di mesi per produrre i nostri abitacoli fino al completamento.<\/p>\n<p><strong>Molte fasi di lavoro<\/strong>, <strong>diversi mestieri<\/strong> (vetrai, piastrellisti, elettricisti, programmatori, falegnami, idraulici) cos\u00ec come i <strong>tempi di asciugatura<\/strong> determinano i tempi di consegna.<\/p>\n<p>Per ogni cabina viene preso in considerazione il <strong>design esclusivo delle piastrelle<\/strong> secondo le esigenze del cliente. Ci\u00f2 significa che ogni cabina pu\u00f2 essere unica per il cliente.<\/p>\n<p>Utilizziamo il rivestimento esterno della massima qualit\u00e0 attualmente disponibile sul mercato. La facciata esterna della cabina \u00e8 realizzata con pannelli per facciate Fundermax durevoli e di alta qualit\u00e0. I pannelli sono perfettamente regolati utilizzando le pi\u00f9 recenti fresatrici CNC.<\/p>\n<p>La cabina \u00e8 <strong>intelligente<\/strong>, ovvero pu\u00f2 essere gestita a distanza tramite cellulare o tablet.<\/p>\n<p>Le <strong>piastrelle di lusso<\/strong> sono posate con adesivo epossidico e <strong>stucco epossidico in colore coordinato<\/strong>.<\/p>\n<p>In cabina godrai di:<\/p>\n<ul>\n<li>Bagno turco<\/li>\n<li>Calore a infrarossi (l&#8217;intera cabina \u00e8 un tepidarium)<\/li>\n<li>Inalazione di salamoia (talassoterapia)<\/li>\n<li>Musica<\/li>\n<li>Luce colorata<\/li>\n<\/ul>\n<p>disponibile opzionalmente: vedi accessori nel listino prezzi (OPZIONI)<\/p>\n<\/div><div class=\"fusion-separator fusion-full-width-sep\" style=\"align-self: center;margin-left: auto;margin-right: auto;margin-top:50px;margin-bottom:100px;width:100%;\"><div class=\"fusion-separator-border sep-double sep-solid\" style=\"--awb-height:20px;--awb-amount:20px;border-color:#b9afa1;border-top-width:1px;border-bottom-width:1px;\"><\/div><\/div><div class=\"fusion-text fusion-text-3\"><p><a href=\"https:\/\/soleum.com\/wp-content\/uploads\/2024\/11\/PREISLISTE-AUSSENDAMPFBAEDER_2024-DE.pdf\">Preisliste Luxus-Aussendampfb\u00e4der 2024 , DEUTSCH, exklusive MWSt.<\/a><\/p>\n<p><a href=\"https:\/\/soleum.com\/wp-content\/uploads\/2024\/11\/PRICELIST-OUTDOOR-SPA-EN_2024.pdf\">Price List Luxury Outdoor-Steam-SPA 2024, ENGLISH, excl. VAT<\/a><\/p>\n<p><a href=\"https:\/\/soleum.com\/wp-content\/uploads\/2024\/11\/Abmessungen_Dimensions_OMEGA_EGG_ELLIPSE.pdf\">Abmessungen \/ Dimensions DE \/ EN<\/a><\/p>\n<\/div><\/div><\/div><\/div><\/div>\n","protected":false},"excerpt":{"rendered":"","protected":false},"author":1,"featured_media":16375,"parent":0,"menu_order":0,"comment_status":"closed","ping_status":"closed","template":"","meta":{"_exactmetrics_skip_tracking":false,"_exactmetrics_sitenote_active":false,"_exactmetrics_sitenote_note":"","_exactmetrics_sitenote_category":0,"footnotes":""},"class_list":["post-16726","page","type-page","status-publish","has-post-thumbnail","hentry"],"_links":{"self":[{"href":"https:\/\/soleum.com\/it\/wp-json\/wp\/v2\/pages\/16726","targetHints":{"allow":["GET"]}}],"collection":[{"href":"https:\/\/soleum.com\/it\/wp-json\/wp\/v2\/pages"}],"about":[{"href":"https:\/\/soleum.com\/it\/wp-json\/wp\/v2\/types\/page"}],"author":[{"embeddable":true,"href":"https:\/\/soleum.com\/it\/wp-json\/wp\/v2\/users\/1"}],"replies":[{"embeddable":true,"href":"https:\/\/soleum.com\/it\/wp-json\/wp\/v2\/comments?post=16726"}],"version-history":[{"count":0,"href":"https:\/\/soleum.com\/it\/wp-json\/wp\/v2\/pages\/16726\/revisions"}],"wp:featuredmedia":[{"embeddable":true,"href":"https:\/\/soleum.com\/it\/wp-json\/wp\/v2\/media\/16375"}],"wp:attachment":[{"href":"https:\/\/soleum.com\/it\/wp-json\/wp\/v2\/media?parent=16726"}],"curies":[{"name":"wp","href":"https:\/\/api.w.org\/{rel}","templated":true}]}}