{"id":3120,"date":"2019-12-08T17:55:11","date_gmt":"2019-12-08T16:55:11","guid":{"rendered":"https:\/\/soleum.com\/soleum-austria\/"},"modified":"2019-12-08T17:55:12","modified_gmt":"2019-12-08T16:55:12","slug":"soleum-austria","status":"publish","type":"page","link":"https:\/\/soleum.com\/it\/soleum-austria\/","title":{"rendered":"SOLEUM Austria"},"content":{"rendered":"<p><div class=\"fusion-fullwidth fullwidth-box fusion-builder-row-1 nonhundred-percent-fullwidth non-hundred-percent-height-scrolling\" style=\"--awb-border-radius-top-left:0px;--awb-border-radius-top-right:0px;--awb-border-radius-bottom-right:0px;--awb-border-radius-bottom-left:0px;--awb-flex-wrap:wrap;\" ><div class=\"fusion-builder-row fusion-row\"><div class=\"fusion-layout-column fusion_builder_column fusion-builder-column-0 fusion_builder_column_2_3 2_3 fusion-two-third fusion-column-first\" style=\"--awb-bg-size:cover;width:66.666666666667%;width:calc(66.666666666667% - ( ( 4% ) * 0.66666666666667 ) );margin-right: 4%;\"><div class=\"fusion-column-wrapper fusion-column-has-shadow fusion-flex-column-wrapper-legacy\"><div class=\"fusion-text fusion-text-1\"><h2>La nostra azienda<\/h2>\n<p>Da pi\u00f9 di 18 anni produciamo bagni turchi principalmente per progetti private. Hai la possibilit\u00e0 di acquistare i component necessari (MODULI SPA) per il bagno turco, cos\u00ec come la tecnologia avanzata, oppure possiamo consegnare o assemblare una cabina prefabbricata nel luogo da te deciso (ad una certa distanza).<\/p>\n<p>Per il bagno turco, hai a disposizione numerosi moduli di seduta e lettini tra cui scegliere. I moduli possono anch\u2019essere combinati, portando cos\u00ec alla creazione di numerose opzioni di seduta e reclinazioni. Puoi dire la tua fondamentalmente nella determinazione della forma della seduta o sull\u2019opzione combinata.<\/p>\n<p>&nbsp;<\/p>\n<\/div><div class=\"fusion-text fusion-text-2\"><p>Per maggiori informazioni visita i nostri siti web:<\/p>\n<p><a href=\"https:\/\/www.soleum.de\/\" target=\"_blank\" rel=\"noopener\">soleum.de<\/a> (solo Tedesco)<\/p>\n<p><a href=\"https:\/\/www.soleum.at\/en\/\" target=\"_blank\" rel=\"noopener\">soleum.at\/en\/<\/a><\/p>\n<p><a href=\"https:\/\/www.dampfbad.at\/en\/\" target=\"_blank\" rel=\"noopener\">dampfbad.at\/en\/<\/a><\/p>\n<\/div><div class=\"fusion-text fusion-text-3\"><h3>Centro Benessere SOLEUM \u2013 Camera con Clima Marino<\/h3>\n<p>Con il Contro Benessere SOLEUM\u00a0ti offriamo una soluzione completa. Il prodotto pu\u00f2 essere consegnato pronto all\u2019uso, in quasi tutto il mondo!<\/p>\n<\/div><div class=\"fusion-image-element fusion-image-align-center in-legacy-container\" style=\"text-align:center;--awb-caption-title-font-family:var(--h2_typography-font-family);--awb-caption-title-font-weight:var(--h2_typography-font-weight);--awb-caption-title-font-style:var(--h2_typography-font-style);--awb-caption-title-size:var(--h2_typography-font-size);--awb-caption-title-transform:var(--h2_typography-text-transform);--awb-caption-title-line-height:var(--h2_typography-line-height);--awb-caption-title-letter-spacing:var(--h2_typography-letter-spacing);\"><div class=\"imageframe-align-center\"><span class=\" fusion-imageframe imageframe-none imageframe-1 hover-type-none\"><img decoding=\"async\" width=\"129\" height=\"110\" alt=\"soleum omega\" title=\"Omega-Trennzeichen-2\" src=\"https:\/\/soleum.com\/wp-content\/uploads\/2019\/10\/Omega-Trennzeichen-2.webp\" class=\"img-responsive wp-image-3187\"\/><\/span><\/div><\/div>\n<div class=\"fusion-image-element fusion-image-align-center in-legacy-container\" style=\"text-align:center;--awb-caption-title-font-family:var(--h2_typography-font-family);--awb-caption-title-font-weight:var(--h2_typography-font-weight);--awb-caption-title-font-style:var(--h2_typography-font-style);--awb-caption-title-size:var(--h2_typography-font-size);--awb-caption-title-transform:var(--h2_typography-text-transform);--awb-caption-title-line-height:var(--h2_typography-line-height);--awb-caption-title-letter-spacing:var(--h2_typography-letter-spacing);\"><div class=\"imageframe-align-center\"><span class=\" fusion-imageframe imageframe-none imageframe-2 hover-type-none\"><img decoding=\"async\" width=\"200\" height=\"217\" alt=\"Soleum Austria\" title=\"SOLEUM BROCHURE\" src=\"https:\/\/soleum.com\/wp-content\/uploads\/2019\/10\/Soleum-Katalog.webp\" class=\"img-responsive wp-image-3209\"\/><\/span><\/div><\/div><div class=\"fusion-button-wrapper fusion-aligncenter\"><a class=\"fusion-button button-flat fusion-button-default-size button-default fusion-button-default button-1 fusion-button-default-span fusion-button-default-type\" target=\"_self\" href=\"https:\/\/soleum.com\/order-now\/\"><span class=\"fusion-button-text awb-button__text awb-button__text--default\">ORDINA CATALOGO<\/span><\/a><\/div><div class=\"fusion-clearfix\"><\/div><\/div><\/div><div class=\"fusion-layout-column fusion_builder_column fusion-builder-column-1 fusion_builder_column_1_3 1_3 fusion-one-third fusion-column-last\" style=\"--awb-bg-size:cover;width:33.333333333333%;width:calc(33.333333333333% - ( ( 4% ) * 0.33333333333333 ) );\"><div class=\"fusion-column-wrapper fusion-column-has-shadow fusion-flex-column-wrapper-legacy\"><div class=\"fusion-image-element in-legacy-container\" style=\"--awb-caption-title-font-family:var(--h2_typography-font-family);--awb-caption-title-font-weight:var(--h2_typography-font-weight);--awb-caption-title-font-style:var(--h2_typography-font-style);--awb-caption-title-size:var(--h2_typography-font-size);--awb-caption-title-transform:var(--h2_typography-text-transform);--awb-caption-title-line-height:var(--h2_typography-line-height);--awb-caption-title-letter-spacing:var(--h2_typography-letter-spacing);\"><span class=\" fusion-imageframe imageframe-none imageframe-3 hover-type-none\"><a href=\"https:\/\/soleum.com\/wp-content\/uploads\/2019\/11\/Soleum-Dampfbabau.jpg\" class=\"fusion-lightbox\" data-rel=\"iLightbox[beab96abaded1fc0225]\" data-title=\"Soleum steam bath manfacturer\" title=\"Soleum steam bath manfacturer\"><img decoding=\"async\" width=\"1043\" height=\"694\" alt=\"Produttore di bagni di vapore Soleum\" src=\"https:\/\/soleum.com\/wp-content\/uploads\/2019\/11\/Soleum-Dampfbabau.webp\" class=\"img-responsive wp-image-3124\" srcset=\"https:\/\/soleum.com\/wp-content\/uploads\/2019\/11\/Soleum-Dampfbabau-200x133.jpg 200w, https:\/\/soleum.com\/wp-content\/uploads\/2019\/11\/Soleum-Dampfbabau-400x266.jpg 400w, https:\/\/soleum.com\/wp-content\/uploads\/2019\/11\/Soleum-Dampfbabau-600x399.jpg 600w, https:\/\/soleum.com\/wp-content\/uploads\/2019\/11\/Soleum-Dampfbabau-800x532.jpg 800w, https:\/\/soleum.com\/wp-content\/uploads\/2019\/11\/Soleum-Dampfbabau.webp 1043w\" sizes=\"(max-width: 1050px) 100vw, 400px\" title=\"\"><\/a><\/span><\/div><div class=\"fusion-image-element fusion-image-align-center in-legacy-container\" style=\"text-align:center;--awb-caption-title-font-family:var(--h2_typography-font-family);--awb-caption-title-font-weight:var(--h2_typography-font-weight);--awb-caption-title-font-style:var(--h2_typography-font-style);--awb-caption-title-size:var(--h2_typography-font-size);--awb-caption-title-transform:var(--h2_typography-text-transform);--awb-caption-title-line-height:var(--h2_typography-line-height);--awb-caption-title-letter-spacing:var(--h2_typography-letter-spacing);\"><div class=\"imageframe-align-center\"><span class=\" fusion-imageframe imageframe-none imageframe-4 hover-type-none\"><img decoding=\"async\" width=\"129\" height=\"110\" alt=\"soleum omega\" title=\"Omega-Trennzeichen-2\" src=\"https:\/\/soleum.com\/wp-content\/uploads\/2019\/10\/Omega-Trennzeichen-2.webp\" class=\"img-responsive wp-image-3187\"\/><\/span><\/div><\/div>\n<div class=\"fusion-image-element in-legacy-container\" style=\"--awb-caption-title-font-family:var(--h2_typography-font-family);--awb-caption-title-font-weight:var(--h2_typography-font-weight);--awb-caption-title-font-style:var(--h2_typography-font-style);--awb-caption-title-size:var(--h2_typography-font-size);--awb-caption-title-transform:var(--h2_typography-text-transform);--awb-caption-title-line-height:var(--h2_typography-line-height);--awb-caption-title-letter-spacing:var(--h2_typography-letter-spacing);\"><span class=\" fusion-imageframe imageframe-none imageframe-5 hover-type-none\"><a href=\"https:\/\/soleum.com\/wp-content\/uploads\/2019\/11\/Hamam-Soleum-Wolfgangsee-3.jpg\" class=\"fusion-lightbox\" data-rel=\"iLightbox[77c5fc34f58995bc502]\" data-title=\"Big russian hamam steam room\" title=\"Big russian hamam steam room\"><img decoding=\"async\" width=\"1000\" height=\"750\" alt=\"Produzione di bagno di vapore Soleum\" src=\"https:\/\/soleum.com\/wp-content\/uploads\/2019\/11\/Hamam-Soleum-Wolfgangsee-3.webp\" class=\"img-responsive wp-image-3122\" srcset=\"https:\/\/soleum.com\/wp-content\/uploads\/2019\/11\/Hamam-Soleum-Wolfgangsee-3-200x150.jpg 200w, https:\/\/soleum.com\/wp-content\/uploads\/2019\/11\/Hamam-Soleum-Wolfgangsee-3-400x300.jpg 400w, https:\/\/soleum.com\/wp-content\/uploads\/2019\/11\/Hamam-Soleum-Wolfgangsee-3-600x450.jpg 600w, https:\/\/soleum.com\/wp-content\/uploads\/2019\/11\/Hamam-Soleum-Wolfgangsee-3-800x600.jpg 800w, https:\/\/soleum.com\/wp-content\/uploads\/2019\/11\/Hamam-Soleum-Wolfgangsee-3.webp 1000w\" sizes=\"(max-width: 1050px) 100vw, 400px\" title=\"\"><\/a><\/span><\/div><div class=\"fusion-image-element fusion-image-align-center in-legacy-container\" style=\"text-align:center;--awb-caption-title-font-family:var(--h2_typography-font-family);--awb-caption-title-font-weight:var(--h2_typography-font-weight);--awb-caption-title-font-style:var(--h2_typography-font-style);--awb-caption-title-size:var(--h2_typography-font-size);--awb-caption-title-transform:var(--h2_typography-text-transform);--awb-caption-title-line-height:var(--h2_typography-line-height);--awb-caption-title-letter-spacing:var(--h2_typography-letter-spacing);\"><div class=\"imageframe-align-center\"><span class=\" fusion-imageframe imageframe-none imageframe-6 hover-type-none\"><img decoding=\"async\" width=\"129\" height=\"110\" alt=\"soleum omega\" title=\"Omega-Trennzeichen-2\" src=\"https:\/\/soleum.com\/wp-content\/uploads\/2019\/10\/Omega-Trennzeichen-2.webp\" class=\"img-responsive wp-image-3187\"\/><\/span><\/div><\/div>\n<div class=\"fusion-image-element in-legacy-container\" style=\"--awb-caption-title-font-family:var(--h2_typography-font-family);--awb-caption-title-font-weight:var(--h2_typography-font-weight);--awb-caption-title-font-style:var(--h2_typography-font-style);--awb-caption-title-size:var(--h2_typography-font-size);--awb-caption-title-transform:var(--h2_typography-text-transform);--awb-caption-title-line-height:var(--h2_typography-line-height);--awb-caption-title-letter-spacing:var(--h2_typography-letter-spacing);\"><span class=\" fusion-imageframe imageframe-none imageframe-7 hover-type-none\"><a href=\"https:\/\/soleum.com\/wp-content\/uploads\/2019\/11\/Soledampfbad-Wien-13.jpg\" class=\"fusion-lightbox\" data-rel=\"iLightbox[95ba94c9d2296d67bcc]\" data-title=\"luxury private steam bath\" title=\"luxury private steam bath\"><img decoding=\"async\" width=\"800\" height=\"530\" alt=\"Bagno turco di lusso Soleum vienna privata\" src=\"https:\/\/soleum.com\/wp-content\/uploads\/2019\/11\/Soledampfbad-Wien-13.webp\" class=\"img-responsive wp-image-3123\" srcset=\"https:\/\/soleum.com\/wp-content\/uploads\/2019\/11\/Soledampfbad-Wien-13-200x133.jpg 200w, https:\/\/soleum.com\/wp-content\/uploads\/2019\/11\/Soledampfbad-Wien-13-400x265.jpg 400w, https:\/\/soleum.com\/wp-content\/uploads\/2019\/11\/Soledampfbad-Wien-13-600x398.jpg 600w, https:\/\/soleum.com\/wp-content\/uploads\/2019\/11\/Soledampfbad-Wien-13.webp 800w\" sizes=\"(max-width: 1050px) 100vw, 400px\" title=\"\"><\/a><\/span><\/div><div class=\"fusion-clearfix\"><\/div><\/div><\/div><\/div><\/div><div class=\"fusion-fullwidth fullwidth-box fusion-builder-row-2 nonhundred-percent-fullwidth non-hundred-percent-height-scrolling\" style=\"--awb-background-position:left top;--awb-border-radius-top-left:0px;--awb-border-radius-top-right:0px;--awb-border-radius-bottom-right:0px;--awb-border-radius-bottom-left:0px;--awb-padding-top:8%;--awb-padding-bottom:4%;--awb-border-sizes-top:0px;--awb-border-sizes-bottom:0px;--awb-flex-wrap:wrap;\" ><div class=\"fusion-builder-row fusion-row\"><div class=\"fusion-layout-column fusion_builder_column fusion-builder-column-2 fusion_builder_column_1_6 1_6 fusion-one-sixth fusion-column-first fusion-no-small-visibility\" style=\"--awb-bg-size:cover;width:13.3333%; margin-right: 4%;\"><div class=\"fusion-column-wrapper fusion-flex-column-wrapper-legacy\"><div class=\"fusion-clearfix\"><\/div><\/div><\/div><div class=\"fusion-layout-column fusion_builder_column fusion-builder-column-3 fusion_builder_column_2_3 2_3 fusion-two-third\" style=\"--awb-bg-size:cover;width:65.3333%; margin-right: 4%;\"><div class=\"fusion-column-wrapper fusion-flex-column-wrapper-legacy\"><div class=\"fusion-fa-align-center\"><i class=\"fb-icon-element-1 fb-icon-element fontawesome-icon fa fa-envira circle-no fa-flip-horizontal\" style=\"--awb-iconcolor:#b9afa1;--awb-iconcolor-hover:#b9afa1;--awb-circlecolor:rgba(255,255,255,0);--awb-font-size:34px;--awb-margin-bottom:30px;\"><\/i><\/div><div class=\"fusion-text fusion-text-4\"><h4 style=\"text-align: center;\"><span style=\"color: #b9afa1;\"><span class=\"color_11\">SOLEUM GmbH<br \/>\nGutauerstra\u00dfe 42<br \/>\n4230 Pregarten<br \/>\nAustria<br \/>\n+43 (0) 7236 26200<br \/>\nmobile \/ whatsapp: +43 699 17232700<br \/>\nEmail:\u00a0 sales@soleum.com &#8211;  info@soleum.at<br \/>\n<\/span><\/span><\/h4>\n<\/div><div class=\"fusion-fa-align-center\"><i class=\"fb-icon-element-2 fb-icon-element fontawesome-icon fa fa-envira circle-no fa-flip-horizontal\" style=\"--awb-iconcolor:#b9afa1;--awb-iconcolor-hover:#b9afa1;--awb-circlecolor:rgba(255,255,255,0);--awb-font-size:34px;--awb-margin-bottom:30px;\"><\/i><\/div><div class=\"fusion-image-element fusion-image-align-center in-legacy-container\" style=\"text-align:center;--awb-caption-title-font-family:var(--h2_typography-font-family);--awb-caption-title-font-weight:var(--h2_typography-font-weight);--awb-caption-title-font-style:var(--h2_typography-font-style);--awb-caption-title-size:var(--h2_typography-font-size);--awb-caption-title-transform:var(--h2_typography-text-transform);--awb-caption-title-line-height:var(--h2_typography-line-height);--awb-caption-title-letter-spacing:var(--h2_typography-letter-spacing);\"><div class=\"imageframe-align-center\"><span class=\" fusion-imageframe imageframe-none imageframe-8 hover-type-none\"><img decoding=\"async\" width=\"150\" height=\"58\" alt=\"fabbricato in Alta Austria\" title=\"austria-a-surprisingly-ingenious-grau150\" src=\"https:\/\/soleum.com\/wp-content\/uploads\/2019\/10\/austria-a-surprisingly-ingenious-grau150.webp\" class=\"img-responsive wp-image-3121\"\/><\/span><\/div><\/div><div class=\"fusion-text fusion-text-5\"><h4 style=\"text-align: center;\">fabbricato in Alta Austria<\/h4>\n<\/div><div class=\"fusion-sep-clear\"><\/div><div class=\"fusion-separator\" style=\"margin-left: auto;margin-right: auto;margin-top:10px;margin-bottom:40px;width:100%;max-width:80px;\"><div class=\"fusion-separator-border sep-single sep-solid\" style=\"--awb-height:20px;--awb-amount:20px;border-color:#b9afa1;border-top-width:1px;\"><\/div><\/div><div class=\"fusion-sep-clear\"><\/div><div class=\"fusion-text fusion-text-6\"><p style=\"text-align: center;\">VAT-No.: ATU66445199<br \/>\nARA\u2013LN:16346<br \/>\nCorte regionale di Perg, FN 362383t<br \/>\nIl luogo di fabbricazione e giurisdizione \u00e8 Perg<\/p>\n<\/div><div class=\"fusion-clearfix\"><\/div><\/div><\/div><div class=\"fusion-layout-column fusion_builder_column fusion-builder-column-4 fusion_builder_column_1_6 1_6 fusion-one-sixth fusion-column-last fusion-no-small-visibility\" style=\"--awb-bg-size:cover;width:13.3333%;\"><div class=\"fusion-column-wrapper fusion-flex-column-wrapper-legacy\"><div class=\"fusion-clearfix\"><\/div><\/div><\/div><\/div><\/div><div class=\"fusion-fullwidth fullwidth-box fusion-builder-row-3 nonhundred-percent-fullwidth non-hundred-percent-height-scrolling\" style=\"--awb-border-radius-top-left:0px;--awb-border-radius-top-right:0px;--awb-border-radius-bottom-right:0px;--awb-border-radius-bottom-left:0px;--awb-padding-bottom:30px;--awb-background-color:#f9f9f9;--awb-flex-wrap:wrap;\" ><div class=\"fusion-builder-row fusion-row\"><div class=\"fusion-layout-column fusion_builder_column fusion-builder-column-5 fusion_builder_column_1_1 1_1 fusion-one-full fusion-column-first fusion-column-last\" style=\"--awb-bg-size:cover;--awb-margin-top:0px;--awb-margin-bottom:0px;\"><div class=\"fusion-column-wrapper fusion-flex-column-wrapper-legacy\"><div class=\"fusion-section-separator section-separator big-half-circle fusion-section-separator-1\" style=\"--awb-spacer-height:99px;--awb-svg-margin-left:0;--awb-svg-margin-right:0;--awb-divider-height:99px;--awb-spacer-padding-top:inherit;--awb-sep-padding:0;--awb-svg-padding:0;\"><div class=\"fusion-section-separator-svg\"><svg class=\"fusion-big-half-circle-candy\" xmlns=\"http:\/\/www.w3.org\/2000\/svg\" version=\"1.1\" width=\"100%\" height=\"100\" viewBox=\"0 0 100 100\" preserveAspectRatio=\"none\" fill=\"rgba(255,255,255,1)\"><path d=\"M0 0 C55 180 100 0 100 0 Z\"><\/path><\/svg><\/div><div class=\"fusion-section-separator-spacer\"><div class=\"fusion-section-separator-spacer-height\"><\/div><\/div><\/div>\t\t\t\t<div class=\"fusion-clearfix\"><\/div><\/div><\/div><\/div><\/div><\/p>\n","protected":false},"excerpt":{"rendered":"","protected":false},"author":1,"featured_media":7654,"parent":0,"menu_order":0,"comment_status":"closed","ping_status":"closed","template":"100-width.php","meta":{"_exactmetrics_skip_tracking":false,"_exactmetrics_sitenote_active":false,"_exactmetrics_sitenote_note":"","_exactmetrics_sitenote_category":0,"footnotes":""},"class_list":["post-3120","page","type-page","status-publish","has-post-thumbnail","hentry"],"_links":{"self":[{"href":"https:\/\/soleum.com\/it\/wp-json\/wp\/v2\/pages\/3120","targetHints":{"allow":["GET"]}}],"collection":[{"href":"https:\/\/soleum.com\/it\/wp-json\/wp\/v2\/pages"}],"about":[{"href":"https:\/\/soleum.com\/it\/wp-json\/wp\/v2\/types\/page"}],"author":[{"embeddable":true,"href":"https:\/\/soleum.com\/it\/wp-json\/wp\/v2\/users\/1"}],"replies":[{"embeddable":true,"href":"https:\/\/soleum.com\/it\/wp-json\/wp\/v2\/comments?post=3120"}],"version-history":[{"count":0,"href":"https:\/\/soleum.com\/it\/wp-json\/wp\/v2\/pages\/3120\/revisions"}],"wp:featuredmedia":[{"embeddable":true,"href":"https:\/\/soleum.com\/it\/wp-json\/wp\/v2\/media\/7654"}],"wp:attachment":[{"href":"https:\/\/soleum.com\/it\/wp-json\/wp\/v2\/media?parent=3120"}],"curies":[{"name":"wp","href":"https:\/\/api.w.org\/{rel}","templated":true}]}}