{"id":3268,"date":"2019-12-08T20:23:15","date_gmt":"2019-12-08T19:23:15","guid":{"rendered":"https:\/\/soleum.com\/caratteristiche-della-camera-con-clima-marino\/"},"modified":"2019-12-08T21:14:53","modified_gmt":"2019-12-08T20:14:53","slug":"caratteristiche-della-camera-con-clima-marino","status":"publish","type":"page","link":"https:\/\/soleum.com\/it\/caratteristiche-della-camera-con-clima-marino\/","title":{"rendered":"Caratteristiche della Camera con Clima Marino"},"content":{"rendered":"<div class=\"fusion-fullwidth fullwidth-box fusion-builder-row-1 nonhundred-percent-fullwidth non-hundred-percent-height-scrolling\" style=\"--awb-border-radius-top-left:0px;--awb-border-radius-top-right:0px;--awb-border-radius-bottom-right:0px;--awb-border-radius-bottom-left:0px;--awb-flex-wrap:wrap;\" ><div class=\"fusion-builder-row fusion-row\"><div class=\"fusion-layout-column fusion_builder_column fusion-builder-column-0 fusion_builder_column_1_1 1_1 fusion-one-full fusion-column-first fusion-column-last\" style=\"--awb-bg-size:cover;--awb-margin-top:0px;--awb-margin-bottom:0px;\"><div class=\"fusion-column-wrapper fusion-flex-column-wrapper-legacy\"><style type=\"text\/css\">.fusion-portfolio-wrapper#fusion-portfolio-1 .fusion-portfolio-content{ padding: 30px 30px 30px 30px; text-align: center; }<\/style><div class=\"fusion-recent-works fusion-portfolio-element fusion-portfolio fusion-portfolio-1 fusion-portfolio-grid fusion-portfolio-paging-pagination fusion-portfolio-four fusion-portfolio-boxed fusion-portfolio-text fusion-portfolio-equal-heights fusion-portfolio-rollover\" data-id=\"-rw-1\" data-columns=\"four\"><style type=\"text\/css\">.fusion-portfolio-1 .fusion-portfolio-wrapper .fusion-col-spacing{padding:0px;}<\/style><div class=\"fusion-portfolio-wrapper\" id=\"fusion-portfolio-1\" data-picturesize=\"auto\" data-pages=\"1\" style=\"margin:-0px;\"><article id=\"portfolio-1-post-3127\" class=\"fusion-portfolio-post caratteristiche-del-prodotto-centro-benessere-soleum-it fusion-col-spacing post-3127\"><div class=\"fusion-portfolio-content-wrapper\" style=\"border:1px solid #ebeaea;border-bottom-width:3px;background-color:rgba(255,255,255,1);\"><span class=\"vcard rich-snippet-hidden\"><span class=\"fn\"><a href=\"https:\/\/soleum.com\/it\/author\/soleum\/\" title=\"Articoli scritti da soleum\" rel=\"author\">soleum<\/a><\/span><\/span><span class=\"updated rich-snippet-hidden\">2019-12-08T19:49:19+01:00<\/span><div  class=\"fusion-image-wrapper\" aria-haspopup=\"true\">\n\t\t\t\t<img decoding=\"async\" width=\"1000\" height=\"1100\" src=\"https:\/\/soleum.com\/wp-content\/uploads\/2019\/10\/Farblichtstimmung-1.webp\" class=\"attachment-full size-full wp-post-image\" alt=\"Farblichtstimmung\" srcset=\"https:\/\/soleum.com\/wp-content\/uploads\/2019\/10\/Farblichtstimmung-1-200x220.jpg 200w, https:\/\/soleum.com\/wp-content\/uploads\/2019\/10\/Farblichtstimmung-1-400x440.jpg 400w, https:\/\/soleum.com\/wp-content\/uploads\/2019\/10\/Farblichtstimmung-1-600x660.jpg 600w, https:\/\/soleum.com\/wp-content\/uploads\/2019\/10\/Farblichtstimmung-1-800x880.jpg 800w, https:\/\/soleum.com\/wp-content\/uploads\/2019\/10\/Farblichtstimmung-1.webp 1000w\" sizes=\"(min-width: 2200px) 100vw, (min-width: 852px) 293px, (min-width: 782px) 390px, (min-width: 711px) 585px, (min-width: 640px) 711px, \" title=\"\"><div class=\"fusion-rollover\">\n\t<div class=\"fusion-rollover-content\">\n\n\t\t\t\t\n\t\t\n\t\t\t\t\t\t\t\t\t\t\t\t<h4 class=\"fusion-rollover-title\">\n\t\t\t\t\t<a class=\"fusion-rollover-title-link\" href=\"https:\/\/soleum.com\/it\/produkte\/piacevole-illuminazione-colorata\/?portfolioCats=568\">\n\t\t\t\t\t\tPiacevole illuminazione colorata\t\t\t\t\t<\/a>\n\t\t\t\t<\/h4>\n\t\t\t\n\t\t\t\t\t\t\t\t\n\t\t\n\t\t\t\t\t\t<a class=\"fusion-link-wrapper\" href=\"https:\/\/soleum.com\/it\/produkte\/piacevole-illuminazione-colorata\/?portfolioCats=568\" aria-label=\"Piacevole illuminazione colorata\"><\/a>\n\t<\/div>\n<\/div>\n<\/div>\n<div class=\"fusion-portfolio-content\" style=\"background-color:rgba(255,255,255,1);\"><h2 class=\"entry-title fusion-post-title\"><a href=\"https:\/\/soleum.com\/it\/produkte\/piacevole-illuminazione-colorata\/?portfolioCats=568\">Piacevole illuminazione colorata<\/a><\/h2><div class=\"fusion-content-sep sep-single sep-dotted\" style=\"border-color:#b9afa1;\"><\/div><div class=\"fusion-post-content\"><p>L\u2019illuminazione colorata viene emessa dal soffitto della cabina e dagli schienali delle sedute.\r\nSi pu\u00f2 scegliere un colore fisso o colore variabile \u2013 l\u2019impostazione pu\u00f2 essere effettuata tramite Controllo Intelligente (smartphone\/tablet\/browser web).<\/p><\/div><\/div><\/div><\/article><article id=\"portfolio-1-post-3132\" class=\"fusion-portfolio-post caratteristiche-del-prodotto-centro-benessere-soleum-it fusion-col-spacing post-3132\"><div class=\"fusion-portfolio-content-wrapper\" style=\"border:1px solid #ebeaea;border-bottom-width:3px;background-color:rgba(255,255,255,1);\"><span class=\"vcard rich-snippet-hidden\"><span class=\"fn\"><a href=\"https:\/\/soleum.com\/it\/author\/soleum\/\" title=\"Articoli scritti da soleum\" rel=\"author\">soleum<\/a><\/span><\/span><span class=\"updated rich-snippet-hidden\">2019-12-09T19:12:02+01:00<\/span><div  class=\"fusion-image-wrapper\" aria-haspopup=\"true\">\n\t\t\t\t<img decoding=\"async\" width=\"1000\" height=\"1100\" src=\"https:\/\/soleum.com\/wp-content\/uploads\/2019\/10\/Infrarot-Strahlungsw\u00e4rme.webp\" class=\"attachment-full size-full wp-post-image\" alt=\"Radiazioni di calore ad infrarossi\" srcset=\"https:\/\/soleum.com\/wp-content\/uploads\/2019\/10\/Infrarot-Strahlungsw\u00e4rme-200x220.jpg 200w, https:\/\/soleum.com\/wp-content\/uploads\/2019\/10\/Infrarot-Strahlungsw\u00e4rme-400x440.jpg 400w, https:\/\/soleum.com\/wp-content\/uploads\/2019\/10\/Infrarot-Strahlungsw\u00e4rme-600x660.jpg 600w, https:\/\/soleum.com\/wp-content\/uploads\/2019\/10\/Infrarot-Strahlungsw\u00e4rme-800x880.jpg 800w, https:\/\/soleum.com\/wp-content\/uploads\/2019\/10\/Infrarot-Strahlungsw\u00e4rme.webp 1000w\" sizes=\"(min-width: 2200px) 100vw, (min-width: 852px) 293px, (min-width: 782px) 390px, (min-width: 711px) 585px, (min-width: 640px) 711px, \" title=\"\"><div class=\"fusion-rollover\">\n\t<div class=\"fusion-rollover-content\">\n\n\t\t\t\t\n\t\t\n\t\t\t\t\t\t\t\t\t\t\t\t<h4 class=\"fusion-rollover-title\">\n\t\t\t\t\t<a class=\"fusion-rollover-title-link\" href=\"https:\/\/soleum.com\/it\/produkte\/radiazioni-di-calore-ad-infrarossi\/?portfolioCats=568\">\n\t\t\t\t\t\tRadiazioni di calore ad infrarossi\t\t\t\t\t<\/a>\n\t\t\t\t<\/h4>\n\t\t\t\n\t\t\t\t\t\t\t\t\n\t\t\n\t\t\t\t\t\t<a class=\"fusion-link-wrapper\" href=\"https:\/\/soleum.com\/it\/produkte\/radiazioni-di-calore-ad-infrarossi\/?portfolioCats=568\" aria-label=\"Radiazioni di calore ad infrarossi\"><\/a>\n\t<\/div>\n<\/div>\n<\/div>\n<div class=\"fusion-portfolio-content\" style=\"background-color:rgba(255,255,255,1);\"><h2 class=\"entry-title fusion-post-title\"><a href=\"https:\/\/soleum.com\/it\/produkte\/radiazioni-di-calore-ad-infrarossi\/?portfolioCats=568\">Radiazioni di calore ad infrarossi<\/a><\/h2><div class=\"fusion-content-sep sep-single sep-dotted\" style=\"border-color:#b9afa1;\"><\/div><div class=\"fusion-post-content\"><p>Delle confortevoli radiazioni di calore sono trasmesse in tutta la cabina. Le temperature della superficie possono essere cambiate o regolate in qualsiasi momento con il Controllo Intelligente (Touch, Smartphone\/Tablet\/PC).<\/p><\/div><\/div><\/div><\/article><article id=\"portfolio-1-post-3138\" class=\"fusion-portfolio-post caratteristiche-del-prodotto-centro-benessere-soleum-it fusion-col-spacing post-3138\"><div class=\"fusion-portfolio-content-wrapper\" style=\"border:1px solid #ebeaea;border-bottom-width:3px;background-color:rgba(255,255,255,1);\"><span class=\"vcard rich-snippet-hidden\"><span class=\"fn\"><a href=\"https:\/\/soleum.com\/it\/author\/soleum\/\" title=\"Articoli scritti da soleum\" rel=\"author\">soleum<\/a><\/span><\/span><span class=\"updated rich-snippet-hidden\">2019-12-09T19:11:43+01:00<\/span><div  class=\"fusion-image-wrapper\" aria-haspopup=\"true\">\n\t\t\t\t<img decoding=\"async\" width=\"1000\" height=\"1100\" src=\"https:\/\/soleum.com\/wp-content\/uploads\/2019\/10\/Fugenlose-Oberflaeche-beitrag.webp\" class=\"attachment-full size-full wp-post-image\" alt=\"Superficie senza giunture\" srcset=\"https:\/\/soleum.com\/wp-content\/uploads\/2019\/10\/Fugenlose-Oberflaeche-beitrag-200x220.jpg 200w, https:\/\/soleum.com\/wp-content\/uploads\/2019\/10\/Fugenlose-Oberflaeche-beitrag-400x440.jpg 400w, https:\/\/soleum.com\/wp-content\/uploads\/2019\/10\/Fugenlose-Oberflaeche-beitrag-600x660.jpg 600w, https:\/\/soleum.com\/wp-content\/uploads\/2019\/10\/Fugenlose-Oberflaeche-beitrag-800x880.jpg 800w, https:\/\/soleum.com\/wp-content\/uploads\/2019\/10\/Fugenlose-Oberflaeche-beitrag.webp 1000w\" sizes=\"(min-width: 2200px) 100vw, (min-width: 852px) 293px, (min-width: 782px) 390px, (min-width: 711px) 585px, (min-width: 640px) 711px, \" title=\"\"><div class=\"fusion-rollover\">\n\t<div class=\"fusion-rollover-content\">\n\n\t\t\t\t\n\t\t\n\t\t\t\t\t\t\t\t\t\t\t\t<h4 class=\"fusion-rollover-title\">\n\t\t\t\t\t<a class=\"fusion-rollover-title-link\" href=\"https:\/\/soleum.com\/it\/produkte\/superficie-senza-giunture\/?portfolioCats=568\">\n\t\t\t\t\t\tSuperficie senza giunture\t\t\t\t\t<\/a>\n\t\t\t\t<\/h4>\n\t\t\t\n\t\t\t\t\t\t\t\t\n\t\t\n\t\t\t\t\t\t<a class=\"fusion-link-wrapper\" href=\"https:\/\/soleum.com\/it\/produkte\/superficie-senza-giunture\/?portfolioCats=568\" aria-label=\"Superficie senza giunture\"><\/a>\n\t<\/div>\n<\/div>\n<\/div>\n<div class=\"fusion-portfolio-content\" style=\"background-color:rgba(255,255,255,1);\"><h2 class=\"entry-title fusion-post-title\"><a href=\"https:\/\/soleum.com\/it\/produkte\/superficie-senza-giunture\/?portfolioCats=568\">Superficie senza giunture<\/a><\/h2><div class=\"fusion-content-sep sep-single sep-dotted\" style=\"border-color:#b9afa1;\"><\/div><div class=\"fusion-post-content\"><p>Il rivestimento senza giunture della SOLEUM \u00e8 realizzato in micro cemento, ci sono 26 colori differenti tra cui scegliere (colore interno ed esterno). L\u2019aspetto \u00e8 minimale, moderno ed elegante. Il materiale \u00e8 estremamente resistente agli agenti atmosferici ed all\u2019usura, \u00e8 anche facile da pulire.<\/p><\/div><\/div><\/div><\/article><article id=\"portfolio-1-post-3174\" class=\"fusion-portfolio-post caratteristiche-del-prodotto-centro-benessere-soleum-it fusion-col-spacing post-3174\"><div class=\"fusion-portfolio-content-wrapper\" style=\"border:1px solid #ebeaea;border-bottom-width:3px;background-color:rgba(255,255,255,1);\"><span class=\"vcard rich-snippet-hidden\"><span class=\"fn\"><a href=\"https:\/\/soleum.com\/it\/author\/soleum\/\" title=\"Articoli scritti da soleum\" rel=\"author\">soleum<\/a><\/span><\/span><span class=\"updated rich-snippet-hidden\">2019-12-09T19:11:34+01:00<\/span><div  class=\"fusion-image-wrapper\" aria-haspopup=\"true\">\n\t\t\t\t<img decoding=\"async\" width=\"600\" height=\"660\" src=\"https:\/\/soleum.com\/wp-content\/uploads\/2019\/10\/teedarium-600.webp\" class=\"attachment-full size-full wp-post-image\" alt=\"Inalazione del t\u00e8 nel TEEDARIUM\u00ae\" srcset=\"https:\/\/soleum.com\/wp-content\/uploads\/2019\/10\/teedarium-600-200x220.jpg 200w, https:\/\/soleum.com\/wp-content\/uploads\/2019\/10\/teedarium-600-400x440.jpg 400w, https:\/\/soleum.com\/wp-content\/uploads\/2019\/10\/teedarium-600.webp 600w\" sizes=\"(min-width: 2200px) 100vw, (min-width: 852px) 293px, (min-width: 782px) 390px, (min-width: 711px) 585px, (min-width: 640px) 711px, \" title=\"\"><div class=\"fusion-rollover\">\n\t<div class=\"fusion-rollover-content\">\n\n\t\t\t\t\n\t\t\n\t\t\t\t\t\t\t\t\t\t\t\t<h4 class=\"fusion-rollover-title\">\n\t\t\t\t\t<a class=\"fusion-rollover-title-link\" href=\"https:\/\/soleum.com\/it\/produkte\/inalazione-del-te-nel-teedarium\/?portfolioCats=568\">\n\t\t\t\t\t\tInalazione del t\u00e8 nel TEEDARIUM\u00ae\t\t\t\t\t<\/a>\n\t\t\t\t<\/h4>\n\t\t\t\n\t\t\t\t\t\t\t\t\n\t\t\n\t\t\t\t\t\t<a class=\"fusion-link-wrapper\" href=\"https:\/\/soleum.com\/it\/produkte\/inalazione-del-te-nel-teedarium\/?portfolioCats=568\" aria-label=\"Inalazione del t\u00e8 nel TEEDARIUM\u00ae\"><\/a>\n\t<\/div>\n<\/div>\n<\/div>\n<div class=\"fusion-portfolio-content\" style=\"background-color:rgba(255,255,255,1);\"><h2 class=\"entry-title fusion-post-title\"><a href=\"https:\/\/soleum.com\/it\/produkte\/inalazione-del-te-nel-teedarium\/?portfolioCats=568\">Inalazione del t\u00e8 nel TEEDARIUM\u00ae<\/a><\/h2><div class=\"fusion-content-sep sep-single sep-dotted\" style=\"border-color:#b9afa1;\"><\/div><div class=\"fusion-post-content\"><p>Inalazione del t\u00e8 nel TEEDARIUM\u00ae Camera per inalazione del t\u00e8: Grazie alla tecnologia di inalazione del Centro Benessere SOLEUM, il t\u00e8 viene atomizzato molto finemente e velocemente. La nebbia di t\u00e8 viene divulgata in tutta la cabina.<\/p><\/div><\/div><\/div><\/article><article id=\"portfolio-1-post-3177\" class=\"fusion-portfolio-post caratteristiche-del-prodotto-centro-benessere-soleum-it fusion-col-spacing post-3177\"><div class=\"fusion-portfolio-content-wrapper\" style=\"border:1px solid #ebeaea;border-bottom-width:3px;background-color:rgba(255,255,255,1);\"><span class=\"vcard rich-snippet-hidden\"><span class=\"fn\"><a href=\"https:\/\/soleum.com\/it\/author\/soleum\/\" title=\"Articoli scritti da soleum\" rel=\"author\">soleum<\/a><\/span><\/span><span class=\"updated rich-snippet-hidden\">2019-12-09T19:12:14+01:00<\/span><div  class=\"fusion-image-wrapper\" aria-haspopup=\"true\">\n\t\t\t\t<img decoding=\"async\" width=\"1000\" height=\"1100\" src=\"https:\/\/soleum.com\/wp-content\/uploads\/2019\/10\/Smart-Control-sw.webp\" class=\"attachment-full size-full wp-post-image\" alt=\"Smart-Control SOLEUM Health SPA\" srcset=\"https:\/\/soleum.com\/wp-content\/uploads\/2019\/10\/Smart-Control-sw-200x220.jpg 200w, https:\/\/soleum.com\/wp-content\/uploads\/2019\/10\/Smart-Control-sw-400x440.jpg 400w, https:\/\/soleum.com\/wp-content\/uploads\/2019\/10\/Smart-Control-sw-600x660.jpg 600w, https:\/\/soleum.com\/wp-content\/uploads\/2019\/10\/Smart-Control-sw-800x880.jpg 800w, https:\/\/soleum.com\/wp-content\/uploads\/2019\/10\/Smart-Control-sw.webp 1000w\" sizes=\"(min-width: 2200px) 100vw, (min-width: 852px) 293px, (min-width: 782px) 390px, (min-width: 711px) 585px, (min-width: 640px) 711px, \" title=\"\"><div class=\"fusion-rollover\">\n\t<div class=\"fusion-rollover-content\">\n\n\t\t\t\t\n\t\t\n\t\t\t\t\t\t\t\t\t\t\t\t<h4 class=\"fusion-rollover-title\">\n\t\t\t\t\t<a class=\"fusion-rollover-title-link\" href=\"https:\/\/soleum.com\/it\/produkte\/controllo-altamente-tecnologico-della-spa\/?portfolioCats=568\">\n\t\t\t\t\t\tControllo Altamente Tecnologico della SPA\t\t\t\t\t<\/a>\n\t\t\t\t<\/h4>\n\t\t\t\n\t\t\t\t\t\t\t\t\n\t\t\n\t\t\t\t\t\t<a class=\"fusion-link-wrapper\" href=\"https:\/\/soleum.com\/it\/produkte\/controllo-altamente-tecnologico-della-spa\/?portfolioCats=568\" aria-label=\"Controllo Altamente Tecnologico della SPA\"><\/a>\n\t<\/div>\n<\/div>\n<\/div>\n<div class=\"fusion-portfolio-content\" style=\"background-color:rgba(255,255,255,1);\"><h2 class=\"entry-title fusion-post-title\"><a href=\"https:\/\/soleum.com\/it\/produkte\/controllo-altamente-tecnologico-della-spa\/?portfolioCats=568\">Controllo Altamente Tecnologico della SPA<\/a><\/h2><div class=\"fusion-content-sep sep-single sep-dotted\" style=\"border-color:#b9afa1;\"><\/div><div class=\"fusion-post-content\"><p>L\u2019intera cabina \u00e8 \u201cintelligente\u201d ed \u00e8 completamente controllabile tramite smartphone, tablet o browser web. Le temperature di superfice ed il consumo energetico della cabina possono essere controllati in qualsiasi momento.<\/p><\/div><\/div><\/div><\/article><article id=\"portfolio-1-post-3180\" class=\"fusion-portfolio-post caratteristiche-del-prodotto-centro-benessere-soleum-it fusion-col-spacing post-3180\"><div class=\"fusion-portfolio-content-wrapper\" style=\"border:1px solid #ebeaea;border-bottom-width:3px;background-color:rgba(255,255,255,1);\"><span class=\"vcard rich-snippet-hidden\"><span class=\"fn\"><a href=\"https:\/\/soleum.com\/it\/author\/soleum\/\" title=\"Articoli scritti da soleum\" rel=\"author\">soleum<\/a><\/span><\/span><span class=\"updated rich-snippet-hidden\">2019-12-09T19:11:20+01:00<\/span><div  class=\"fusion-image-wrapper\" aria-haspopup=\"true\">\n\t\t\t\t<img decoding=\"async\" width=\"1000\" height=\"1100\" src=\"https:\/\/soleum.com\/wp-content\/uploads\/2019\/10\/Soleinhalation.webp\" class=\"attachment-full size-full wp-post-image\" alt=\"\" srcset=\"https:\/\/soleum.com\/wp-content\/uploads\/2019\/10\/Soleinhalation-200x220.jpg 200w, https:\/\/soleum.com\/wp-content\/uploads\/2019\/10\/Soleinhalation-400x440.jpg 400w, https:\/\/soleum.com\/wp-content\/uploads\/2019\/10\/Soleinhalation-600x660.jpg 600w, https:\/\/soleum.com\/wp-content\/uploads\/2019\/10\/Soleinhalation-800x880.jpg 800w, https:\/\/soleum.com\/wp-content\/uploads\/2019\/10\/Soleinhalation.webp 1000w\" sizes=\"(min-width: 2200px) 100vw, (min-width: 852px) 293px, (min-width: 782px) 390px, (min-width: 711px) 585px, (min-width: 640px) 711px, \" title=\"\"><div class=\"fusion-rollover\">\n\t<div class=\"fusion-rollover-content\">\n\n\t\t\t\t\n\t\t\n\t\t\t\t\t\t\t\t\t\t\t\t<h4 class=\"fusion-rollover-title\">\n\t\t\t\t\t<a class=\"fusion-rollover-title-link\" href=\"https:\/\/soleum.com\/it\/produkte\/talassoterapia-inalazione-nebbia-salina\/?portfolioCats=568\">\n\t\t\t\t\t\tTalassoterapia &#8211; Inalazione nebbia salina\t\t\t\t\t<\/a>\n\t\t\t\t<\/h4>\n\t\t\t\n\t\t\t\t\t\t\t\t\n\t\t\n\t\t\t\t\t\t<a class=\"fusion-link-wrapper\" href=\"https:\/\/soleum.com\/it\/produkte\/talassoterapia-inalazione-nebbia-salina\/?portfolioCats=568\" aria-label=\"Talassoterapia &#8211; Inalazione nebbia salina\"><\/a>\n\t<\/div>\n<\/div>\n<\/div>\n<div class=\"fusion-portfolio-content\" style=\"background-color:rgba(255,255,255,1);\"><h2 class=\"entry-title fusion-post-title\"><a href=\"https:\/\/soleum.com\/it\/produkte\/talassoterapia-inalazione-nebbia-salina\/?portfolioCats=568\">Talassoterapia &#8211; Inalazione nebbia salina<\/a><\/h2><div class=\"fusion-content-sep sep-single sep-dotted\" style=\"border-color:#b9afa1;\"><\/div><div class=\"fusion-post-content\"><p>Talassoterapia - Inalazione nebbia salina\u00a0\u2013 Nebbia leggera in tutta la cabina. All\u2019interno di Soleum\u00ae viene spruzzata la nebbia salina non iodata, finemente diluita. Benessere ed aria marina per il tuo sistema di respirazione ed i tuoi bronchi<\/p><\/div><\/div><\/div><\/article><article id=\"portfolio-1-post-3183\" class=\"fusion-portfolio-post caratteristiche-del-prodotto-centro-benessere-soleum-it fusion-col-spacing post-3183\"><div class=\"fusion-portfolio-content-wrapper\" style=\"border:1px solid #ebeaea;border-bottom-width:3px;background-color:rgba(255,255,255,1);\"><span class=\"vcard rich-snippet-hidden\"><span class=\"fn\"><a href=\"https:\/\/soleum.com\/it\/author\/soleum\/\" title=\"Articoli scritti da soleum\" rel=\"author\">soleum<\/a><\/span><\/span><span class=\"updated rich-snippet-hidden\">2020-09-27T13:18:00+02:00<\/span><div  class=\"fusion-image-wrapper\" aria-haspopup=\"true\">\n\t\t\t\t<img decoding=\"async\" width=\"1000\" height=\"1100\" src=\"https:\/\/soleum.com\/wp-content\/uploads\/2016\/08\/dampfbad.webp\" class=\"attachment-full size-full wp-post-image\" alt=\"Bagno di vapore all&#039;aperto con inalazione di sale\" srcset=\"https:\/\/soleum.com\/wp-content\/uploads\/2016\/08\/dampfbad-200x220.jpg 200w, https:\/\/soleum.com\/wp-content\/uploads\/2016\/08\/dampfbad-400x440.jpg 400w, https:\/\/soleum.com\/wp-content\/uploads\/2016\/08\/dampfbad-600x660.jpg 600w, https:\/\/soleum.com\/wp-content\/uploads\/2016\/08\/dampfbad-800x880.jpg 800w, https:\/\/soleum.com\/wp-content\/uploads\/2016\/08\/dampfbad.webp 1000w\" sizes=\"(min-width: 2200px) 100vw, (min-width: 852px) 293px, (min-width: 782px) 390px, (min-width: 711px) 585px, (min-width: 640px) 711px, \" title=\"\"><div class=\"fusion-rollover\">\n\t<div class=\"fusion-rollover-content\">\n\n\t\t\t\t\n\t\t\n\t\t\t\t\t\t\t\t\t\t\t\t<h4 class=\"fusion-rollover-title\">\n\t\t\t\t\t<a class=\"fusion-rollover-title-link\" href=\"https:\/\/soleum.com\/it\/produkte\/bagno-turco\/?portfolioCats=568\">\n\t\t\t\t\t\tBagno turco\t\t\t\t\t<\/a>\n\t\t\t\t<\/h4>\n\t\t\t\n\t\t\t\t\t\t\t\t\n\t\t\n\t\t\t\t\t\t<a class=\"fusion-link-wrapper\" href=\"https:\/\/soleum.com\/it\/produkte\/bagno-turco\/?portfolioCats=568\" aria-label=\"Bagno turco\"><\/a>\n\t<\/div>\n<\/div>\n<\/div>\n<div class=\"fusion-portfolio-content\" style=\"background-color:rgba(255,255,255,1);\"><h2 class=\"entry-title fusion-post-title\"><a href=\"https:\/\/soleum.com\/it\/produkte\/bagno-turco\/?portfolioCats=568\">Bagno turco<\/a><\/h2><div class=\"fusion-content-sep sep-single sep-dotted\" style=\"border-color:#b9afa1;\"><\/div><div class=\"fusion-post-content\"><p>Se si ha la possibilit\u00e0 di posizionare il generatore di vapore in un ambiente a prova di gelo, puoi aggiungere il Centro Benessere SOLEUM da Esterno al tuo bagno turco.\r\nLa camera SPA esterna diventa un bagno turco a tutti gli effetti - con inalazione salina. Davvero incredibile!<\/p><\/div><\/div><\/div><\/article><article id=\"portfolio-1-post-3186\" class=\"fusion-portfolio-post caratteristiche-del-prodotto-centro-benessere-soleum-it fusion-col-spacing post-3186\"><div class=\"fusion-portfolio-content-wrapper\" style=\"border:1px solid #ebeaea;border-bottom-width:3px;background-color:rgba(255,255,255,1);\"><span class=\"vcard rich-snippet-hidden\"><span class=\"fn\"><a href=\"https:\/\/soleum.com\/it\/author\/soleum\/\" title=\"Articoli scritti da soleum\" rel=\"author\">soleum<\/a><\/span><\/span><span class=\"updated rich-snippet-hidden\">2019-12-09T19:11:10+01:00<\/span><div  class=\"fusion-image-wrapper\" aria-haspopup=\"true\">\n\t\t\t\t<img decoding=\"async\" width=\"600\" height=\"660\" src=\"https:\/\/soleum.com\/wp-content\/uploads\/2019\/10\/trockensalzinhalation-halotherapie-e1571864173646.webp\" class=\"attachment-full size-full wp-post-image\" alt=\"Haloterapia - Inalazione Sale Secco\" title=\"\"><div class=\"fusion-rollover\">\n\t<div class=\"fusion-rollover-content\">\n\n\t\t\t\t\n\t\t\n\t\t\t\t\t\t\t\t\t\t\t\t<h4 class=\"fusion-rollover-title\">\n\t\t\t\t\t<a class=\"fusion-rollover-title-link\" href=\"https:\/\/soleum.com\/it\/produkte\/haloterapia-inalazione-sale-secco\/?portfolioCats=568\">\n\t\t\t\t\t\tHaloterapia &#8211; Inalazione Sale Secco\t\t\t\t\t<\/a>\n\t\t\t\t<\/h4>\n\t\t\t\n\t\t\t\t\t\t\t\t\n\t\t\n\t\t\t\t\t\t<a class=\"fusion-link-wrapper\" href=\"https:\/\/soleum.com\/it\/produkte\/haloterapia-inalazione-sale-secco\/?portfolioCats=568\" aria-label=\"Haloterapia &#8211; Inalazione Sale Secco\"><\/a>\n\t<\/div>\n<\/div>\n<\/div>\n<div class=\"fusion-portfolio-content\" style=\"background-color:rgba(255,255,255,1);\"><h2 class=\"entry-title fusion-post-title\"><a href=\"https:\/\/soleum.com\/it\/produkte\/haloterapia-inalazione-sale-secco\/?portfolioCats=568\">Haloterapia &#8211; Inalazione Sale Secco<\/a><\/h2><div class=\"fusion-content-sep sep-single sep-dotted\" style=\"border-color:#b9afa1;\"><\/div><div class=\"fusion-post-content\"><p>In forma secca, il sale hai i pi\u00f9 forti effetti curativi per il sistema respiratorio e la pelle. Particelle microscopiche di sale fine vengono soffiate dentro il Centro Benessere SOLEUM\u00ae utilizzando una tecnica brevettata.<\/p><\/div><\/div><\/div><\/article><\/div><\/div><div class=\"fusion-clearfix\"><\/div><\/div><\/div><\/div><\/div>\n","protected":false},"excerpt":{"rendered":"","protected":false},"author":1,"featured_media":3211,"parent":0,"menu_order":0,"comment_status":"closed","ping_status":"closed","template":"","meta":{"_exactmetrics_skip_tracking":false,"_exactmetrics_sitenote_active":false,"_exactmetrics_sitenote_note":"","_exactmetrics_sitenote_category":0,"footnotes":""},"class_list":["post-3268","page","type-page","status-publish","has-post-thumbnail","hentry"],"_links":{"self":[{"href":"https:\/\/soleum.com\/it\/wp-json\/wp\/v2\/pages\/3268","targetHints":{"allow":["GET"]}}],"collection":[{"href":"https:\/\/soleum.com\/it\/wp-json\/wp\/v2\/pages"}],"about":[{"href":"https:\/\/soleum.com\/it\/wp-json\/wp\/v2\/types\/page"}],"author":[{"embeddable":true,"href":"https:\/\/soleum.com\/it\/wp-json\/wp\/v2\/users\/1"}],"replies":[{"embeddable":true,"href":"https:\/\/soleum.com\/it\/wp-json\/wp\/v2\/comments?post=3268"}],"version-history":[{"count":0,"href":"https:\/\/soleum.com\/it\/wp-json\/wp\/v2\/pages\/3268\/revisions"}],"wp:featuredmedia":[{"embeddable":true,"href":"https:\/\/soleum.com\/it\/wp-json\/wp\/v2\/media\/3211"}],"wp:attachment":[{"href":"https:\/\/soleum.com\/it\/wp-json\/wp\/v2\/media?parent=3268"}],"curies":[{"name":"wp","href":"https:\/\/api.w.org\/{rel}","templated":true}]}}